{"id":221501,"date":"2024-08-05T11:45:02","date_gmt":"2024-08-05T15:45:02","guid":{"rendered":"https:\/\/mendomedical.ca\/?post_type=product&#038;p=221501"},"modified":"2025-07-06T18:19:02","modified_gmt":"2025-07-06T22:19:02","slug":"panier-a-vape-crimson-cranberry-copy","status":"publish","type":"product","link":"https:\/\/mendomedical.ca\/fr\/produit\/panier-a-vape-crimson-cranberry-copy\/","title":{"rendered":"Acapulco Gold Live Resin Vape Cart"},"content":{"rendered":"","protected":false},"excerpt":{"rendered":"<h3>Terp\u00e8nes totaux : 10,21%.<\/h3>\n<h5>Landrace d&rsquo;Am\u00e9rique centrale<\/h5>\n<p>Acapulco Gold Live Resin de Jonny Chronic est une vari\u00e9t\u00e9 \u00e0 dominante sativa avec un taux \u00e9lev\u00e9 de THC et un taux minimal de CBD. Fabriqu\u00e9e \u00e0 partir de fleurs d&rsquo;Acapulco Gold fra\u00eechement congel\u00e9es et pass\u00e9e dans une colonne en circuit ferm\u00e9 avec du butane. Le produit final est un extrait tr\u00e8s puissant avec une forte teneur en terp\u00e8nes. Greentank fabrique des cartouches Jonny Chronic compatibles avec la plupart des batteries g\u00e9n\u00e9riques \u00e0 filetage 510. L&rsquo;Acapulco Gold Full Spectrum doit \u00eatre conserv\u00e9 dans un endroit frais et sec, en position verticale, lorsqu&rsquo;il n&rsquo;est pas utilis\u00e9.    <\/p>\n<h5>Ar\u00f4me :<\/h5>\n<p>Acapulco Gold Live Resin offre un ar\u00f4me invitant de richesse terreuse entrelac\u00e9e d&rsquo;agrumes sucr\u00e9s et de pin subtil. Le parfum est audacieux mais doux, avec des touches d&rsquo;\u00e9pices qui ajoutent de la profondeur et de la complexit\u00e9 \u00e0 la fragrance. <\/p>\n<h5>Profil de saveur :<\/h5>\n<p>\u00c0 l&rsquo;inhalation, l&rsquo;ar\u00f4me est un \u00e9quilibre parfait entre la douceur de la terre et le zeste d&rsquo;agrume, avec une touche de pin et de richesse v\u00e9g\u00e9tale. L&rsquo;expiration est douce et propre, laissant une douceur persistante avec une finale rafra\u00eechissante et l\u00e9g\u00e8rement \u00e9pic\u00e9e. <\/p>\n<h5>Profil des cannabino\u00efdes et des terp\u00e8nes :<\/h5>\n<p>L&rsquo;Acapulco Gold Live Resin a une teneur \u00e9lev\u00e9e en THC et une teneur minimale en CBD, ce qui permet d&rsquo;obtenir une exp\u00e9rience puissante et stimulante. Le profil terp\u00e9nique est riche, avec des terp\u00e8nes dominants tels que le caryophyll\u00e8ne, le limon\u00e8ne et le pin\u00e8ne, qui contribuent \u00e0 son ar\u00f4me et \u00e0 sa saveur complexes. Le caryophyll\u00e8ne ajoute une note \u00e9pic\u00e9e et poivr\u00e9e, le limon\u00e8ne infuse des agrumes brillants et le pin\u00e8ne apporte des nuances de pin rafra\u00eechissantes.  <\/p>\n","protected":false},"featured_media":221503,"comment_status":"closed","ping_status":"closed","template":"","meta":{"_acf_changed":false,"site-sidebar-layout":"default","site-content-layout":"","ast-site-content-layout":"default","site-content-style":"default","site-sidebar-style":"default","ast-global-header-display":"","ast-banner-title-visibility":"","ast-main-header-display":"","ast-hfb-above-header-display":"","ast-hfb-below-header-display":"","ast-hfb-mobile-header-display":"","site-post-title":"","ast-breadcrumbs-content":"","ast-featured-img":"","footer-sml-layout":"","ast-disable-related-posts":"","theme-transparent-header-meta":"default","adv-header-id-meta":"","stick-header-meta":"","header-above-stick-meta":"","header-main-stick-meta":"","header-below-stick-meta":"","astra-migrate-meta-layouts":"default","ast-page-background-enabled":"default","ast-page-background-meta":{"desktop":{"background-color":"var(--ast-global-color-4)","background-image":"","background-repeat":"repeat","background-position":"center center","background-size":"auto","background-attachment":"scroll","background-type":"","background-media":"","overlay-type":"","overlay-color":"","overlay-opacity":"","overlay-gradient":""},"tablet":{"background-color":"","background-image":"","background-repeat":"repeat","background-position":"center center","background-size":"auto","background-attachment":"scroll","background-type":"","background-media":"","overlay-type":"","overlay-color":"","overlay-opacity":"","overlay-gradient":""},"mobile":{"background-color":"","background-image":"","background-repeat":"repeat","background-position":"center center","background-size":"auto","background-attachment":"scroll","background-type":"","background-media":"","overlay-type":"","overlay-color":"","overlay-opacity":"","overlay-gradient":""}},"ast-content-background-meta":{"desktop":{"background-color":"var(--ast-global-color-5)","background-image":"","background-repeat":"repeat","background-position":"center center","background-size":"auto","background-attachment":"scroll","background-type":"","background-media":"","overlay-type":"","overlay-color":"","overlay-opacity":"","overlay-gradient":""},"tablet":{"background-color":"var(--ast-global-color-5)","background-image":"","background-repeat":"repeat","background-position":"center center","background-size":"auto","background-attachment":"scroll","background-type":"","background-media":"","overlay-type":"","overlay-color":"","overlay-opacity":"","overlay-gradient":""},"mobile":{"background-color":"var(--ast-global-color-5)","background-image":"","background-repeat":"repeat","background-position":"center center","background-size":"auto","background-attachment":"scroll","background-type":"","background-media":"","overlay-type":"","overlay-color":"","overlay-opacity":"","overlay-gradient":""}}},"product_brand":[],"product_cat":[1160,1163,1159],"product_tag":[],"product_format_filter":[],"class_list":{"0":"post-221501","1":"product","2":"type-product","3":"status-publish","4":"has-post-thumbnail","6":"product_cat-cart-fil-510","7":"product_cat-cured-et-resine-vivante-fr","8":"product_cat-vapoteuses","9":"pa_flavours-agrume","10":"pa_flavours-pin","11":"pa_flavours-doux","12":"pa_format-1g-2-fr","13":"pa_intensity-thc-eleve","14":"pa_marques-jonny-chronic-platinum-fr","15":"pa_origin-ontario-fr","16":"pa_profil-terpene-bisabolol-fr","17":"pa_profil-terpene-caryophyllene","18":"pa_profil-terpene-humulene-fr","19":"pa_profil-terpene-limonene-fr","20":"pa_profil-terpene-myrcene","21":"pa_thc-74-8-fr","22":"pa_type-de-plante-hybride-sativa-fr","23":"desktop-align-left","24":"tablet-align-left","25":"mobile-align-left","27":"first","28":"outofstock","29":"taxable","30":"shipping-taxable","31":"purchasable","32":"product-type-simple"},"group_of_quantity":0,"min_quantity":0,"max_quantity":"","exclude_order_quantity_value_rules":"no","exclude_category_quantity_rules":"no","combine_variations":"no","acf":[],"_links":{"self":[{"href":"https:\/\/mendomedical.ca\/fr\/wp-json\/wp\/v2\/product\/221501","targetHints":{"allow":["GET"]}}],"collection":[{"href":"https:\/\/mendomedical.ca\/fr\/wp-json\/wp\/v2\/product"}],"about":[{"href":"https:\/\/mendomedical.ca\/fr\/wp-json\/wp\/v2\/types\/product"}],"replies":[{"embeddable":true,"href":"https:\/\/mendomedical.ca\/fr\/wp-json\/wp\/v2\/comments?post=221501"}],"wp:featuredmedia":[{"embeddable":true,"href":"https:\/\/mendomedical.ca\/fr\/wp-json\/wp\/v2\/media\/221503"}],"wp:attachment":[{"href":"https:\/\/mendomedical.ca\/fr\/wp-json\/wp\/v2\/media?parent=221501"}],"wp:term":[{"taxonomy":"product_brand","embeddable":true,"href":"https:\/\/mendomedical.ca\/fr\/wp-json\/wp\/v2\/product_brand?post=221501"},{"taxonomy":"product_cat","embeddable":true,"href":"https:\/\/mendomedical.ca\/fr\/wp-json\/wp\/v2\/product_cat?post=221501"},{"taxonomy":"product_tag","embeddable":true,"href":"https:\/\/mendomedical.ca\/fr\/wp-json\/wp\/v2\/product_tag?post=221501"},{"taxonomy":"product_format_filter","embeddable":true,"href":"https:\/\/mendomedical.ca\/fr\/wp-json\/wp\/v2\/product_format_filter?post=221501"}],"curies":[{"name":"wp","href":"https:\/\/api.w.org\/{rel}","templated":true}]}}