{"id":221442,"date":"2024-08-10T18:35:22","date_gmt":"2024-08-10T22:35:22","guid":{"rendered":"https:\/\/mendomedical.ca\/?post_type=product&#038;p=221442"},"modified":"2025-07-11T22:57:46","modified_gmt":"2025-07-12T02:57:46","slug":"vapeur-tout-en-un-tropical-smoothie-copy","status":"publish","type":"product","link":"https:\/\/mendomedical.ca\/fr\/produit\/vapeur-tout-en-un-tropical-smoothie-copy\/","title":{"rendered":"Purple Haze All-In-One Vape"},"content":{"rendered":"","protected":false},"excerpt":{"rendered":"<h3>Terp\u00e8nes totaux : 9.61%<\/h3>\n<p>Purple Haze Live Resin de Jonny Chronic est une vari\u00e9t\u00e9 \u00e0 dominance Sativa avec 80-86% de THC et un minimum de CBD. Fabriqu\u00e9e \u00e0 partir de fleurs de Purple Haze s\u00e9ch\u00e9es, elle est pass\u00e9e dans une colonne en circuit ferm\u00e9 avec du butane. Le produit final est un extrait tr\u00e8s puissant avec une teneur \u00e9lev\u00e9e en terp\u00e8nes. Purple Haze doit \u00eatre stock\u00e9 dans un endroit frais et sec en position verticale lorsqu&rsquo;il n&rsquo;est pas utilis\u00e9. Rechargeable \u00e0 l&rsquo;aide d&rsquo;un c\u00e2ble USB-C, non inclus.<\/p>\n<p>&nbsp;<\/p>\n<h5>Ar\u00f4me :<\/h5>\n<p>Lorsque vous ouvrez le contenant, une explosion d&rsquo;agrumes frais et de pin terreux accueille vos sens, suivie de subtiles notes \u00e9pic\u00e9es et herbac\u00e9es. L&rsquo;ar\u00f4me de Purple Haze est un m\u00e9lange harmonieux de limon\u00e8ne, de myrc\u00e8ne et d&rsquo;un soup\u00e7on de caryophyll\u00e8ne poivr\u00e9, cr\u00e9ant un parfum invitant et stimulant. Ce profil aromatique est \u00e0 la fois vivifiant et apaisant, donnant le ton \u00e0 une exp\u00e9rience vraiment \u00e9nergique.<\/p>\n<p>&nbsp;<\/p>\n<h5>Profil de saveur :<\/h5>\n<p>D\u00e8s l&rsquo;inhalation, vos papilles gustatives sont accueillies par une explosion d&rsquo;agrumes brillants, suivie de notes terreuses et herbac\u00e9es qui t\u00e9moignent de l&rsquo;essence riche et profonde de la Purple Haze. La douceur du myrc\u00e8ne se m\u00eale aux notes d&rsquo;agrumes enivrantes du limon\u00e8ne, tandis qu&rsquo;une l\u00e9g\u00e8re touche poivr\u00e9e de caryophyll\u00e8ne ajoute de la complexit\u00e9 \u00e0 la saveur. L&rsquo;expiration laisse derri\u00e8re elle une douceur terreuse persistante, offrant une exp\u00e9rience \u00e9quilibr\u00e9e et savoureuse qui vous fera revenir pour en avoir plus.<\/p>\n","protected":false},"featured_media":221440,"comment_status":"closed","ping_status":"closed","template":"","meta":{"_acf_changed":false,"site-sidebar-layout":"default","site-content-layout":"","ast-site-content-layout":"default","site-content-style":"default","site-sidebar-style":"default","ast-global-header-display":"","ast-banner-title-visibility":"","ast-main-header-display":"","ast-hfb-above-header-display":"","ast-hfb-below-header-display":"","ast-hfb-mobile-header-display":"","site-post-title":"","ast-breadcrumbs-content":"","ast-featured-img":"","footer-sml-layout":"","ast-disable-related-posts":"","theme-transparent-header-meta":"default","adv-header-id-meta":"","stick-header-meta":"","header-above-stick-meta":"","header-main-stick-meta":"","header-below-stick-meta":"","astra-migrate-meta-layouts":"set","ast-page-background-enabled":"default","ast-page-background-meta":{"desktop":{"background-color":"var(--ast-global-color-4)","background-image":"","background-repeat":"repeat","background-position":"center center","background-size":"auto","background-attachment":"scroll","background-type":"","background-media":"","overlay-type":"","overlay-color":"","overlay-opacity":"","overlay-gradient":""},"tablet":{"background-color":"","background-image":"","background-repeat":"repeat","background-position":"center center","background-size":"auto","background-attachment":"scroll","background-type":"","background-media":"","overlay-type":"","overlay-color":"","overlay-opacity":"","overlay-gradient":""},"mobile":{"background-color":"","background-image":"","background-repeat":"repeat","background-position":"center center","background-size":"auto","background-attachment":"scroll","background-type":"","background-media":"","overlay-type":"","overlay-color":"","overlay-opacity":"","overlay-gradient":""}},"ast-content-background-meta":{"desktop":{"background-color":"var(--ast-global-color-5)","background-image":"","background-repeat":"repeat","background-position":"center center","background-size":"auto","background-attachment":"scroll","background-type":"","background-media":"","overlay-type":"","overlay-color":"","overlay-opacity":"","overlay-gradient":""},"tablet":{"background-color":"var(--ast-global-color-5)","background-image":"","background-repeat":"repeat","background-position":"center center","background-size":"auto","background-attachment":"scroll","background-type":"","background-media":"","overlay-type":"","overlay-color":"","overlay-opacity":"","overlay-gradient":""},"mobile":{"background-color":"var(--ast-global-color-5)","background-image":"","background-repeat":"repeat","background-position":"center center","background-size":"auto","background-attachment":"scroll","background-type":"","background-media":"","overlay-type":"","overlay-color":"","overlay-opacity":"","overlay-gradient":""}}},"product_brand":[],"product_cat":[1159,1161],"product_tag":[],"product_format_filter":[],"class_list":{"0":"post-221442","1":"product","2":"type-product","3":"status-publish","4":"has-post-thumbnail","6":"product_cat-vapoteuses","7":"product_cat-tout-en-un","8":"pa_flavours-agrume","9":"pa_flavours-spicy","10":"pa_flavours-a-base-de-plantes","11":"pa_flavours-pin","12":"pa_flavours-terreux","13":"pa_format-0-5g-fr","14":"pa_intensity-thc-eleve","15":"pa_marques-jonny-chronic-platinum-fr","16":"pa_origin-ontario-fr","17":"pa_profil-terpene-caryophyllene","18":"pa_profil-terpene-humulene-fr","19":"pa_profil-terpene-limonene-fr","20":"pa_profil-terpene-myrcene","21":"pa_profil-terpene-pinene-fr","22":"pa_profil-terpene-selinadiene-fr","23":"pa_thc-75-5-fr","24":"pa_type-de-plante-sativa-fr","25":"desktop-align-left","26":"tablet-align-left","27":"mobile-align-left","29":"first","30":"outofstock","31":"taxable","32":"shipping-taxable","33":"purchasable","34":"product-type-simple"},"group_of_quantity":0,"min_quantity":0,"max_quantity":"","exclude_order_quantity_value_rules":"no","exclude_category_quantity_rules":"no","combine_variations":"no","acf":[],"_links":{"self":[{"href":"https:\/\/mendomedical.ca\/fr\/wp-json\/wp\/v2\/product\/221442","targetHints":{"allow":["GET"]}}],"collection":[{"href":"https:\/\/mendomedical.ca\/fr\/wp-json\/wp\/v2\/product"}],"about":[{"href":"https:\/\/mendomedical.ca\/fr\/wp-json\/wp\/v2\/types\/product"}],"replies":[{"embeddable":true,"href":"https:\/\/mendomedical.ca\/fr\/wp-json\/wp\/v2\/comments?post=221442"}],"wp:featuredmedia":[{"embeddable":true,"href":"https:\/\/mendomedical.ca\/fr\/wp-json\/wp\/v2\/media\/221440"}],"wp:attachment":[{"href":"https:\/\/mendomedical.ca\/fr\/wp-json\/wp\/v2\/media?parent=221442"}],"wp:term":[{"taxonomy":"product_brand","embeddable":true,"href":"https:\/\/mendomedical.ca\/fr\/wp-json\/wp\/v2\/product_brand?post=221442"},{"taxonomy":"product_cat","embeddable":true,"href":"https:\/\/mendomedical.ca\/fr\/wp-json\/wp\/v2\/product_cat?post=221442"},{"taxonomy":"product_tag","embeddable":true,"href":"https:\/\/mendomedical.ca\/fr\/wp-json\/wp\/v2\/product_tag?post=221442"},{"taxonomy":"product_format_filter","embeddable":true,"href":"https:\/\/mendomedical.ca\/fr\/wp-json\/wp\/v2\/product_format_filter?post=221442"}],"curies":[{"name":"wp","href":"https:\/\/api.w.org\/{rel}","templated":true}]}}