{"id":220516,"date":"2024-08-31T05:52:54","date_gmt":"2024-08-31T09:52:54","guid":{"rendered":"https:\/\/mendomedical.ca\/?post_type=product&#038;p=220516"},"modified":"2025-05-27T08:32:48","modified_gmt":"2025-05-27T12:32:48","slug":"cherry-bomb-reefers-pre-rolls-copy","status":"publish","type":"product","link":"https:\/\/mendomedical.ca\/fr\/produit\/cherry-bomb-reefers-pre-rolls-copy\/","title":{"rendered":"Acapulco Gold Premium Reefer (Pre-rolls infus\u00e9s)"},"content":{"rendered":"","protected":false},"excerpt":{"rendered":"<h3>Total des terp\u00e8nes : 3,43%.<\/h3>\n<p>Les Acapulco Gold Platinum Reefers commencent avec nos fleurs s\u00e9ch\u00e9es qui ont \u00e9t\u00e9 suspendues pour s\u00e9cher et coup\u00e9es \u00e0 la main avant d&rsquo;\u00eatre finement broy\u00e9es pour obtenir une consistance optimale. Nous y ajoutons ensuite un extrait de r\u00e9sine vivante d&rsquo;Acapulco Gold obtenu par extraction au butane, afin de rehausser la saveur et l&rsquo;exp\u00e9rience et d&rsquo;amener nos pr\u00e9-rouleaux \u00e0 un niveau sup\u00e9rieur. <\/p>\n<h5>Ar\u00f4me :<\/h5>\n<p>Les Acapulco Gold Platinum Reefers d\u00e9gagent un ar\u00f4me riche et terreux avec des notes d&rsquo;agrumes et de pin subtil. Le parfum est profond et invitant, avec une touche de douceur \u00e9pic\u00e9e qui persiste, offrant un profil de parfum complexe mais doux qui am\u00e9liore l&rsquo;exp\u00e9rience globale. <\/p>\n<h5>Profil de saveur :<\/h5>\n<p>A l&rsquo;inhalation, les Acapulco Gold Platinum Reefers offrent une saveur douce et terreuse avec une explosion d&rsquo;agrumes et des notes subtiles de pin. La r\u00e9sine vivante rehausse la saveur d&rsquo;une couche suppl\u00e9mentaire de douceur et d&rsquo;\u00e9pices, cr\u00e9ant un go\u00fbt vibrant et cors\u00e9. L&rsquo;expiration laisse un arri\u00e8re-go\u00fbt persistant et rafra\u00eechissant d&rsquo;herbes, rendant chaque bouff\u00e9e satisfaisante et riche.  <\/p>\n<h5>Profil des cannabino\u00efdes et des terp\u00e8nes :<\/h5>\n<p>Les Acapulco Gold Platinum Reefers offrent une exp\u00e9rience \u00e0 haute teneur en THC, fabriqu\u00e9e \u00e0 partir de fleurs finement moulues et rehauss\u00e9e d&rsquo;un extrait de r\u00e9sine vivante pour une puissance et une saveur accrues. Le profil terp\u00e9nique est domin\u00e9 par le caryophyll\u00e8ne, le limon\u00e8ne et le pin\u00e8ne, le caryophyll\u00e8ne apportant une note chaude et \u00e9pic\u00e9e, le limon\u00e8ne une touche zest\u00e9e d&rsquo;agrumes et le pin\u00e8ne une essence de pin rafra\u00eechissante. Cette combinaison se traduit par une exp\u00e9rience puissante, aromatique et douce.  <\/p>\n","protected":false},"featured_media":220733,"comment_status":"closed","ping_status":"closed","template":"","meta":{"_acf_changed":false,"site-sidebar-layout":"default","site-content-layout":"","ast-site-content-layout":"default","site-content-style":"default","site-sidebar-style":"default","ast-global-header-display":"","ast-banner-title-visibility":"","ast-main-header-display":"","ast-hfb-above-header-display":"","ast-hfb-below-header-display":"","ast-hfb-mobile-header-display":"","site-post-title":"","ast-breadcrumbs-content":"","ast-featured-img":"","footer-sml-layout":"","ast-disable-related-posts":"","theme-transparent-header-meta":"default","adv-header-id-meta":"","stick-header-meta":"","header-above-stick-meta":"","header-main-stick-meta":"","header-below-stick-meta":"","astra-migrate-meta-layouts":"default","ast-page-background-enabled":"default","ast-page-background-meta":{"desktop":{"background-color":"var(--ast-global-color-4)","background-image":"","background-repeat":"repeat","background-position":"center center","background-size":"auto","background-attachment":"scroll","background-type":"","background-media":"","overlay-type":"","overlay-color":"","overlay-opacity":"","overlay-gradient":""},"tablet":{"background-color":"","background-image":"","background-repeat":"repeat","background-position":"center center","background-size":"auto","background-attachment":"scroll","background-type":"","background-media":"","overlay-type":"","overlay-color":"","overlay-opacity":"","overlay-gradient":""},"mobile":{"background-color":"","background-image":"","background-repeat":"repeat","background-position":"center center","background-size":"auto","background-attachment":"scroll","background-type":"","background-media":"","overlay-type":"","overlay-color":"","overlay-opacity":"","overlay-gradient":""}},"ast-content-background-meta":{"desktop":{"background-color":"var(--ast-global-color-5)","background-image":"","background-repeat":"repeat","background-position":"center center","background-size":"auto","background-attachment":"scroll","background-type":"","background-media":"","overlay-type":"","overlay-color":"","overlay-opacity":"","overlay-gradient":""},"tablet":{"background-color":"var(--ast-global-color-5)","background-image":"","background-repeat":"repeat","background-position":"center center","background-size":"auto","background-attachment":"scroll","background-type":"","background-media":"","overlay-type":"","overlay-color":"","overlay-opacity":"","overlay-gradient":""},"mobile":{"background-color":"var(--ast-global-color-5)","background-image":"","background-repeat":"repeat","background-position":"center center","background-size":"auto","background-attachment":"scroll","background-type":"","background-media":"","overlay-type":"","overlay-color":"","overlay-opacity":"","overlay-gradient":""}}},"product_brand":[],"product_cat":[1147,1144],"product_tag":[],"product_format_filter":[],"class_list":{"0":"post-220516","1":"product","2":"type-product","3":"status-publish","4":"has-post-thumbnail","6":"product_cat-pre-roules-infuses","7":"product_cat-pre-roules","8":"pa_flavours-agrume","9":"pa_flavours-a-base-de-plantes","10":"pa_flavours-pin","11":"pa_format-0-5g-x-3-2-fr","12":"pa_intensity-thc-eleve","13":"pa_marques-jonny-chronic-platinum-fr","14":"pa_origin-ontario-fr","15":"pa_profil-terpene-caryophyllene","16":"pa_profil-terpene-humulene-fr","17":"pa_profil-terpene-limonene-fr","18":"pa_profil-terpene-myrcene","19":"pa_profil-terpene-selinadiene-fr","20":"pa_thc-35-5-fr","21":"pa_type-de-plante-sativa-fr","22":"desktop-align-left","23":"tablet-align-left","24":"mobile-align-left","26":"first","27":"outofstock","28":"taxable","29":"shipping-taxable","30":"purchasable","31":"product-type-simple"},"group_of_quantity":0,"min_quantity":0,"max_quantity":"","exclude_order_quantity_value_rules":"no","exclude_category_quantity_rules":"no","combine_variations":"no","acf":[],"_links":{"self":[{"href":"https:\/\/mendomedical.ca\/fr\/wp-json\/wp\/v2\/product\/220516","targetHints":{"allow":["GET"]}}],"collection":[{"href":"https:\/\/mendomedical.ca\/fr\/wp-json\/wp\/v2\/product"}],"about":[{"href":"https:\/\/mendomedical.ca\/fr\/wp-json\/wp\/v2\/types\/product"}],"replies":[{"embeddable":true,"href":"https:\/\/mendomedical.ca\/fr\/wp-json\/wp\/v2\/comments?post=220516"}],"wp:featuredmedia":[{"embeddable":true,"href":"https:\/\/mendomedical.ca\/fr\/wp-json\/wp\/v2\/media\/220733"}],"wp:attachment":[{"href":"https:\/\/mendomedical.ca\/fr\/wp-json\/wp\/v2\/media?parent=220516"}],"wp:term":[{"taxonomy":"product_brand","embeddable":true,"href":"https:\/\/mendomedical.ca\/fr\/wp-json\/wp\/v2\/product_brand?post=220516"},{"taxonomy":"product_cat","embeddable":true,"href":"https:\/\/mendomedical.ca\/fr\/wp-json\/wp\/v2\/product_cat?post=220516"},{"taxonomy":"product_tag","embeddable":true,"href":"https:\/\/mendomedical.ca\/fr\/wp-json\/wp\/v2\/product_tag?post=220516"},{"taxonomy":"product_format_filter","embeddable":true,"href":"https:\/\/mendomedical.ca\/fr\/wp-json\/wp\/v2\/product_format_filter?post=220516"}],"curies":[{"name":"wp","href":"https:\/\/api.w.org\/{rel}","templated":true}]}}