{"id":219846,"date":"2024-09-01T06:26:07","date_gmt":"2024-09-01T10:26:07","guid":{"rendered":"https:\/\/mendomedical.ca\/?post_type=product&#038;p=219846"},"modified":"2025-06-27T13:17:12","modified_gmt":"2025-06-27T17:17:12","slug":"cherry-bomb-refeers-pre-rolls-copy","status":"publish","type":"product","link":"https:\/\/mendomedical.ca\/fr\/produit\/cherry-bomb-refeers-pre-rolls-copy\/","title":{"rendered":"Northern Lights Reefers Pre-rolls"},"content":{"rendered":"","protected":false},"excerpt":{"rendered":"<p>Les Northern Lights Reefers sont des pr\u00e9-rouleaux \u00e0 une seule souche fabriqu\u00e9s \u00e0 partir de notre puissante souche \u00e0 dominante indica. Northern Lights est une lign\u00e9e de landrace croisant un cultivar afghan et tha\u00eflandais. Elle est dominante en caryophyll\u00e8ne, limon\u00e8ne, myrc\u00e8ne et bisabolol.<\/p>\n<h5>Ar\u00f4me :<\/h5>\n<p>Les r\u00e9cifs Northern Lights d\u00e9gagent un ar\u00f4me riche et terreux, avec des notes de pin \u00e9pic\u00e9 et un zeste subtil d&rsquo;agrumes. Le parfum est \u00e9quilibr\u00e9 par de douces notes d&rsquo;herbes, cr\u00e9ant un profil olfactif apaisant et ancr\u00e9.<\/p>\n<h5>Profil de saveur :<\/h5>\n<p>\u00c0 l&rsquo;inhalation, l&rsquo;ar\u00f4me est un doux m\u00e9lange de notes de pin et d&rsquo;herbes \u00e9pic\u00e9es, avec une touche d&rsquo;agrumes qui apporte un peu de fra\u00eecheur. L&rsquo;expiration laisse une richesse v\u00e9g\u00e9tale persistante, compl\u00e9t\u00e9e par une l\u00e9g\u00e8re douceur qui rehausse l&rsquo;exp\u00e9rience globale.<\/p>\n<h5>Profil des cannabino\u00efdes et des terp\u00e8nes :<\/h5>\n<p>Les Northern Lights Reefers ont une teneur \u00e9lev\u00e9e en THC et une teneur minimale en CBD, ce qui offre une exp\u00e9rience puissante et relaxante. Le profil terp\u00e9nique est domin\u00e9 par le caryophyll\u00e8ne, le limon\u00e8ne, le myrc\u00e8ne et le bisabolol. Le caryophyll\u00e8ne apporte une note chaude et \u00e9pic\u00e9e, le limon\u00e8ne une luminosit\u00e9 citronn\u00e9e, le myrc\u00e8ne des saveurs terreuses et musqu\u00e9es, et le bisabolol une douceur apaisante et subtile.<\/p>\n","protected":false},"featured_media":219865,"comment_status":"closed","ping_status":"closed","template":"","meta":{"_acf_changed":false,"site-sidebar-layout":"default","site-content-layout":"","ast-site-content-layout":"default","site-content-style":"default","site-sidebar-style":"default","ast-global-header-display":"","ast-banner-title-visibility":"","ast-main-header-display":"","ast-hfb-above-header-display":"","ast-hfb-below-header-display":"","ast-hfb-mobile-header-display":"","site-post-title":"","ast-breadcrumbs-content":"","ast-featured-img":"","footer-sml-layout":"","ast-disable-related-posts":"","theme-transparent-header-meta":"default","adv-header-id-meta":"","stick-header-meta":"","header-above-stick-meta":"","header-main-stick-meta":"","header-below-stick-meta":"","astra-migrate-meta-layouts":"set","ast-page-background-enabled":"default","ast-page-background-meta":{"desktop":{"background-color":"var(--ast-global-color-4)","background-image":"","background-repeat":"repeat","background-position":"center center","background-size":"auto","background-attachment":"scroll","background-type":"","background-media":"","overlay-type":"","overlay-color":"","overlay-opacity":"","overlay-gradient":""},"tablet":{"background-color":"","background-image":"","background-repeat":"repeat","background-position":"center center","background-size":"auto","background-attachment":"scroll","background-type":"","background-media":"","overlay-type":"","overlay-color":"","overlay-opacity":"","overlay-gradient":""},"mobile":{"background-color":"","background-image":"","background-repeat":"repeat","background-position":"center center","background-size":"auto","background-attachment":"scroll","background-type":"","background-media":"","overlay-type":"","overlay-color":"","overlay-opacity":"","overlay-gradient":""}},"ast-content-background-meta":{"desktop":{"background-color":"var(--ast-global-color-5)","background-image":"","background-repeat":"repeat","background-position":"center center","background-size":"auto","background-attachment":"scroll","background-type":"","background-media":"","overlay-type":"","overlay-color":"","overlay-opacity":"","overlay-gradient":""},"tablet":{"background-color":"var(--ast-global-color-5)","background-image":"","background-repeat":"repeat","background-position":"center center","background-size":"auto","background-attachment":"scroll","background-type":"","background-media":"","overlay-type":"","overlay-color":"","overlay-opacity":"","overlay-gradient":""},"mobile":{"background-color":"var(--ast-global-color-5)","background-image":"","background-repeat":"repeat","background-position":"center center","background-size":"auto","background-attachment":"scroll","background-type":"","background-media":"","overlay-type":"","overlay-color":"","overlay-opacity":"","overlay-gradient":""}}},"product_brand":[],"product_cat":[4803,1144],"product_tag":[],"product_format_filter":[],"class_list":{"0":"post-219846","1":"product","2":"type-product","3":"status-publish","4":"has-post-thumbnail","6":"product_cat-pre-rolls-non-infuses","7":"product_cat-pre-roules","8":"pa_flavours-pimenter","9":"pa_flavours-a-base-de-plantes","10":"pa_flavours-pin","11":"pa_format-0-5g-x-10","12":"pa_intensity-thc-moyen","13":"pa_marques-jonny-chronic-fr","14":"pa_origin-ontario-fr","15":"pa_profil-terpene-bergamontene-fr","16":"pa_profil-terpene-caryophyllene","17":"pa_profil-terpene-germacrene-fr","18":"pa_profil-terpene-humulene-fr","19":"pa_profil-terpene-limonene-fr","20":"pa_profil-terpene-selinadiene-fr","21":"pa_thc-25-3-fr","22":"pa_type-de-plante-indica-fr","23":"desktop-align-left","24":"tablet-align-left","25":"mobile-align-left","27":"first","28":"outofstock","29":"taxable","30":"shipping-taxable","31":"purchasable","32":"product-type-simple"},"group_of_quantity":0,"min_quantity":0,"max_quantity":"","exclude_order_quantity_value_rules":"no","exclude_category_quantity_rules":"no","combine_variations":"no","acf":[],"_links":{"self":[{"href":"https:\/\/mendomedical.ca\/fr\/wp-json\/wp\/v2\/product\/219846","targetHints":{"allow":["GET"]}}],"collection":[{"href":"https:\/\/mendomedical.ca\/fr\/wp-json\/wp\/v2\/product"}],"about":[{"href":"https:\/\/mendomedical.ca\/fr\/wp-json\/wp\/v2\/types\/product"}],"replies":[{"embeddable":true,"href":"https:\/\/mendomedical.ca\/fr\/wp-json\/wp\/v2\/comments?post=219846"}],"wp:featuredmedia":[{"embeddable":true,"href":"https:\/\/mendomedical.ca\/fr\/wp-json\/wp\/v2\/media\/219865"}],"wp:attachment":[{"href":"https:\/\/mendomedical.ca\/fr\/wp-json\/wp\/v2\/media?parent=219846"}],"wp:term":[{"taxonomy":"product_brand","embeddable":true,"href":"https:\/\/mendomedical.ca\/fr\/wp-json\/wp\/v2\/product_brand?post=219846"},{"taxonomy":"product_cat","embeddable":true,"href":"https:\/\/mendomedical.ca\/fr\/wp-json\/wp\/v2\/product_cat?post=219846"},{"taxonomy":"product_tag","embeddable":true,"href":"https:\/\/mendomedical.ca\/fr\/wp-json\/wp\/v2\/product_tag?post=219846"},{"taxonomy":"product_format_filter","embeddable":true,"href":"https:\/\/mendomedical.ca\/fr\/wp-json\/wp\/v2\/product_format_filter?post=219846"}],"curies":[{"name":"wp","href":"https:\/\/api.w.org\/{rel}","templated":true}]}}