{"id":219207,"date":"2025-08-14T00:00:46","date_gmt":"2025-08-14T04:00:46","guid":{"rendered":"https:\/\/mendomedical.ca\/?post_type=product&#038;p=219207"},"modified":"2026-03-30T08:16:18","modified_gmt":"2026-03-30T12:16:18","slug":"peyote-kush-cake-pre-roll-copy","status":"publish","type":"product","link":"https:\/\/mendomedical.ca\/fr\/produit\/peyote-kush-cake-pre-roll-copy\/","title":{"rendered":"Pr\u00e9-rolls Northern Lights Reefers"},"content":{"rendered":"","protected":false},"excerpt":{"rendered":"<div class=\"ExternalClass7105DBF368034FF88B14D5B8ACF56E94\">\n<h3>Pr\u00e9-rolls Northern Lights Reefers<\/h3>\n<p>D\u00e9couvrez la l\u00e9gendaire vari\u00e9t\u00e9 Northern Lights sous forme de Pr\u00e9-rolls pratiques avec les Northern Lights Reefers de Jonny Chronic. Ces Pr\u00e9-rolls \u00e0 une seule vari\u00e9t\u00e9 pr\u00e9sentent un puissant cultivar \u00e0 dominance indica avec une impressionnante teneur totale en terp\u00e8nes. Issus d&rsquo;une lign\u00e9e landrace croisant des g\u00e9n\u00e9tiques afghanes et tha\u00eflandaises, ces pr\u00e9-rolls offrent une exp\u00e9rience de cannabis de premi\u00e8re qualit\u00e9 avec de riches saveurs d&rsquo;herbes, de pin et d&rsquo;\u00e9pices.<\/p>\n<h4>Caract\u00e9ristiques principales<\/h4>\n<ul>\n<li>Pr\u00e9-rolls \u00e0 une seule vari\u00e9t\u00e9 de cannabis \u00e0 dominante indica Northern Lights.<\/li>\n<li>Teneur totale en terp\u00e8nes \u00e9lev\u00e9e pour une saveur et un ar\u00f4me renforc\u00e9s<\/li>\n<li>G\u00e9n\u00e9tique des landraces combinant des cultivars afghans et tha\u00eflandais<\/li>\n<li>Profil terp\u00e9nique riche domin\u00e9 par le caryophyll\u00e8ne, le limon\u00e8ne, le myrc\u00e8ne et le bisabolol.<\/li>\n<li>Une teneur \u00e9lev\u00e9e en THC et une quantit\u00e9 minimale de CBD pour des effets puissants<\/li>\n<\/ul>\n<h4>Profil aromatique et gustatif<\/h4>\n<p>Les r\u00e9cifs Northern Lights offrent une exp\u00e9rience sensorielle complexe qui commence par un ar\u00f4me riche et terreux, rehauss\u00e9 par des notes \u00e9pic\u00e9es de pin et un zeste subtil d&rsquo;agrume. De douces notes d&rsquo;herbes cr\u00e9ent un profil olfactif apaisant et rassurant. \u00c0 l&rsquo;inhalation, vous appr\u00e9cierez la douceur des notes de pin et d&rsquo;herbes \u00e9pic\u00e9es, ainsi que les notes rafra\u00eechissantes d&rsquo;agrumes. L&rsquo;expiration laisse une richesse v\u00e9g\u00e9tale persistante, compl\u00e9t\u00e9e par une douceur subtile.<\/p>\n<p>Le profil cannabino\u00efde pr\u00e9sente une teneur \u00e9lev\u00e9e en Haut en CBD, tandis que la composition terp\u00e9nique met en avant le caryophyll\u00e8ne pour les notes chaudes et \u00e9pic\u00e9es, le limon\u00e8ne pour l&rsquo;\u00e9clat des agrumes, le myrc\u00e8ne pour les saveurs terreuses et musqu\u00e9es, et le bisabolol pour la douceur apaisante de l&rsquo;exp\u00e9rience globale.<\/p>\n<h4>Pourquoi choisir les pr\u00e9-rolls ?<\/h4>\n<p>Les Pr\u00e9-rolls offrent aux consommateurs de cannabis m\u00e9dical un dosage coh\u00e9rent et une commodit\u00e9 sans avoir besoin de moudre ou de rouler. Les Reefers de Northern Lights offrent un format fiable et pr\u00eat \u00e0 l&#8217;emploi qui peut aider \u00e0 la relaxation et \u00e0 la routine du soir.<\/p>\n<h4>Exp\u00e9dition dans tout le Canada<\/h4>\n<p>Les Pr\u00e9-rolls Northern Lights Reefers sont exp\u00e9di\u00e9s rapidement \u00e0 travers le Canada. Profitez de la livraison gratuite pour les commandes de plus de 150 $, afin que votre cannabis m\u00e9dical vous parvienne rapidement et discr\u00e8tement.<\/p>\n<h4>Avantages et couverture pour les anciens combattants<\/h4>\n<p>Les Pr\u00e9-rolls Northern Lights Reefers sont admissibles \u00e0 la couverture d&rsquo;ACC (Anciens Combattants Canada) avec facturation directe par la Croix Bleue, ce qui signifie qu&rsquo;il n&rsquo;y a pas de frais \u00e0 d\u00e9bourser pour les anciens combattants admissibles. Si vous n&rsquo;avez pas encore de prescription m\u00e9dicale de cannabis, <a href=\"https:\/\/mendomedical.ca\/fr\/carte-medicale\/\">obtenez rapidement et facilement votre carte m\u00e9dicale gratuite<\/a>.<\/p>\n<\/div>\n","protected":false},"featured_media":219240,"comment_status":"closed","ping_status":"closed","template":"","meta":{"_acf_changed":false,"site-sidebar-layout":"default","site-content-layout":"","ast-site-content-layout":"default","site-content-style":"default","site-sidebar-style":"default","ast-global-header-display":"","ast-banner-title-visibility":"","ast-main-header-display":"","ast-hfb-above-header-display":"","ast-hfb-below-header-display":"","ast-hfb-mobile-header-display":"","site-post-title":"","ast-breadcrumbs-content":"","ast-featured-img":"","footer-sml-layout":"","ast-disable-related-posts":"","theme-transparent-header-meta":"default","adv-header-id-meta":"","stick-header-meta":"","header-above-stick-meta":"","header-main-stick-meta":"","header-below-stick-meta":"","astra-migrate-meta-layouts":"set","ast-page-background-enabled":"default","ast-page-background-meta":{"desktop":{"background-color":"var(--ast-global-color-4)","background-image":"","background-repeat":"repeat","background-position":"center center","background-size":"auto","background-attachment":"scroll","background-type":"","background-media":"","overlay-type":"","overlay-color":"","overlay-opacity":"","overlay-gradient":""},"tablet":{"background-color":"","background-image":"","background-repeat":"repeat","background-position":"center center","background-size":"auto","background-attachment":"scroll","background-type":"","background-media":"","overlay-type":"","overlay-color":"","overlay-opacity":"","overlay-gradient":""},"mobile":{"background-color":"","background-image":"","background-repeat":"repeat","background-position":"center center","background-size":"auto","background-attachment":"scroll","background-type":"","background-media":"","overlay-type":"","overlay-color":"","overlay-opacity":"","overlay-gradient":""}},"ast-content-background-meta":{"desktop":{"background-color":"var(--ast-global-color-5)","background-image":"","background-repeat":"repeat","background-position":"center center","background-size":"auto","background-attachment":"scroll","background-type":"","background-media":"","overlay-type":"","overlay-color":"","overlay-opacity":"","overlay-gradient":""},"tablet":{"background-color":"var(--ast-global-color-5)","background-image":"","background-repeat":"repeat","background-position":"center center","background-size":"auto","background-attachment":"scroll","background-type":"","background-media":"","overlay-type":"","overlay-color":"","overlay-opacity":"","overlay-gradient":""},"mobile":{"background-color":"var(--ast-global-color-5)","background-image":"","background-repeat":"repeat","background-position":"center center","background-size":"auto","background-attachment":"scroll","background-type":"","background-media":"","overlay-type":"","overlay-color":"","overlay-opacity":"","overlay-gradient":""}}},"product_brand":[],"product_cat":[4803,1144],"product_tag":[],"product_format_filter":[6369],"class_list":{"0":"post-219207","1":"product","2":"type-product","3":"status-publish","4":"has-post-thumbnail","6":"product_cat-pre-rolls-non-infuses","7":"product_cat-pre-roules","8":"pa_flavours-pimenter","9":"pa_flavours-a-base-de-plantes","10":"pa_flavours-pin","11":"pa_intensity-thc-moyen","12":"pa_marques-jonny-chronic-fr","13":"pa_origin-ontario-fr","14":"pa_profil-terpene-bergamontene-fr","15":"pa_profil-terpene-caryophyllene","16":"pa_profil-terpene-germacrene-fr","17":"pa_profil-terpene-humulene-fr","18":"pa_profil-terpene-limonene-fr","19":"pa_profil-terpene-selinadiene-fr","20":"pa_type-de-plante-indica-fr","21":"product_format_filter-1g","22":"desktop-align-left","23":"tablet-align-left","24":"mobile-align-left","26":"first","27":"instock","28":"taxable","29":"shipping-taxable","30":"purchasable","31":"product-type-simple"},"group_of_quantity":0,"min_quantity":0,"max_quantity":"","exclude_order_quantity_value_rules":"no","exclude_category_quantity_rules":"no","combine_variations":"no","acf":[],"_links":{"self":[{"href":"https:\/\/mendomedical.ca\/fr\/wp-json\/wp\/v2\/product\/219207","targetHints":{"allow":["GET"]}}],"collection":[{"href":"https:\/\/mendomedical.ca\/fr\/wp-json\/wp\/v2\/product"}],"about":[{"href":"https:\/\/mendomedical.ca\/fr\/wp-json\/wp\/v2\/types\/product"}],"replies":[{"embeddable":true,"href":"https:\/\/mendomedical.ca\/fr\/wp-json\/wp\/v2\/comments?post=219207"}],"wp:featuredmedia":[{"embeddable":true,"href":"https:\/\/mendomedical.ca\/fr\/wp-json\/wp\/v2\/media\/219240"}],"wp:attachment":[{"href":"https:\/\/mendomedical.ca\/fr\/wp-json\/wp\/v2\/media?parent=219207"}],"wp:term":[{"taxonomy":"product_brand","embeddable":true,"href":"https:\/\/mendomedical.ca\/fr\/wp-json\/wp\/v2\/product_brand?post=219207"},{"taxonomy":"product_cat","embeddable":true,"href":"https:\/\/mendomedical.ca\/fr\/wp-json\/wp\/v2\/product_cat?post=219207"},{"taxonomy":"product_tag","embeddable":true,"href":"https:\/\/mendomedical.ca\/fr\/wp-json\/wp\/v2\/product_tag?post=219207"},{"taxonomy":"product_format_filter","embeddable":true,"href":"https:\/\/mendomedical.ca\/fr\/wp-json\/wp\/v2\/product_format_filter?post=219207"}],"curies":[{"name":"wp","href":"https:\/\/api.w.org\/{rel}","templated":true}]}}