{"id":218167,"date":"2025-07-26T17:25:43","date_gmt":"2025-07-26T21:25:43","guid":{"rendered":"https:\/\/mendomedical.ca\/?post_type=product&#038;p=218167"},"modified":"2025-11-10T10:56:31","modified_gmt":"2025-11-10T15:56:31","slug":"chariot-de-vaporisation-snozzberry-copy-2","status":"publish","type":"product","link":"https:\/\/mendomedical.ca\/fr\/produit\/chariot-de-vaporisation-snozzberry-copy-2\/","title":{"rendered":"Purple Haze Live Resin"},"content":{"rendered":"","protected":false},"excerpt":{"rendered":"<div class=\"ExternalClass60C038B24D054EA596AAE7914C4D2EE4\">\n<h3>Purple Haze Live Resin par Jonny Chronic<\/h3>\n<p>D\u00e9couvrez la l\u00e9gendaire Purple Haze sous sa forme la plus puissante et la plus savoureuse avec ce concentr\u00e9 de r\u00e9sine vivante de premi\u00e8re qualit\u00e9 de Jonny Chronic. Avec une impressionnante teneur en THC de 80 \u00e0 86 % et 9,61 % de terp\u00e8nes totaux, cet extrait \u00e0 dominante sativa offre une exp\u00e9rience exceptionnellement pure et puissante. Fabriqu\u00e9 gr\u00e2ce \u00e0 un processus d&rsquo;extraction au butane en circuit ferm\u00e9 \u00e0 partir de fleurs Purple Haze s\u00e9ch\u00e9es de premi\u00e8re qualit\u00e9, cette r\u00e9sine vivante pr\u00e9serve le profil terp\u00e9nique complet de la souche pour un maximum de saveur et d&rsquo;effet.  <\/p>\n<h4>Caract\u00e9ristiques principales<\/h4>\n<ul>\n<li>Tr\u00e8s haute puissance avec 80-86% de THC et un minimum de CBD<\/li>\n<li>Profil terp\u00e9nique riche en myrc\u00e8ne, limon\u00e8ne et caryophyll\u00e8ne \u00e0 9,61%.<\/li>\n<li>R\u00e9sine vivante de premi\u00e8re qualit\u00e9 extraite par un proc\u00e9d\u00e9 au butane en circuit ferm\u00e9<\/li>\n<li>Vari\u00e9t\u00e9 \u00e0 dominante sativa id\u00e9ale pour un usage diurne<\/li>\n<li>Conserver en position verticale dans un endroit frais et sec pour une fra\u00eecheur optimale.<\/li>\n<\/ul>\n<h4>Profil aromatique et gustatif<\/h4>\n<p>Purple Haze Live Resin s&rsquo;ouvre sur une explosion vivifiante d&rsquo;agrumes frais et de pin terreux, compl\u00e9t\u00e9e par de subtiles notes \u00e9pic\u00e9es et herbac\u00e9es. Les terp\u00e8nes dominants cr\u00e9ent une exp\u00e9rience sensorielle complexe - le limon\u00e8ne piquant apporte des notes d&rsquo;agrumes vivifiantes, tandis que le myrc\u00e8ne apporte un c\u00f4t\u00e9 terreux et le caryophyll\u00e8ne un c\u00f4t\u00e9 poivr\u00e9. En bouche, les saveurs d&rsquo;agrumes brillantes m\u00e8nent, suivies par des notes herbac\u00e9es profondes et une douceur terreuse \u00e0 l&rsquo;expiration. Ce m\u00e9lange harmonieux de notes d&rsquo;agrumes, d&rsquo;herbes et d&rsquo;\u00e9pices cr\u00e9e un profil aromatique vraiment m\u00e9morable et \u00e9quilibr\u00e9.   <\/p>\n<h4>Pourquoi choisir Live Resin ?<\/h4>\n<p>Les concentr\u00e9s de r\u00e9sine vivante offrent aux utilisateurs m\u00e9dicaux l&rsquo;une des formes les plus pures et les plus efficaces de m\u00e9dicaments \u00e0 base de cannabis. Le processus d&rsquo;extraction sp\u00e9cialis\u00e9 pr\u00e9serve l&rsquo;ensemble des compos\u00e9s th\u00e9rapeutiques, ce qui permet d&rsquo;obtenir un effet rapide et un contr\u00f4le pr\u00e9cis du dosage dont ont besoin de nombreux patients. <\/p>\n<h4>Exp\u00e9dition dans tout le Canada<\/h4>\n<p>Purple Haze Live Resin est exp\u00e9di\u00e9 rapidement \u00e0 travers le Canada avec une livraison gratuite pour les commandes de plus de 150 $. Nous nous assurons que vos produits arrivent en toute s\u00e9curit\u00e9 et discr\u00e8tement \u00e0 votre porte. <\/p>\n<h4>Avantages et couverture pour les anciens combattants<\/h4>\n<p>Purple Haze Live Resin est admissible \u00e0 la couverture d&rsquo;ACC (Anciens Combattants Canada) avec facturation directe par l&rsquo;entremise de la Croix Bleue, ce qui signifie que les anciens combattants admissibles n&rsquo;ont pas \u00e0 d\u00e9bourser d&rsquo;argent. Si vous n&rsquo;avez pas encore de carte m\u00e9dicale, vous pouvez l&rsquo;obtenir gratuitement, rapidement et facilement, \u00e0 l&rsquo;<a href=\"https:\/\/mendomedical.ca\/fr\/carte-medicale\/\">adresse https:\/\/mendomedical.ca\/medical-card\/.<\/a> <\/p>\n<\/div>\n","protected":false},"featured_media":218939,"comment_status":"closed","ping_status":"closed","template":"","meta":{"_acf_changed":false,"site-sidebar-layout":"default","site-content-layout":"","ast-site-content-layout":"default","site-content-style":"default","site-sidebar-style":"default","ast-global-header-display":"","ast-banner-title-visibility":"","ast-main-header-display":"","ast-hfb-above-header-display":"","ast-hfb-below-header-display":"","ast-hfb-mobile-header-display":"","site-post-title":"","ast-breadcrumbs-content":"","ast-featured-img":"","footer-sml-layout":"","ast-disable-related-posts":"","theme-transparent-header-meta":"default","adv-header-id-meta":"","stick-header-meta":"","header-above-stick-meta":"","header-main-stick-meta":"","header-below-stick-meta":"","astra-migrate-meta-layouts":"set","ast-page-background-enabled":"default","ast-page-background-meta":{"desktop":{"background-color":"var(--ast-global-color-4)","background-image":"","background-repeat":"repeat","background-position":"center center","background-size":"auto","background-attachment":"scroll","background-type":"","background-media":"","overlay-type":"","overlay-color":"","overlay-opacity":"","overlay-gradient":""},"tablet":{"background-color":"","background-image":"","background-repeat":"repeat","background-position":"center center","background-size":"auto","background-attachment":"scroll","background-type":"","background-media":"","overlay-type":"","overlay-color":"","overlay-opacity":"","overlay-gradient":""},"mobile":{"background-color":"","background-image":"","background-repeat":"repeat","background-position":"center center","background-size":"auto","background-attachment":"scroll","background-type":"","background-media":"","overlay-type":"","overlay-color":"","overlay-opacity":"","overlay-gradient":""}},"ast-content-background-meta":{"desktop":{"background-color":"var(--ast-global-color-5)","background-image":"","background-repeat":"repeat","background-position":"center center","background-size":"auto","background-attachment":"scroll","background-type":"","background-media":"","overlay-type":"","overlay-color":"","overlay-opacity":"","overlay-gradient":""},"tablet":{"background-color":"var(--ast-global-color-5)","background-image":"","background-repeat":"repeat","background-position":"center center","background-size":"auto","background-attachment":"scroll","background-type":"","background-media":"","overlay-type":"","overlay-color":"","overlay-opacity":"","overlay-gradient":""},"mobile":{"background-color":"var(--ast-global-color-5)","background-image":"","background-repeat":"repeat","background-position":"center center","background-size":"auto","background-attachment":"scroll","background-type":"","background-media":"","overlay-type":"","overlay-color":"","overlay-opacity":"","overlay-gradient":""}}},"product_brand":[],"product_cat":[1124,1118],"product_tag":[],"product_format_filter":[6369],"class_list":{"0":"post-218167","1":"product","2":"type-product","3":"status-publish","4":"has-post-thumbnail","6":"product_cat-resine-vivante","7":"product_cat-concentres","8":"pa_flavours-agrume","9":"pa_flavours-pimenter","10":"pa_flavours-a-base-de-plantes","11":"pa_format-1g-2-fr","12":"pa_intensity-thc-eleve","13":"pa_marques-jonny-chronic-fr","14":"pa_origin-ontario-fr","15":"pa_profil-terpene-caryophyllene","16":"pa_profil-terpene-humulene-fr","17":"pa_profil-terpene-limonene-fr","18":"pa_profil-terpene-myrcene","19":"pa_profil-terpene-pinene-fr","20":"pa_profil-terpene-selinadiene-fr","21":"pa_thc-75-5-fr","22":"pa_type-de-plante-sativa-fr","23":"product_format_filter-1g","24":"desktop-align-left","25":"tablet-align-left","26":"mobile-align-left","28":"first","29":"outofstock","30":"taxable","31":"shipping-taxable","32":"purchasable","33":"product-type-simple"},"group_of_quantity":0,"min_quantity":0,"max_quantity":"","exclude_order_quantity_value_rules":"no","exclude_category_quantity_rules":"no","combine_variations":"no","acf":[],"_links":{"self":[{"href":"https:\/\/mendomedical.ca\/fr\/wp-json\/wp\/v2\/product\/218167","targetHints":{"allow":["GET"]}}],"collection":[{"href":"https:\/\/mendomedical.ca\/fr\/wp-json\/wp\/v2\/product"}],"about":[{"href":"https:\/\/mendomedical.ca\/fr\/wp-json\/wp\/v2\/types\/product"}],"replies":[{"embeddable":true,"href":"https:\/\/mendomedical.ca\/fr\/wp-json\/wp\/v2\/comments?post=218167"}],"wp:featuredmedia":[{"embeddable":true,"href":"https:\/\/mendomedical.ca\/fr\/wp-json\/wp\/v2\/media\/218939"}],"wp:attachment":[{"href":"https:\/\/mendomedical.ca\/fr\/wp-json\/wp\/v2\/media?parent=218167"}],"wp:term":[{"taxonomy":"product_brand","embeddable":true,"href":"https:\/\/mendomedical.ca\/fr\/wp-json\/wp\/v2\/product_brand?post=218167"},{"taxonomy":"product_cat","embeddable":true,"href":"https:\/\/mendomedical.ca\/fr\/wp-json\/wp\/v2\/product_cat?post=218167"},{"taxonomy":"product_tag","embeddable":true,"href":"https:\/\/mendomedical.ca\/fr\/wp-json\/wp\/v2\/product_tag?post=218167"},{"taxonomy":"product_format_filter","embeddable":true,"href":"https:\/\/mendomedical.ca\/fr\/wp-json\/wp\/v2\/product_format_filter?post=218167"}],"curies":[{"name":"wp","href":"https:\/\/api.w.org\/{rel}","templated":true}]}}