{"id":217140,"date":"2025-08-14T00:35:43","date_gmt":"2025-08-14T04:35:43","guid":{"rendered":"https:\/\/mendomedical.ca\/?post_type=product&#038;p=217140"},"modified":"2026-01-02T12:36:59","modified_gmt":"2026-01-02T17:36:59","slug":"peppermint-kush-vape-cart","status":"publish","type":"product","link":"https:\/\/mendomedical.ca\/fr\/produit\/peppermint-kush-vape-cart\/","title":{"rendered":"Peppermint Kush Vape Cart"},"content":{"rendered":"","protected":false},"excerpt":{"rendered":"<div class=\"ExternalClass37BE276DD8524B56B7B7D98ECA8849B6\">\n<h3>Peppermint Kush Vape Cart par Jonny Chronic<\/h3>\n<p>D\u00e9couvrez le m\u00e9lange rafra\u00eechissant de menthe fra\u00eeche et de pin frais avec la Vape Cart Peppermint Kush de Jonny Chronic. Cette cartouche \u00e0 filetage 510 \u00e0 dominance indica offre une exp\u00e9rience puissante avec 74-94 % de THC et une impressionnante teneur en terp\u00e8nes totaux. Fabriqu\u00e9 avec du distillat de THC et des terp\u00e8nes botaniques, ce vape cart premium combine les qualit\u00e9s revigorantes du pin\u00e8ne, de l&rsquo;humul\u00e8ne et du limon\u00e8ne pour une vapeur croustillante et douce qui rafra\u00eechit les sens \u00e0 chaque tirage.<\/p>\n<h4>Caract\u00e9ristiques principales<\/h4>\n<ul>\n<li>Souche \u00e0 dominance indica tr\u00e8s puissante avec une concentration en THC de 74 \u00e0 94 %.<\/li>\n<li>Profil terp\u00e9nique riche comprenant du pin\u00e8ne, de l&rsquo;humul\u00e8ne et du limon\u00e8ne.<\/li>\n<li>Cartouche Greentank de qualit\u00e9 sup\u00e9rieure compatible avec les batteries standard \u00e0 filetage 510<\/li>\n<li>Ar\u00f4me rafra\u00eechissant de menthe et de pin avec des notes d&rsquo;agrumes.<\/li>\n<li>Fabriqu\u00e9 \u00e0 partir de distillat de THC et de terp\u00e8nes botaniques soigneusement s\u00e9lectionn\u00e9s.<\/li>\n<\/ul>\n<h4>Saveur, ar\u00f4me et profil des terp\u00e8nes<\/h4>\n<p><strong>Ar\u00f4mes :<\/strong> Lorsque vous tirez une bouff\u00e9e de la vape Peppermint Kush, une vague de menthe fra\u00eeche et de pin frais remplit l&rsquo;air. Des notes d&rsquo;agrumes piquants et de terre subtile compl\u00e8tent l&rsquo;ar\u00f4me, cr\u00e9ant un profil de parfum rafra\u00eechissant et revigorant qui persiste \u00e0 chaque expiration.<\/p>\n<p><strong>Profil d&rsquo;ar\u00f4me :<\/strong> D\u00e8s l&rsquo;inhalation, Peppermint Kush offre une explosion rafra\u00eechissante de menthe fra\u00eeche, accentu\u00e9e par des notes subtiles de pin et d&rsquo;herbes. La saveur douce et croustillante est \u00e9quilibr\u00e9e par une touche de zeste d&rsquo;agrume, qui ajoute une touche lumineuse et revigorante. \u00c0 l&rsquo;expiration, un go\u00fbt terreux persistant compl\u00e8te la fra\u00eecheur de la menthe, cr\u00e9ant une exp\u00e9rience bien \u00e9quilibr\u00e9e et rafra\u00eechissante.<\/p>\n<p><strong>Profil cannabino\u00efde et terp\u00e8ne :<\/strong> La Peppermint Kush pr\u00e9sente un profil cannabino\u00efde puissant avec 74-94% de THC et un minimum de CBD, offrant une exp\u00e9rience forte et douce. Son profil terp\u00e9nique est domin\u00e9 par le pin\u00e8ne, l&rsquo;humul\u00e8ne et le limon\u00e8ne, chacun contribuant \u00e0 son caract\u00e8re unique. Le pin\u00e8ne apporte un ar\u00f4me de pin frais et de la vivacit\u00e9, l&rsquo;humul\u00e8ne ajoute des notes subtiles de terre et d&rsquo;herbes, tandis que le limon\u00e8ne apporte un soup\u00e7on de zeste d&rsquo;agrume, compl\u00e9tant la saveur avec une touche lumineuse et rafra\u00eechissante.<\/p>\n<p><strong>Conservation :<\/strong> La Peppermint Kush doit \u00eatre conserv\u00e9e dans un endroit frais et sec, en position verticale, lorsqu&rsquo;elle n&rsquo;est pas utilis\u00e9e.<\/p>\n<h4>Pourquoi choisir les carts \u00e0 fils 510<\/h4>\n<p>Les cartouches \u00e0 filetage 510 offrent aux consommateurs de cannabis m\u00e9dical un contr\u00f4le pr\u00e9cis du dosage et une consommation pratique et discr\u00e8te. Le filetage standardis\u00e9 assure la compatibilit\u00e9 avec la plupart des batteries de vaporisateurs, tandis que le format pr\u00e9-rempli \u00e9limine le besoin de broyage ou de pr\u00e9paration.<\/p>\n<h4>Exp\u00e9dition dans tout le Canada<\/h4>\n<p>Peppermint Kush Vape Cart est exp\u00e9di\u00e9 rapidement \u00e0 travers le Canada avec la livraison gratuite sur les commandes de plus de 150 \u00a3. Nous assurons une livraison rapide et discr\u00e8te \u00e0 votre porte, facilitant l&rsquo;acc\u00e8s \u00e0 vos produits de cannabis m\u00e9dical o\u00f9 que vous soyez au Canada.<\/p>\n<h4>Avantages et couverture pour les anciens combattants<\/h4>\n<p>Peppermint Kush Vape Cart est admissible \u00e0 la couverture d&rsquo;ACC (Anciens Combattants Canada) avec facturation directe par l&rsquo;entremise de la Croix Bleue, ce qui signifie qu&rsquo;il n&rsquo;y a pas de frais \u00e0 d\u00e9bourser pour les anciens combattants admissibles. Si vous n&rsquo;avez pas encore d&rsquo;ordonnance de cannabis m\u00e9dical, vous pouvez <a href=\"https:\/\/mendomedical.ca\/fr\/carte-medicale\/\">obtenir votre carte m\u00e9dicale gratuite rapidement et facilement<\/a> gr\u00e2ce \u00e0 notre processus simplifi\u00e9.<\/p>\n<\/div>\n","protected":false},"featured_media":217136,"comment_status":"closed","ping_status":"closed","template":"","meta":{"_acf_changed":false,"site-sidebar-layout":"default","site-content-layout":"","ast-site-content-layout":"default","site-content-style":"default","site-sidebar-style":"default","ast-global-header-display":"","ast-banner-title-visibility":"","ast-main-header-display":"","ast-hfb-above-header-display":"","ast-hfb-below-header-display":"","ast-hfb-mobile-header-display":"","site-post-title":"","ast-breadcrumbs-content":"","ast-featured-img":"","footer-sml-layout":"","ast-disable-related-posts":"","theme-transparent-header-meta":"default","adv-header-id-meta":"","stick-header-meta":"","header-above-stick-meta":"","header-main-stick-meta":"","header-below-stick-meta":"","astra-migrate-meta-layouts":"set","ast-page-background-enabled":"default","ast-page-background-meta":{"desktop":{"background-color":"var(--ast-global-color-4)","background-image":"","background-repeat":"repeat","background-position":"center center","background-size":"auto","background-attachment":"scroll","background-type":"","background-media":"","overlay-type":"","overlay-color":"","overlay-opacity":"","overlay-gradient":""},"tablet":{"background-color":"","background-image":"","background-repeat":"repeat","background-position":"center center","background-size":"auto","background-attachment":"scroll","background-type":"","background-media":"","overlay-type":"","overlay-color":"","overlay-opacity":"","overlay-gradient":""},"mobile":{"background-color":"","background-image":"","background-repeat":"repeat","background-position":"center center","background-size":"auto","background-attachment":"scroll","background-type":"","background-media":"","overlay-type":"","overlay-color":"","overlay-opacity":"","overlay-gradient":""}},"ast-content-background-meta":{"desktop":{"background-color":"var(--ast-global-color-5)","background-image":"","background-repeat":"repeat","background-position":"center center","background-size":"auto","background-attachment":"scroll","background-type":"","background-media":"","overlay-type":"","overlay-color":"","overlay-opacity":"","overlay-gradient":""},"tablet":{"background-color":"var(--ast-global-color-5)","background-image":"","background-repeat":"repeat","background-position":"center center","background-size":"auto","background-attachment":"scroll","background-type":"","background-media":"","overlay-type":"","overlay-color":"","overlay-opacity":"","overlay-gradient":""},"mobile":{"background-color":"var(--ast-global-color-5)","background-image":"","background-repeat":"repeat","background-position":"center center","background-size":"auto","background-attachment":"scroll","background-type":"","background-media":"","overlay-type":"","overlay-color":"","overlay-opacity":"","overlay-gradient":""}}},"product_brand":[],"product_cat":[1160,1162,1159],"product_tag":[],"product_format_filter":[6369],"class_list":{"0":"post-217140","1":"product","2":"type-product","3":"status-publish","4":"has-post-thumbnail","6":"product_cat-cart-fil-510","7":"product_cat-distillat","8":"product_cat-vapoteuses","9":"pa_flavours-mint","10":"pa_flavours-pin","11":"pa_flavours-doux","12":"pa_format-1g-2-fr","13":"pa_intensity-thc-eleve","14":"pa_intensity-low-cbn-fr","15":"pa_marques-jonny-chronic-fr","16":"pa_origin-ontario-fr","17":"pa_profil-terpene-caryophyllene","18":"pa_profil-terpene-humulene-fr","19":"pa_profil-terpene-limonene-fr","20":"pa_profil-terpene-pinene-fr","21":"pa_type-de-plante-hybride-indica-fr","22":"product_format_filter-1g","23":"desktop-align-left","24":"tablet-align-left","25":"mobile-align-left","27":"first","28":"outofstock","29":"taxable","30":"shipping-taxable","31":"purchasable","32":"product-type-simple"},"group_of_quantity":0,"min_quantity":0,"max_quantity":"","exclude_order_quantity_value_rules":"no","exclude_category_quantity_rules":"no","combine_variations":"no","acf":[],"_links":{"self":[{"href":"https:\/\/mendomedical.ca\/fr\/wp-json\/wp\/v2\/product\/217140","targetHints":{"allow":["GET"]}}],"collection":[{"href":"https:\/\/mendomedical.ca\/fr\/wp-json\/wp\/v2\/product"}],"about":[{"href":"https:\/\/mendomedical.ca\/fr\/wp-json\/wp\/v2\/types\/product"}],"replies":[{"embeddable":true,"href":"https:\/\/mendomedical.ca\/fr\/wp-json\/wp\/v2\/comments?post=217140"}],"wp:featuredmedia":[{"embeddable":true,"href":"https:\/\/mendomedical.ca\/fr\/wp-json\/wp\/v2\/media\/217136"}],"wp:attachment":[{"href":"https:\/\/mendomedical.ca\/fr\/wp-json\/wp\/v2\/media?parent=217140"}],"wp:term":[{"taxonomy":"product_brand","embeddable":true,"href":"https:\/\/mendomedical.ca\/fr\/wp-json\/wp\/v2\/product_brand?post=217140"},{"taxonomy":"product_cat","embeddable":true,"href":"https:\/\/mendomedical.ca\/fr\/wp-json\/wp\/v2\/product_cat?post=217140"},{"taxonomy":"product_tag","embeddable":true,"href":"https:\/\/mendomedical.ca\/fr\/wp-json\/wp\/v2\/product_tag?post=217140"},{"taxonomy":"product_format_filter","embeddable":true,"href":"https:\/\/mendomedical.ca\/fr\/wp-json\/wp\/v2\/product_format_filter?post=217140"}],"curies":[{"name":"wp","href":"https:\/\/api.w.org\/{rel}","templated":true}]}}