{"id":217115,"date":"2025-07-25T20:25:34","date_gmt":"2025-07-26T00:25:34","guid":{"rendered":"https:\/\/mendomedical.ca\/?post_type=product&#038;p=217115"},"modified":"2025-11-10T10:44:00","modified_gmt":"2025-11-10T15:44:00","slug":"brain-fruit-live-rosin-copy","status":"publish","type":"product","link":"https:\/\/mendomedical.ca\/fr\/produit\/brain-fruit-live-rosin-copy\/","title":{"rendered":"Pure Live Rosin Bar - Stylo \u00e0 Vape Diesel Juice Tout-en-Un"},"content":{"rendered":"","protected":false},"excerpt":{"rendered":"<div class=\"ExternalClass6CA1EB4678BF4D1BB934AF5369BB23F2\">\n<h3>Pure Live Rosin Bar - Stylo \u00e0 Vape Diesel Juice Tout-en-Un<\/h3>\n<p>Faites l&rsquo;exp\u00e9rience du nec plus ultra en mati\u00e8re de vapotage sans solvant avec le INVADER Pure Live Rosin Bar en Diesel Juice. Ce stylo \u00e0 vape premium tout-en-un offre la puissance et la puret\u00e9 d&rsquo;un Live Rosin Dabs dans un format \u00e9l\u00e9gant et portable. Fabriqu\u00e9 sans distillats, terp\u00e8nes ajout\u00e9s ou autres additifs, cet appareil offre une exp\u00e9rience authentique de Live Rosin avec des notes piquantes et gazeuses de diesel que les connaisseurs de cannabis appr\u00e9cient.  <\/p>\n<h4>Caract\u00e9ristiques principales<\/h4>\n<ul>\n<li>100% de Live Rosin sans solvant avec 8,62% de terp\u00e8nes totaux pour une saveur et un effet maximums.<\/li>\n<li>La technologie avanc\u00e9e CCELL Rosin Bar avec une conception \u00e0 double chambre emp\u00eache le colmatage et les fuites.<\/li>\n<li>Intrants frais congel\u00e9s trait\u00e9s par extraction \u00e0 l&rsquo;eau glac\u00e9e et par pressage \u00e0 basse temp\u00e9rature<\/li>\n<li>Conception pratique tout-en-un ne n\u00e9cessitant ni charge ni entretien<\/li>\n<li>L&rsquo;atomisation s\u00e9par\u00e9e du THC et des terp\u00e8nes assure une production de vapeur douce et savoureuse.<\/li>\n<\/ul>\n<h4>Profil aromatique et terp\u00e8nes<\/h4>\n<p><strong>Ar\u00f4me :<\/strong> \u00e2cre et gazeux<\/p>\n<p><strong>Terp\u00e8nes dominants :<\/strong> Un taux \u00e9lev\u00e9 de limon\u00e8ne (2,17%) et de caryophyll\u00e8ne (1,85%) contribue aux notes de carburant caract\u00e9ristiques des vari\u00e9t\u00e9s diesel. La teneur robuste en terp\u00e8nes totaux (8,62 %) offre une exp\u00e9rience authentique et compl\u00e8te du cannabis. <\/p>\n<h4>Pourquoi choisir All-in-One Vapes<\/h4>\n<p>Les stylos \u00e0 vaper tout-en-un offrent aux consommateurs de cannabis m\u00e9dical une commodit\u00e9 et une discr\u00e9tion in\u00e9gal\u00e9es. Pr\u00e9charg\u00e9s et pr\u00eats \u00e0 l&#8217;emploi, ils \u00e9liminent le besoin d&rsquo;entretien de l&rsquo;\u00e9quipement tout en offrant un dosage pr\u00e9cis et constant qui peut aider les patients \u00e0 g\u00e9rer efficacement leurs sympt\u00f4mes tout au long de la journ\u00e9e. <\/p>\n<h4>Exp\u00e9dition dans tout le Canada<\/h4>\n<p>Le stylo \u00e0 vaper tout-en-un Pure Live Rosin Bar - Diesel Juice est exp\u00e9di\u00e9 rapidement \u00e0 travers le Canada. Nous offrons une livraison gratuite pour toutes les commandes de plus de 150 $, ce qui vous assure de recevoir vos produits de cannabis m\u00e9dical rapidement et discr\u00e8tement. <\/p>\n<h4>Avantages et couverture pour les anciens combattants<\/h4>\n<p>Le stylo \u00e0 vaper tout-en-un Pure Live Rosin Bar - Diesel Juice est admissible \u00e0 la couverture d&rsquo;ACC (Anciens Combattants Canada) avec facturation directe par la Croix Bleue, ce qui signifie qu&rsquo;il n&rsquo;y a pas de frais \u00e0 d\u00e9bourser pour les anciens combattants admissibles. Si vous n&rsquo;avez pas encore de carte de cannabis m\u00e9dical, <a href=\"https:\/\/mendomedical.ca\/fr\/carte-medicale\/\">obtenez votre carte m\u00e9dicale gratuite rapidement et facilement<\/a> pour acc\u00e9der \u00e0 ces avantages. <\/p>\n<\/div>\n","protected":false},"featured_media":241889,"comment_status":"closed","ping_status":"closed","template":"","meta":{"_acf_changed":false,"site-sidebar-layout":"default","site-content-layout":"","ast-site-content-layout":"default","site-content-style":"default","site-sidebar-style":"default","ast-global-header-display":"","ast-banner-title-visibility":"","ast-main-header-display":"","ast-hfb-above-header-display":"","ast-hfb-below-header-display":"","ast-hfb-mobile-header-display":"","site-post-title":"","ast-breadcrumbs-content":"","ast-featured-img":"","footer-sml-layout":"","ast-disable-related-posts":"","theme-transparent-header-meta":"default","adv-header-id-meta":"","stick-header-meta":"","header-above-stick-meta":"","header-main-stick-meta":"","header-below-stick-meta":"","astra-migrate-meta-layouts":"set","ast-page-background-enabled":"default","ast-page-background-meta":{"desktop":{"background-color":"var(--ast-global-color-4)","background-image":"","background-repeat":"repeat","background-position":"center center","background-size":"auto","background-attachment":"scroll","background-type":"","background-media":"","overlay-type":"","overlay-color":"","overlay-opacity":"","overlay-gradient":""},"tablet":{"background-color":"","background-image":"","background-repeat":"repeat","background-position":"center center","background-size":"auto","background-attachment":"scroll","background-type":"","background-media":"","overlay-type":"","overlay-color":"","overlay-opacity":"","overlay-gradient":""},"mobile":{"background-color":"","background-image":"","background-repeat":"repeat","background-position":"center center","background-size":"auto","background-attachment":"scroll","background-type":"","background-media":"","overlay-type":"","overlay-color":"","overlay-opacity":"","overlay-gradient":""}},"ast-content-background-meta":{"desktop":{"background-color":"var(--ast-global-color-5)","background-image":"","background-repeat":"repeat","background-position":"center center","background-size":"auto","background-attachment":"scroll","background-type":"","background-media":"","overlay-type":"","overlay-color":"","overlay-opacity":"","overlay-gradient":""},"tablet":{"background-color":"var(--ast-global-color-5)","background-image":"","background-repeat":"repeat","background-position":"center center","background-size":"auto","background-attachment":"scroll","background-type":"","background-media":"","overlay-type":"","overlay-color":"","overlay-opacity":"","overlay-gradient":""},"mobile":{"background-color":"var(--ast-global-color-5)","background-image":"","background-repeat":"repeat","background-position":"center center","background-size":"auto","background-attachment":"scroll","background-type":"","background-media":"","overlay-type":"","overlay-color":"","overlay-opacity":"","overlay-gradient":""}}},"product_brand":[],"product_cat":[1164,1530,1159,1161],"product_tag":[],"product_format_filter":[],"class_list":{"0":"post-217115","1":"product","2":"type-product","3":"status-publish","4":"has-post-thumbnail","6":"product_cat-cured-et-rosin-vivante-fr","7":"product_cat-spectre-complet1","8":"product_cat-vapoteuses","9":"product_cat-tout-en-un","10":"pa_flavours-gazeux-diesel","11":"pa_format-0-5g-fr","12":"pa_intensity-thc-eleve","13":"pa_marques-invader-fr","14":"pa_origin-alberta-fr","15":"pa_profil-terpene-caryophyllene","16":"pa_profil-terpene-limonene-fr","17":"pa_profil-terpene-selinene-fr","18":"pa_thc-71-5-fr","19":"pa_type-de-plante-hybride-indica-fr","20":"desktop-align-left","21":"tablet-align-left","22":"mobile-align-left","24":"first","25":"outofstock","26":"taxable","27":"shipping-taxable","28":"purchasable","29":"product-type-simple"},"group_of_quantity":0,"min_quantity":0,"max_quantity":"","exclude_order_quantity_value_rules":"no","exclude_category_quantity_rules":"no","combine_variations":"no","acf":[],"_links":{"self":[{"href":"https:\/\/mendomedical.ca\/fr\/wp-json\/wp\/v2\/product\/217115","targetHints":{"allow":["GET"]}}],"collection":[{"href":"https:\/\/mendomedical.ca\/fr\/wp-json\/wp\/v2\/product"}],"about":[{"href":"https:\/\/mendomedical.ca\/fr\/wp-json\/wp\/v2\/types\/product"}],"replies":[{"embeddable":true,"href":"https:\/\/mendomedical.ca\/fr\/wp-json\/wp\/v2\/comments?post=217115"}],"wp:featuredmedia":[{"embeddable":true,"href":"https:\/\/mendomedical.ca\/fr\/wp-json\/wp\/v2\/media\/241889"}],"wp:attachment":[{"href":"https:\/\/mendomedical.ca\/fr\/wp-json\/wp\/v2\/media?parent=217115"}],"wp:term":[{"taxonomy":"product_brand","embeddable":true,"href":"https:\/\/mendomedical.ca\/fr\/wp-json\/wp\/v2\/product_brand?post=217115"},{"taxonomy":"product_cat","embeddable":true,"href":"https:\/\/mendomedical.ca\/fr\/wp-json\/wp\/v2\/product_cat?post=217115"},{"taxonomy":"product_tag","embeddable":true,"href":"https:\/\/mendomedical.ca\/fr\/wp-json\/wp\/v2\/product_tag?post=217115"},{"taxonomy":"product_format_filter","embeddable":true,"href":"https:\/\/mendomedical.ca\/fr\/wp-json\/wp\/v2\/product_format_filter?post=217115"}],"curies":[{"name":"wp","href":"https:\/\/api.w.org\/{rel}","templated":true}]}}