{"id":217095,"date":"2025-06-08T07:05:42","date_gmt":"2025-06-08T11:05:42","guid":{"rendered":"https:\/\/mendomedical.ca\/?post_type=product&#038;p=217095"},"modified":"2026-03-29T21:52:18","modified_gmt":"2026-03-30T01:52:18","slug":"brain-fruit-live-rosin-fr","status":"publish","type":"product","link":"https:\/\/mendomedical.ca\/fr\/produit\/brain-fruit-live-rosin-fr\/","title":{"rendered":"Fruit du cerveau Live Rosin"},"content":{"rendered":"","protected":false},"excerpt":{"rendered":"<div class=\"ExternalClassF9E3560A2C00494CA8B6C141CD00900C\">\n<h3>Brain Fruit Live Rosin par The Goo !<\/h3>\n<h4>Terp\u00e8nes totaux : 9,77%.<\/h4>\n<p>D\u00e9couvrez le summum de l&rsquo;extraction sans solvant avec Brain Fruit Live Rosin de The Goo !, \u00e9labor\u00e9 de mani\u00e8re experte par Crop Circle Cannabis. Ce concentr\u00e9 de qualit\u00e9 sup\u00e9rieure offre une exp\u00e9rience c\u00e9r\u00e9brale et fruit\u00e9e gr\u00e2ce \u00e0 un traitement m\u00e9ticuleux qui pr\u00e9serve l&rsquo;essence naturelle de la plante. Avec un taux impressionnant de 8,53 % de terp\u00e8nes totaux, cette Live Rosin 100 % sans solvant offre aux patients de cannabis m\u00e9dical une option pure et puissante pour leurs besoins th\u00e9rapeutiques.  <\/p>\n<h4>Caract\u00e9ristiques principales<\/h4>\n<ul>\n<li>Extraction sans solvant \u00e0 100 % \u00e0 l&rsquo;aide de cannabis fra\u00eechement congel\u00e9 et de m\u00e9thodes utilisant de l&rsquo;eau glac\u00e9e<\/li>\n<li>Teneur \u00e9lev\u00e9e en terp\u00e8nes (9,77 %) avec une dominante de limon\u00e8ne pour des effets stimulants.<\/li>\n<li>Traitement artisanal : lyophilis\u00e9, press\u00e9 \u00e0 basse temp\u00e9rature, s\u00e9ch\u00e9 \u00e0 froid et fouett\u00e9.<\/li>\n<li>Texture riche et cr\u00e9meuse avec une teinte dor\u00e9e scintillante<\/li>\n<li>Aucun additif ou ar\u00f4me artificiel - l&rsquo;expression pure du cannabis<\/li>\n<\/ul>\n<h4>Profil aromatique et terp\u00e9nique<\/h4>\n<p>Brain Fruit Live Rosin pr\u00e9sente un ar\u00f4me vif et fruit\u00e9 avec des notes d&rsquo;agrumes prononc\u00e9es. La teneur exceptionnellement \u00e9lev\u00e9e en limon\u00e8ne contribue \u00e0 ses effets stimulants et c\u00e9r\u00e9braux caract\u00e9ristiques. Ce concentr\u00e9 contient \u00e9galement des niveaux significatifs de THCVA, ce qui renforce son profil th\u00e9rapeutique. Les notes de baies et de fruits cr\u00e9ent une exp\u00e9rience de consommation agr\u00e9able tout en produisant des effets puissants d\u00e9crits par les patients comme enivrants et stimulants.   <\/p>\n<h4>Pourquoi choisir le Live Rosin ?<\/h4>\n<p>Live Rosin repr\u00e9sente l&rsquo;\u00e9talon-or des concentr\u00e9s de cannabis pour les patients m\u00e9dicaux \u00e0 la recherche d&rsquo;options pures et sans solvant. Cette m\u00e9thode d&rsquo;extraction pr\u00e9serve le spectre complet des cannabino\u00efdes et des terp\u00e8nes, offrant potentiellement des avantages th\u00e9rapeutiques accrus gr\u00e2ce \u00e0 l&rsquo;effet d&rsquo;entourage. <\/p>\n<h4>Exp\u00e9dition dans tout le Canada<\/h4>\n<p>Brain Fruit Live Rosin est exp\u00e9di\u00e9 rapidement \u00e0 travers le Canada avec la livraison gratuite pour les commandes de plus de 150 $. Nous recommandons de conserver ce produit dans un endroit frais et sec \u00e0 2-8\u2103 pour maintenir une qualit\u00e9 et une consistance optimales. <\/p>\n<h4>Avantages et couverture pour les anciens combattants<\/h4>\n<p>Brain Fruit Live Rosin est admissible \u00e0 la couverture d&rsquo;ACC (Anciens Combattants Canada) avec facturation directe par l&rsquo;entremise de la Croix Bleue, ce qui signifie que les anciens combattants admissibles n&rsquo;ont rien \u00e0 d\u00e9bourser. Si vous n&rsquo;avez pas encore votre carte m\u00e9dicale, vous pouvez l&rsquo;obtenir gratuitement, rapidement et facilement, \u00e0 l&rsquo;<a href=\"https:\/\/mendomedical.ca\/fr\/carte-medicale\/\">adresse https:\/\/mendomedical.ca\/medical-card\/.<\/a> <\/p>\n<\/div>\n","protected":false},"featured_media":217097,"comment_status":"closed","ping_status":"closed","template":"","meta":{"_acf_changed":false,"site-sidebar-layout":"default","site-content-layout":"","ast-site-content-layout":"default","site-content-style":"default","site-sidebar-style":"default","ast-global-header-display":"","ast-banner-title-visibility":"","ast-main-header-display":"","ast-hfb-above-header-display":"","ast-hfb-below-header-display":"","ast-hfb-mobile-header-display":"","site-post-title":"","ast-breadcrumbs-content":"","ast-featured-img":"","footer-sml-layout":"","ast-disable-related-posts":"","theme-transparent-header-meta":"default","adv-header-id-meta":"","stick-header-meta":"","header-above-stick-meta":"","header-main-stick-meta":"","header-below-stick-meta":"","astra-migrate-meta-layouts":"set","ast-page-background-enabled":"default","ast-page-background-meta":{"desktop":{"background-color":"var(--ast-global-color-4)","background-image":"","background-repeat":"repeat","background-position":"center center","background-size":"auto","background-attachment":"scroll","background-type":"","background-media":"","overlay-type":"","overlay-color":"","overlay-opacity":"","overlay-gradient":""},"tablet":{"background-color":"","background-image":"","background-repeat":"repeat","background-position":"center center","background-size":"auto","background-attachment":"scroll","background-type":"","background-media":"","overlay-type":"","overlay-color":"","overlay-opacity":"","overlay-gradient":""},"mobile":{"background-color":"","background-image":"","background-repeat":"repeat","background-position":"center center","background-size":"auto","background-attachment":"scroll","background-type":"","background-media":"","overlay-type":"","overlay-color":"","overlay-opacity":"","overlay-gradient":""}},"ast-content-background-meta":{"desktop":{"background-color":"var(--ast-global-color-5)","background-image":"","background-repeat":"repeat","background-position":"center center","background-size":"auto","background-attachment":"scroll","background-type":"","background-media":"","overlay-type":"","overlay-color":"","overlay-opacity":"","overlay-gradient":""},"tablet":{"background-color":"var(--ast-global-color-5)","background-image":"","background-repeat":"repeat","background-position":"center center","background-size":"auto","background-attachment":"scroll","background-type":"","background-media":"","overlay-type":"","overlay-color":"","overlay-opacity":"","overlay-gradient":""},"mobile":{"background-color":"var(--ast-global-color-5)","background-image":"","background-repeat":"repeat","background-position":"center center","background-size":"auto","background-attachment":"scroll","background-type":"","background-media":"","overlay-type":"","overlay-color":"","overlay-opacity":"","overlay-gradient":""}}},"product_brand":[],"product_cat":[1125,1118],"product_tag":[],"product_format_filter":[6369],"class_list":{"0":"post-217095","1":"product","2":"type-product","3":"status-publish","4":"has-post-thumbnail","6":"product_cat-rosin-vivante","7":"product_cat-concentres","8":"pa_flavours-baies","9":"pa_flavours-fruite","10":"pa_intensity-thc-eleve","11":"pa_marques-the-goo-fr","12":"pa_origin-alberta-fr","13":"pa_profil-terpene-caryophyllene","14":"pa_profil-terpene-limonene-fr","15":"pa_profil-terpene-sabinene-fr","16":"pa_type-de-plante-hybride-sativa-fr","17":"product_format_filter-1g","18":"desktop-align-left","19":"tablet-align-left","20":"mobile-align-left","22":"first","23":"instock","24":"taxable","25":"shipping-taxable","26":"purchasable","27":"product-type-simple"},"group_of_quantity":0,"min_quantity":0,"max_quantity":"","exclude_order_quantity_value_rules":"no","exclude_category_quantity_rules":"no","combine_variations":"no","acf":[],"_links":{"self":[{"href":"https:\/\/mendomedical.ca\/fr\/wp-json\/wp\/v2\/product\/217095","targetHints":{"allow":["GET"]}}],"collection":[{"href":"https:\/\/mendomedical.ca\/fr\/wp-json\/wp\/v2\/product"}],"about":[{"href":"https:\/\/mendomedical.ca\/fr\/wp-json\/wp\/v2\/types\/product"}],"replies":[{"embeddable":true,"href":"https:\/\/mendomedical.ca\/fr\/wp-json\/wp\/v2\/comments?post=217095"}],"wp:featuredmedia":[{"embeddable":true,"href":"https:\/\/mendomedical.ca\/fr\/wp-json\/wp\/v2\/media\/217097"}],"wp:attachment":[{"href":"https:\/\/mendomedical.ca\/fr\/wp-json\/wp\/v2\/media?parent=217095"}],"wp:term":[{"taxonomy":"product_brand","embeddable":true,"href":"https:\/\/mendomedical.ca\/fr\/wp-json\/wp\/v2\/product_brand?post=217095"},{"taxonomy":"product_cat","embeddable":true,"href":"https:\/\/mendomedical.ca\/fr\/wp-json\/wp\/v2\/product_cat?post=217095"},{"taxonomy":"product_tag","embeddable":true,"href":"https:\/\/mendomedical.ca\/fr\/wp-json\/wp\/v2\/product_tag?post=217095"},{"taxonomy":"product_format_filter","embeddable":true,"href":"https:\/\/mendomedical.ca\/fr\/wp-json\/wp\/v2\/product_format_filter?post=217095"}],"curies":[{"name":"wp","href":"https:\/\/api.w.org\/{rel}","templated":true}]}}