{"id":217081,"date":"2025-06-08T07:00:59","date_gmt":"2025-06-08T11:00:59","guid":{"rendered":"https:\/\/mendomedical.ca\/?post_type=product&#038;p=217081"},"modified":"2026-04-20T19:27:47","modified_gmt":"2026-04-20T23:27:47","slug":"it-came-from-the-kush-live-rosin","status":"publish","type":"product","link":"https:\/\/mendomedical.ca\/fr\/produit\/it-came-from-the-kush-live-rosin\/","title":{"rendered":"\u00c7a vient du Kush Live Rosin"},"content":{"rendered":"","protected":false},"excerpt":{"rendered":"<div class=\"ExternalClass46075D6B7FB041AB89E8AF2BA5D1F717\">\n<h3>\u00c7a vient du Kush Live Rosin<\/h3>\n<h4>Terp\u00e8nes totaux : 7,8%.<\/h4>\n<p>D\u00e9couvrez le summum de l&rsquo;extraction sans solvant avec It Came From The Kush Live Rosin de The Goo ! Fabriqu\u00e9 par Crop Circle Cannabis, ce concentr\u00e9 de premi\u00e8re qualit\u00e9 offre un profil intens\u00e9ment kush avec un total impressionnant de 7,8 % de terp\u00e8nes totaux. Gr\u00e2ce \u00e0 une extraction m\u00e9ticuleuse \u00e0 l&rsquo;eau glac\u00e9e et \u00e0 des processus de s\u00e9chage \u00e0 froid minutieux, cette Live Rosin conserve tout le spectre des cannabino\u00efdes et des terp\u00e8nes du cannabis fra\u00eechement congel\u00e9, ce qui donne une consistance cr\u00e9meuse et fouett\u00e9e qui met en valeur l&rsquo;essence naturelle de la plante.<\/p>\n<h4>Caract\u00e9ristiques principales<\/h4>\n<ul>\n<li>Extraction sans solvant \u00e0 100 % par la m\u00e9thode de l&rsquo;eau glac\u00e9e avec des intrants fra\u00eechement congel\u00e9s<\/li>\n<li>Teneur \u00e9lev\u00e9e en terp\u00e8nes (7,8 %) pour une saveur et des effets potentiels accrus.<\/li>\n<li>Processus de production artisanal : lyophilis\u00e9, press\u00e9 \u00e0 basse temp\u00e9rature, s\u00e9ch\u00e9 \u00e0 froid et fouett\u00e9.<\/li>\n<li>Aspect doux et p\u00e2le avec une consistance humide et cr\u00e9meuse<\/li>\n<li>Sans additifs ni ar\u00f4mes artificiels - extrait pur de cannabis<\/li>\n<\/ul>\n<h4>Profil aromatique et terp\u00e9nique<\/h4>\n<p>It Came From The Kush pr\u00e9sente des notes audacieuses de gaz et de diesel caract\u00e9ristiques des vari\u00e9t\u00e9s classiques de kush. Le profil terp\u00e9nique pr\u00e9sente des niveaux \u00e9lev\u00e9s de myrc\u00e8ne, de caryophyll\u00e8ne et de limon\u00e8ne, contribuant \u00e0 ses effets lourds et euphoriques. La teneur significative en CBGA ajoute au profil cannabino\u00efde complexe, am\u00e9liorant le potentiel th\u00e9rapeutique global de ce concentr\u00e9.  <\/p>\n<h4>Pourquoi choisir Live Rosin ?<\/h4>\n<p>Live Rosin repr\u00e9sente l&rsquo;\u00e9talon-or des concentr\u00e9s de cannabis pour les utilisateurs m\u00e9dicaux \u00e0 la recherche d&rsquo;un soulagement pur et puissant sans solvants. La pr\u00e9servation des terp\u00e8nes et des cannabino\u00efdes par l&rsquo;extraction sans solvant peut apporter des avantages th\u00e9rapeutiques accrus tout en conservant les caract\u00e9ristiques originales de la souche. <\/p>\n<h4>Exp\u00e9dition dans tout le Canada<\/h4>\n<p>It Came From The Kush Live Rosin est exp\u00e9di\u00e9 rapidement \u00e0 travers le Canada avec une livraison gratuite \u00e0 partir de 150 $ d&rsquo;achat. Conservez ce produit dans un endroit frais et sec, \u00e0 une temp\u00e9rature comprise entre 2 et 8 \u00b0C, pour une conservation optimale. <\/p>\n<h4>Avantages et couverture pour les anciens combattants<\/h4>\n<p>It Came From The Kush Live Rosin est admissible \u00e0 la couverture d&rsquo;ACC (Anciens Combattants Canada) et \u00e0 la facturation directe par la Croix Bleue, ce qui signifie que les anciens combattants admissibles n&rsquo;ont rien \u00e0 d\u00e9bourser. Vous n&rsquo;avez pas encore votre carte m\u00e9dicale ? Obtenez rapidement et facilement votre carte m\u00e9dicale gratuite sur <a href=\"https:\/\/mendomedical.ca\/fr\/carte-medicale\/\">https:\/\/mendomedical.ca\/medical-card\/<\/a>.<\/p>\n<\/div>\n","protected":false},"featured_media":217083,"comment_status":"closed","ping_status":"closed","template":"","meta":{"_acf_changed":false,"site-sidebar-layout":"default","site-content-layout":"","ast-site-content-layout":"default","site-content-style":"default","site-sidebar-style":"default","ast-global-header-display":"","ast-banner-title-visibility":"","ast-main-header-display":"","ast-hfb-above-header-display":"","ast-hfb-below-header-display":"","ast-hfb-mobile-header-display":"","site-post-title":"","ast-breadcrumbs-content":"","ast-featured-img":"","footer-sml-layout":"","ast-disable-related-posts":"","theme-transparent-header-meta":"default","adv-header-id-meta":"","stick-header-meta":"","header-above-stick-meta":"","header-main-stick-meta":"","header-below-stick-meta":"","astra-migrate-meta-layouts":"set","ast-page-background-enabled":"default","ast-page-background-meta":{"desktop":{"background-color":"var(--ast-global-color-4)","background-image":"","background-repeat":"repeat","background-position":"center center","background-size":"auto","background-attachment":"scroll","background-type":"","background-media":"","overlay-type":"","overlay-color":"","overlay-opacity":"","overlay-gradient":""},"tablet":{"background-color":"","background-image":"","background-repeat":"repeat","background-position":"center center","background-size":"auto","background-attachment":"scroll","background-type":"","background-media":"","overlay-type":"","overlay-color":"","overlay-opacity":"","overlay-gradient":""},"mobile":{"background-color":"","background-image":"","background-repeat":"repeat","background-position":"center center","background-size":"auto","background-attachment":"scroll","background-type":"","background-media":"","overlay-type":"","overlay-color":"","overlay-opacity":"","overlay-gradient":""}},"ast-content-background-meta":{"desktop":{"background-color":"var(--ast-global-color-5)","background-image":"","background-repeat":"repeat","background-position":"center center","background-size":"auto","background-attachment":"scroll","background-type":"","background-media":"","overlay-type":"","overlay-color":"","overlay-opacity":"","overlay-gradient":""},"tablet":{"background-color":"var(--ast-global-color-5)","background-image":"","background-repeat":"repeat","background-position":"center center","background-size":"auto","background-attachment":"scroll","background-type":"","background-media":"","overlay-type":"","overlay-color":"","overlay-opacity":"","overlay-gradient":""},"mobile":{"background-color":"var(--ast-global-color-5)","background-image":"","background-repeat":"repeat","background-position":"center center","background-size":"auto","background-attachment":"scroll","background-type":"","background-media":"","overlay-type":"","overlay-color":"","overlay-opacity":"","overlay-gradient":""}}},"product_brand":[],"product_cat":[1125,1118],"product_tag":[],"product_format_filter":[6369],"class_list":{"0":"post-217081","1":"product","2":"type-product","3":"status-publish","4":"has-post-thumbnail","6":"product_cat-rosin-vivante","7":"product_cat-concentres","8":"pa_flavours-gazeux-diesel","9":"pa_flavours-kush","10":"pa_intensity-thc-eleve","11":"pa_marques-the-goo-fr","12":"pa_origin-alberta-fr","13":"pa_profil-terpene-caryophyllene","14":"pa_profil-terpene-limonene-fr","15":"pa_profil-terpene-myrcene","16":"pa_type-de-plante-hybride-indica-fr","17":"product_format_filter-1g","18":"desktop-align-left","19":"tablet-align-left","20":"mobile-align-left","22":"first","23":"instock","24":"taxable","25":"shipping-taxable","26":"purchasable","27":"product-type-simple"},"group_of_quantity":0,"min_quantity":0,"max_quantity":"","exclude_order_quantity_value_rules":"no","exclude_category_quantity_rules":"no","combine_variations":"no","acf":[],"_links":{"self":[{"href":"https:\/\/mendomedical.ca\/fr\/wp-json\/wp\/v2\/product\/217081","targetHints":{"allow":["GET"]}}],"collection":[{"href":"https:\/\/mendomedical.ca\/fr\/wp-json\/wp\/v2\/product"}],"about":[{"href":"https:\/\/mendomedical.ca\/fr\/wp-json\/wp\/v2\/types\/product"}],"replies":[{"embeddable":true,"href":"https:\/\/mendomedical.ca\/fr\/wp-json\/wp\/v2\/comments?post=217081"}],"wp:featuredmedia":[{"embeddable":true,"href":"https:\/\/mendomedical.ca\/fr\/wp-json\/wp\/v2\/media\/217083"}],"wp:attachment":[{"href":"https:\/\/mendomedical.ca\/fr\/wp-json\/wp\/v2\/media?parent=217081"}],"wp:term":[{"taxonomy":"product_brand","embeddable":true,"href":"https:\/\/mendomedical.ca\/fr\/wp-json\/wp\/v2\/product_brand?post=217081"},{"taxonomy":"product_cat","embeddable":true,"href":"https:\/\/mendomedical.ca\/fr\/wp-json\/wp\/v2\/product_cat?post=217081"},{"taxonomy":"product_tag","embeddable":true,"href":"https:\/\/mendomedical.ca\/fr\/wp-json\/wp\/v2\/product_tag?post=217081"},{"taxonomy":"product_format_filter","embeddable":true,"href":"https:\/\/mendomedical.ca\/fr\/wp-json\/wp\/v2\/product_format_filter?post=217081"}],"curies":[{"name":"wp","href":"https:\/\/api.w.org\/{rel}","templated":true}]}}