{"id":217074,"date":"2025-08-14T22:00:31","date_gmt":"2025-08-15T02:00:31","guid":{"rendered":"https:\/\/mendomedical.ca\/product\/colophane-vivante-mochazilla\/"},"modified":"2025-11-27T09:40:41","modified_gmt":"2025-11-27T14:40:41","slug":"mochazilla-live-rosin","status":"publish","type":"product","link":"https:\/\/mendomedical.ca\/fr\/produit\/mochazilla-live-rosin\/","title":{"rendered":"Mochazilla Live Rosin"},"content":{"rendered":"","protected":false},"excerpt":{"rendered":"<div class=\"ExternalClass366BE984E1864940B4C183C50CD5774B\">\n<h3>Mochazilla Live Rosin par The Goo !<\/h3>\n<h3>TERP\u00c8NES TOTAUX 8,36%.<\/h3>\n<p>D\u00e9couvrez la qualit\u00e9 exceptionnelle de la Live Rosin de Mochazilla, un concentr\u00e9 sans solvant de premi\u00e8re qualit\u00e9 qui offre un profil de saveurs de caf\u00e9 et de cacao vraiment unique. Fabriqu\u00e9e par Crop Circle Cannabis \u00e0 l&rsquo;aide de m\u00e9thodes m\u00e9ticuleuses d&rsquo;extraction \u00e0 l&rsquo;eau glac\u00e9e, cette Live Rosin affiche une impressionnante teneur en terp\u00e8nes totaux de 8,36 % et un riche profil cannabino\u00efde comprenant des cannabino\u00efdes mineurs comme le THCVA et le CBGA. Le r\u00e9sultat est un concentr\u00e9 cr\u00e9meux, de couleur beige, avec une texture douce et fouett\u00e9e qui offre des effets concentr\u00e9s et cr\u00e9atifs.  <\/p>\n<h4>Caract\u00e9ristiques principales<\/h4>\n<ul>\n<li>Extraction sans solvant \u00e0 100 % \u00e0 partir d&rsquo;intrants sp\u00e9cialement s\u00e9lectionn\u00e9s et fra\u00eechement congel\u00e9s<\/li>\n<li>Traitement de premi\u00e8re qualit\u00e9 : lyophilis\u00e9, press\u00e9 \u00e0 basse temp\u00e9rature, s\u00e9ch\u00e9 \u00e0 froid et fouett\u00e9 \u00e0 la perfection.<\/li>\n<li>Une teneur exceptionnelle en terp\u00e8nes de 8,36 %, avec des compos\u00e9s uniques comme le s\u00e9lin\u00e8ne.<\/li>\n<li>Pas d&rsquo;additifs ni d&rsquo;ar\u00f4mes artificiels - l&rsquo;expression pure du cannabis<\/li>\n<li>Conservation recommand\u00e9e entre 2 et 8\u00b0C pour une fra\u00eecheur et une consistance optimales.<\/li>\n<\/ul>\n<h4>Profil des ar\u00f4mes et des cannabino\u00efdes<\/h4>\n<p>La Live Rosin de Mochazilla pr\u00e9sente des ar\u00f4mes distinctifs de caf\u00e9 et de cacao qui se traduisent magnifiquement dans son profil de saveur. La composition riche et complexe en terp\u00e8nes comprend des compos\u00e9s uniques tels que le s\u00e9lin\u00e8ne, qui contribuent \u00e0 son ar\u00f4me et \u00e0 ses effets caract\u00e9ristiques. Am\u00e9lior\u00e9 par des cannabino\u00efdes mineurs comme le THCVA et le CBGA, ce concentr\u00e9 offre un profil cannabino\u00efde complet qui favorise des exp\u00e9riences concentr\u00e9es et cr\u00e9atives.  <\/p>\n<h4>Pourquoi choisir Live Rosin ?<\/h4>\n<p>Live Rosin repr\u00e9sente le summum des concentr\u00e9s sans solvant, pr\u00e9servant le spectre complet des cannabino\u00efdes et des terp\u00e8nes du cannabis fra\u00eechement congel\u00e9. Pour les utilisateurs m\u00e9dicaux \u00e0 la recherche de concentr\u00e9s propres et puissants sans solvants r\u00e9siduels, Live Rosin peut contribuer \u00e0 soutenir divers objectifs de bien-\u00eatre tout en offrant une saveur et des effets exceptionnels. <\/p>\n<h4>Exp\u00e9dition dans tout le Canada<\/h4>\n<p>Le Live Rosin de Mochazilla est exp\u00e9di\u00e9 rapidement dans tout le Canada, avec une livraison gratuite pour les commandes de plus de 150 $. Nous nous assurons que votre concentr\u00e9 arrive dans un emballage s\u00e9curitaire afin de maintenir sa qualit\u00e9 sup\u00e9rieure pendant le transport. <\/p>\n<h4>Avantages et couverture pour les anciens combattants<\/h4>\n<p>Live Rosin est admissible \u00e0 la couverture d&rsquo;ACC (Anciens Combattants Canada) et \u00e0 la facturation directe par l&rsquo;entremise de la Croix Bleue, ce qui signifie que les anciens combattants admissibles n&rsquo;ont pas \u00e0 d\u00e9bourser d&rsquo;argent. Si vous n&rsquo;avez pas encore votre carte m\u00e9dicale, vous pouvez <a href=\"https:\/\/mendomedical.ca\/fr\/carte-medicale\/\">l&rsquo;obtenir rapidement et facilement<\/a> pour acc\u00e9der \u00e0 ces avantages. <\/p>\n<\/div>\n","protected":false},"featured_media":217063,"comment_status":"closed","ping_status":"closed","template":"","meta":{"_acf_changed":false,"site-sidebar-layout":"default","site-content-layout":"","ast-site-content-layout":"default","site-content-style":"default","site-sidebar-style":"default","ast-global-header-display":"","ast-banner-title-visibility":"","ast-main-header-display":"","ast-hfb-above-header-display":"","ast-hfb-below-header-display":"","ast-hfb-mobile-header-display":"","site-post-title":"","ast-breadcrumbs-content":"","ast-featured-img":"","footer-sml-layout":"","ast-disable-related-posts":"","theme-transparent-header-meta":"default","adv-header-id-meta":"","stick-header-meta":"","header-above-stick-meta":"","header-main-stick-meta":"","header-below-stick-meta":"","astra-migrate-meta-layouts":"set","ast-page-background-enabled":"default","ast-page-background-meta":{"desktop":{"background-color":"var(--ast-global-color-4)","background-image":"","background-repeat":"repeat","background-position":"center center","background-size":"auto","background-attachment":"scroll","background-type":"","background-media":"","overlay-type":"","overlay-color":"","overlay-opacity":"","overlay-gradient":""},"tablet":{"background-color":"","background-image":"","background-repeat":"repeat","background-position":"center center","background-size":"auto","background-attachment":"scroll","background-type":"","background-media":"","overlay-type":"","overlay-color":"","overlay-opacity":"","overlay-gradient":""},"mobile":{"background-color":"","background-image":"","background-repeat":"repeat","background-position":"center center","background-size":"auto","background-attachment":"scroll","background-type":"","background-media":"","overlay-type":"","overlay-color":"","overlay-opacity":"","overlay-gradient":""}},"ast-content-background-meta":{"desktop":{"background-color":"var(--ast-global-color-5)","background-image":"","background-repeat":"repeat","background-position":"center center","background-size":"auto","background-attachment":"scroll","background-type":"","background-media":"","overlay-type":"","overlay-color":"","overlay-opacity":"","overlay-gradient":""},"tablet":{"background-color":"var(--ast-global-color-5)","background-image":"","background-repeat":"repeat","background-position":"center center","background-size":"auto","background-attachment":"scroll","background-type":"","background-media":"","overlay-type":"","overlay-color":"","overlay-opacity":"","overlay-gradient":""},"mobile":{"background-color":"var(--ast-global-color-5)","background-image":"","background-repeat":"repeat","background-position":"center center","background-size":"auto","background-attachment":"scroll","background-type":"","background-media":"","overlay-type":"","overlay-color":"","overlay-opacity":"","overlay-gradient":""}}},"product_brand":[],"product_cat":[3926,1125,1118,1119],"product_tag":[],"product_format_filter":[6369],"class_list":{"0":"post-217074","1":"product","2":"type-product","3":"status-publish","4":"has-post-thumbnail","6":"product_cat-cbd-minors-2-fr","7":"product_cat-rosin-vivante","8":"product_cat-concentres","9":"product_cat-tout-sans-solvant","10":"pa_flavours-cacao","11":"pa_flavours-cafe","12":"pa_intensity-low-thcv-fr","13":"pa_intensity-thc-eleve","14":"pa_marques-the-goo-fr","15":"pa_origin-alberta-fr","16":"pa_packaging-date-10-22-2025","17":"pa_profil-terpene-caryophyllene","18":"pa_profil-terpene-farnesene-fr","19":"pa_profil-terpene-limonene-fr","20":"pa_type-de-plante-hybride-indica-fr","21":"product_format_filter-1g","22":"desktop-align-left","23":"tablet-align-left","24":"mobile-align-left","26":"first","27":"outofstock","28":"taxable","29":"shipping-taxable","30":"purchasable","31":"product-type-simple"},"group_of_quantity":0,"min_quantity":0,"max_quantity":"","exclude_order_quantity_value_rules":"no","exclude_category_quantity_rules":"no","combine_variations":"no","acf":[],"_links":{"self":[{"href":"https:\/\/mendomedical.ca\/fr\/wp-json\/wp\/v2\/product\/217074","targetHints":{"allow":["GET"]}}],"collection":[{"href":"https:\/\/mendomedical.ca\/fr\/wp-json\/wp\/v2\/product"}],"about":[{"href":"https:\/\/mendomedical.ca\/fr\/wp-json\/wp\/v2\/types\/product"}],"replies":[{"embeddable":true,"href":"https:\/\/mendomedical.ca\/fr\/wp-json\/wp\/v2\/comments?post=217074"}],"wp:featuredmedia":[{"embeddable":true,"href":"https:\/\/mendomedical.ca\/fr\/wp-json\/wp\/v2\/media\/217063"}],"wp:attachment":[{"href":"https:\/\/mendomedical.ca\/fr\/wp-json\/wp\/v2\/media?parent=217074"}],"wp:term":[{"taxonomy":"product_brand","embeddable":true,"href":"https:\/\/mendomedical.ca\/fr\/wp-json\/wp\/v2\/product_brand?post=217074"},{"taxonomy":"product_cat","embeddable":true,"href":"https:\/\/mendomedical.ca\/fr\/wp-json\/wp\/v2\/product_cat?post=217074"},{"taxonomy":"product_tag","embeddable":true,"href":"https:\/\/mendomedical.ca\/fr\/wp-json\/wp\/v2\/product_tag?post=217074"},{"taxonomy":"product_format_filter","embeddable":true,"href":"https:\/\/mendomedical.ca\/fr\/wp-json\/wp\/v2\/product_format_filter?post=217074"}],"curies":[{"name":"wp","href":"https:\/\/api.w.org\/{rel}","templated":true}]}}