{"id":216999,"date":"2025-06-02T08:30:38","date_gmt":"2025-06-02T12:30:38","guid":{"rendered":"https:\/\/mendomedical.ca\/?post_type=product&#038;p=216999"},"modified":"2025-09-05T14:22:31","modified_gmt":"2025-09-05T18:22:31","slug":"pre-roulle-atomic-berry","status":"publish","type":"product","link":"https:\/\/mendomedical.ca\/fr\/produit\/pre-roulle-atomic-berry\/","title":{"rendered":"Pr\u00e9-roul\u00e9 Atomic Berry"},"content":{"rendered":"","protected":false},"excerpt":{"rendered":"<h3>Terp\u00e8nes Totaux: 2.6%<\/h3>\n<p>&nbsp;<\/p>\n<h5>Shishkaberry x Gods OG Kush<\/h5>\n<p>&nbsp;<\/p>\n<p>Tr\u00e8s puissante, l&rsquo;Atomic Berry explose dans le d\u00e9partement sensoriel - des tons de baies propres et forts avec du gaz chimique en prime. Pr\u00e9sent\u00e9e dans Breeder Voyage pour une bonne raison, la combinaison de terp\u00e8nes est incroyable : Terpinolene, Ocimene, Myrcene et Limonene. Les cocottes sont d&rsquo;un violet scintillant avec des pistolets d&rsquo;ambre fonc\u00e9. Blackbird a parfaitement roul\u00e9 la fleur collante et dense dans chaque c\u00f4ne droit.<\/p>\n<p>&nbsp;<\/p>\n<h5>L&rsquo;attrait visuel :<\/h5>\n<p>Fleur enti\u00e8re, source unique. Blackbird a parfaitement roul\u00e9 la fleur collante et dense dans chaque c\u00f4ne droit.<\/p>\n<p>&nbsp;<\/p>\n<h5>Ar\u00f4me :<\/h5>\n<p>Des tons nets et puissants de baies avec des gaz chimiques.<\/p>\n<p>&nbsp;<\/p>\n<h5>Profil de saveur :<\/h5>\n<p>Elle a un go\u00fbt de citron, de lime, de sucr\u00e9, de pin et de skunk Terpinolene.<\/p>\n<p>&nbsp;<\/p>\n<h5 id=\"tw-target-text\" class=\"tw-data-text tw-text-large tw-ta\" dir=\"ltr\" data-placeholder=\"Traduction\" aria-label=\"Texte traduit\" data-ved=\"2ahUKEwihm8zt7pyFAxWMN2IAHRerA8cQ3ewLegQIBRAU\"><span class=\"Y2IQFc\" lang=\"fr\">Effets :<\/span><\/h5>\n<p>Euphorie joyeuse, sans effet s\u00e9datif.<\/p>\n<p>&nbsp;<\/p>\n<h5><b>Ce que les patients disent de ce produit : <\/b><\/h5>\n<p>La vari\u00e9t\u00e9 Atomic Berry, un hybride de cannabis, est connue pour son potentiel \u00e0 induire des effets calmants, relaxants et s\u00e9datifs, ainsi qu&rsquo;un \u00ab\u00a0body buzz\u00a0\u00bb, potentiellement b\u00e9n\u00e9fique pour la gestion de la douleur, du stress et de l&rsquo;anxi\u00e9t\u00e9, et pour favoriser l&rsquo;activit\u00e9.<\/p>\n","protected":false},"featured_media":217001,"comment_status":"closed","ping_status":"closed","template":"","meta":{"_acf_changed":false,"site-sidebar-layout":"default","site-content-layout":"","ast-site-content-layout":"default","site-content-style":"default","site-sidebar-style":"default","ast-global-header-display":"","ast-banner-title-visibility":"","ast-main-header-display":"","ast-hfb-above-header-display":"","ast-hfb-below-header-display":"","ast-hfb-mobile-header-display":"","site-post-title":"","ast-breadcrumbs-content":"","ast-featured-img":"","footer-sml-layout":"","ast-disable-related-posts":"","theme-transparent-header-meta":"default","adv-header-id-meta":"","stick-header-meta":"","header-above-stick-meta":"","header-main-stick-meta":"","header-below-stick-meta":"","astra-migrate-meta-layouts":"set","ast-page-background-enabled":"default","ast-page-background-meta":{"desktop":{"background-color":"var(--ast-global-color-4)","background-image":"","background-repeat":"repeat","background-position":"center center","background-size":"auto","background-attachment":"scroll","background-type":"","background-media":"","overlay-type":"","overlay-color":"","overlay-opacity":"","overlay-gradient":""},"tablet":{"background-color":"","background-image":"","background-repeat":"repeat","background-position":"center center","background-size":"auto","background-attachment":"scroll","background-type":"","background-media":"","overlay-type":"","overlay-color":"","overlay-opacity":"","overlay-gradient":""},"mobile":{"background-color":"","background-image":"","background-repeat":"repeat","background-position":"center center","background-size":"auto","background-attachment":"scroll","background-type":"","background-media":"","overlay-type":"","overlay-color":"","overlay-opacity":"","overlay-gradient":""}},"ast-content-background-meta":{"desktop":{"background-color":"var(--ast-global-color-5)","background-image":"","background-repeat":"repeat","background-position":"center center","background-size":"auto","background-attachment":"scroll","background-type":"","background-media":"","overlay-type":"","overlay-color":"","overlay-opacity":"","overlay-gradient":""},"tablet":{"background-color":"var(--ast-global-color-5)","background-image":"","background-repeat":"repeat","background-position":"center center","background-size":"auto","background-attachment":"scroll","background-type":"","background-media":"","overlay-type":"","overlay-color":"","overlay-opacity":"","overlay-gradient":""},"mobile":{"background-color":"var(--ast-global-color-5)","background-image":"","background-repeat":"repeat","background-position":"center center","background-size":"auto","background-attachment":"scroll","background-type":"","background-media":"","overlay-type":"","overlay-color":"","overlay-opacity":"","overlay-gradient":""}}},"product_brand":[],"product_cat":[4803,1144],"product_tag":[],"product_format_filter":[6369],"class_list":{"0":"post-216999","1":"product","2":"type-product","3":"status-publish","4":"has-post-thumbnail","6":"product_cat-pre-rolls-non-infuses","7":"product_cat-pre-roules","8":"pa_flavours-aigre","9":"pa_flavours-baies","10":"pa_flavours-doux","11":"pa_intensity-thc-moyen","12":"pa_marques-bc-weed-co-fr","13":"pa_origin-colombie-britannique-fr","14":"pa_profil-terpene-limonene-fr","15":"pa_profil-terpene-myrcene","16":"pa_profil-terpene-ocimene-fr","17":"pa_profil-terpene-terpinolene-fr","18":"pa_type-de-plante-hybride-fr","19":"product_format_filter-1g","20":"desktop-align-left","21":"tablet-align-left","22":"mobile-align-left","24":"first","25":"outofstock","26":"taxable","27":"shipping-taxable","28":"purchasable","29":"product-type-simple"},"group_of_quantity":0,"min_quantity":0,"max_quantity":"","exclude_order_quantity_value_rules":"no","exclude_category_quantity_rules":"no","combine_variations":"no","acf":[],"_links":{"self":[{"href":"https:\/\/mendomedical.ca\/fr\/wp-json\/wp\/v2\/product\/216999","targetHints":{"allow":["GET"]}}],"collection":[{"href":"https:\/\/mendomedical.ca\/fr\/wp-json\/wp\/v2\/product"}],"about":[{"href":"https:\/\/mendomedical.ca\/fr\/wp-json\/wp\/v2\/types\/product"}],"replies":[{"embeddable":true,"href":"https:\/\/mendomedical.ca\/fr\/wp-json\/wp\/v2\/comments?post=216999"}],"wp:featuredmedia":[{"embeddable":true,"href":"https:\/\/mendomedical.ca\/fr\/wp-json\/wp\/v2\/media\/217001"}],"wp:attachment":[{"href":"https:\/\/mendomedical.ca\/fr\/wp-json\/wp\/v2\/media?parent=216999"}],"wp:term":[{"taxonomy":"product_brand","embeddable":true,"href":"https:\/\/mendomedical.ca\/fr\/wp-json\/wp\/v2\/product_brand?post=216999"},{"taxonomy":"product_cat","embeddable":true,"href":"https:\/\/mendomedical.ca\/fr\/wp-json\/wp\/v2\/product_cat?post=216999"},{"taxonomy":"product_tag","embeddable":true,"href":"https:\/\/mendomedical.ca\/fr\/wp-json\/wp\/v2\/product_tag?post=216999"},{"taxonomy":"product_format_filter","embeddable":true,"href":"https:\/\/mendomedical.ca\/fr\/wp-json\/wp\/v2\/product_format_filter?post=216999"}],"curies":[{"name":"wp","href":"https:\/\/api.w.org\/{rel}","templated":true}]}}