{"id":216901,"date":"2025-05-28T18:00:48","date_gmt":"2025-05-28T22:00:48","guid":{"rendered":"https:\/\/mendomedical.ca\/product\/gateau-peyote-kush\/"},"modified":"2025-07-14T21:19:23","modified_gmt":"2025-07-15T01:19:23","slug":"gateau-peyote-kush","status":"publish","type":"product","link":"https:\/\/mendomedical.ca\/fr\/produit\/gateau-peyote-kush\/","title":{"rendered":"Peyote Kush Cake"},"content":{"rendered":"","protected":false},"excerpt":{"rendered":"<h3>Terp\u00e8nes totaux : 3,61%.<\/h3>\n<h5>Peyote Critical x Grape Cake Head #4<\/h5>\n<p><strong>La Peyote Kush Cake est un futur classique pour les fans aguerris. C\u2019est une excellente combinaison de skunk, de fromage, de gaz et de g\u00e2teau. Cette vari\u00e9t\u00e9 contient des terp\u00e8nes extr\u00eamement savoureux. C\u2019est une v\u00e9ritable bombe\u00a0! De grosses fleurs de myrc\u00e8ne et de limon\u00e8ne, avec un apport de linalol et de caryophyll\u00e8ne. Les t\u00eates sont d\u2019un vert clair et l\u00e9g\u00e8rement p\u00e2teux, avec des touches orange vif.<\/strong><\/p>\n<p>&nbsp;<\/p>\n<h5>Aspect Visuel:<\/h5>\n<p>Les cocottes sont p\u00e2teuses, principalement d\u2019un vert plus clair avec des pistolets orange vif.<\/p>\n<p>&nbsp;<\/p>\n<h5>Ar\u00f4me :<\/h5>\n<p>L\u2019ar\u00f4me pr\u00e9sente un nez puissant de pamplemousse avec des notes l\u00e9g\u00e8rement skunk avec un soup\u00e7on de fromage.<\/p>\n<p>&nbsp;<\/p>\n<h5>Profil de saveur :<\/h5>\n<p>Go\u00fbt gazeux avec une pointe de citron vert et de g\u00e2teau.<\/p>\n<p>&nbsp;<\/p>\n<h5 id=\"tw-target-text\" class=\"tw-data-text tw-text-large tw-ta\" dir=\"ltr\" data-placeholder=\"Traduction\" aria-label=\"Texte traduit\" data-ved=\"2ahUKEwihm8zt7pyFAxWMN2IAHRerA8cQ3ewLegQIBRAU\"><span class=\"Y2IQFc\" lang=\"fr\">Effets:<\/span><\/h5>\n<p>Cela commence par un l\u00e9ger picotement dans la nuque et la colonne vert\u00e9brale. Cette sensation \u00e9volue rapidement vers un bourdonnement corporel qui se propage dans tous les membres et jusqu\u2019\u00e0 l\u2019esprit, vous laissant d\u00e9tendu de la t\u00eate aux pieds et mentalement apais\u00e9. Rapidement, cette sensation prend des allures s\u00e9datives.<\/p>\n<p>&nbsp;<\/p>\n<h5><strong>Que disent les patients \u00e0 propos de ce produit:<\/strong><\/h5>\n<p>Un excellent choix pour traiter des affections telles que l\u2019insomnie, le stress chronique ou l\u2019anxi\u00e9t\u00e9, la d\u00e9pression ou les sautes d\u2019humeur et la perte d\u2019app\u00e9tit ou les naus\u00e9es.<\/p>\n","protected":false},"featured_media":216896,"comment_status":"closed","ping_status":"closed","template":"","meta":{"_acf_changed":false,"site-sidebar-layout":"default","site-content-layout":"","ast-site-content-layout":"default","site-content-style":"default","site-sidebar-style":"default","ast-global-header-display":"","ast-banner-title-visibility":"","ast-main-header-display":"","ast-hfb-above-header-display":"","ast-hfb-below-header-display":"","ast-hfb-mobile-header-display":"","site-post-title":"","ast-breadcrumbs-content":"","ast-featured-img":"","footer-sml-layout":"","ast-disable-related-posts":"","theme-transparent-header-meta":"default","adv-header-id-meta":"","stick-header-meta":"","header-above-stick-meta":"","header-main-stick-meta":"","header-below-stick-meta":"","astra-migrate-meta-layouts":"set","ast-page-background-enabled":"default","ast-page-background-meta":{"desktop":{"background-color":"var(--ast-global-color-4)","background-image":"","background-repeat":"repeat","background-position":"center center","background-size":"auto","background-attachment":"scroll","background-type":"","background-media":"","overlay-type":"","overlay-color":"","overlay-opacity":"","overlay-gradient":""},"tablet":{"background-color":"","background-image":"","background-repeat":"repeat","background-position":"center center","background-size":"auto","background-attachment":"scroll","background-type":"","background-media":"","overlay-type":"","overlay-color":"","overlay-opacity":"","overlay-gradient":""},"mobile":{"background-color":"","background-image":"","background-repeat":"repeat","background-position":"center center","background-size":"auto","background-attachment":"scroll","background-type":"","background-media":"","overlay-type":"","overlay-color":"","overlay-opacity":"","overlay-gradient":""}},"ast-content-background-meta":{"desktop":{"background-color":"var(--ast-global-color-5)","background-image":"","background-repeat":"repeat","background-position":"center center","background-size":"auto","background-attachment":"scroll","background-type":"","background-media":"","overlay-type":"","overlay-color":"","overlay-opacity":"","overlay-gradient":""},"tablet":{"background-color":"var(--ast-global-color-5)","background-image":"","background-repeat":"repeat","background-position":"center center","background-size":"auto","background-attachment":"scroll","background-type":"","background-media":"","overlay-type":"","overlay-color":"","overlay-opacity":"","overlay-gradient":""},"mobile":{"background-color":"var(--ast-global-color-5)","background-image":"","background-repeat":"repeat","background-position":"center center","background-size":"auto","background-attachment":"scroll","background-type":"","background-media":"","overlay-type":"","overlay-color":"","overlay-opacity":"","overlay-gradient":""}}},"product_brand":[],"product_cat":[1137],"product_tag":[],"product_format_filter":[],"class_list":{"0":"post-216901","1":"product","2":"type-product","3":"status-publish","4":"has-post-thumbnail","6":"product_cat-fleur","7":"pa_flavours-agrume","8":"pa_flavours-aigre","9":"pa_flavours-cake-fr","10":"pa_flavours-gazeux","11":"pa_format-7g-fr","12":"pa_intensity-thc-eleve","13":"pa_marques-bc-weed-co-fr","14":"pa_origin-colombie-britannique-fr","15":"pa_packaging-date-06-10-2025-fr","16":"pa_prix-par-gramme-8-57-fr","17":"pa_profil-terpene-caryophyllene","18":"pa_profil-terpene-limonene-fr","19":"pa_profil-terpene-linalol-fr","20":"pa_profil-terpene-myrcene","21":"pa_thc-28-3-fr","22":"pa_type-de-plante-hybride-fr","23":"desktop-align-left","24":"tablet-align-left","25":"mobile-align-left","27":"first","28":"outofstock","29":"taxable","30":"shipping-taxable","31":"purchasable","32":"product-type-simple"},"group_of_quantity":0,"min_quantity":0,"max_quantity":"","exclude_order_quantity_value_rules":"no","exclude_category_quantity_rules":"no","combine_variations":"no","acf":[],"_links":{"self":[{"href":"https:\/\/mendomedical.ca\/fr\/wp-json\/wp\/v2\/product\/216901","targetHints":{"allow":["GET"]}}],"collection":[{"href":"https:\/\/mendomedical.ca\/fr\/wp-json\/wp\/v2\/product"}],"about":[{"href":"https:\/\/mendomedical.ca\/fr\/wp-json\/wp\/v2\/types\/product"}],"replies":[{"embeddable":true,"href":"https:\/\/mendomedical.ca\/fr\/wp-json\/wp\/v2\/comments?post=216901"}],"wp:featuredmedia":[{"embeddable":true,"href":"https:\/\/mendomedical.ca\/fr\/wp-json\/wp\/v2\/media\/216896"}],"wp:attachment":[{"href":"https:\/\/mendomedical.ca\/fr\/wp-json\/wp\/v2\/media?parent=216901"}],"wp:term":[{"taxonomy":"product_brand","embeddable":true,"href":"https:\/\/mendomedical.ca\/fr\/wp-json\/wp\/v2\/product_brand?post=216901"},{"taxonomy":"product_cat","embeddable":true,"href":"https:\/\/mendomedical.ca\/fr\/wp-json\/wp\/v2\/product_cat?post=216901"},{"taxonomy":"product_tag","embeddable":true,"href":"https:\/\/mendomedical.ca\/fr\/wp-json\/wp\/v2\/product_tag?post=216901"},{"taxonomy":"product_format_filter","embeddable":true,"href":"https:\/\/mendomedical.ca\/fr\/wp-json\/wp\/v2\/product_format_filter?post=216901"}],"curies":[{"name":"wp","href":"https:\/\/api.w.org\/{rel}","templated":true}]}}