{"id":216892,"date":"2025-07-14T17:15:45","date_gmt":"2025-07-14T21:15:45","guid":{"rendered":"https:\/\/mendomedical.ca\/product\/haleine-de-gelee\/"},"modified":"2026-01-22T08:15:34","modified_gmt":"2026-01-22T13:15:34","slug":"haleine-de-gelee","status":"publish","type":"product","link":"https:\/\/mendomedical.ca\/fr\/produit\/haleine-de-gelee\/","title":{"rendered":"Jelly Breath"},"content":{"rendered":"","protected":false},"excerpt":{"rendered":"<div class=\"ExternalClassE622B046A89D448D8CAD327CE3750317\">\n<h3>Jelly Breath - Fleur \u00e0 dominante indica de qualit\u00e9 sup\u00e9rieure<\/h3>\n<p>D\u00e9couvrez la qualit\u00e9 exceptionnelle de la Jelly Breath de BC Weed Co, une vari\u00e9t\u00e9 \u00e0 dominance indica m\u00e9ticuleusement \u00e9labor\u00e9e, n\u00e9e de la prestigieuse lign\u00e9e des Dosidos et Mendo Breath. Cette cr\u00e9ation In House Genetics offre un profil terp\u00e9nique total remarquable de 3,95 %, offrant une exp\u00e9rience sensorielle complexe qui combine des notes sucr\u00e9es et fruit\u00e9es avec des nuances gazeuses distinctives. Parfaite pour la relaxation en soir\u00e9e, Jelly Breath offre des effets bien \u00e9quilibr\u00e9s que de nombreux patients du cannabis m\u00e9dical trouvent b\u00e9n\u00e9fiques pour se d\u00e9tendre et g\u00e9rer l&rsquo;inconfort physique.  <\/p>\n<h4>Caract\u00e9ristiques principales<\/h4>\n<ul>\n<li>G\u00e9n\u00e9tique premium combinant Dosidos x Mendo Breath de In House Genetics<\/li>\n<li>Teneur \u00e9lev\u00e9e en terp\u00e8nes (3,95 %) : myrc\u00e8ne, limon\u00e8ne, caryophyll\u00e8ne et linalol.<\/li>\n<li>Superbes p\u00e9pins verts en forme de pique, avec des poils orange vif et des trichomes \u00e9pais d&rsquo;un blanc laiteux.<\/li>\n<li>Fum\u00e9e douce et savoureuse avec des notes sucr\u00e9es et fruit\u00e9es compl\u00e9t\u00e9es par une exhalaison terreuse.<\/li>\n<li>Effets \u00e0 dominance indica offrant \u00e0 la fois une relaxation physique et une euphorie mentale.<\/li>\n<\/ul>\n<h4>Profil aromatique et terp\u00e9nique<\/h4>\n<p>Jelly Breath pr\u00e9sente une combinaison explosive de notes sucr\u00e9es et gazeuses, avec des ar\u00f4mes s\u00e9duisants de baies, de raisins et d&rsquo;agrumes rafra\u00eechissants. L&rsquo;impressionnant profil terp\u00e9nique de 3,95 % de cette vari\u00e9t\u00e9 comprend du myrc\u00e8ne, du limon\u00e8ne, du caryophyll\u00e8ne et du linalol, ce qui contribue \u00e0 sa saveur complexe qui m\u00e9lange des caract\u00e9ristiques terreuses, fruit\u00e9es, gazeuses, diesel et sucr\u00e9es. Cette composition sophistiqu\u00e9e de terp\u00e8nes cr\u00e9e une exp\u00e9rience de fumage douce que les patients d\u00e9crivent comme exceptionnellement savoureuse et satisfaisante.  <\/p>\n<h4>Pourquoi choisir Premium Flower<\/h4>\n<p>La fleur de haute qualit\u00e9 comme Jelly Breath offre aux patients de cannabis m\u00e9dical un contr\u00f4le pr\u00e9cis sur leur dosage tout en fournissant le spectre complet des cannabino\u00efdes et des terp\u00e8nes. La g\u00e9n\u00e9tique \u00e0 dominance indica la rend particuli\u00e8rement adapt\u00e9e \u00e0 un usage en soir\u00e9e, de nombreux patients d\u00e9clarant qu&rsquo;elle peut aider \u00e0 soutenir la relaxation et le confort physique. <\/p>\n<h4>Exp\u00e9dition dans tout le Canada<\/h4>\n<p>Jelly Breath est exp\u00e9di\u00e9 rapidement \u00e0 travers le Canada, garantissant que des produits frais arrivent \u00e0 votre porte. Nous offrons la livraison gratuite pour toutes les commandes de plus de 150 $, ce qui vous permet de faire des r\u00e9serves de vos vari\u00e9t\u00e9s pr\u00e9f\u00e9r\u00e9es tout en \u00e9conomisant sur les frais de livraison. <\/p>\n<h4>Avantages et couverture pour les anciens combattants<\/h4>\n<p>Jelly Breath est admissible \u00e0 la couverture d&rsquo;ACC (Anciens Combattants Canada) et \u00e0 la facturation directe par l&rsquo;entremise de la Croix Bleue, ce qui signifie que les anciens combattants admissibles n&rsquo;ont pas \u00e0 d\u00e9bourser d&rsquo;argent. Si vous n&rsquo;avez pas encore votre carte de cannabis m\u00e9dical, vous pouvez <a href=\"https:\/\/mendomedical.ca\/fr\/carte-medicale\/\">obtenir votre carte m\u00e9dicale gratuite rapidement et facilement<\/a> pour acc\u00e9der \u00e0 ces avantages et \u00e0 bien d&rsquo;autres encore. <\/p>\n<\/div>\n","protected":false},"featured_media":216887,"comment_status":"closed","ping_status":"closed","template":"","meta":{"_acf_changed":false,"site-sidebar-layout":"default","site-content-layout":"","ast-site-content-layout":"default","site-content-style":"default","site-sidebar-style":"default","ast-global-header-display":"","ast-banner-title-visibility":"","ast-main-header-display":"","ast-hfb-above-header-display":"","ast-hfb-below-header-display":"","ast-hfb-mobile-header-display":"","site-post-title":"","ast-breadcrumbs-content":"","ast-featured-img":"","footer-sml-layout":"","ast-disable-related-posts":"","theme-transparent-header-meta":"default","adv-header-id-meta":"","stick-header-meta":"","header-above-stick-meta":"","header-main-stick-meta":"","header-below-stick-meta":"","astra-migrate-meta-layouts":"set","ast-page-background-enabled":"default","ast-page-background-meta":{"desktop":{"background-color":"var(--ast-global-color-4)","background-image":"","background-repeat":"repeat","background-position":"center center","background-size":"auto","background-attachment":"scroll","background-type":"","background-media":"","overlay-type":"","overlay-color":"","overlay-opacity":"","overlay-gradient":""},"tablet":{"background-color":"","background-image":"","background-repeat":"repeat","background-position":"center center","background-size":"auto","background-attachment":"scroll","background-type":"","background-media":"","overlay-type":"","overlay-color":"","overlay-opacity":"","overlay-gradient":""},"mobile":{"background-color":"","background-image":"","background-repeat":"repeat","background-position":"center center","background-size":"auto","background-attachment":"scroll","background-type":"","background-media":"","overlay-type":"","overlay-color":"","overlay-opacity":"","overlay-gradient":""}},"ast-content-background-meta":{"desktop":{"background-color":"var(--ast-global-color-5)","background-image":"","background-repeat":"repeat","background-position":"center center","background-size":"auto","background-attachment":"scroll","background-type":"","background-media":"","overlay-type":"","overlay-color":"","overlay-opacity":"","overlay-gradient":""},"tablet":{"background-color":"var(--ast-global-color-5)","background-image":"","background-repeat":"repeat","background-position":"center center","background-size":"auto","background-attachment":"scroll","background-type":"","background-media":"","overlay-type":"","overlay-color":"","overlay-opacity":"","overlay-gradient":""},"mobile":{"background-color":"var(--ast-global-color-5)","background-image":"","background-repeat":"repeat","background-position":"center center","background-size":"auto","background-attachment":"scroll","background-type":"","background-media":"","overlay-type":"","overlay-color":"","overlay-opacity":"","overlay-gradient":""}}},"product_brand":[],"product_cat":[1137],"product_tag":[],"product_format_filter":[6373],"class_list":{"0":"post-216892","1":"product","2":"type-product","3":"status-publish","4":"has-post-thumbnail","6":"product_cat-fleur","7":"pa_flavours-gazeux-diesel","8":"pa_flavours-fruite","9":"pa_flavours-doux","10":"pa_flavours-terreux","11":"pa_intensity-thc-moyen","12":"pa_marques-bc-weed-co-fr","13":"pa_origin-colombie-britannique-fr","14":"pa_packaging-date-08-1-2025-fr","15":"pa_prix-par-gramme-8-57-fr","16":"pa_profil-terpene-caryophyllene","17":"pa_profil-terpene-farnesene-fr","18":"pa_profil-terpene-limonene-fr","19":"pa_profil-terpene-linalol-fr","20":"pa_profil-terpene-myrcene","21":"pa_type-de-plante-hybride-fr","22":"product_format_filter-7g","23":"desktop-align-left","24":"tablet-align-left","25":"mobile-align-left","27":"first","28":"outofstock","29":"taxable","30":"shipping-taxable","31":"purchasable","32":"product-type-simple"},"group_of_quantity":0,"min_quantity":0,"max_quantity":"","exclude_order_quantity_value_rules":"no","exclude_category_quantity_rules":"no","combine_variations":"no","acf":[],"_links":{"self":[{"href":"https:\/\/mendomedical.ca\/fr\/wp-json\/wp\/v2\/product\/216892","targetHints":{"allow":["GET"]}}],"collection":[{"href":"https:\/\/mendomedical.ca\/fr\/wp-json\/wp\/v2\/product"}],"about":[{"href":"https:\/\/mendomedical.ca\/fr\/wp-json\/wp\/v2\/types\/product"}],"replies":[{"embeddable":true,"href":"https:\/\/mendomedical.ca\/fr\/wp-json\/wp\/v2\/comments?post=216892"}],"wp:featuredmedia":[{"embeddable":true,"href":"https:\/\/mendomedical.ca\/fr\/wp-json\/wp\/v2\/media\/216887"}],"wp:attachment":[{"href":"https:\/\/mendomedical.ca\/fr\/wp-json\/wp\/v2\/media?parent=216892"}],"wp:term":[{"taxonomy":"product_brand","embeddable":true,"href":"https:\/\/mendomedical.ca\/fr\/wp-json\/wp\/v2\/product_brand?post=216892"},{"taxonomy":"product_cat","embeddable":true,"href":"https:\/\/mendomedical.ca\/fr\/wp-json\/wp\/v2\/product_cat?post=216892"},{"taxonomy":"product_tag","embeddable":true,"href":"https:\/\/mendomedical.ca\/fr\/wp-json\/wp\/v2\/product_tag?post=216892"},{"taxonomy":"product_format_filter","embeddable":true,"href":"https:\/\/mendomedical.ca\/fr\/wp-json\/wp\/v2\/product_format_filter?post=216892"}],"curies":[{"name":"wp","href":"https:\/\/api.w.org\/{rel}","templated":true}]}}