{"id":216877,"date":"2025-05-01T12:35:27","date_gmt":"2025-05-01T16:35:27","guid":{"rendered":"https:\/\/mendomedical.ca\/?post_type=product&#038;p=216877"},"modified":"2025-10-21T11:58:07","modified_gmt":"2025-10-21T15:58:07","slug":"interstellar-stash-gelato-og-kush-copy-2","status":"publish","type":"product","link":"https:\/\/mendomedical.ca\/fr\/produit\/interstellar-stash-gelato-og-kush-copy-2\/","title":{"rendered":"Livre de Londres \u00e0 la menthe"},"content":{"rendered":"","protected":false},"excerpt":{"rendered":"<div class=\"ExternalClass5D0035D4BB6B42C8B54CBCFBEC31AC26\">\n<h3>Monnaie de Londres par BC Weed Co.<\/h3>\n<p>London Pound Mints est un hybride \u00e0 dominance indica de qualit\u00e9 sup\u00e9rieure qui combine les g\u00e9n\u00e9tiques de London Pound Cake #75 et de Kush Mints #11. Cette vari\u00e9t\u00e9 puissante pr\u00e9sente une impressionnante teneur totale en terp\u00e8nes de 2,99 % et offre une exp\u00e9rience sensorielle unique avec son profil piquant et terreux. Les Cocottes denses, violet fonc\u00e9, orn\u00e9es de pistils orange vibrant et d&rsquo;une \u00e9paisse couche de trichomes givr\u00e9s rendent cette vari\u00e9t\u00e9 aussi attrayante visuellement qu&rsquo;efficace.  <\/p>\n<h4>Caract\u00e9ristiques principales<\/h4>\n<ul>\n<li>Hybride puissant \u00e0 dominance indica avec 2,99 % de terp\u00e8nes totaux.<\/li>\n<li>G\u00e9n\u00e9tique premium : London Pound Cake #75 x Kush Mints #11<\/li>\n<li>Cocottes denses de couleur pourpre fonc\u00e9 avec des pistils orange vif<\/li>\n<li>Saveur douce et cr\u00e9meuse avec des notes rafra\u00eechissantes de menthe<\/li>\n<li>Peut favoriser la relaxation et les sentiments de bonheur et d&rsquo;euphorie<\/li>\n<\/ul>\n<h4>Profil aromatique et gustatif<\/h4>\n<p>London Pound Mints offre une exp\u00e9rience gustative complexe qui commence par des notes sucr\u00e9es et cr\u00e9meuses rehauss\u00e9es par des nuances menthol\u00e9es rafra\u00eechissantes. Le profil gustatif est compl\u00e9t\u00e9 par des accents de diesel, une douceur florale et de subtiles notes de baies. L&rsquo;ar\u00f4me est piquant et \u00e9pic\u00e9, combinant des notes terreuses et florales avec une fra\u00eecheur menthol\u00e9e distinctive. Le profil terp\u00e9nique de cette vari\u00e9t\u00e9 comprend du limon\u00e8ne, du caryophyll\u00e8ne et du myrc\u00e8ne, ce qui contribue \u00e0 ses caract\u00e9ristiques sensorielles uniques et \u00e0 ses effets potentiels.   <\/p>\n<h4>Pourquoi choisir Premium Flower<\/h4>\n<p>Les fleurs de haute qualit\u00e9 comme London Pound Mints offrent aux utilisateurs m\u00e9dicaux un contr\u00f4le pr\u00e9cis de leur dosage et une apparition imm\u00e9diate des effets. L&rsquo;exp\u00e9rience du spectre complet de la fleur enti\u00e8re peut offrir des avantages th\u00e9rapeutiques accrus gr\u00e2ce \u00e0 l&rsquo;effet d&rsquo;entourage. <\/p>\n<h4>Exp\u00e9dition dans tout le Canada<\/h4>\n<p>London Pound Mints est exp\u00e9di\u00e9 rapidement \u00e0 travers le Canada, avec une livraison gratuite pour les commandes de plus de 150 $. Nous assurons un emballage discret et s\u00e9curitaire afin de pr\u00e9server la fra\u00eecheur et la qualit\u00e9 du produit pendant le transport. <\/p>\n<h4>Avantages et couverture pour les anciens combattants<\/h4>\n<p>London Pound Mints est admissible \u00e0 la couverture d&rsquo;ACC (Anciens Combattants Canada) et \u00e0 la facturation directe par l&rsquo;entremise de la Croix Bleue, sans frais. Si vous n&rsquo;avez pas encore de carte m\u00e9dicale, obtenez votre <a href=\"https:\/\/mendomedical.ca\/fr\/carte-medicale\/\">carte m\u00e9dicale gratuite rapidement et facilement<\/a> pour acc\u00e9der \u00e0 ces avantages. <\/p>\n<\/div>\n","protected":false},"featured_media":216879,"comment_status":"closed","ping_status":"closed","template":"","meta":{"_acf_changed":false,"site-sidebar-layout":"default","site-content-layout":"","ast-site-content-layout":"default","site-content-style":"default","site-sidebar-style":"default","ast-global-header-display":"","ast-banner-title-visibility":"","ast-main-header-display":"","ast-hfb-above-header-display":"","ast-hfb-below-header-display":"","ast-hfb-mobile-header-display":"","site-post-title":"","ast-breadcrumbs-content":"","ast-featured-img":"","footer-sml-layout":"","ast-disable-related-posts":"","theme-transparent-header-meta":"default","adv-header-id-meta":"","stick-header-meta":"","header-above-stick-meta":"","header-main-stick-meta":"","header-below-stick-meta":"","astra-migrate-meta-layouts":"set","ast-page-background-enabled":"default","ast-page-background-meta":{"desktop":{"background-color":"var(--ast-global-color-4)","background-image":"","background-repeat":"repeat","background-position":"center center","background-size":"auto","background-attachment":"scroll","background-type":"","background-media":"","overlay-type":"","overlay-color":"","overlay-opacity":"","overlay-gradient":""},"tablet":{"background-color":"","background-image":"","background-repeat":"repeat","background-position":"center center","background-size":"auto","background-attachment":"scroll","background-type":"","background-media":"","overlay-type":"","overlay-color":"","overlay-opacity":"","overlay-gradient":""},"mobile":{"background-color":"","background-image":"","background-repeat":"repeat","background-position":"center center","background-size":"auto","background-attachment":"scroll","background-type":"","background-media":"","overlay-type":"","overlay-color":"","overlay-opacity":"","overlay-gradient":""}},"ast-content-background-meta":{"desktop":{"background-color":"var(--ast-global-color-5)","background-image":"","background-repeat":"repeat","background-position":"center center","background-size":"auto","background-attachment":"scroll","background-type":"","background-media":"","overlay-type":"","overlay-color":"","overlay-opacity":"","overlay-gradient":""},"tablet":{"background-color":"var(--ast-global-color-5)","background-image":"","background-repeat":"repeat","background-position":"center center","background-size":"auto","background-attachment":"scroll","background-type":"","background-media":"","overlay-type":"","overlay-color":"","overlay-opacity":"","overlay-gradient":""},"mobile":{"background-color":"var(--ast-global-color-5)","background-image":"","background-repeat":"repeat","background-position":"center center","background-size":"auto","background-attachment":"scroll","background-type":"","background-media":"","overlay-type":"","overlay-color":"","overlay-opacity":"","overlay-gradient":""}}},"product_brand":[],"product_cat":[1137],"product_tag":[],"product_format_filter":[6373],"class_list":{"0":"post-216877","1":"product","2":"type-product","3":"status-publish","4":"has-post-thumbnail","6":"product_cat-fleur","7":"pa_flavours-gaz","8":"pa_flavours-pin","9":"pa_flavours-terreux","10":"pa_format-7g-fr","11":"pa_intensity-thc-eleve","12":"pa_marques-bc-weed-co-fr","13":"pa_origin-colombie-britannique-fr","14":"pa_packaging-date-05-5-2025","15":"pa_prix-par-gramme-8-57-fr","16":"pa_profil-terpene-caryophyllene","17":"pa_profil-terpene-limonene-fr","18":"pa_profil-terpene-myrcene","19":"pa_thc-29-9-fr","20":"pa_type-de-plante-indica-fr","21":"product_format_filter-7g","22":"desktop-align-left","23":"tablet-align-left","24":"mobile-align-left","26":"first","27":"outofstock","28":"taxable","29":"shipping-taxable","30":"purchasable","31":"product-type-simple"},"group_of_quantity":0,"min_quantity":0,"max_quantity":"","exclude_order_quantity_value_rules":"no","exclude_category_quantity_rules":"no","combine_variations":"no","acf":[],"_links":{"self":[{"href":"https:\/\/mendomedical.ca\/fr\/wp-json\/wp\/v2\/product\/216877","targetHints":{"allow":["GET"]}}],"collection":[{"href":"https:\/\/mendomedical.ca\/fr\/wp-json\/wp\/v2\/product"}],"about":[{"href":"https:\/\/mendomedical.ca\/fr\/wp-json\/wp\/v2\/types\/product"}],"replies":[{"embeddable":true,"href":"https:\/\/mendomedical.ca\/fr\/wp-json\/wp\/v2\/comments?post=216877"}],"wp:featuredmedia":[{"embeddable":true,"href":"https:\/\/mendomedical.ca\/fr\/wp-json\/wp\/v2\/media\/216879"}],"wp:attachment":[{"href":"https:\/\/mendomedical.ca\/fr\/wp-json\/wp\/v2\/media?parent=216877"}],"wp:term":[{"taxonomy":"product_brand","embeddable":true,"href":"https:\/\/mendomedical.ca\/fr\/wp-json\/wp\/v2\/product_brand?post=216877"},{"taxonomy":"product_cat","embeddable":true,"href":"https:\/\/mendomedical.ca\/fr\/wp-json\/wp\/v2\/product_cat?post=216877"},{"taxonomy":"product_tag","embeddable":true,"href":"https:\/\/mendomedical.ca\/fr\/wp-json\/wp\/v2\/product_tag?post=216877"},{"taxonomy":"product_format_filter","embeddable":true,"href":"https:\/\/mendomedical.ca\/fr\/wp-json\/wp\/v2\/product_format_filter?post=216877"}],"curies":[{"name":"wp","href":"https:\/\/api.w.org\/{rel}","templated":true}]}}