{"id":183061,"date":"2023-08-01T01:55:05","date_gmt":"2023-08-01T05:55:05","guid":{"rendered":"https:\/\/mendomedical.ca\/?post_type=product&#038;p=183061"},"modified":"2025-09-19T10:26:58","modified_gmt":"2025-09-19T14:26:58","slug":"nightfall-indica-honey-oil-drops-copy","status":"publish","type":"product","link":"https:\/\/mendomedical.ca\/fr\/produit\/nightfall-indica-honey-oil-drops-copy\/","title":{"rendered":"Huile de CBD en gouttes"},"content":{"rendered":"","protected":false},"excerpt":{"rendered":"<div class=\"ExternalClass22CE866A25C04C82B6768C4D4B9A480A\">\n<h3>Pura Vida CBD Oil Drops<\/h3>\n<p>D\u00e9couvrez l&rsquo;essence pure du chanvre avec les gouttes d&rsquo;huile de CBD Pura Vida. M\u00e9ticuleusement fabriqu\u00e9es \u00e0 partir de fleurs de CBD r\u00e9colt\u00e9es \u00e0 la main et m\u00e9lang\u00e9es \u00e0 de l&rsquo;huile MCT biologique, ces gouttes offrent une exp\u00e9rience compl\u00e8te du chanvre. Le processus d&rsquo;extraction exclusif pr\u00e9serve les compos\u00e9s naturels de la plante et son profil de go\u00fbt terreux distinctif, garantissant une biodisponibilit\u00e9 maximale et des avantages complets pour la plante qui surpassent les produits distill\u00e9s standard.  <\/p>\n<h4>Caract\u00e9ristiques principales<\/h4>\n<ul>\n<li>Huile de CBD \u00e0 spectre complet extraite de fleurs de chanvre de premi\u00e8re qualit\u00e9 r\u00e9colt\u00e9es \u00e0 la main<\/li>\n<li>Formul\u00e9 avec de l&rsquo;huile MCT biologique pure pour une meilleure absorption.<\/li>\n<li>L&rsquo;extraction exclusive pr\u00e9serve les compos\u00e9s naturels de la plante sans ajout de terp\u00e8nes.<\/li>\n<li>Biodisponibilit\u00e9 maximale pour des b\u00e9n\u00e9fices th\u00e9rapeutiques complets<\/li>\n<li>Profil de saveur authentiquement terreux refl\u00e9tant l&rsquo;essence naturelle de la plante<\/li>\n<\/ul>\n<h4>Profil d&rsquo;ar\u00f4me<\/h4>\n<p>Ces gouttes d&rsquo;huile de CBD pr\u00e9sentent des notes terreuses distinctives qui refl\u00e8tent la saveur naturelle du chanvre de qualit\u00e9 sup\u00e9rieure. Le processus d&rsquo;extraction minutieux pr\u00e9serve les saveurs subtiles et les compos\u00e9s aromatiques de la plante, cr\u00e9ant une exp\u00e9rience gustative authentique sans am\u00e9lioration artificielle. <\/p>\n<h4>Pourquoi choisir les gouttes d&rsquo;huile de CBD<\/h4>\n<p>Les gouttes d&rsquo;huile de CBD offrent un contr\u00f4le pr\u00e9cis du dosage et une absorption rapide, ce qui les rend id\u00e9ales pour les utilisateurs m\u00e9dicaux \u00e0 la recherche d&rsquo;un soutien th\u00e9rapeutique constant. La m\u00e9thode d&rsquo;administration sublinguale peut aider \u00e0 r\u00e9pondre \u00e0 divers besoins de bien-\u00eatre tout en offrant une flexibilit\u00e9 dans les routines de dosage quotidiennes. <\/p>\n<h4>Exp\u00e9dition dans tout le Canada<\/h4>\n<p>Les gouttes d&rsquo;huile de CBD de Pura Vida sont exp\u00e9di\u00e9es rapidement partout au Canada. Nous offrons la livraison gratuite pour toutes les commandes de plus de 150 $, assurant ainsi un acc\u00e8s pratique \u00e0 vos produits de bien-\u00eatre dans tout le pays. <\/p>\n<h4>Avantages et couverture pour les anciens combattants<\/h4>\n<p>Les gouttes d&rsquo;huile de CBD Pura Vida sont admissibles \u00e0 la couverture d&rsquo;ACC (Anciens Combattants Canada) avec facturation directe par l&rsquo;entremise de la Croix Bleue, ce qui signifie que les anciens combattants admissibles n&rsquo;ont pas \u00e0 d\u00e9bourser d&rsquo;argent. Si vous n&rsquo;avez pas encore d&rsquo;ordonnance de cannabis m\u00e9dical, <a href=\"https:\/\/mendomedical.ca\/fr\/carte-medicale\/\">obtenez rapidement et facilement votre carte m\u00e9dicale gratuite<\/a> pour acc\u00e9der \u00e0 ces avantages. <\/p>\n<div style=\"14px;14px\"><span><b>Ingr\u00e9dients<\/b><br \/><\/span><span>Extrait de cannabis, huile MCT<\/span><\/div>\n<\/div>\n","protected":false},"featured_media":183073,"comment_status":"closed","ping_status":"closed","template":"","meta":{"_acf_changed":false,"site-sidebar-layout":"default","site-content-layout":"","ast-site-content-layout":"default","site-content-style":"default","site-sidebar-style":"default","ast-global-header-display":"","ast-banner-title-visibility":"","ast-main-header-display":"","ast-hfb-above-header-display":"","ast-hfb-below-header-display":"","ast-hfb-mobile-header-display":"","site-post-title":"","ast-breadcrumbs-content":"","ast-featured-img":"","footer-sml-layout":"","ast-disable-related-posts":"","theme-transparent-header-meta":"default","adv-header-id-meta":"","stick-header-meta":"","header-above-stick-meta":"","header-main-stick-meta":"","header-below-stick-meta":"","astra-migrate-meta-layouts":"set","ast-page-background-enabled":"default","ast-page-background-meta":{"desktop":{"background-color":"var(--ast-global-color-4)","background-image":"","background-repeat":"repeat","background-position":"center center","background-size":"auto","background-attachment":"scroll","background-type":"","background-media":"","overlay-type":"","overlay-color":"","overlay-opacity":"","overlay-gradient":""},"tablet":{"background-color":"","background-image":"","background-repeat":"repeat","background-position":"center center","background-size":"auto","background-attachment":"scroll","background-type":"","background-media":"","overlay-type":"","overlay-color":"","overlay-opacity":"","overlay-gradient":""},"mobile":{"background-color":"","background-image":"","background-repeat":"repeat","background-position":"center center","background-size":"auto","background-attachment":"scroll","background-type":"","background-media":"","overlay-type":"","overlay-color":"","overlay-opacity":"","overlay-gradient":""}},"ast-content-background-meta":{"desktop":{"background-color":"var(--ast-global-color-5)","background-image":"","background-repeat":"repeat","background-position":"center center","background-size":"auto","background-attachment":"scroll","background-type":"","background-media":"","overlay-type":"","overlay-color":"","overlay-opacity":"","overlay-gradient":""},"tablet":{"background-color":"var(--ast-global-color-5)","background-image":"","background-repeat":"repeat","background-position":"center center","background-size":"auto","background-attachment":"scroll","background-type":"","background-media":"","overlay-type":"","overlay-color":"","overlay-opacity":"","overlay-gradient":""},"mobile":{"background-color":"var(--ast-global-color-5)","background-image":"","background-repeat":"repeat","background-position":"center center","background-size":"auto","background-attachment":"scroll","background-type":"","background-media":"","overlay-type":"","overlay-color":"","overlay-opacity":"","overlay-gradient":""}}},"product_brand":[],"product_cat":[3837,1143],"product_tag":[],"product_format_filter":[],"class_list":{"0":"post-183061","1":"product","2":"type-product","3":"status-publish","4":"has-post-thumbnail","6":"product_cat-cbd-minors-4-fr","7":"product_cat-huiles-et-teintures","8":"pa_cbd-20mg-ml-fr","9":"pa_flavours-terreux","10":"pa_format-30ml-fr","11":"pa_intensity-cbd-moyen","12":"pa_marques-pura-vida-fr","13":"pa_origin-colombie-britannique-fr","14":"pa_type-de-plante-cbd-fr","15":"desktop-align-left","16":"tablet-align-left","17":"mobile-align-left","19":"first","20":"instock","21":"taxable","22":"shipping-taxable","23":"purchasable","24":"product-type-simple"},"group_of_quantity":0,"min_quantity":0,"max_quantity":"","exclude_order_quantity_value_rules":"no","exclude_category_quantity_rules":"no","combine_variations":"no","acf":[],"_links":{"self":[{"href":"https:\/\/mendomedical.ca\/fr\/wp-json\/wp\/v2\/product\/183061","targetHints":{"allow":["GET"]}}],"collection":[{"href":"https:\/\/mendomedical.ca\/fr\/wp-json\/wp\/v2\/product"}],"about":[{"href":"https:\/\/mendomedical.ca\/fr\/wp-json\/wp\/v2\/types\/product"}],"replies":[{"embeddable":true,"href":"https:\/\/mendomedical.ca\/fr\/wp-json\/wp\/v2\/comments?post=183061"}],"wp:featuredmedia":[{"embeddable":true,"href":"https:\/\/mendomedical.ca\/fr\/wp-json\/wp\/v2\/media\/183073"}],"wp:attachment":[{"href":"https:\/\/mendomedical.ca\/fr\/wp-json\/wp\/v2\/media?parent=183061"}],"wp:term":[{"taxonomy":"product_brand","embeddable":true,"href":"https:\/\/mendomedical.ca\/fr\/wp-json\/wp\/v2\/product_brand?post=183061"},{"taxonomy":"product_cat","embeddable":true,"href":"https:\/\/mendomedical.ca\/fr\/wp-json\/wp\/v2\/product_cat?post=183061"},{"taxonomy":"product_tag","embeddable":true,"href":"https:\/\/mendomedical.ca\/fr\/wp-json\/wp\/v2\/product_tag?post=183061"},{"taxonomy":"product_format_filter","embeddable":true,"href":"https:\/\/mendomedical.ca\/fr\/wp-json\/wp\/v2\/product_format_filter?post=183061"}],"curies":[{"name":"wp","href":"https:\/\/api.w.org\/{rel}","templated":true}]}}