{"id":183001,"date":"2025-08-20T15:20:41","date_gmt":"2025-08-20T19:20:41","guid":{"rendered":"https:\/\/mendomedical.ca\/?post_type=product&#038;p=183001"},"modified":"2025-11-18T14:53:05","modified_gmt":"2025-11-18T19:53:05","slug":"unicorn-poop-fr","status":"publish","type":"product","link":"https:\/\/mendomedical.ca\/fr\/produit\/unicorn-poop-fr\/","title":{"rendered":"Unicorn Poop"},"content":{"rendered":"","protected":false},"excerpt":{"rendered":"<div class=\"ExternalClass18D1132100064629806C65529A1E3024\">\n<h3>Unicorn Poop by Partake Cannabis<br \/>\nTerp\u00e8nes totaux 3.9%<\/h3>\n<p>D\u00e9couvrez le m\u00e9lange magique de Unicorn Poop, une fleur d&rsquo;int\u00e9rieur de premi\u00e8re qualit\u00e9 de Partake Cannabis. Ce cultivar unique offre un impressionnant profil terp\u00e9nique total de 3,9 %, combinant les g\u00e9n\u00e9tiques Sophisticated Lady et OGM pour cr\u00e9er un ph\u00e9notype d&rsquo;un autre monde. Avec son profil d&rsquo;ar\u00f4me caract\u00e9ristique de fromage, de terre et d&rsquo;herbe, cette fleur coup\u00e9e \u00e0 la main offre une qualit\u00e9 exceptionnelle aux patients de cannabis m\u00e9dical exigeants \u00e0 la recherche d&rsquo;un soulagement constant et efficace.<\/p>\n<h4>Caract\u00e9ristiques principales<\/h4>\n<ul>\n<li>Teneur \u00e9lev\u00e9e en terp\u00e8nes (3,9 %) pour des effets th\u00e9rapeutiques et une saveur accrus.<\/li>\n<li>Culture d&rsquo;int\u00e9rieur de qualit\u00e9 sup\u00e9rieure avec arrosage et taille \u00e0 la main pour une qualit\u00e9 sup\u00e9rieure<\/li>\n<li>Longues structures de p\u00e9pins avec une excellente production de trichomes et des nuances de pourpre et de rouge.<\/li>\n<li>Consistance parfaite pour rouler, se d\u00e9composant facilement pour les joints et les blunts<\/li>\n<li>Croisement g\u00e9n\u00e9tique unique de souches Sophisticated Lady x OGM<\/li>\n<\/ul>\n<h4>Profil aromatique et gustatif<\/h4>\n<p>Unicorn Poop offre une exp\u00e9rience sensorielle complexe avec des notes herbac\u00e9es de miel, de fromage et de terre qui s&rsquo;\u00e9chappent de l&#8217;emballage d\u00e8s l&rsquo;ouverture. La saveur dominante de fromage est compl\u00e9t\u00e9e par des nuances terreuses et des accents d&rsquo;herbes, cr\u00e9ant un profil distinctif qui distingue ce cultivar. La teneur \u00e9lev\u00e9e en terp\u00e8nes (3,9 %) garantit une exp\u00e9rience aromatique robuste et m\u00e9morable.<\/p>\n<h4>Pourquoi choisir All Flower<\/h4>\n<p>Les produits \u00e0 base de fleurs enti\u00e8res offrent aux utilisateurs m\u00e9dicaux une flexibilit\u00e9 maximale en mati\u00e8re de dosage et de m\u00e9thodes de consommation. Les fleurs permettent aux patients de personnaliser leur exp\u00e9rience en fonction de leurs besoins individuels et peuvent contribuer \u00e0 la r\u00e9alisation de divers objectifs th\u00e9rapeutiques par le biais de diff\u00e9rentes m\u00e9thodes de consommation.<\/p>\n<h4>Exp\u00e9dition dans tout le Canada<\/h4>\n<p>Unicorn Poop livre rapidement \u00e0 travers le Canada, assurant la livraison de produits frais \u00e0 votre porte. Nous offrons la livraison gratuite pour toutes les commandes de plus de 150 $, ce qui rend l&rsquo;acc\u00e8s \u00e0 votre cannabis m\u00e9dical pratique et abordable.<\/p>\n<h4>Avantages et couverture pour les anciens combattants<\/h4>\n<p>Unicorn Poop est admissible \u00e0 la couverture d&rsquo;ACC (Anciens Combattants Canada) et \u00e0 la facturation directe par l&rsquo;entremise de la Croix Bleue, ce qui signifie que les anciens combattants admissibles n&rsquo;ont rien \u00e0 d\u00e9bourser. Si vous n&rsquo;avez pas encore de carte m\u00e9dicale, obtenez-la rapidement et facilement sur le site <a href=\"https:\/\/mendomedical.ca\/fr\/carte-medicale\/\">https:\/\/mendomedical.ca\/medical-card\/.<\/a><\/p>\n<\/div>\n","protected":false},"featured_media":183003,"comment_status":"closed","ping_status":"closed","template":"","meta":{"_acf_changed":false,"site-sidebar-layout":"default","site-content-layout":"","ast-site-content-layout":"default","site-content-style":"default","site-sidebar-style":"default","ast-global-header-display":"","ast-banner-title-visibility":"","ast-main-header-display":"","ast-hfb-above-header-display":"","ast-hfb-below-header-display":"","ast-hfb-mobile-header-display":"","site-post-title":"","ast-breadcrumbs-content":"","ast-featured-img":"","footer-sml-layout":"","ast-disable-related-posts":"","theme-transparent-header-meta":"default","adv-header-id-meta":"","stick-header-meta":"","header-above-stick-meta":"","header-main-stick-meta":"","header-below-stick-meta":"","astra-migrate-meta-layouts":"set","ast-page-background-enabled":"default","ast-page-background-meta":{"desktop":{"background-color":"var(--ast-global-color-4)","background-image":"","background-repeat":"repeat","background-position":"center center","background-size":"auto","background-attachment":"scroll","background-type":"","background-media":"","overlay-type":"","overlay-color":"","overlay-opacity":"","overlay-gradient":""},"tablet":{"background-color":"","background-image":"","background-repeat":"repeat","background-position":"center center","background-size":"auto","background-attachment":"scroll","background-type":"","background-media":"","overlay-type":"","overlay-color":"","overlay-opacity":"","overlay-gradient":""},"mobile":{"background-color":"","background-image":"","background-repeat":"repeat","background-position":"center center","background-size":"auto","background-attachment":"scroll","background-type":"","background-media":"","overlay-type":"","overlay-color":"","overlay-opacity":"","overlay-gradient":""}},"ast-content-background-meta":{"desktop":{"background-color":"var(--ast-global-color-5)","background-image":"","background-repeat":"repeat","background-position":"center center","background-size":"auto","background-attachment":"scroll","background-type":"","background-media":"","overlay-type":"","overlay-color":"","overlay-opacity":"","overlay-gradient":""},"tablet":{"background-color":"var(--ast-global-color-5)","background-image":"","background-repeat":"repeat","background-position":"center center","background-size":"auto","background-attachment":"scroll","background-type":"","background-media":"","overlay-type":"","overlay-color":"","overlay-opacity":"","overlay-gradient":""},"mobile":{"background-color":"var(--ast-global-color-5)","background-image":"","background-repeat":"repeat","background-position":"center center","background-size":"auto","background-attachment":"scroll","background-type":"","background-media":"","overlay-type":"","overlay-color":"","overlay-opacity":"","overlay-gradient":""}}},"product_brand":[],"product_cat":[1137],"product_tag":[],"product_format_filter":[6373],"class_list":{"0":"post-183001","1":"product","2":"type-product","3":"status-publish","4":"has-post-thumbnail","6":"product_cat-fleur","7":"pa_flavours-cheese-fr","8":"pa_flavours-a-base-de-plantes","9":"pa_flavours-terreux","10":"pa_format-7g-fr","11":"pa_intensity-thc-eleve","12":"pa_marques-partake-cannabis-fr","13":"pa_origin-alberta-fr","14":"pa_packaging-date-11-04-2025-fr","15":"pa_prix-par-gramme-8-57-fr","16":"pa_profil-terpene-caryophyllene","17":"pa_profil-terpene-limonene-fr","18":"pa_profil-terpene-myrcene","19":"pa_thc-27-6-fr","20":"pa_type-de-plante-hybride-indica-fr","21":"product_format_filter-7g","22":"desktop-align-left","23":"tablet-align-left","24":"mobile-align-left","26":"first","27":"outofstock","28":"taxable","29":"shipping-taxable","30":"purchasable","31":"product-type-simple"},"group_of_quantity":0,"min_quantity":0,"max_quantity":"","exclude_order_quantity_value_rules":"no","exclude_category_quantity_rules":"no","combine_variations":"no","acf":[],"_links":{"self":[{"href":"https:\/\/mendomedical.ca\/fr\/wp-json\/wp\/v2\/product\/183001","targetHints":{"allow":["GET"]}}],"collection":[{"href":"https:\/\/mendomedical.ca\/fr\/wp-json\/wp\/v2\/product"}],"about":[{"href":"https:\/\/mendomedical.ca\/fr\/wp-json\/wp\/v2\/types\/product"}],"replies":[{"embeddable":true,"href":"https:\/\/mendomedical.ca\/fr\/wp-json\/wp\/v2\/comments?post=183001"}],"wp:featuredmedia":[{"embeddable":true,"href":"https:\/\/mendomedical.ca\/fr\/wp-json\/wp\/v2\/media\/183003"}],"wp:attachment":[{"href":"https:\/\/mendomedical.ca\/fr\/wp-json\/wp\/v2\/media?parent=183001"}],"wp:term":[{"taxonomy":"product_brand","embeddable":true,"href":"https:\/\/mendomedical.ca\/fr\/wp-json\/wp\/v2\/product_brand?post=183001"},{"taxonomy":"product_cat","embeddable":true,"href":"https:\/\/mendomedical.ca\/fr\/wp-json\/wp\/v2\/product_cat?post=183001"},{"taxonomy":"product_tag","embeddable":true,"href":"https:\/\/mendomedical.ca\/fr\/wp-json\/wp\/v2\/product_tag?post=183001"},{"taxonomy":"product_format_filter","embeddable":true,"href":"https:\/\/mendomedical.ca\/fr\/wp-json\/wp\/v2\/product_format_filter?post=183001"}],"curies":[{"name":"wp","href":"https:\/\/api.w.org\/{rel}","templated":true}]}}