{"id":182991,"date":"2025-08-20T15:25:06","date_gmt":"2025-08-20T19:25:06","guid":{"rendered":"https:\/\/mendomedical.ca\/?post_type=product&#038;p=182991"},"modified":"2026-02-01T16:20:46","modified_gmt":"2026-02-01T21:20:46","slug":"apricot-frost","status":"publish","type":"product","link":"https:\/\/mendomedical.ca\/fr\/produit\/apricot-frost\/","title":{"rendered":"Apricot Frost"},"content":{"rendered":"","protected":false},"excerpt":{"rendered":"<div class=\"ExternalClass1E86C4F007524971A5F6FF2296DEF214\">\n<h3>Apricot Frost de Partake Cannabis<\/h3>\n<h3>Terp\u00e8nes totaux : 3.8%<\/h3>\n<p>D\u00e9couvrez la qualit\u00e9 exceptionnelle d&rsquo;Apricot Frost, une fleur premium cultiv\u00e9e en int\u00e9rieur qui offre 3,8 % de terp\u00e8nes totaux et une densit\u00e9 extraordinaire. Cette vari\u00e9t\u00e9 m\u00e9ticuleusement cultiv\u00e9e combine les ph\u00e9notypes renomm\u00e9s Gary Payton et Snowman, ce qui donne des p\u00e9pites magnifiquement givr\u00e9es avec des nuances de bleu et de violet. Chaque lot est arros\u00e9 et taill\u00e9 \u00e0 la main, et cultiv\u00e9 avec une attention particuli\u00e8re aux d\u00e9tails.<\/p>\n<h4>Caract\u00e9ristiques principales<\/h4>\n<ul>\n<li>Teneur \u00e9lev\u00e9e en terp\u00e8nes (3,8 % de terp\u00e8nes totaux) pour une saveur et un ar\u00f4me renforc\u00e9s.<\/li>\n<li>Cocottes denses, riches en trichomes, aux teintes bleues et violettes saisissantes.<\/li>\n<li>S\u00e9lectionn\u00e9 par des experts \u00e0 partir des ph\u00e9notypes Gary Payton \u00d7 Snowman<\/li>\n<li>Cultiv\u00e9 en int\u00e9rieur, arros\u00e9 et taill\u00e9 \u00e0 la main pour une qualit\u00e9 sup\u00e9rieure.<\/li>\n<li>Profil aromatique complexe avec des notes de bonbon, de raisin, de menthe et de vanille.<\/li>\n<\/ul>\n<h4>Profil aromatique et gustatif<\/h4>\n<p>Apricot Frost offre une exp\u00e9rience sensorielle sophistiqu\u00e9e qui commence par des notes sucr\u00e9es de Kush \u00e0 l&rsquo;ouverture. Le bouquet floral initial se transforme en une douceur d&rsquo;abricot distincte, compl\u00e9t\u00e9e par des notes subtiles de poivre et de musc. Les notes de go\u00fbt \u00e9num\u00e9r\u00e9es comprennent le bonbon, le raisin, la menthe et la vanille, cr\u00e9ant un profil bien \u00e9quilibr\u00e9 et m\u00e9morable qui pla\u00eet aux amateurs de cannabis exigeants.<\/p>\n<h4>Pourquoi choisir la fleur<\/h4>\n<p>La fleur enti\u00e8re fournit aux utilisateurs m\u00e9dicaux le spectre complet des cannabino\u00efdes et des terp\u00e8nes \u00e0 l&rsquo;\u00e9tat naturel. Ce format permet un contr\u00f4le pr\u00e9cis du dosage et offre une flexibilit\u00e9 dans les m\u00e9thodes de consommation pour r\u00e9pondre aux besoins th\u00e9rapeutiques individuels.<\/p>\n<h4>Exp\u00e9dition dans tout le Canada<\/h4>\n<p>Apricot Frost est exp\u00e9di\u00e9 rapidement dans tout le Canada et la livraison est gratuite pour les commandes de plus de 150 $. Nous nous assurons que votre commande arrive fra\u00eeche et en toute s\u00e9curit\u00e9 gr\u00e2ce \u00e0 nos partenaires d&rsquo;exp\u00e9dition fiables.<\/p>\n<h4>Avantages et couverture pour les anciens combattants<\/h4>\n<p>Apricot Frost est admissible \u00e0 la couverture d&rsquo;ACC (Anciens Combattants Canada) avec facturation directe par l&rsquo;entremise de la Croix Bleue, ce qui signifie que les anciens combattants admissibles n&rsquo;ont pas \u00e0 d\u00e9bourser d&rsquo;argent. Si vous n&rsquo;avez pas encore d&rsquo;ordonnance de cannabis m\u00e9dical, <a href=\"https:\/\/mendomedical.ca\/fr\/carte-medicale\/\">obtenez votre carte m\u00e9dicale gratuite rapidement et facilement<\/a> gr\u00e2ce \u00e0 notre processus simplifi\u00e9.<\/p>\n<\/div>\n","protected":false},"featured_media":182993,"comment_status":"closed","ping_status":"closed","template":"","meta":{"_acf_changed":false,"site-sidebar-layout":"default","site-content-layout":"","ast-site-content-layout":"default","site-content-style":"default","site-sidebar-style":"default","ast-global-header-display":"","ast-banner-title-visibility":"","ast-main-header-display":"","ast-hfb-above-header-display":"","ast-hfb-below-header-display":"","ast-hfb-mobile-header-display":"","site-post-title":"","ast-breadcrumbs-content":"","ast-featured-img":"","footer-sml-layout":"","ast-disable-related-posts":"","theme-transparent-header-meta":"default","adv-header-id-meta":"","stick-header-meta":"","header-above-stick-meta":"","header-main-stick-meta":"","header-below-stick-meta":"","astra-migrate-meta-layouts":"set","ast-page-background-enabled":"default","ast-page-background-meta":{"desktop":{"background-color":"var(--ast-global-color-4)","background-image":"","background-repeat":"repeat","background-position":"center center","background-size":"auto","background-attachment":"scroll","background-type":"","background-media":"","overlay-type":"","overlay-color":"","overlay-opacity":"","overlay-gradient":""},"tablet":{"background-color":"","background-image":"","background-repeat":"repeat","background-position":"center center","background-size":"auto","background-attachment":"scroll","background-type":"","background-media":"","overlay-type":"","overlay-color":"","overlay-opacity":"","overlay-gradient":""},"mobile":{"background-color":"","background-image":"","background-repeat":"repeat","background-position":"center center","background-size":"auto","background-attachment":"scroll","background-type":"","background-media":"","overlay-type":"","overlay-color":"","overlay-opacity":"","overlay-gradient":""}},"ast-content-background-meta":{"desktop":{"background-color":"var(--ast-global-color-5)","background-image":"","background-repeat":"repeat","background-position":"center center","background-size":"auto","background-attachment":"scroll","background-type":"","background-media":"","overlay-type":"","overlay-color":"","overlay-opacity":"","overlay-gradient":""},"tablet":{"background-color":"var(--ast-global-color-5)","background-image":"","background-repeat":"repeat","background-position":"center center","background-size":"auto","background-attachment":"scroll","background-type":"","background-media":"","overlay-type":"","overlay-color":"","overlay-opacity":"","overlay-gradient":""},"mobile":{"background-color":"var(--ast-global-color-5)","background-image":"","background-repeat":"repeat","background-position":"center center","background-size":"auto","background-attachment":"scroll","background-type":"","background-media":"","overlay-type":"","overlay-color":"","overlay-opacity":"","overlay-gradient":""}}},"product_brand":[],"product_cat":[1137],"product_tag":[],"product_format_filter":[6373],"class_list":{"0":"post-182991","1":"product","2":"type-product","3":"status-publish","4":"has-post-thumbnail","6":"product_cat-fleur","7":"pa_flavours-bonbons","8":"pa_flavours-mint","9":"pa_flavours-raisin","10":"pa_flavours-vanille","11":"pa_format-7g-fr","12":"pa_intensity-thc-eleve","13":"pa_marques-partake-cannabis-fr","14":"pa_origin-alberta-fr","15":"pa_packaging-date-11-04-2025-fr","16":"pa_prix-par-gramme-8-57-fr","17":"pa_profil-terpene-caryophyllene","18":"pa_profil-terpene-limonene-fr","19":"pa_profil-terpene-myrcene","20":"pa_thc-27-7-fr","21":"pa_type-de-plante-hybride-fr","22":"product_format_filter-7g","23":"desktop-align-left","24":"tablet-align-left","25":"mobile-align-left","27":"first","28":"outofstock","29":"taxable","30":"shipping-taxable","31":"purchasable","32":"product-type-simple"},"group_of_quantity":0,"min_quantity":0,"max_quantity":"","exclude_order_quantity_value_rules":"no","exclude_category_quantity_rules":"no","combine_variations":"no","acf":[],"_links":{"self":[{"href":"https:\/\/mendomedical.ca\/fr\/wp-json\/wp\/v2\/product\/182991","targetHints":{"allow":["GET"]}}],"collection":[{"href":"https:\/\/mendomedical.ca\/fr\/wp-json\/wp\/v2\/product"}],"about":[{"href":"https:\/\/mendomedical.ca\/fr\/wp-json\/wp\/v2\/types\/product"}],"replies":[{"embeddable":true,"href":"https:\/\/mendomedical.ca\/fr\/wp-json\/wp\/v2\/comments?post=182991"}],"wp:featuredmedia":[{"embeddable":true,"href":"https:\/\/mendomedical.ca\/fr\/wp-json\/wp\/v2\/media\/182993"}],"wp:attachment":[{"href":"https:\/\/mendomedical.ca\/fr\/wp-json\/wp\/v2\/media?parent=182991"}],"wp:term":[{"taxonomy":"product_brand","embeddable":true,"href":"https:\/\/mendomedical.ca\/fr\/wp-json\/wp\/v2\/product_brand?post=182991"},{"taxonomy":"product_cat","embeddable":true,"href":"https:\/\/mendomedical.ca\/fr\/wp-json\/wp\/v2\/product_cat?post=182991"},{"taxonomy":"product_tag","embeddable":true,"href":"https:\/\/mendomedical.ca\/fr\/wp-json\/wp\/v2\/product_tag?post=182991"},{"taxonomy":"product_format_filter","embeddable":true,"href":"https:\/\/mendomedical.ca\/fr\/wp-json\/wp\/v2\/product_format_filter?post=182991"}],"curies":[{"name":"wp","href":"https:\/\/api.w.org\/{rel}","templated":true}]}}