{"id":182973,"date":"2020-05-28T19:55:37","date_gmt":"2020-05-28T23:55:37","guid":{"rendered":"https:\/\/mendomedical.ca\/?post_type=product&#038;p=182973"},"modified":"2025-07-08T09:04:24","modified_gmt":"2025-07-08T13:04:24","slug":"mendo-select-gas-truffle-copy","status":"publish","type":"product","link":"https:\/\/mendomedical.ca\/fr\/produit\/mendo-select-gas-truffle-copy\/","title":{"rendered":"Durban Poison"},"content":{"rendered":"","protected":false},"excerpt":{"rendered":"<h3>Terp\u00e8nes totaux : 2.66%<\/h3>\n<h5>Durban Poison (Landrace Sativa)<\/h5>\n<p><strong>Durban Poison est une sativa classique de type landrace, c\u00e9l\u00e8bre pour ses effets stimulants et \u00e9nergisants. Cette vari\u00e9t\u00e9 est la pr\u00e9f\u00e9r\u00e9e de ceux qui recherchent la clart\u00e9 mentale et la concentration. Sa riche lign\u00e9e et son profil terp\u00e9nique naturellement robuste en font une vari\u00e9t\u00e9 \u00e0 part dans le monde du cannabis. <\/strong><\/p>\n<p>&nbsp;<\/p>\n<p><strong>Attrait visuel :<\/strong><br \/>\nLes bourgeons sont denses et recouverts d&rsquo;une couche \u00e9tincelante de trichomes, ce qui met en \u00e9vidence leur puissance exceptionnelle. Les teintes vertes vives et les pistils orange vibrant donnent \u00e0 la Durban Poison son aspect caract\u00e9ristique et visuellement attrayant.<\/p>\n<p><strong>Profil aromatique et gustatif :<\/strong><br \/>\nDurban Poison offre un ar\u00f4me complexe domin\u00e9 par des notes terreuses et sucr\u00e9es. Des notes de pin et d&rsquo;agrumes se m\u00ealent \u00e0 des soup\u00e7ons de r\u00e9glisse et d&rsquo;\u00e9pices, cr\u00e9ant une exp\u00e9rience sensorielle rafra\u00eechissante et vivifiante. La saveur refl\u00e8te l&rsquo;ar\u00f4me, chaque inhalation offrant un go\u00fbt vif, sucr\u00e9 et subtilement herbac\u00e9, ce qui la rend aussi agr\u00e9able qu&rsquo;efficace.<\/p>\n<p><strong>Profil des cannabino\u00efdes et des terp\u00e8nes :<\/strong><\/p>\n<p>Terp\u00e8nes primaires : Terpinol\u00e8ne, Myrc\u00e8ne, Ocim\u00e8ne<br \/>\nNotes aromatiques : Doux, agrumes, terreux, pin<br \/>\nNotes de saveur : R\u00e9glisse, Herbes, Agrumes subtils<br \/>\nLes riches terp\u00e8nes de cette vari\u00e9t\u00e9 travaillent en harmonie pour offrir une fum\u00e9e douce et agr\u00e9able avec une touche d&rsquo;\u00e9nergie.<\/p>\n<p><strong>Effets :<\/strong><br \/>\nAttendez-vous \u00e0 un effet c\u00e9r\u00e9bral \u00e0 la fois vivifiant et concentr\u00e9, ce qui en fait un produit id\u00e9al pour la journ\u00e9e. Durban Poison stimule la cr\u00e9ativit\u00e9, am\u00e9liore la productivit\u00e9 et procure un sentiment d&rsquo;euphorie sans causer de fatigue. C&rsquo;est un choix id\u00e9al pour ceux qui recherchent un high fonctionnel qui compl\u00e8te un style de vie actif ou des activit\u00e9s cr\u00e9atives.<\/p>\n<p><strong>Ce que disent nos membres :<\/strong><\/p>\n<p>Durban Poison est \u00e0 essayer absolument pour les amateurs de sativa et ceux qui recherchent une vari\u00e9t\u00e9 fiable pour am\u00e9liorer leur journ\u00e9e gr\u00e2ce \u00e0 ses effets \u00e9nergisants et \u00e0 son profil de saveur sophistiqu\u00e9.<\/p>\n","protected":false},"featured_media":182975,"comment_status":"closed","ping_status":"closed","template":"","meta":{"_acf_changed":false,"site-sidebar-layout":"default","site-content-layout":"","ast-site-content-layout":"default","site-content-style":"default","site-sidebar-style":"default","ast-global-header-display":"","ast-banner-title-visibility":"","ast-main-header-display":"","ast-hfb-above-header-display":"","ast-hfb-below-header-display":"","ast-hfb-mobile-header-display":"","site-post-title":"","ast-breadcrumbs-content":"","ast-featured-img":"","footer-sml-layout":"","ast-disable-related-posts":"","theme-transparent-header-meta":"default","adv-header-id-meta":"","stick-header-meta":"","header-above-stick-meta":"","header-main-stick-meta":"","header-below-stick-meta":"","astra-migrate-meta-layouts":"set","ast-page-background-enabled":"default","ast-page-background-meta":{"desktop":{"background-color":"var(--ast-global-color-4)","background-image":"","background-repeat":"repeat","background-position":"center center","background-size":"auto","background-attachment":"scroll","background-type":"","background-media":"","overlay-type":"","overlay-color":"","overlay-opacity":"","overlay-gradient":""},"tablet":{"background-color":"","background-image":"","background-repeat":"repeat","background-position":"center center","background-size":"auto","background-attachment":"scroll","background-type":"","background-media":"","overlay-type":"","overlay-color":"","overlay-opacity":"","overlay-gradient":""},"mobile":{"background-color":"","background-image":"","background-repeat":"repeat","background-position":"center center","background-size":"auto","background-attachment":"scroll","background-type":"","background-media":"","overlay-type":"","overlay-color":"","overlay-opacity":"","overlay-gradient":""}},"ast-content-background-meta":{"desktop":{"background-color":"var(--ast-global-color-5)","background-image":"","background-repeat":"repeat","background-position":"center center","background-size":"auto","background-attachment":"scroll","background-type":"","background-media":"","overlay-type":"","overlay-color":"","overlay-opacity":"","overlay-gradient":""},"tablet":{"background-color":"var(--ast-global-color-5)","background-image":"","background-repeat":"repeat","background-position":"center center","background-size":"auto","background-attachment":"scroll","background-type":"","background-media":"","overlay-type":"","overlay-color":"","overlay-opacity":"","overlay-gradient":""},"mobile":{"background-color":"var(--ast-global-color-5)","background-image":"","background-repeat":"repeat","background-position":"center center","background-size":"auto","background-attachment":"scroll","background-type":"","background-media":"","overlay-type":"","overlay-color":"","overlay-opacity":"","overlay-gradient":""}}},"product_brand":[4164],"product_cat":[1140,1137],"product_tag":[1345],"product_format_filter":[],"class_list":{"0":"post-182973","1":"product","2":"type-product","3":"status-publish","4":"has-post-thumbnail","6":"product_brand-mendo-select","7":"product_cat-selection-mendo","8":"product_cat-fleur","9":"product_tag-mendo-select-fr","10":"pa_flavours-agrume","11":"pa_flavours-a-base-de-plantes","12":"pa_flavours-reglisse","13":"pa_format-7g-fr","14":"pa_intensity-thc-eleve","15":"pa_marques-mendo-select-fr","16":"pa_origin-quebec-fr","17":"pa_packaging-date-04-11-2025-fr","18":"pa_prix-par-gramme-8-57-fr","19":"pa_profil-terpene-caryophyllene","20":"pa_profil-terpene-ocimene-fr","21":"pa_profil-terpene-terpinolene-fr","22":"pa_thc-28-7-fr","23":"desktop-align-left","24":"tablet-align-left","25":"mobile-align-left","27":"first","28":"outofstock","29":"taxable","30":"shipping-taxable","31":"purchasable","32":"product-type-simple"},"group_of_quantity":0,"min_quantity":0,"max_quantity":"","exclude_order_quantity_value_rules":"no","exclude_category_quantity_rules":"no","combine_variations":"no","acf":[],"_links":{"self":[{"href":"https:\/\/mendomedical.ca\/fr\/wp-json\/wp\/v2\/product\/182973","targetHints":{"allow":["GET"]}}],"collection":[{"href":"https:\/\/mendomedical.ca\/fr\/wp-json\/wp\/v2\/product"}],"about":[{"href":"https:\/\/mendomedical.ca\/fr\/wp-json\/wp\/v2\/types\/product"}],"replies":[{"embeddable":true,"href":"https:\/\/mendomedical.ca\/fr\/wp-json\/wp\/v2\/comments?post=182973"}],"wp:featuredmedia":[{"embeddable":true,"href":"https:\/\/mendomedical.ca\/fr\/wp-json\/wp\/v2\/media\/182975"}],"wp:attachment":[{"href":"https:\/\/mendomedical.ca\/fr\/wp-json\/wp\/v2\/media?parent=182973"}],"wp:term":[{"taxonomy":"product_brand","embeddable":true,"href":"https:\/\/mendomedical.ca\/fr\/wp-json\/wp\/v2\/product_brand?post=182973"},{"taxonomy":"product_cat","embeddable":true,"href":"https:\/\/mendomedical.ca\/fr\/wp-json\/wp\/v2\/product_cat?post=182973"},{"taxonomy":"product_tag","embeddable":true,"href":"https:\/\/mendomedical.ca\/fr\/wp-json\/wp\/v2\/product_tag?post=182973"},{"taxonomy":"product_format_filter","embeddable":true,"href":"https:\/\/mendomedical.ca\/fr\/wp-json\/wp\/v2\/product_format_filter?post=182973"}],"curies":[{"name":"wp","href":"https:\/\/api.w.org\/{rel}","templated":true}]}}