{"id":182962,"date":"2025-05-02T16:17:51","date_gmt":"2025-05-02T20:17:51","guid":{"rendered":"https:\/\/mendomedical.ca\/?post_type=product&#038;p=182962"},"modified":"2025-12-28T16:13:44","modified_gmt":"2025-12-28T21:13:44","slug":"caribbean-breeze-copy","status":"publish","type":"product","link":"https:\/\/mendomedical.ca\/fr\/produit\/caribbean-breeze-copy\/","title":{"rendered":"Rainbow Marker"},"content":{"rendered":"","protected":false},"excerpt":{"rendered":"<div class=\"ExternalClass29D7233CB9B048F797A0840949DC77D4\">\n<h3>TERP\u00c8NES TOTAUX 2,48%.<\/h3>\n<h3>Marqueur arc-en-ciel par Victoria Cannabis Company<\/h3>\n<p>D\u00e9couvrez la fusion g\u00e9n\u00e9tique exceptionnelle de Rainbow Sherbert 11 x Permanent Marker dans cette fleur de cannabis de qualit\u00e9 sup\u00e9rieure. Rainbow Marker offre une exp\u00e9rience sensorielle sophistiqu\u00e9e gr\u00e2ce \u00e0 son profil terp\u00e9nique complexe et sa puissante teneur en THC de 25,9 %. Cette vari\u00e9t\u00e9 cultiv\u00e9e avec soin pr\u00e9sente des fleurs de taille moyenne, recouvertes de r\u00e9sine, aux riches teintes vert fonc\u00e9 et violettes, offrant \u00e0 la fois un attrait visuel et une puissance remarquable pour les patients exigeants en mati\u00e8re de cannabis m\u00e9dical.  <\/p>\n<h4>Caract\u00e9ristiques principales<\/h4>\n<ul>\n<li>Fleur tr\u00e8s puissante avec 25,9 % de THC pour une gestion efficace des sympt\u00f4mes<\/li>\n<li>Premium genetics combinant Rainbow Sherbert 11 x Marqueur permanent<\/li>\n<li>Profil terp\u00e9nique riche (2,48 % au total) comprenant du limon\u00e8ne, du caryophyll\u00e8ne et du farn\u00e9s\u00e8ne.<\/li>\n<li>Une exp\u00e9rience gustative complexe avec des notes de fruits tropicaux, d&rsquo;agrumes et de gasoil.<\/li>\n<li>Fleurs denses, enrob\u00e9es de r\u00e9sine, d&rsquo;une couleur vert fonc\u00e9 et pourpre frappante.<\/li>\n<\/ul>\n<h4>Saveur, ar\u00f4me et profil des terp\u00e8nes<\/h4>\n<p>Rainbow Marker offre un voyage sensoriel unique. L&rsquo;ar\u00f4me associe des fruits tropicaux \u00e0 des notes de terre douce et de diesel piquant, cr\u00e9ant un bouquet complexe qui sollicite les sens. Lors de l&rsquo;inhalation, les saveurs douces d&rsquo;agrumes dominent, tandis que l&rsquo;expiration r\u00e9v\u00e8le des caract\u00e9ristiques distinctives de diesel et de terre. Le profil des terp\u00e8nes comprend du limon\u00e8ne pour les notes d&rsquo;agrumes, du caryophyll\u00e8ne pour les nuances poivr\u00e9es et du farn\u00e9s\u00e8ne pour la complexit\u00e9 florale subtile, soit un total de 2,48 % de terp\u00e8nes.   <\/p>\n<h4>Pourquoi choisir All Flower<\/h4>\n<p>Les produits \u00e0 base de fleurs enti\u00e8res offrent aux patients qui consomment du cannabis m\u00e9dical une flexibilit\u00e9 maximale en mati\u00e8re de dosage et de m\u00e9thodes de consommation. La fleur de qualit\u00e9 sup\u00e9rieure de Rainbow Marker vous permet de personnaliser votre exp\u00e9rience tout en b\u00e9n\u00e9ficiant du spectre complet des cannabino\u00efdes et des terp\u00e8nes pour des effets th\u00e9rapeutiques accrus. <\/p>\n<h4>Exp\u00e9dition dans tout le Canada<\/h4>\n<p>Rainbow Marker est exp\u00e9di\u00e9 rapidement \u00e0 travers le Canada gr\u00e2ce \u00e0 notre r\u00e9seau de livraison fiable. Profitez de la livraison gratuite pour toutes les commandes de plus de 150 $, assurant ainsi un acc\u00e8s pratique \u00e0 votre cannabis m\u00e9dical o\u00f9 que vous soyez au Canada. <\/p>\n<h4>Avantages et couverture pour les anciens combattants<\/h4>\n<p>Rainbow Marker est admissible \u00e0 la couverture d&rsquo;ACC (Anciens Combattants Canada) avec facturation directe par l&rsquo;entremise de la Croix Bleue, ce qui signifie que les anciens combattants admissibles n&rsquo;ont pas \u00e0 d\u00e9bourser d&rsquo;argent. Si vous n&rsquo;avez pas encore votre carte de cannabis m\u00e9dical, <a href=\"https:\/\/mendomedical.ca\/fr\/carte-medicale\/\">obtenez votre carte m\u00e9dicale gratuite rapidement et facilement<\/a> pour acc\u00e9der \u00e0 ces avantages et simplifier votre processus de commande. <\/p>\n<\/div>\n","protected":false},"featured_media":182966,"comment_status":"closed","ping_status":"closed","template":"","meta":{"_acf_changed":false,"site-sidebar-layout":"default","site-content-layout":"","ast-site-content-layout":"default","site-content-style":"default","site-sidebar-style":"default","ast-global-header-display":"","ast-banner-title-visibility":"","ast-main-header-display":"","ast-hfb-above-header-display":"","ast-hfb-below-header-display":"","ast-hfb-mobile-header-display":"","site-post-title":"","ast-breadcrumbs-content":"","ast-featured-img":"","footer-sml-layout":"","ast-disable-related-posts":"","theme-transparent-header-meta":"default","adv-header-id-meta":"","stick-header-meta":"","header-above-stick-meta":"","header-main-stick-meta":"","header-below-stick-meta":"","astra-migrate-meta-layouts":"set","ast-page-background-enabled":"default","ast-page-background-meta":{"desktop":{"background-color":"var(--ast-global-color-4)","background-image":"","background-repeat":"repeat","background-position":"center center","background-size":"auto","background-attachment":"scroll","background-type":"","background-media":"","overlay-type":"","overlay-color":"","overlay-opacity":"","overlay-gradient":""},"tablet":{"background-color":"","background-image":"","background-repeat":"repeat","background-position":"center center","background-size":"auto","background-attachment":"scroll","background-type":"","background-media":"","overlay-type":"","overlay-color":"","overlay-opacity":"","overlay-gradient":""},"mobile":{"background-color":"","background-image":"","background-repeat":"repeat","background-position":"center center","background-size":"auto","background-attachment":"scroll","background-type":"","background-media":"","overlay-type":"","overlay-color":"","overlay-opacity":"","overlay-gradient":""}},"ast-content-background-meta":{"desktop":{"background-color":"var(--ast-global-color-5)","background-image":"","background-repeat":"repeat","background-position":"center center","background-size":"auto","background-attachment":"scroll","background-type":"","background-media":"","overlay-type":"","overlay-color":"","overlay-opacity":"","overlay-gradient":""},"tablet":{"background-color":"var(--ast-global-color-5)","background-image":"","background-repeat":"repeat","background-position":"center center","background-size":"auto","background-attachment":"scroll","background-type":"","background-media":"","overlay-type":"","overlay-color":"","overlay-opacity":"","overlay-gradient":""},"mobile":{"background-color":"var(--ast-global-color-5)","background-image":"","background-repeat":"repeat","background-position":"center center","background-size":"auto","background-attachment":"scroll","background-type":"","background-media":"","overlay-type":"","overlay-color":"","overlay-opacity":"","overlay-gradient":""}}},"product_brand":[4682],"product_cat":[1137],"product_tag":[2544],"product_format_filter":[6373],"class_list":{"0":"post-182962","1":"product","2":"type-product","3":"status-publish","4":"has-post-thumbnail","6":"product_brand-victoria-cannabis-company","7":"product_cat-fleur","8":"product_tag-victoria-cannabis-company-fr","9":"pa_flavours-gaz","10":"pa_flavours-terreux","11":"pa_format-7g-fr","12":"pa_intensity-thc-eleve","13":"pa_marques-victoria-cannabis-company-fr","14":"pa_origin-colombie-britannique-fr","15":"pa_packaging-date-05-6-2025-fr","16":"pa_prix-par-gramme-8-57-fr","17":"pa_profil-terpene-caryophyllene","18":"pa_profil-terpene-farnesene-fr","19":"pa_profil-terpene-limonene-fr","20":"pa_thc-5841","21":"pa_type-de-plante-hybride-fr","22":"product_format_filter-7g","23":"desktop-align-left","24":"tablet-align-left","25":"mobile-align-left","27":"first","28":"outofstock","29":"taxable","30":"shipping-taxable","31":"purchasable","32":"product-type-simple"},"group_of_quantity":0,"min_quantity":0,"max_quantity":"","exclude_order_quantity_value_rules":"no","exclude_category_quantity_rules":"no","combine_variations":"no","acf":[],"_links":{"self":[{"href":"https:\/\/mendomedical.ca\/fr\/wp-json\/wp\/v2\/product\/182962","targetHints":{"allow":["GET"]}}],"collection":[{"href":"https:\/\/mendomedical.ca\/fr\/wp-json\/wp\/v2\/product"}],"about":[{"href":"https:\/\/mendomedical.ca\/fr\/wp-json\/wp\/v2\/types\/product"}],"replies":[{"embeddable":true,"href":"https:\/\/mendomedical.ca\/fr\/wp-json\/wp\/v2\/comments?post=182962"}],"wp:featuredmedia":[{"embeddable":true,"href":"https:\/\/mendomedical.ca\/fr\/wp-json\/wp\/v2\/media\/182966"}],"wp:attachment":[{"href":"https:\/\/mendomedical.ca\/fr\/wp-json\/wp\/v2\/media?parent=182962"}],"wp:term":[{"taxonomy":"product_brand","embeddable":true,"href":"https:\/\/mendomedical.ca\/fr\/wp-json\/wp\/v2\/product_brand?post=182962"},{"taxonomy":"product_cat","embeddable":true,"href":"https:\/\/mendomedical.ca\/fr\/wp-json\/wp\/v2\/product_cat?post=182962"},{"taxonomy":"product_tag","embeddable":true,"href":"https:\/\/mendomedical.ca\/fr\/wp-json\/wp\/v2\/product_tag?post=182962"},{"taxonomy":"product_format_filter","embeddable":true,"href":"https:\/\/mendomedical.ca\/fr\/wp-json\/wp\/v2\/product_format_filter?post=182962"}],"curies":[{"name":"wp","href":"https:\/\/api.w.org\/{rel}","templated":true}]}}