{"id":182917,"date":"2025-05-01T13:15:11","date_gmt":"2025-05-01T17:15:11","guid":{"rendered":"https:\/\/mendomedical.ca\/?post_type=product&#038;p=182917"},"modified":"2025-09-17T11:24:34","modified_gmt":"2025-09-17T15:24:34","slug":"interstellar-stash-gelato-og-kush-copy","status":"publish","type":"product","link":"https:\/\/mendomedical.ca\/fr\/produit\/interstellar-stash-gelato-og-kush-copy\/","title":{"rendered":"10G&rsquo;s"},"content":{"rendered":"","protected":false},"excerpt":{"rendered":"<div class=\"ExternalClass55482C7101284984B2C9079A58CBB3D6\">\n<h3>10G&rsquo;s de Rocket Factory - Fleur de cannabis de qualit\u00e9 sup\u00e9rieure<\/h3>\n<div>\n<h3>Terp\u00e8nes totaux : 2.32%<\/h3>\n<h5>Jet Fuel Gelato x Gastro Pop<\/h5>\n<\/div>\n<p>D\u00e9couvrez la qualit\u00e9 exceptionnelle de 10G&rsquo;s, une fleur de cannabis m\u00e9ticuleusement \u00e9labor\u00e9e par Rocket Factory. Cette vari\u00e9t\u00e9 unique combine les g\u00e9n\u00e9tiques de Jet Fuel Gelato et de Gastro Pop pour offrir une exp\u00e9rience sensorielle sophistiqu\u00e9e. Avec une teneur totale en terp\u00e8nes de 2,32 %, la 10G&rsquo;s offre un profil aromatique complexe qui m\u00eale des notes de carburant \u00e0 des nuances de raisin sucr\u00e9, cr\u00e9ant ainsi une vari\u00e9t\u00e9 de cannabis vraiment distinctive.<\/p>\n<h4>Caract\u00e9ristiques principales<\/h4>\n<ul>\n<li>Croisement g\u00e9n\u00e9tique de premi\u00e8re qualit\u00e9 entre Jet Fuel Gelato et Gastro Pop<\/li>\n<li>Une teneur \u00e9lev\u00e9e en terp\u00e8nes (2,32 %) pour une saveur et un ar\u00f4me renforc\u00e9s<\/li>\n<li>Rinc\u00e9 et s\u00e9ch\u00e9 de mani\u00e8re experte pour une consommation en douceur<\/li>\n<li>Cultiv\u00e9 dans des installations sp\u00e9cialement con\u00e7ues \u00e0 cet effet et utilisant une technologie de contr\u00f4le avanc\u00e9e<\/li>\n<li>Une qualit\u00e9 constante gr\u00e2ce \u00e0 la culture en environnement contr\u00f4l\u00e9 de Rocket Factory<\/li>\n<\/ul>\n<h4>Profil aromatique et gustatif<\/h4>\n<p>10G&rsquo;s pr\u00e9sente une combinaison audacieuse d&rsquo;ar\u00f4mes de gaz et de raisin. Les notes de carburant pro\u00e9minentes de la lign\u00e9e Jet Fuel Gelato se m\u00e9langent harmonieusement aux caract\u00e9ristiques sucr\u00e9es du raisin, cr\u00e9ant un profil terp\u00e9nique complexe qui fait appel \u00e0 plusieurs sens. Cette teneur totale en terp\u00e8nes de 2,32 % garantit une exp\u00e9rience aromatique robuste qui persiste tout au long de la consommation.<\/p>\n<h4>Pourquoi choisir Premium Flower<\/h4>\n<p>La fleur de cannabis de haute qualit\u00e9, comme celle de 10G, offre aux utilisateurs m\u00e9dicaux un contr\u00f4le pr\u00e9cis de leur dosage et une apparition imm\u00e9diate des effets. Le profil terp\u00e9nique vari\u00e9 peut aider \u00e0 r\u00e9pondre \u00e0 divers besoins th\u00e9rapeutiques tout en offrant une exp\u00e9rience naturelle de la plante enti\u00e8re.<\/p>\n<h4>Exp\u00e9dition dans tout le Canada<\/h4>\n<p>10G&rsquo;s est exp\u00e9di\u00e9 rapidement \u00e0 travers le Canada gr\u00e2ce \u00e0 notre r\u00e9seau de livraison fiable. Profitez de la livraison gratuite pour toutes les commandes de plus de 150 $. Votre commande sera emball\u00e9e de fa\u00e7on discr\u00e8te et s\u00e9curitaire afin d&rsquo;en assurer la fra\u00eecheur \u00e0 l&rsquo;arriv\u00e9e.<\/p>\n<h4>Avantages et couverture pour les anciens combattants<\/h4>\n<p>10G&rsquo;s est admissible \u00e0 la couverture d&rsquo;ACC (Anciens Combattants Canada) et soutient la facturation directe par l&rsquo;entremise de la Croix Bleue, ce qui signifie que les anciens combattants admissibles n&rsquo;ont pas \u00e0 d\u00e9bourser d&rsquo;argent. Si vous n&rsquo;avez pas encore votre ordonnance de cannabis m\u00e9dical, vous pouvez l&rsquo;obtenir rapidement et facilement gr\u00e2ce \u00e0 notre processus simplifi\u00e9 \u00e0 l&rsquo;<a href=\"https:\/\/mendomedical.ca\/fr\/carte-medicale\/\">adresse https:\/\/mendomedical.ca\/medical-card\/.<\/a><\/p>\n<\/div>\n","protected":false},"featured_media":182923,"comment_status":"closed","ping_status":"closed","template":"","meta":{"_acf_changed":false,"site-sidebar-layout":"default","site-content-layout":"","ast-site-content-layout":"default","site-content-style":"default","site-sidebar-style":"default","ast-global-header-display":"","ast-banner-title-visibility":"","ast-main-header-display":"","ast-hfb-above-header-display":"","ast-hfb-below-header-display":"","ast-hfb-mobile-header-display":"","site-post-title":"","ast-breadcrumbs-content":"","ast-featured-img":"","footer-sml-layout":"","ast-disable-related-posts":"","theme-transparent-header-meta":"default","adv-header-id-meta":"","stick-header-meta":"","header-above-stick-meta":"","header-main-stick-meta":"","header-below-stick-meta":"","astra-migrate-meta-layouts":"set","ast-page-background-enabled":"default","ast-page-background-meta":{"desktop":{"background-color":"var(--ast-global-color-4)","background-image":"","background-repeat":"repeat","background-position":"center center","background-size":"auto","background-attachment":"scroll","background-type":"","background-media":"","overlay-type":"","overlay-color":"","overlay-opacity":"","overlay-gradient":""},"tablet":{"background-color":"","background-image":"","background-repeat":"repeat","background-position":"center center","background-size":"auto","background-attachment":"scroll","background-type":"","background-media":"","overlay-type":"","overlay-color":"","overlay-opacity":"","overlay-gradient":""},"mobile":{"background-color":"","background-image":"","background-repeat":"repeat","background-position":"center center","background-size":"auto","background-attachment":"scroll","background-type":"","background-media":"","overlay-type":"","overlay-color":"","overlay-opacity":"","overlay-gradient":""}},"ast-content-background-meta":{"desktop":{"background-color":"var(--ast-global-color-5)","background-image":"","background-repeat":"repeat","background-position":"center center","background-size":"auto","background-attachment":"scroll","background-type":"","background-media":"","overlay-type":"","overlay-color":"","overlay-opacity":"","overlay-gradient":""},"tablet":{"background-color":"var(--ast-global-color-5)","background-image":"","background-repeat":"repeat","background-position":"center center","background-size":"auto","background-attachment":"scroll","background-type":"","background-media":"","overlay-type":"","overlay-color":"","overlay-opacity":"","overlay-gradient":""},"mobile":{"background-color":"var(--ast-global-color-5)","background-image":"","background-repeat":"repeat","background-position":"center center","background-size":"auto","background-attachment":"scroll","background-type":"","background-media":"","overlay-type":"","overlay-color":"","overlay-opacity":"","overlay-gradient":""}}},"product_brand":[4117],"product_cat":[1137],"product_tag":[3009],"product_format_filter":[],"class_list":{"0":"post-182917","1":"product","2":"type-product","3":"status-publish","4":"has-post-thumbnail","6":"product_brand-rocket-factory","7":"product_cat-fleur","8":"product_tag-rocket-factory-fr","9":"pa_flavours-gaz","10":"pa_flavours-raisin","11":"pa_format-7g-fr","12":"pa_intensity-thc-eleve","13":"pa_marques-rocket-factory-fr","14":"pa_origin-ontario-fr","15":"pa_packaging-date-04-21-2025-fr","16":"pa_profil-terpene-caryophyllene","17":"pa_profil-terpene-limonene-fr","18":"pa_profil-terpene-pinene-fr","19":"pa_thc-28-2-2","20":"pa_type-de-plante-indica-fr","21":"desktop-align-left","22":"tablet-align-left","23":"mobile-align-left","25":"first","26":"outofstock","27":"taxable","28":"shipping-taxable","29":"purchasable","30":"product-type-simple"},"group_of_quantity":0,"min_quantity":0,"max_quantity":"","exclude_order_quantity_value_rules":"no","exclude_category_quantity_rules":"no","combine_variations":"no","acf":[],"_links":{"self":[{"href":"https:\/\/mendomedical.ca\/fr\/wp-json\/wp\/v2\/product\/182917","targetHints":{"allow":["GET"]}}],"collection":[{"href":"https:\/\/mendomedical.ca\/fr\/wp-json\/wp\/v2\/product"}],"about":[{"href":"https:\/\/mendomedical.ca\/fr\/wp-json\/wp\/v2\/types\/product"}],"replies":[{"embeddable":true,"href":"https:\/\/mendomedical.ca\/fr\/wp-json\/wp\/v2\/comments?post=182917"}],"wp:featuredmedia":[{"embeddable":true,"href":"https:\/\/mendomedical.ca\/fr\/wp-json\/wp\/v2\/media\/182923"}],"wp:attachment":[{"href":"https:\/\/mendomedical.ca\/fr\/wp-json\/wp\/v2\/media?parent=182917"}],"wp:term":[{"taxonomy":"product_brand","embeddable":true,"href":"https:\/\/mendomedical.ca\/fr\/wp-json\/wp\/v2\/product_brand?post=182917"},{"taxonomy":"product_cat","embeddable":true,"href":"https:\/\/mendomedical.ca\/fr\/wp-json\/wp\/v2\/product_cat?post=182917"},{"taxonomy":"product_tag","embeddable":true,"href":"https:\/\/mendomedical.ca\/fr\/wp-json\/wp\/v2\/product_tag?post=182917"},{"taxonomy":"product_format_filter","embeddable":true,"href":"https:\/\/mendomedical.ca\/fr\/wp-json\/wp\/v2\/product_format_filter?post=182917"}],"curies":[{"name":"wp","href":"https:\/\/api.w.org\/{rel}","templated":true}]}}