{"id":182846,"date":"2025-09-15T23:45:05","date_gmt":"2025-09-16T03:45:05","guid":{"rendered":"https:\/\/mendomedical.ca\/?post_type=product&#038;p=182846"},"modified":"2026-03-29T17:51:33","modified_gmt":"2026-03-29T21:51:33","slug":"strawberry-grail-fr","status":"publish","type":"product","link":"https:\/\/mendomedical.ca\/fr\/produit\/strawberry-grail-fr\/","title":{"rendered":"Strawberry Grail"},"content":{"rendered":"","protected":false},"excerpt":{"rendered":"<div class=\"ExternalClass3B893CA72A45481DA7C8DCC4510B1C0F\">\n<h3>Strawberry Grail par Cheers Cannabis<\/h3>\n<h3>Terp\u00e8nes totaux : 3,4%.<\/h3>\n<p>Strawberry Grail est une puissante vari\u00e9t\u00e9 de cannabis \u00e0 dominance indica qui combine magistralement des g\u00e9n\u00e9tiques Kush de la vieille \u00e9cole avec une touche moderne. Avec une teneur totale en terp\u00e8nes impressionnante de 3,4 %, cette fleur \u00e0 haute teneur en THC offre une exp\u00e9rience sensorielle complexe qui commence par des ar\u00f4mes classiques de Kush et se termine par un arri\u00e8re-go\u00fbt inattendu de fraise. Parfaite pour les consommateurs de cannabis exp\u00e9riment\u00e9s \u00e0 la recherche d&rsquo;une vari\u00e9t\u00e9 \u00e0 la fois nostalgique et innovante.<\/p>\n<h4>Caract\u00e9ristiques principales<\/h4>\n<ul>\n<li>Souche \u00e0 dominance indica \u00e0 teneur \u00e9lev\u00e9e en THC avec 3,4 % de Terp\u00e8nes totaux.<\/li>\n<li>Combinaison unique des caract\u00e9ristiques traditionnelles de la Kush avec une finition \u00e0 la fraise.<\/li>\n<li>Profil aromatique complexe avec des notes de gaz, d&rsquo;\u00e9pices, de bois et de fraises.<\/li>\n<li>Fleur de qualit\u00e9 sup\u00e9rieure de Cheers Cannabis<\/li>\n<li>Id\u00e9al pour le soir et la d\u00e9tente<\/li>\n<\/ul>\n<h4>Profil aromatique et gustatif<\/h4>\n<p>Strawberry Grail pr\u00e9sente un profil terp\u00e9nique sophistiqu\u00e9 qui rend hommage aux vari\u00e9t\u00e9s classiques de Kush tout en introduisant des \u00e9l\u00e9ments contemporains. L&rsquo;ar\u00f4me initial est domin\u00e9 par des notes piquantes de gaz et de carburant, compl\u00e9t\u00e9es par des notes \u00e9pic\u00e9es et bois\u00e9es. Cette vari\u00e9t\u00e9 se distingue par son arri\u00e8re-go\u00fbt distinctif de fraise qui contraste agr\u00e9ablement avec les saveurs plus traditionnelles de la Kush, cr\u00e9ant ainsi une exp\u00e9rience sensorielle bien \u00e9quilibr\u00e9e.<\/p>\n<h4>Pourquoi choisir Premium Flower<\/h4>\n<p>La fleur de cannabis de haute qualit\u00e9 comme Strawberry Grail offre aux utilisateurs m\u00e9dicaux un contr\u00f4le pr\u00e9cis du dosage et une exp\u00e9rience \u00e0 spectre complet. La teneur \u00e9lev\u00e9e en terp\u00e8nes peut contribuer \u00e0 la relaxation et aux routines de bien-\u00eatre du soir, ce qui la rend particuli\u00e8rement adapt\u00e9e \u00e0 ceux qui recherchent des effets indica puissants.<\/p>\n<h4>Exp\u00e9dition dans tout le Canada<\/h4>\n<p>Strawberry Grail est exp\u00e9di\u00e9 rapidement dans tout le Canada, avec une livraison gratuite pour les commandes de plus de 150 $. Nous assurons un emballage discret et une livraison fiable aux patients de cannabis m\u00e9dical dans tout le pays.<\/p>\n<h4>Avantages et couverture pour les anciens combattants<\/h4>\n<p>Strawberry Grail est admissible \u00e0 la couverture d&rsquo;ACC (Anciens Combattants Canada) avec facturation directe par l&rsquo;entremise de la Croix Bleue, ce qui signifie que les anciens combattants admissibles n&rsquo;ont pas \u00e0 d\u00e9bourser d&rsquo;argent. Si vous n&rsquo;avez pas encore votre carte de cannabis m\u00e9dical, vous pouvez <a href=\"https:\/\/mendomedical.ca\/fr\/carte-medicale\/\">obtenir votre carte m\u00e9dicale gratuite rapidement et facilement<\/a> pour acc\u00e9der \u00e0 ces avantages.<\/p>\n<\/div>\n","protected":false},"featured_media":182853,"comment_status":"closed","ping_status":"closed","template":"","meta":{"_acf_changed":false,"site-sidebar-layout":"default","site-content-layout":"","ast-site-content-layout":"default","site-content-style":"default","site-sidebar-style":"default","ast-global-header-display":"","ast-banner-title-visibility":"","ast-main-header-display":"","ast-hfb-above-header-display":"","ast-hfb-below-header-display":"","ast-hfb-mobile-header-display":"","site-post-title":"","ast-breadcrumbs-content":"","ast-featured-img":"","footer-sml-layout":"","ast-disable-related-posts":"","theme-transparent-header-meta":"default","adv-header-id-meta":"","stick-header-meta":"","header-above-stick-meta":"","header-main-stick-meta":"","header-below-stick-meta":"","astra-migrate-meta-layouts":"set","ast-page-background-enabled":"default","ast-page-background-meta":{"desktop":{"background-color":"var(--ast-global-color-4)","background-image":"","background-repeat":"repeat","background-position":"center center","background-size":"auto","background-attachment":"scroll","background-type":"","background-media":"","overlay-type":"","overlay-color":"","overlay-opacity":"","overlay-gradient":""},"tablet":{"background-color":"","background-image":"","background-repeat":"repeat","background-position":"center center","background-size":"auto","background-attachment":"scroll","background-type":"","background-media":"","overlay-type":"","overlay-color":"","overlay-opacity":"","overlay-gradient":""},"mobile":{"background-color":"","background-image":"","background-repeat":"repeat","background-position":"center center","background-size":"auto","background-attachment":"scroll","background-type":"","background-media":"","overlay-type":"","overlay-color":"","overlay-opacity":"","overlay-gradient":""}},"ast-content-background-meta":{"desktop":{"background-color":"var(--ast-global-color-5)","background-image":"","background-repeat":"repeat","background-position":"center center","background-size":"auto","background-attachment":"scroll","background-type":"","background-media":"","overlay-type":"","overlay-color":"","overlay-opacity":"","overlay-gradient":""},"tablet":{"background-color":"var(--ast-global-color-5)","background-image":"","background-repeat":"repeat","background-position":"center center","background-size":"auto","background-attachment":"scroll","background-type":"","background-media":"","overlay-type":"","overlay-color":"","overlay-opacity":"","overlay-gradient":""},"mobile":{"background-color":"var(--ast-global-color-5)","background-image":"","background-repeat":"repeat","background-position":"center center","background-size":"auto","background-attachment":"scroll","background-type":"","background-media":"","overlay-type":"","overlay-color":"","overlay-opacity":"","overlay-gradient":""}}},"product_brand":[4665],"product_cat":[1137],"product_tag":[3051],"product_format_filter":[6373],"class_list":{"0":"post-182846","1":"product","2":"type-product","3":"status-publish","4":"has-post-thumbnail","6":"product_brand-cheers-cannabis","7":"product_cat-fleur","8":"product_tag-cheers-cannabis-fr","9":"pa_flavours-bois","10":"pa_flavours-spicy","11":"pa_flavours-fraise","12":"pa_flavours-gaz-2-fr","13":"pa_intensity-thc-eleve","14":"pa_marques-cheers-cannabis-fr","15":"pa_origin-quebec-fr","16":"pa_prix-par-gramme-8-57-fr","17":"pa_profil-terpene-farnesene-fr","18":"pa_profil-terpene-limonene-fr","19":"pa_profil-terpene-linalol-fr","20":"pa_profil-terpene-myrcene","21":"pa_type-de-plante-indica-fr","22":"product_format_filter-7g","23":"desktop-align-left","24":"tablet-align-left","25":"mobile-align-left","27":"first","28":"outofstock","29":"taxable","30":"shipping-taxable","31":"purchasable","32":"product-type-simple"},"group_of_quantity":0,"min_quantity":0,"max_quantity":"","exclude_order_quantity_value_rules":"no","exclude_category_quantity_rules":"no","combine_variations":"no","acf":[],"_links":{"self":[{"href":"https:\/\/mendomedical.ca\/fr\/wp-json\/wp\/v2\/product\/182846","targetHints":{"allow":["GET"]}}],"collection":[{"href":"https:\/\/mendomedical.ca\/fr\/wp-json\/wp\/v2\/product"}],"about":[{"href":"https:\/\/mendomedical.ca\/fr\/wp-json\/wp\/v2\/types\/product"}],"replies":[{"embeddable":true,"href":"https:\/\/mendomedical.ca\/fr\/wp-json\/wp\/v2\/comments?post=182846"}],"wp:featuredmedia":[{"embeddable":true,"href":"https:\/\/mendomedical.ca\/fr\/wp-json\/wp\/v2\/media\/182853"}],"wp:attachment":[{"href":"https:\/\/mendomedical.ca\/fr\/wp-json\/wp\/v2\/media?parent=182846"}],"wp:term":[{"taxonomy":"product_brand","embeddable":true,"href":"https:\/\/mendomedical.ca\/fr\/wp-json\/wp\/v2\/product_brand?post=182846"},{"taxonomy":"product_cat","embeddable":true,"href":"https:\/\/mendomedical.ca\/fr\/wp-json\/wp\/v2\/product_cat?post=182846"},{"taxonomy":"product_tag","embeddable":true,"href":"https:\/\/mendomedical.ca\/fr\/wp-json\/wp\/v2\/product_tag?post=182846"},{"taxonomy":"product_format_filter","embeddable":true,"href":"https:\/\/mendomedical.ca\/fr\/wp-json\/wp\/v2\/product_format_filter?post=182846"}],"curies":[{"name":"wp","href":"https:\/\/api.w.org\/{rel}","templated":true}]}}