{"id":182820,"date":"2023-06-01T11:25:46","date_gmt":"2023-06-01T15:25:46","guid":{"rendered":"https:\/\/mendomedical.ca\/?post_type=product&#038;p=182820"},"modified":"2026-02-05T14:35:56","modified_gmt":"2026-02-05T19:35:56","slug":"gelules-150mg-thc-150mg-cbd-copy","status":"publish","type":"product","link":"https:\/\/mendomedical.ca\/fr\/produit\/gelules-150mg-thc-150mg-cbd-copy\/","title":{"rendered":"GoodNight Balanced THC\/CBD Softgels"},"content":{"rendered":"","protected":false},"excerpt":{"rendered":"<p><strong>Les g\u00e9lules \u00e9quilibr\u00e9es Emprise GoodNight remplacent d\u00e9sormais officiellement les g\u00e9lules \u00e9quilibr\u00e9es EndoNight. Une formulation de 2,5 mg de THC et 2,5 mg de CBD avec un profil terp\u00e9nique sp\u00e9cifique comprenant du myrc\u00e8ne, du linalol et du terpinol\u00e8ne. Il est pr\u00e9f\u00e9rable de prendre les g\u00e9lules \u00e9quilibr\u00e9es GoodNight le soir, 30 \u00e0 60 minutes avant le repos.<\/strong><br \/>\n<strong>Chaque flacon contient 60 capsules (150 mg de THC total, 150 mg de CBD total et 30 mg de terp\u00e8nes).<\/strong><\/p>\n<p>&nbsp;<\/p>\n<h5>L&rsquo;attrait visuel :<\/h5>\n<p>G\u00e9lules dor\u00e9es.<\/p>\n<p>&nbsp;<\/p>\n<h5>Effets :<\/h5>\n<p>Effets reposants, calmants et s\u00e9datifs.<\/p>\n<p><strong>Chaque flacon contient 60 capsules (150 mg de THC total, 150 mg de CBD total et 30 mg de terp\u00e8nes).<\/strong><\/p>\n<p>&nbsp;<\/p>\n<h4>Ingr\u00e9dients<\/h4>\n<p>Huile MCT, g\u00e9latine bovine, glyc\u00e9rine, eau, cannabis, terp\u00e8nes.<\/p>\n","protected":false},"featured_media":182831,"comment_status":"closed","ping_status":"closed","template":"","meta":{"_acf_changed":false,"site-sidebar-layout":"default","site-content-layout":"","ast-site-content-layout":"default","site-content-style":"default","site-sidebar-style":"default","ast-global-header-display":"","ast-banner-title-visibility":"","ast-main-header-display":"","ast-hfb-above-header-display":"","ast-hfb-below-header-display":"","ast-hfb-mobile-header-display":"","site-post-title":"","ast-breadcrumbs-content":"","ast-featured-img":"","footer-sml-layout":"","ast-disable-related-posts":"","theme-transparent-header-meta":"default","adv-header-id-meta":"","stick-header-meta":"","header-above-stick-meta":"","header-main-stick-meta":"","header-below-stick-meta":"","astra-migrate-meta-layouts":"set","ast-page-background-enabled":"default","ast-page-background-meta":{"desktop":{"background-color":"var(--ast-global-color-4)","background-image":"","background-repeat":"repeat","background-position":"center center","background-size":"auto","background-attachment":"scroll","background-type":"","background-media":"","overlay-type":"","overlay-color":"","overlay-opacity":"","overlay-gradient":""},"tablet":{"background-color":"","background-image":"","background-repeat":"repeat","background-position":"center center","background-size":"auto","background-attachment":"scroll","background-type":"","background-media":"","overlay-type":"","overlay-color":"","overlay-opacity":"","overlay-gradient":""},"mobile":{"background-color":"","background-image":"","background-repeat":"repeat","background-position":"center center","background-size":"auto","background-attachment":"scroll","background-type":"","background-media":"","overlay-type":"","overlay-color":"","overlay-opacity":"","overlay-gradient":""}},"ast-content-background-meta":{"desktop":{"background-color":"var(--ast-global-color-5)","background-image":"","background-repeat":"repeat","background-position":"center center","background-size":"auto","background-attachment":"scroll","background-type":"","background-media":"","overlay-type":"","overlay-color":"","overlay-opacity":"","overlay-gradient":""},"tablet":{"background-color":"var(--ast-global-color-5)","background-image":"","background-repeat":"repeat","background-position":"center center","background-size":"auto","background-attachment":"scroll","background-type":"","background-media":"","overlay-type":"","overlay-color":"","overlay-opacity":"","overlay-gradient":""},"mobile":{"background-color":"var(--ast-global-color-5)","background-image":"","background-repeat":"repeat","background-position":"center center","background-size":"auto","background-attachment":"scroll","background-type":"","background-media":"","overlay-type":"","overlay-color":"","overlay-opacity":"","overlay-gradient":""}}},"product_brand":[],"product_cat":[3853,1116,1114],"product_tag":[3632],"product_format_filter":[],"class_list":{"0":"post-182820","1":"product","2":"type-product","3":"status-publish","4":"has-post-thumbnail","6":"product_cat-cbd-minors-5-fr","7":"product_cat-gels-mous","8":"product_cat-gelules","9":"product_tag-emprise-fr","10":"pa_intensity-faible-thc","11":"pa_intensity-faible-cbd","12":"pa_marques-emprise-fr","13":"pa_origin-alberta-fr","14":"pa_profil-terpene-linalol-fr","15":"pa_profil-terpene-myrcene","16":"pa_profil-terpene-terpinolene-fr","17":"pa_type-de-plante-cbd-fr","18":"pa_type-de-plante-thc-fr","19":"desktop-align-left","20":"tablet-align-left","21":"mobile-align-left","23":"first","24":"instock","25":"taxable","26":"shipping-taxable","27":"purchasable","28":"product-type-simple"},"group_of_quantity":0,"min_quantity":0,"max_quantity":"","exclude_order_quantity_value_rules":"no","exclude_category_quantity_rules":"no","combine_variations":"no","acf":[],"_links":{"self":[{"href":"https:\/\/mendomedical.ca\/fr\/wp-json\/wp\/v2\/product\/182820","targetHints":{"allow":["GET"]}}],"collection":[{"href":"https:\/\/mendomedical.ca\/fr\/wp-json\/wp\/v2\/product"}],"about":[{"href":"https:\/\/mendomedical.ca\/fr\/wp-json\/wp\/v2\/types\/product"}],"replies":[{"embeddable":true,"href":"https:\/\/mendomedical.ca\/fr\/wp-json\/wp\/v2\/comments?post=182820"}],"wp:featuredmedia":[{"embeddable":true,"href":"https:\/\/mendomedical.ca\/fr\/wp-json\/wp\/v2\/media\/182831"}],"wp:attachment":[{"href":"https:\/\/mendomedical.ca\/fr\/wp-json\/wp\/v2\/media?parent=182820"}],"wp:term":[{"taxonomy":"product_brand","embeddable":true,"href":"https:\/\/mendomedical.ca\/fr\/wp-json\/wp\/v2\/product_brand?post=182820"},{"taxonomy":"product_cat","embeddable":true,"href":"https:\/\/mendomedical.ca\/fr\/wp-json\/wp\/v2\/product_cat?post=182820"},{"taxonomy":"product_tag","embeddable":true,"href":"https:\/\/mendomedical.ca\/fr\/wp-json\/wp\/v2\/product_tag?post=182820"},{"taxonomy":"product_format_filter","embeddable":true,"href":"https:\/\/mendomedical.ca\/fr\/wp-json\/wp\/v2\/product_format_filter?post=182820"}],"curies":[{"name":"wp","href":"https:\/\/api.w.org\/{rel}","templated":true}]}}