{"id":182310,"date":"2023-05-15T15:17:30","date_gmt":"2023-05-15T19:17:30","guid":{"rendered":"https:\/\/mendomedical.ca\/?post_type=product&#038;p=182310"},"modified":"2025-12-15T16:49:00","modified_gmt":"2025-12-15T21:49:00","slug":"eco-slim-1-1-4","status":"publish","type":"product","link":"https:\/\/mendomedical.ca\/fr\/produit\/eco-slim-1-1-4\/","title":{"rendered":"ECO SLIM 1 &amp; 1\/4"},"content":{"rendered":"","protected":false},"excerpt":{"rendered":"<div class=\"ExternalClass8F6D131E28AC4EDE8A3CD95680FC0846\">\n<h3>ECO SLIM 1 &amp; 1\/4<\/h3>\n<p>Les papiers \u00e0 rouler ECO SLIM 1 &amp; 1\/4 offrent une exp\u00e9rience de roulage de premi\u00e8re qualit\u00e9, respectueuse de l&rsquo;environnement. Fabriqu\u00e9s \u00e0 partir de fibres v\u00e9g\u00e9tales pures et non blanchies, ces papiers constituent une option propre et naturelle pour les consommateurs de cannabis m\u00e9dical qui accordent de l&rsquo;importance au d\u00e9veloppement durable. Chaque paquet contient 32 feuilles de papier certifi\u00e9 FSC, con\u00e7u au Qu\u00e9bec et fabriqu\u00e9 en France selon les normes de qualit\u00e9 les plus \u00e9lev\u00e9es.  <\/p>\n<h4>Caract\u00e9ristiques principales<\/h4>\n<ul>\n<li>Fabrication 100% biologique \u00e0 partir de fibres v\u00e9g\u00e9tales pures et non blanchies<\/li>\n<li>Compl\u00e8tement v\u00e9g\u00e9talien avec de la gomme arabique 100% pure.<\/li>\n<li>Filtres biod\u00e9gradables inclus pour une consommation respectueuse de l&rsquo;environnement<\/li>\n<li>Certifi\u00e9 FSC pour la gestion durable des for\u00eats<\/li>\n<li>32 feuilles de haute qualit\u00e9 par paquet en format 1 &amp; 1\/4<\/li>\n<\/ul>\n<h4>Pourquoi choisir les mat\u00e9riaux roulants<\/h4>\n<p>Les mat\u00e9riaux \u00e0 rouler tels que les papiers ECO SLIM permettent aux consommateurs de cannabis m\u00e9dical de contr\u00f4ler totalement leur dosage et leur exp\u00e9rience de consommation. La fabrication pure et non blanchie garantit qu&rsquo;aucun produit chimique ind\u00e9sirable n&rsquo;interf\u00e8re avec votre m\u00e9dicament, tandis que le design fin favorise une combustion r\u00e9guli\u00e8re pour des effets constants. <\/p>\n<h4>Exp\u00e9dition dans tout le Canada<\/h4>\n<p>ECO SLIM 1 &amp; 1\/4 est exp\u00e9di\u00e9 rapidement \u00e0 travers le Canada. Nous offrons une livraison gratuite pour les commandes de plus de 150 $, ce qui garantit que votre mat\u00e9riel roulant arrive rapidement et discr\u00e8tement \u00e0 votre porte. <\/p>\n<p>&nbsp;<\/p>\n<\/div>\n","protected":false},"featured_media":182312,"comment_status":"closed","ping_status":"closed","template":"","meta":{"_acf_changed":false,"site-sidebar-layout":"default","site-content-layout":"","ast-site-content-layout":"default","site-content-style":"default","site-sidebar-style":"default","ast-global-header-display":"","ast-banner-title-visibility":"","ast-main-header-display":"","ast-hfb-above-header-display":"","ast-hfb-below-header-display":"","ast-hfb-mobile-header-display":"","site-post-title":"","ast-breadcrumbs-content":"","ast-featured-img":"","footer-sml-layout":"","ast-disable-related-posts":"","theme-transparent-header-meta":"default","adv-header-id-meta":"","stick-header-meta":"","header-above-stick-meta":"","header-main-stick-meta":"","header-below-stick-meta":"","astra-migrate-meta-layouts":"set","ast-page-background-enabled":"default","ast-page-background-meta":{"desktop":{"background-color":"var(--ast-global-color-4)","background-image":"","background-repeat":"repeat","background-position":"center center","background-size":"auto","background-attachment":"scroll","background-type":"","background-media":"","overlay-type":"","overlay-color":"","overlay-opacity":"","overlay-gradient":""},"tablet":{"background-color":"","background-image":"","background-repeat":"repeat","background-position":"center center","background-size":"auto","background-attachment":"scroll","background-type":"","background-media":"","overlay-type":"","overlay-color":"","overlay-opacity":"","overlay-gradient":""},"mobile":{"background-color":"","background-image":"","background-repeat":"repeat","background-position":"center center","background-size":"auto","background-attachment":"scroll","background-type":"","background-media":"","overlay-type":"","overlay-color":"","overlay-opacity":"","overlay-gradient":""}},"ast-content-background-meta":{"desktop":{"background-color":"var(--ast-global-color-5)","background-image":"","background-repeat":"repeat","background-position":"center center","background-size":"auto","background-attachment":"scroll","background-type":"","background-media":"","overlay-type":"","overlay-color":"","overlay-opacity":"","overlay-gradient":""},"tablet":{"background-color":"var(--ast-global-color-5)","background-image":"","background-repeat":"repeat","background-position":"center center","background-size":"auto","background-attachment":"scroll","background-type":"","background-media":"","overlay-type":"","overlay-color":"","overlay-opacity":"","overlay-gradient":""},"mobile":{"background-color":"var(--ast-global-color-5)","background-image":"","background-repeat":"repeat","background-position":"center center","background-size":"auto","background-attachment":"scroll","background-type":"","background-media":"","overlay-type":"","overlay-color":"","overlay-opacity":"","overlay-gradient":""}}},"product_brand":[4577],"product_cat":[1111,1104],"product_tag":[4581],"product_format_filter":[],"class_list":{"0":"post-182310","1":"product","2":"type-product","3":"status-publish","4":"has-post-thumbnail","6":"product_brand-keb","7":"product_cat-materiel-pour-rouler","8":"product_cat-accessoires","9":"product_tag-keb-fr","10":"desktop-align-left","11":"tablet-align-left","12":"mobile-align-left","14":"first","15":"outofstock","16":"taxable","17":"shipping-taxable","18":"purchasable","19":"product-type-simple"},"group_of_quantity":0,"min_quantity":0,"max_quantity":"","exclude_order_quantity_value_rules":"no","exclude_category_quantity_rules":"no","combine_variations":"no","acf":[],"_links":{"self":[{"href":"https:\/\/mendomedical.ca\/fr\/wp-json\/wp\/v2\/product\/182310","targetHints":{"allow":["GET"]}}],"collection":[{"href":"https:\/\/mendomedical.ca\/fr\/wp-json\/wp\/v2\/product"}],"about":[{"href":"https:\/\/mendomedical.ca\/fr\/wp-json\/wp\/v2\/types\/product"}],"replies":[{"embeddable":true,"href":"https:\/\/mendomedical.ca\/fr\/wp-json\/wp\/v2\/comments?post=182310"}],"wp:featuredmedia":[{"embeddable":true,"href":"https:\/\/mendomedical.ca\/fr\/wp-json\/wp\/v2\/media\/182312"}],"wp:attachment":[{"href":"https:\/\/mendomedical.ca\/fr\/wp-json\/wp\/v2\/media?parent=182310"}],"wp:term":[{"taxonomy":"product_brand","embeddable":true,"href":"https:\/\/mendomedical.ca\/fr\/wp-json\/wp\/v2\/product_brand?post=182310"},{"taxonomy":"product_cat","embeddable":true,"href":"https:\/\/mendomedical.ca\/fr\/wp-json\/wp\/v2\/product_cat?post=182310"},{"taxonomy":"product_tag","embeddable":true,"href":"https:\/\/mendomedical.ca\/fr\/wp-json\/wp\/v2\/product_tag?post=182310"},{"taxonomy":"product_format_filter","embeddable":true,"href":"https:\/\/mendomedical.ca\/fr\/wp-json\/wp\/v2\/product_format_filter?post=182310"}],"curies":[{"name":"wp","href":"https:\/\/api.w.org\/{rel}","templated":true}]}}