{"id":182284,"date":"2023-05-16T09:30:05","date_gmt":"2023-05-16T13:30:05","guid":{"rendered":"https:\/\/mendomedical.ca\/?post_type=product&#038;p=182284"},"modified":"2026-03-29T21:52:18","modified_gmt":"2026-03-30T01:52:18","slug":"tribal-uni-pro-ark-510-vape-battery","status":"publish","type":"product","link":"https:\/\/mendomedical.ca\/fr\/produit\/tribal-uni-pro-ark-510-vape-battery\/","title":{"rendered":"Tribal Uni Pro ARK 510 Vape Battery"},"content":{"rendered":"","protected":false},"excerpt":{"rendered":"<div class=\"ExternalClass8B4BC551E47B46608EE67525EF5982FA\">\n<h3>Tribal Uni Pro ARK 510 Vape Battery<\/h3>\n<p>Le Tribal Uni Pro ARK repr\u00e9sente une \u00e9volution premium dans la technologie des batteries de vape, combinant le d\u00e9vouement de Tribal \u00e0 la qualit\u00e9 avec l&rsquo;ing\u00e9nierie innovante de Yocan. Cette batterie de vape universelle enti\u00e8rement r\u00e9glable est con\u00e7ue pour les cartouches \u00e0 filetage 510, offrant aux patients de cannabis m\u00e9dical une solution fiable, puissante et compacte pour leurs besoins de vape. Avec sa construction durable en alliage de zinc et sa capacit\u00e9 de batterie de 650mAh, l&rsquo;Uni Pro ARK offre des performances constantes session apr\u00e8s session.  <\/p>\n<h4>Caract\u00e9ristiques principales<\/h4>\n<ul>\n<li>Plage de tension enti\u00e8rement r\u00e9glable de 1,8V \u00e0 4,2V pour un contr\u00f4le pr\u00e9cis de la temp\u00e9rature<\/li>\n<li>Compatibilit\u00e9 universelle avec le filetage 510 pour les cartouches de 7 \u00e0 14 mm de diam\u00e8tre<\/li>\n<li>Batterie d&rsquo;une capacit\u00e9 de 650mAh avec charge USB-C pratique pour une utilisation prolong\u00e9e.<\/li>\n<li>Comprend 3 adaptateurs magn\u00e9tiques pour une fixation s\u00fbre et facile des cartouches.<\/li>\n<li>Construction compacte en alliage de zinc alliant durabilit\u00e9 et portabilit\u00e9<\/li>\n<\/ul>\n<h4>Pourquoi choisir les batteries de vaporisation ?<\/h4>\n<p>Les batteries de vape de qualit\u00e9 comme la Tribal Uni Pro ARK offrent aux patients de cannabis m\u00e9dical un contr\u00f4le pr\u00e9cis du dosage et une production constante de vapeur. Les r\u00e9glages de tension permettent aux utilisateurs de personnaliser leur exp\u00e9rience en fonction de leurs besoins sp\u00e9cifiques, tandis que la fiabilit\u00e9 de la batterie garantit la disponibilit\u00e9 des m\u00e9dicaments en cas de besoin. <\/p>\n<h4>Exp\u00e9dition dans tout le Canada<\/h4>\n<p>La Tribal Uni Pro ARK 510 Vape Battery est exp\u00e9di\u00e9e rapidement \u00e0 travers le Canada, avec une livraison gratuite pour les commandes de plus de 150 $. Nous nous assurons que votre batterie de vape arrive en toute s\u00e9curit\u00e9 et rapidement, afin que vous puissiez profiter d&rsquo;un acc\u00e8s ininterrompu \u00e0 vos produits de cannabis m\u00e9dical. <\/p>\n<p>&nbsp;<\/p>\n<\/div>\n","protected":false},"featured_media":182286,"comment_status":"closed","ping_status":"closed","template":"","meta":{"_acf_changed":false,"site-sidebar-layout":"default","site-content-layout":"","ast-site-content-layout":"default","site-content-style":"default","site-sidebar-style":"default","ast-global-header-display":"","ast-banner-title-visibility":"","ast-main-header-display":"","ast-hfb-above-header-display":"","ast-hfb-below-header-display":"","ast-hfb-mobile-header-display":"","site-post-title":"","ast-breadcrumbs-content":"","ast-featured-img":"","footer-sml-layout":"","ast-disable-related-posts":"","theme-transparent-header-meta":"default","adv-header-id-meta":"","stick-header-meta":"","header-above-stick-meta":"","header-main-stick-meta":"","header-below-stick-meta":"","astra-migrate-meta-layouts":"set","ast-page-background-enabled":"default","ast-page-background-meta":{"desktop":{"background-color":"var(--ast-global-color-4)","background-image":"","background-repeat":"repeat","background-position":"center center","background-size":"auto","background-attachment":"scroll","background-type":"","background-media":"","overlay-type":"","overlay-color":"","overlay-opacity":"","overlay-gradient":""},"tablet":{"background-color":"","background-image":"","background-repeat":"repeat","background-position":"center center","background-size":"auto","background-attachment":"scroll","background-type":"","background-media":"","overlay-type":"","overlay-color":"","overlay-opacity":"","overlay-gradient":""},"mobile":{"background-color":"","background-image":"","background-repeat":"repeat","background-position":"center center","background-size":"auto","background-attachment":"scroll","background-type":"","background-media":"","overlay-type":"","overlay-color":"","overlay-opacity":"","overlay-gradient":""}},"ast-content-background-meta":{"desktop":{"background-color":"var(--ast-global-color-5)","background-image":"","background-repeat":"repeat","background-position":"center center","background-size":"auto","background-attachment":"scroll","background-type":"","background-media":"","overlay-type":"","overlay-color":"","overlay-opacity":"","overlay-gradient":""},"tablet":{"background-color":"var(--ast-global-color-5)","background-image":"","background-repeat":"repeat","background-position":"center center","background-size":"auto","background-attachment":"scroll","background-type":"","background-media":"","overlay-type":"","overlay-color":"","overlay-opacity":"","overlay-gradient":""},"mobile":{"background-color":"var(--ast-global-color-5)","background-image":"","background-repeat":"repeat","background-position":"center center","background-size":"auto","background-attachment":"scroll","background-type":"","background-media":"","overlay-type":"","overlay-color":"","overlay-opacity":"","overlay-gradient":""}}},"product_brand":[4146],"product_cat":[1105,1104],"product_tag":[2629],"product_format_filter":[],"class_list":{"0":"post-182284","1":"product","2":"type-product","3":"status-publish","4":"has-post-thumbnail","6":"product_brand-tribal","7":"product_cat-batteries-fr","8":"product_cat-accessoires","9":"product_tag-tribal-fr","10":"pa_marques-tribal-fr","11":"desktop-align-left","12":"tablet-align-left","13":"mobile-align-left","15":"first","16":"instock","17":"taxable","18":"shipping-taxable","19":"purchasable","20":"product-type-simple"},"group_of_quantity":0,"min_quantity":0,"max_quantity":"","exclude_order_quantity_value_rules":"no","exclude_category_quantity_rules":"no","combine_variations":"no","acf":[],"_links":{"self":[{"href":"https:\/\/mendomedical.ca\/fr\/wp-json\/wp\/v2\/product\/182284","targetHints":{"allow":["GET"]}}],"collection":[{"href":"https:\/\/mendomedical.ca\/fr\/wp-json\/wp\/v2\/product"}],"about":[{"href":"https:\/\/mendomedical.ca\/fr\/wp-json\/wp\/v2\/types\/product"}],"replies":[{"embeddable":true,"href":"https:\/\/mendomedical.ca\/fr\/wp-json\/wp\/v2\/comments?post=182284"}],"wp:featuredmedia":[{"embeddable":true,"href":"https:\/\/mendomedical.ca\/fr\/wp-json\/wp\/v2\/media\/182286"}],"wp:attachment":[{"href":"https:\/\/mendomedical.ca\/fr\/wp-json\/wp\/v2\/media?parent=182284"}],"wp:term":[{"taxonomy":"product_brand","embeddable":true,"href":"https:\/\/mendomedical.ca\/fr\/wp-json\/wp\/v2\/product_brand?post=182284"},{"taxonomy":"product_cat","embeddable":true,"href":"https:\/\/mendomedical.ca\/fr\/wp-json\/wp\/v2\/product_cat?post=182284"},{"taxonomy":"product_tag","embeddable":true,"href":"https:\/\/mendomedical.ca\/fr\/wp-json\/wp\/v2\/product_tag?post=182284"},{"taxonomy":"product_format_filter","embeddable":true,"href":"https:\/\/mendomedical.ca\/fr\/wp-json\/wp\/v2\/product_format_filter?post=182284"}],"curies":[{"name":"wp","href":"https:\/\/api.w.org\/{rel}","templated":true}]}}