{"id":182248,"date":"2024-01-01T13:47:38","date_gmt":"2024-01-01T18:47:38","guid":{"rendered":"https:\/\/mendomedical.ca\/?post_type=product&#038;p=182248"},"modified":"2025-11-05T11:03:03","modified_gmt":"2025-11-05T16:03:03","slug":"sour-grape-live-rosin-gummies","status":"publish","type":"product","link":"https:\/\/mendomedical.ca\/fr\/produit\/sour-grape-live-rosin-gummies\/","title":{"rendered":"Gummies de Live Rosin au raisin sec"},"content":{"rendered":"","protected":false},"excerpt":{"rendered":"<div class=\"typography__Description-sc-1q7gvs8-0 jUttPq\">\n<div class=\"rich-text-html-wrapper__Wrapper-sc-1wildp2-0 cegTFu\" data-testid=\"rich-text-wrapper\">\n<p><strong>Les bonbons \u00e0 m\u00e2cher Sour Grape Live Rosin de 1964 sont arriv\u00e9s. Associ\u00e9s \u00e0 un Live Rosin compl\u00e9mentaire, ces soft chews sont fabriqu\u00e9s sans produits d&rsquo;origine animale ni gluten. <\/strong><\/p>\n<\/div>\n<h4><em><strong>Veuillez noter que les produits contenant de la g\u00e9latine peuvent fondre pendant le transport durant les mois d&rsquo;\u00e9t\u00e9. Nous vous recommandons de tenir compte de ce probl\u00e8me potentiel lorsque vous passez votre commande.  Malheureusement, nous ne pouvons pas offrir de remboursement ou de remplacement pour les produits qui fondent pendant le transport. Merci de votre compr\u00e9hension<\/strong><\/em><\/h4>\n<p>&nbsp;<\/p>\n<h4>Ingr\u00e9dients<\/h4>\n<section id=\"product-description--8853107441972\" class=\"product__description section section--grey section--padded--large\">\n<div class=\"container\">\n<div id=\"ProductNutrition\" class=\"product__nutrition clearfix section-padded\">\n<div class=\"product__ingredient-list\">\n<p>Sucres (sucre, sirop de tapioca), eau, acide citrique, pectine, ar\u00f4me naturel, citrate de sodium, colorant naturel (jus de fruits et de l\u00e9gumes), acide malique, acide tartrique, Live Rosin.<\/p>\n<\/div>\n<\/div>\n<\/div>\n<\/section>\n<div id=\"shopify-section-en-suggested-accessories\" class=\"shopify-section\">\n<div class=\"suggested-accessories product-carousel product-carousel--centered section--padded--large\">\n<div class=\"container\">\n<div class=\"suggested-accessories__info\"><\/div>\n<\/div>\n<\/div>\n<\/div>\n<\/div>\n","protected":false},"featured_media":182254,"comment_status":"closed","ping_status":"closed","template":"","meta":{"_acf_changed":false,"site-sidebar-layout":"default","site-content-layout":"","ast-site-content-layout":"default","site-content-style":"default","site-sidebar-style":"default","ast-global-header-display":"","ast-banner-title-visibility":"","ast-main-header-display":"","ast-hfb-above-header-display":"","ast-hfb-below-header-display":"","ast-hfb-mobile-header-display":"","site-post-title":"","ast-breadcrumbs-content":"","ast-featured-img":"","footer-sml-layout":"","ast-disable-related-posts":"","theme-transparent-header-meta":"default","adv-header-id-meta":"","stick-header-meta":"","header-above-stick-meta":"","header-main-stick-meta":"","header-below-stick-meta":"","astra-migrate-meta-layouts":"set","ast-page-background-enabled":"default","ast-page-background-meta":{"desktop":{"background-color":"var(--ast-global-color-4)","background-image":"","background-repeat":"repeat","background-position":"center center","background-size":"auto","background-attachment":"scroll","background-type":"","background-media":"","overlay-type":"","overlay-color":"","overlay-opacity":"","overlay-gradient":""},"tablet":{"background-color":"","background-image":"","background-repeat":"repeat","background-position":"center center","background-size":"auto","background-attachment":"scroll","background-type":"","background-media":"","overlay-type":"","overlay-color":"","overlay-opacity":"","overlay-gradient":""},"mobile":{"background-color":"","background-image":"","background-repeat":"repeat","background-position":"center center","background-size":"auto","background-attachment":"scroll","background-type":"","background-media":"","overlay-type":"","overlay-color":"","overlay-opacity":"","overlay-gradient":""}},"ast-content-background-meta":{"desktop":{"background-color":"var(--ast-global-color-5)","background-image":"","background-repeat":"repeat","background-position":"center center","background-size":"auto","background-attachment":"scroll","background-type":"","background-media":"","overlay-type":"","overlay-color":"","overlay-opacity":"","overlay-gradient":""},"tablet":{"background-color":"var(--ast-global-color-5)","background-image":"","background-repeat":"repeat","background-position":"center center","background-size":"auto","background-attachment":"scroll","background-type":"","background-media":"","overlay-type":"","overlay-color":"","overlay-opacity":"","overlay-gradient":""},"mobile":{"background-color":"var(--ast-global-color-5)","background-image":"","background-repeat":"repeat","background-position":"center center","background-size":"auto","background-attachment":"scroll","background-type":"","background-media":"","overlay-type":"","overlay-color":"","overlay-opacity":"","overlay-gradient":""}}},"product_brand":[4393],"product_cat":[1132,1511,1128],"product_tag":[4395],"product_format_filter":[6498],"class_list":{"0":"post-182248","1":"product","2":"type-product","3":"status-publish","4":"has-post-thumbnail","6":"product_brand-4393","7":"product_cat-bonbons","8":"product_cat-full-spectrum-fr","9":"product_cat-comestibles","10":"product_tag-1964-fr","11":"pa_flavours-raisin","12":"pa_format-2-unites","13":"pa_intensity-thc-moyen","14":"pa_marques-1964-fr","15":"pa_origin-ontario-fr","16":"pa_thc-10mg-fr","17":"pa_type-de-plante-thc-fr","18":"product_format_filter-2units","19":"desktop-align-left","20":"tablet-align-left","21":"mobile-align-left","23":"first","24":"outofstock","25":"taxable","26":"shipping-taxable","27":"purchasable","28":"product-type-simple"},"group_of_quantity":0,"min_quantity":0,"max_quantity":"","exclude_order_quantity_value_rules":"no","exclude_category_quantity_rules":"no","combine_variations":"no","acf":[],"_links":{"self":[{"href":"https:\/\/mendomedical.ca\/fr\/wp-json\/wp\/v2\/product\/182248","targetHints":{"allow":["GET"]}}],"collection":[{"href":"https:\/\/mendomedical.ca\/fr\/wp-json\/wp\/v2\/product"}],"about":[{"href":"https:\/\/mendomedical.ca\/fr\/wp-json\/wp\/v2\/types\/product"}],"replies":[{"embeddable":true,"href":"https:\/\/mendomedical.ca\/fr\/wp-json\/wp\/v2\/comments?post=182248"}],"wp:featuredmedia":[{"embeddable":true,"href":"https:\/\/mendomedical.ca\/fr\/wp-json\/wp\/v2\/media\/182254"}],"wp:attachment":[{"href":"https:\/\/mendomedical.ca\/fr\/wp-json\/wp\/v2\/media?parent=182248"}],"wp:term":[{"taxonomy":"product_brand","embeddable":true,"href":"https:\/\/mendomedical.ca\/fr\/wp-json\/wp\/v2\/product_brand?post=182248"},{"taxonomy":"product_cat","embeddable":true,"href":"https:\/\/mendomedical.ca\/fr\/wp-json\/wp\/v2\/product_cat?post=182248"},{"taxonomy":"product_tag","embeddable":true,"href":"https:\/\/mendomedical.ca\/fr\/wp-json\/wp\/v2\/product_tag?post=182248"},{"taxonomy":"product_format_filter","embeddable":true,"href":"https:\/\/mendomedical.ca\/fr\/wp-json\/wp\/v2\/product_format_filter?post=182248"}],"curies":[{"name":"wp","href":"https:\/\/api.w.org\/{rel}","templated":true}]}}