{"id":182218,"date":"2024-01-01T07:58:56","date_gmt":"2024-01-01T12:58:56","guid":{"rendered":"https:\/\/mendomedical.ca\/?post_type=product&#038;p=182218"},"modified":"2025-12-13T14:20:25","modified_gmt":"2025-12-13T19:20:25","slug":"sweet-dreams-goji-berry-gummies","status":"publish","type":"product","link":"https:\/\/mendomedical.ca\/fr\/produit\/sweet-dreams-goji-berry-gummies\/","title":{"rendered":"Sweet Dreams Goji Berry Gummies (gommes aux baies de Goji)"},"content":{"rendered":"","protected":false},"excerpt":{"rendered":"<p><strong>Nos gommes Goji Berry Wildflower Sweet Dreams sont naturellement sucr\u00e9es avec de la pur\u00e9e de fruits, v\u00e9g\u00e9taliennes, sans gluten et sans sucre ni colorant ajout\u00e9s. Chacun des 5 gommes contient 2 mg de Live Rosin \u00e0 spectre complet, ainsi que 10 mg de CBD, et 10mg de CBN. Ces ingr\u00e9dients combin\u00e9s seront le d\u00e9but parfait de vos doux r\u00eaves.  <\/strong><\/p>\n<p>&nbsp;<\/p>\n<h4>Ingr\u00e9dients<\/h4>\n<p>Fructooligosaccharides, eau, \u00e9rythritol, pur\u00e9e de fruits v\u00e9ritables, ar\u00f4me naturel, pectine, acide citrique, citrate de sodium, Live Rosin, extrait de cannabis, huile de graines de chanvre, l\u00e9cithine de tournesol.<\/p>\n<h4>Contient<\/h4>\n<p>SOY<\/p>\n","protected":false},"featured_media":182222,"comment_status":"closed","ping_status":"closed","template":"","meta":{"_acf_changed":false,"site-sidebar-layout":"default","site-content-layout":"","ast-site-content-layout":"default","site-content-style":"default","site-sidebar-style":"default","ast-global-header-display":"","ast-banner-title-visibility":"","ast-main-header-display":"","ast-hfb-above-header-display":"","ast-hfb-below-header-display":"","ast-hfb-mobile-header-display":"","site-post-title":"","ast-breadcrumbs-content":"","ast-featured-img":"","footer-sml-layout":"","ast-disable-related-posts":"","theme-transparent-header-meta":"default","adv-header-id-meta":"","stick-header-meta":"","header-above-stick-meta":"","header-main-stick-meta":"","header-below-stick-meta":"","astra-migrate-meta-layouts":"set","ast-page-background-enabled":"default","ast-page-background-meta":{"desktop":{"background-color":"var(--ast-global-color-4)","background-image":"","background-repeat":"repeat","background-position":"center center","background-size":"auto","background-attachment":"scroll","background-type":"","background-media":"","overlay-type":"","overlay-color":"","overlay-opacity":"","overlay-gradient":""},"tablet":{"background-color":"","background-image":"","background-repeat":"repeat","background-position":"center center","background-size":"auto","background-attachment":"scroll","background-type":"","background-media":"","overlay-type":"","overlay-color":"","overlay-opacity":"","overlay-gradient":""},"mobile":{"background-color":"","background-image":"","background-repeat":"repeat","background-position":"center center","background-size":"auto","background-attachment":"scroll","background-type":"","background-media":"","overlay-type":"","overlay-color":"","overlay-opacity":"","overlay-gradient":""}},"ast-content-background-meta":{"desktop":{"background-color":"var(--ast-global-color-5)","background-image":"","background-repeat":"repeat","background-position":"center center","background-size":"auto","background-attachment":"scroll","background-type":"","background-media":"","overlay-type":"","overlay-color":"","overlay-opacity":"","overlay-gradient":""},"tablet":{"background-color":"var(--ast-global-color-5)","background-image":"","background-repeat":"repeat","background-position":"center center","background-size":"auto","background-attachment":"scroll","background-type":"","background-media":"","overlay-type":"","overlay-color":"","overlay-opacity":"","overlay-gradient":""},"mobile":{"background-color":"var(--ast-global-color-5)","background-image":"","background-repeat":"repeat","background-position":"center center","background-size":"auto","background-attachment":"scroll","background-type":"","background-media":"","overlay-type":"","overlay-color":"","overlay-opacity":"","overlay-gradient":""}}},"product_brand":[4521],"product_cat":[3825,1132,1128],"product_tag":[4526],"product_format_filter":[6511],"class_list":{"0":"post-182218","1":"product","2":"type-product","3":"status-publish","4":"has-post-thumbnail","6":"product_brand-wildflower","7":"product_cat-cbd-minors-3-fr","8":"product_cat-bonbons","9":"product_cat-comestibles","10":"product_tag-wildflower-fr","11":"pa_cbd-50mg-fr","12":"pa_cbn-50mg-fr","13":"pa_flavours-goji-berry-fr","14":"pa_format-5-unites","15":"pa_intensity-faible-thc","16":"pa_intensity-faible-cbd","17":"pa_intensity-med-cbg-fr","18":"pa_marques-wildflower-fr","19":"pa_origin-colombie-britannique-fr","20":"pa_thc-10mg-fr","21":"pa_type-de-plante-cbd-fr","22":"pa_type-de-plante-cbn-fr","23":"pa_type-de-plante-thc-fr","24":"product_format_filter-5units","25":"desktop-align-left","26":"tablet-align-left","27":"mobile-align-left","29":"first","30":"outofstock","31":"taxable","32":"shipping-taxable","33":"purchasable","34":"product-type-simple"},"group_of_quantity":0,"min_quantity":0,"max_quantity":"","exclude_order_quantity_value_rules":"no","exclude_category_quantity_rules":"no","combine_variations":"no","acf":[],"_links":{"self":[{"href":"https:\/\/mendomedical.ca\/fr\/wp-json\/wp\/v2\/product\/182218","targetHints":{"allow":["GET"]}}],"collection":[{"href":"https:\/\/mendomedical.ca\/fr\/wp-json\/wp\/v2\/product"}],"about":[{"href":"https:\/\/mendomedical.ca\/fr\/wp-json\/wp\/v2\/types\/product"}],"replies":[{"embeddable":true,"href":"https:\/\/mendomedical.ca\/fr\/wp-json\/wp\/v2\/comments?post=182218"}],"wp:featuredmedia":[{"embeddable":true,"href":"https:\/\/mendomedical.ca\/fr\/wp-json\/wp\/v2\/media\/182222"}],"wp:attachment":[{"href":"https:\/\/mendomedical.ca\/fr\/wp-json\/wp\/v2\/media?parent=182218"}],"wp:term":[{"taxonomy":"product_brand","embeddable":true,"href":"https:\/\/mendomedical.ca\/fr\/wp-json\/wp\/v2\/product_brand?post=182218"},{"taxonomy":"product_cat","embeddable":true,"href":"https:\/\/mendomedical.ca\/fr\/wp-json\/wp\/v2\/product_cat?post=182218"},{"taxonomy":"product_tag","embeddable":true,"href":"https:\/\/mendomedical.ca\/fr\/wp-json\/wp\/v2\/product_tag?post=182218"},{"taxonomy":"product_format_filter","embeddable":true,"href":"https:\/\/mendomedical.ca\/fr\/wp-json\/wp\/v2\/product_format_filter?post=182218"}],"curies":[{"name":"wp","href":"https:\/\/api.w.org\/{rel}","templated":true}]}}