{"id":182168,"date":"2024-10-02T17:00:08","date_gmt":"2024-10-02T21:00:08","guid":{"rendered":"https:\/\/mendomedical.ca\/?post_type=product&#038;p=182168"},"modified":"2026-04-14T11:24:54","modified_gmt":"2026-04-14T15:24:54","slug":"go-bags-frostberry-oral-pouches","status":"publish","type":"product","link":"https:\/\/mendomedical.ca\/fr\/produit\/go-bags-frostberry-oral-pouches\/","title":{"rendered":"Go Bags - Pochettes orales Frostberry"},"content":{"rendered":"<p><strong>Ingr\u00e9dients :<\/strong> Cellulose microcristalline, eau distill\u00e9e, fibres v\u00e9g\u00e9tales, bicarbonate de sodium, huile de menthe poivr\u00e9e, r\u00e9frig\u00e9rant WS-23, huile de Mentha piperita, menthone, propyl\u00e8ne glycol, menthol, huile de coco MCT, extrait de cannabis.<\/p>\n","protected":false},"excerpt":{"rendered":"<div class=\"ExternalClass26D8A6968DC0489F96D8A971B91884CF\">\n<h3>Go Bags - Pochettes orales Frostberry<\/h3>\n<p>D\u00e9couvrez la commodit\u00e9 de la consommation de cannabis sans fum\u00e9e avec Six One Charlie Go Bags Frostberry Oral Pouches. Chaque bo\u00eete contient 10 sachets \u00e0 action ultra-rapide infus\u00e9s avec 10 mg d&rsquo;extrait de THC \u00e0 spectre complet de premi\u00e8re qualit\u00e9, offrant une exp\u00e9rience \u00e9quilibr\u00e9e et contr\u00f4l\u00e9e du cannabis. Ces sachets oraux innovants offrent un soulagement discret et portable qui s&rsquo;int\u00e8gre parfaitement \u00e0 votre routine quotidienne - placez-les simplement entre votre gencive et votre l\u00e8vre pour une absorption rapide et des effets qui peuvent durer jusqu&rsquo;\u00e0 une heure.<\/p>\n<h4>Points forts du produit<\/h4>\n<ul>\n<li>10mg THC par sachet avec 10 sachets par bo\u00eete pour un dosage constant et mesur\u00e9<\/li>\n<li>Extrait de cannabis \u00e0 spectre complet \u00e0 action ultra-rapide pour une apparition rapide des effets<\/li>\n<li>Sans fum\u00e9e et discret - parfait pour une utilisation en d\u00e9placement sans combustion ni vapeur<\/li>\n<li>La conception r\u00e9utilisable vous permet d&rsquo;enlever et de r\u00e9appliquer les sachets selon vos besoins.<\/li>\n<li>Emballage \u00e9l\u00e9gant et durable, facile \u00e0 jeter dans n&rsquo;importe quelle poubelle.<\/li>\n<\/ul>\n<h4>Profil d&rsquo;ar\u00f4me<\/h4>\n<p>L&rsquo;ar\u00f4me Frostberry offre une exp\u00e9rience rafra\u00eechissante de baies qui masque le go\u00fbt du cannabis tout en procurant une agr\u00e9able sensation orale. Chaque sachet est soigneusement formul\u00e9 pour offrir une saveur douce et agr\u00e9able tout au long de l&rsquo;utilisation.<\/p>\n<h4>Pourquoi choisir les sachets buccaux ?<\/h4>\n<p>Les sachets de cannabis administr\u00e9s par voie orale offrent aux utilisateurs m\u00e9dicaux un dosage pr\u00e9cis et une commodit\u00e9 sans fum\u00e9e. La m\u00e9thode d&rsquo;absorption sublinguale peut offrir une action plus rapide que les edibles traditionnels, tout en maintenant la discr\u00e9tion et la portabilit\u00e9 pour la gestion des sympt\u00f4mes tout au long de la journ\u00e9e.<\/p>\n<h4>Exp\u00e9dition dans tout le Canada<\/h4>\n<p>Les Go Bags - Frostberry Oral Pouches sont exp\u00e9di\u00e9s rapidement \u00e0 travers le Canada avec une livraison gratuite pour les commandes de plus de 150 $. Notre exp\u00e9dition efficace garantit que vos produits de cannabis m\u00e9dical arrivent rapidement et discr\u00e8tement \u00e0 votre porte.<\/p>\n<h4>Avantages et couverture pour les anciens combattants<\/h4>\n<p>Les Go Bags - Frostberry Oral Pouches sont admissibles \u00e0 la couverture d&rsquo;ACC (Anciens Combattants Canada) avec facturation directe par l&rsquo;entremise de la Croix Bleue, ce qui signifie que les anciens combattants admissibles n&rsquo;ont pas \u00e0 d\u00e9bourser d&rsquo;argent. Si vous n&rsquo;avez pas encore d&rsquo;ordonnance de cannabis m\u00e9dical, <a href=\"https:\/\/mendomedical.ca\/fr\/carte-medicale\/\">obtenez votre carte m\u00e9dicale gratuite rapidement et facilement<\/a> pour acc\u00e9der aux avantages de la couverture.<\/p>\n<p><strong>Ingr\u00e9dients :<\/strong> Cellulose microcristalline, eau distill\u00e9e, fibres v\u00e9g\u00e9tales, bicarbonate de sodium, huile de menthe poivr\u00e9e, r\u00e9frig\u00e9rant WS-23, huile de Mentha piperita, menthone, propyl\u00e8ne glycol, menthol, huile de coco MCT, extrait de cannabis.<\/p>\n<\/div>\n","protected":false},"featured_media":264321,"comment_status":"closed","ping_status":"closed","template":"","meta":{"_acf_changed":false,"site-sidebar-layout":"default","site-content-layout":"","ast-site-content-layout":"default","site-content-style":"default","site-sidebar-style":"default","ast-global-header-display":"","ast-banner-title-visibility":"","ast-main-header-display":"","ast-hfb-above-header-display":"","ast-hfb-below-header-display":"","ast-hfb-mobile-header-display":"","site-post-title":"","ast-breadcrumbs-content":"","ast-featured-img":"","footer-sml-layout":"","ast-disable-related-posts":"","theme-transparent-header-meta":"default","adv-header-id-meta":"","stick-header-meta":"","header-above-stick-meta":"","header-main-stick-meta":"","header-below-stick-meta":"","astra-migrate-meta-layouts":"set","ast-page-background-enabled":"default","ast-page-background-meta":{"desktop":{"background-color":"var(--ast-global-color-4)","background-image":"","background-repeat":"repeat","background-position":"center center","background-size":"auto","background-attachment":"scroll","background-type":"","background-media":"","overlay-type":"","overlay-color":"","overlay-opacity":"","overlay-gradient":""},"tablet":{"background-color":"","background-image":"","background-repeat":"repeat","background-position":"center center","background-size":"auto","background-attachment":"scroll","background-type":"","background-media":"","overlay-type":"","overlay-color":"","overlay-opacity":"","overlay-gradient":""},"mobile":{"background-color":"","background-image":"","background-repeat":"repeat","background-position":"center center","background-size":"auto","background-attachment":"scroll","background-type":"","background-media":"","overlay-type":"","overlay-color":"","overlay-opacity":"","overlay-gradient":""}},"ast-content-background-meta":{"desktop":{"background-color":"var(--ast-global-color-5)","background-image":"","background-repeat":"repeat","background-position":"center center","background-size":"auto","background-attachment":"scroll","background-type":"","background-media":"","overlay-type":"","overlay-color":"","overlay-opacity":"","overlay-gradient":""},"tablet":{"background-color":"var(--ast-global-color-5)","background-image":"","background-repeat":"repeat","background-position":"center center","background-size":"auto","background-attachment":"scroll","background-type":"","background-media":"","overlay-type":"","overlay-color":"","overlay-opacity":"","overlay-gradient":""},"mobile":{"background-color":"var(--ast-global-color-5)","background-image":"","background-repeat":"repeat","background-position":"center center","background-size":"auto","background-attachment":"scroll","background-type":"","background-media":"","overlay-type":"","overlay-color":"","overlay-opacity":"","overlay-gradient":""}}},"product_brand":[],"product_cat":[1135,4801,1511,1128],"product_tag":[2656],"product_format_filter":[],"class_list":{"0":"post-182168","1":"product","2":"type-product","3":"status-publish","4":"has-post-thumbnail","6":"product_cat-sans-sucre","7":"product_cat-six-one-charlie-fr","8":"product_cat-full-spectrum-fr","9":"product_cat-comestibles","10":"product_tag-six-one-charlie-fr","11":"pa_flavours-frostberry-fr","12":"pa_format-10-unites","13":"pa_marques-six-one-charlie-fr","14":"pa_origin-ontario-fr","15":"pa_thc-10mg-fr","16":"pa_type-de-plante-thc-fr","17":"desktop-align-left","18":"tablet-align-left","19":"mobile-align-left","21":"first","22":"outofstock","23":"taxable","24":"shipping-taxable","25":"purchasable","26":"product-type-simple"},"group_of_quantity":0,"min_quantity":0,"max_quantity":"","exclude_order_quantity_value_rules":"no","exclude_category_quantity_rules":"no","combine_variations":"no","acf":[],"_links":{"self":[{"href":"https:\/\/mendomedical.ca\/fr\/wp-json\/wp\/v2\/product\/182168","targetHints":{"allow":["GET"]}}],"collection":[{"href":"https:\/\/mendomedical.ca\/fr\/wp-json\/wp\/v2\/product"}],"about":[{"href":"https:\/\/mendomedical.ca\/fr\/wp-json\/wp\/v2\/types\/product"}],"replies":[{"embeddable":true,"href":"https:\/\/mendomedical.ca\/fr\/wp-json\/wp\/v2\/comments?post=182168"}],"wp:featuredmedia":[{"embeddable":true,"href":"https:\/\/mendomedical.ca\/fr\/wp-json\/wp\/v2\/media\/264321"}],"wp:attachment":[{"href":"https:\/\/mendomedical.ca\/fr\/wp-json\/wp\/v2\/media?parent=182168"}],"wp:term":[{"taxonomy":"product_brand","embeddable":true,"href":"https:\/\/mendomedical.ca\/fr\/wp-json\/wp\/v2\/product_brand?post=182168"},{"taxonomy":"product_cat","embeddable":true,"href":"https:\/\/mendomedical.ca\/fr\/wp-json\/wp\/v2\/product_cat?post=182168"},{"taxonomy":"product_tag","embeddable":true,"href":"https:\/\/mendomedical.ca\/fr\/wp-json\/wp\/v2\/product_tag?post=182168"},{"taxonomy":"product_format_filter","embeddable":true,"href":"https:\/\/mendomedical.ca\/fr\/wp-json\/wp\/v2\/product_format_filter?post=182168"}],"curies":[{"name":"wp","href":"https:\/\/api.w.org\/{rel}","templated":true}]}}