{"id":182146,"date":"2023-05-21T15:55:10","date_gmt":"2023-05-21T19:55:10","guid":{"rendered":"https:\/\/mendomedical.ca\/?post_type=product&#038;p=182146"},"modified":"2026-03-18T14:27:21","modified_gmt":"2026-03-18T18:27:21","slug":"mendo-t-shirt-medical-department-red","status":"publish","type":"product","link":"https:\/\/mendomedical.ca\/fr\/produit\/mendo-t-shirt-medical-department-red\/","title":{"rendered":"T-Shirt Mendo - Service m\u00e9dical (rouge)"},"content":{"rendered":"","protected":false},"excerpt":{"rendered":"<p><strong>Montrez votre soutien \u00e0 Mendo avec nos T-shirts exclusifs \u00ab\u00a0Propri\u00e9t\u00e9 de Mendo\u00a0\u00bb. Fabriqu\u00e9es avec des mat\u00e9riaux de haute qualit\u00e9, ces chemises sont con\u00e7ues pour le confort et le style. Que vous fassiez partie du d\u00e9partement m\u00e9dical ou du d\u00e9partement des anciens combattants, il y a une chemise pour vous. Disponible en trois couleurs classiques : Noir, vert militaire chin\u00e9 et rouge cerise antique.<\/strong><\/p>\n<p>&nbsp;<\/p>\n<h5>Caract\u00e9ristiques :<\/h5>\n<p>- Qualit\u00e9 sup\u00e9rieure : Fabriqu\u00e9 dans un tissu doux et durable, il garantit confort et long\u00e9vit\u00e9.<\/p>\n<p>- Coupe classique : Con\u00e7ue pour offrir une coupe confortable pour une utilisation quotidienne.<\/p>\n<p>- Design audacieux : Comprend le logo \u00ab\u00a0Propri\u00e9t\u00e9 de\u00a0\u00bb.<\/p>\n<p>- Vari\u00e9t\u00e9 de d\u00e9partements : Disponible dans les deux variantes \u00ab\u00a0Medical Department\u00a0\u00bb et \u00ab\u00a0Veteran Department\u00a0\u00bb.<\/p>\n<p>&nbsp;<\/p>\n<p>Couleurs :<\/p>\n<p>- Noir : Parfait pour un look \u00e9l\u00e9gant et moderne.<\/p>\n<ul>\n<li>  Service m\u00e9dical<\/li>\n<li>  Minist\u00e8re des anciens combattants<\/li>\n<\/ul>\n<p>- Vert militaire chin\u00e9 : Id\u00e9al pour un style subtil et terreux.<\/p>\n<ul>\n<li>  Service m\u00e9dical<\/li>\n<li>  Minist\u00e8re des anciens combattants<\/li>\n<\/ul>\n<p>- Rouge cerise antique : id\u00e9al pour une d\u00e9claration audacieuse et vibrante. Parfait pour le Vet Red Friday !<\/p>\n<ul>\n<li>  Service m\u00e9dical<\/li>\n<li>  Minist\u00e8re des anciens combattants<\/li>\n<\/ul>\n<p>&nbsp;<\/p>\n<h5>Tailles disponibles :<\/h5>\n<p>- Moyen<\/p>\n<p>- Grandes dimensions<\/p>\n<p>- X-Large<\/p>\n<p>- XX-Large<\/p>\n<p>&nbsp;<\/p>\n<h5>Instructions d&rsquo;entretien :<\/h5>\n<p>- Lavage en machine \u00e0 froid avec des couleurs similaires.<\/p>\n<p>- S\u00e9chage par culbutage \u00e0 basse temp\u00e9rature.<\/p>\n<p>- Ne repassez pas les d\u00e9corations.<\/p>\n<p>&nbsp;<\/p>\n<h5>Parfait pour :<\/h5>\n<p>- Port\u00e9 tous les jours<\/p>\n<p>- Soutenir votre marque m\u00e9dicale pr\u00e9f\u00e9r\u00e9e<\/p>\n<p>- Tenue confortable pour le travail \u00e0 domicile<\/p>\n<p>&nbsp;<\/p>\n<h4><em>Procurez-vous d\u00e8s aujourd&rsquo;hui votre T-shirt Mendo \u00ab\u00a0Propri\u00e9t\u00e9 de\u00a0\u00bb et repr\u00e9sentez avec fiert\u00e9 le service m\u00e9dical ou le service des anciens combattants de Mendo !<\/em><\/h4>\n","protected":false},"featured_media":182159,"comment_status":"closed","ping_status":"closed","template":"","meta":{"_acf_changed":false,"site-sidebar-layout":"default","site-content-layout":"","ast-site-content-layout":"default","site-content-style":"default","site-sidebar-style":"default","ast-global-header-display":"","ast-banner-title-visibility":"","ast-main-header-display":"","ast-hfb-above-header-display":"","ast-hfb-below-header-display":"","ast-hfb-mobile-header-display":"","site-post-title":"","ast-breadcrumbs-content":"","ast-featured-img":"","footer-sml-layout":"","ast-disable-related-posts":"","theme-transparent-header-meta":"default","adv-header-id-meta":"","stick-header-meta":"","header-above-stick-meta":"","header-main-stick-meta":"","header-below-stick-meta":"","astra-migrate-meta-layouts":"set","ast-page-background-enabled":"default","ast-page-background-meta":{"desktop":{"background-color":"var(--ast-global-color-4)","background-image":"","background-repeat":"repeat","background-position":"center center","background-size":"auto","background-attachment":"scroll","background-type":"","background-media":"","overlay-type":"","overlay-color":"","overlay-opacity":"","overlay-gradient":""},"tablet":{"background-color":"","background-image":"","background-repeat":"repeat","background-position":"center center","background-size":"auto","background-attachment":"scroll","background-type":"","background-media":"","overlay-type":"","overlay-color":"","overlay-opacity":"","overlay-gradient":""},"mobile":{"background-color":"","background-image":"","background-repeat":"repeat","background-position":"center center","background-size":"auto","background-attachment":"scroll","background-type":"","background-media":"","overlay-type":"","overlay-color":"","overlay-opacity":"","overlay-gradient":""}},"ast-content-background-meta":{"desktop":{"background-color":"var(--ast-global-color-5)","background-image":"","background-repeat":"repeat","background-position":"center center","background-size":"auto","background-attachment":"scroll","background-type":"","background-media":"","overlay-type":"","overlay-color":"","overlay-opacity":"","overlay-gradient":""},"tablet":{"background-color":"var(--ast-global-color-5)","background-image":"","background-repeat":"repeat","background-position":"center center","background-size":"auto","background-attachment":"scroll","background-type":"","background-media":"","overlay-type":"","overlay-color":"","overlay-opacity":"","overlay-gradient":""},"mobile":{"background-color":"var(--ast-global-color-5)","background-image":"","background-repeat":"repeat","background-position":"center center","background-size":"auto","background-attachment":"scroll","background-type":"","background-media":"","overlay-type":"","overlay-color":"","overlay-opacity":"","overlay-gradient":""}}},"product_brand":[4164],"product_cat":[1113,1104,1106],"product_tag":[1345],"product_format_filter":[],"class_list":{"0":"post-182146","1":"product","2":"type-product","3":"status-publish","4":"has-post-thumbnail","6":"product_brand-mendo-select","7":"product_cat-outils","8":"product_cat-accessoires","9":"product_cat-vetements","10":"product_tag-mendo-select-fr","11":"pa_sizes-large-fr","12":"pa_sizes-moyen","13":"pa_sizes-extra-large","14":"pa_sizes-extra-extra-large","15":"desktop-align-left","16":"tablet-align-left","17":"mobile-align-left","19":"first","20":"instock","21":"taxable","22":"shipping-taxable","23":"purchasable","24":"product-type-variable"},"group_of_quantity":0,"min_quantity":0,"max_quantity":"","exclude_order_quantity_value_rules":"no","exclude_category_quantity_rules":"no","combine_variations":"no","acf":[],"_links":{"self":[{"href":"https:\/\/mendomedical.ca\/fr\/wp-json\/wp\/v2\/product\/182146","targetHints":{"allow":["GET"]}}],"collection":[{"href":"https:\/\/mendomedical.ca\/fr\/wp-json\/wp\/v2\/product"}],"about":[{"href":"https:\/\/mendomedical.ca\/fr\/wp-json\/wp\/v2\/types\/product"}],"replies":[{"embeddable":true,"href":"https:\/\/mendomedical.ca\/fr\/wp-json\/wp\/v2\/comments?post=182146"}],"wp:featuredmedia":[{"embeddable":true,"href":"https:\/\/mendomedical.ca\/fr\/wp-json\/wp\/v2\/media\/182159"}],"wp:attachment":[{"href":"https:\/\/mendomedical.ca\/fr\/wp-json\/wp\/v2\/media?parent=182146"}],"wp:term":[{"taxonomy":"product_brand","embeddable":true,"href":"https:\/\/mendomedical.ca\/fr\/wp-json\/wp\/v2\/product_brand?post=182146"},{"taxonomy":"product_cat","embeddable":true,"href":"https:\/\/mendomedical.ca\/fr\/wp-json\/wp\/v2\/product_cat?post=182146"},{"taxonomy":"product_tag","embeddable":true,"href":"https:\/\/mendomedical.ca\/fr\/wp-json\/wp\/v2\/product_tag?post=182146"},{"taxonomy":"product_format_filter","embeddable":true,"href":"https:\/\/mendomedical.ca\/fr\/wp-json\/wp\/v2\/product_format_filter?post=182146"}],"curies":[{"name":"wp","href":"https:\/\/api.w.org\/{rel}","templated":true}]}}