{"id":182136,"date":"2023-05-21T15:55:03","date_gmt":"2023-05-21T19:55:03","guid":{"rendered":"https:\/\/mendomedical.ca\/?post_type=product&#038;p=182136"},"modified":"2025-10-14T10:24:35","modified_gmt":"2025-10-14T14:24:35","slug":"mendo-t-shirt-veteran-department-red","status":"publish","type":"product","link":"https:\/\/mendomedical.ca\/fr\/produit\/mendo-t-shirt-veteran-department-red\/","title":{"rendered":"T-Shirt Mendo - D\u00e9partement des anciens combattants (rouge)"},"content":{"rendered":"","protected":false},"excerpt":{"rendered":"<div class=\"ExternalClass7A1E293CB6524756A87B440C0A02AB47\">\n<h3>T-Shirt Mendo - D\u00e9partement des anciens combattants (rouge)<\/h3>\n<p>Soutenez votre attachement \u00e0 Mendo Medical avec notre t-shirt exclusif Veteran Department, d&rsquo;un rouge cerise antique saisissant. Fabriqu\u00e9 dans un tissu doux de premi\u00e8re qualit\u00e9, ce t-shirt confortable pour tous les jours comporte le motif distinctif \u00ab\u00a0Propri\u00e9t\u00e9 de Mendo - D\u00e9partement des v\u00e9t\u00e9rans\u00a0\u00bb. Parfait pour montrer votre affiliation tout en profitant d&rsquo;un confort et d&rsquo;une durabilit\u00e9 sup\u00e9rieurs.  <\/p>\n<h4>Caract\u00e9ristiques principales<\/h4>\n<ul>\n<li>La construction en tissu doux et durable de premi\u00e8re qualit\u00e9 garantit un confort durable.<\/li>\n<li>Coupe classique convenant \u00e0 une utilisation tout au long de la journ\u00e9e<\/li>\n<li>Graphique gras \u00ab\u00a0Propri\u00e9t\u00e9 de Mendo - D\u00e9partement des anciens combattants\u00a0\u00bb en rouge cerise antique<\/li>\n<li>Disponible de la taille moyenne \u00e0 la taille XX-Large<\/li>\n<li>Lavable en machine pour un entretien facile<\/li>\n<\/ul>\n<h4>Pourquoi choisir Mendo Apparel<\/h4>\n<p>Montrez votre soutien \u00e0 la plateforme m\u00e9dicale de confiance du Canada tout en profitant d&rsquo;un confort optimal. Ce t-shirt exclusif permet aux utilisateurs m\u00e9dicaux et aux v\u00e9t\u00e9rans d&rsquo;afficher fi\u00e8rement leur lien avec la communaut\u00e9 de Mendo Medical. <\/p>\n<h4>Exp\u00e9dition dans tout le Canada<\/h4>\n<p>Votre t-shirt Mendo - D\u00e9partement des anciens combattants (rouge) est exp\u00e9di\u00e9 rapidement partout au Canada. Nous offrons la livraison gratuite pour toutes les commandes de plus de 150 $, ce qui vous assure de recevoir vos v\u00eatements rapidement et \u00e0 un prix abordable. <\/p>\n<h4>Avantages et couverture pour les anciens combattants<\/h4>\n<p>Bien que ce v\u00eatement ne soit pas admissible \u00e0 la couverture d&rsquo;ACC, Mendo Medical offre une vaste gamme de produits de cannabis m\u00e9dical qui sont admissibles \u00e0 la couverture d&rsquo;Anciens Combattants Canada avec facturation directe par l&rsquo;entremise de la Croix Bleue - ce qui signifie qu&rsquo;il n&rsquo;y a pas de frais \u00e0 d\u00e9bourser pour les articles admissibles. Si vous n&rsquo;avez pas encore obtenu votre carte m\u00e9dicale, <a href=\"https:\/\/mendomedical.ca\/fr\/carte-medicale\/\">obtenez votre carte m\u00e9dicale gratuite rapidement et facilement<\/a> pour acc\u00e9der aux avantages de la couverture. <\/p>\n<\/div>\n","protected":false},"featured_media":182153,"comment_status":"closed","ping_status":"closed","template":"","meta":{"_acf_changed":false,"site-sidebar-layout":"default","site-content-layout":"","ast-site-content-layout":"default","site-content-style":"default","site-sidebar-style":"default","ast-global-header-display":"","ast-banner-title-visibility":"","ast-main-header-display":"","ast-hfb-above-header-display":"","ast-hfb-below-header-display":"","ast-hfb-mobile-header-display":"","site-post-title":"","ast-breadcrumbs-content":"","ast-featured-img":"","footer-sml-layout":"","ast-disable-related-posts":"","theme-transparent-header-meta":"default","adv-header-id-meta":"","stick-header-meta":"","header-above-stick-meta":"","header-main-stick-meta":"","header-below-stick-meta":"","astra-migrate-meta-layouts":"set","ast-page-background-enabled":"default","ast-page-background-meta":{"desktop":{"background-color":"var(--ast-global-color-4)","background-image":"","background-repeat":"repeat","background-position":"center center","background-size":"auto","background-attachment":"scroll","background-type":"","background-media":"","overlay-type":"","overlay-color":"","overlay-opacity":"","overlay-gradient":""},"tablet":{"background-color":"","background-image":"","background-repeat":"repeat","background-position":"center center","background-size":"auto","background-attachment":"scroll","background-type":"","background-media":"","overlay-type":"","overlay-color":"","overlay-opacity":"","overlay-gradient":""},"mobile":{"background-color":"","background-image":"","background-repeat":"repeat","background-position":"center center","background-size":"auto","background-attachment":"scroll","background-type":"","background-media":"","overlay-type":"","overlay-color":"","overlay-opacity":"","overlay-gradient":""}},"ast-content-background-meta":{"desktop":{"background-color":"var(--ast-global-color-5)","background-image":"","background-repeat":"repeat","background-position":"center center","background-size":"auto","background-attachment":"scroll","background-type":"","background-media":"","overlay-type":"","overlay-color":"","overlay-opacity":"","overlay-gradient":""},"tablet":{"background-color":"var(--ast-global-color-5)","background-image":"","background-repeat":"repeat","background-position":"center center","background-size":"auto","background-attachment":"scroll","background-type":"","background-media":"","overlay-type":"","overlay-color":"","overlay-opacity":"","overlay-gradient":""},"mobile":{"background-color":"var(--ast-global-color-5)","background-image":"","background-repeat":"repeat","background-position":"center center","background-size":"auto","background-attachment":"scroll","background-type":"","background-media":"","overlay-type":"","overlay-color":"","overlay-opacity":"","overlay-gradient":""}}},"product_brand":[4164],"product_cat":[1113,1104,1106],"product_tag":[1345],"product_format_filter":[],"class_list":{"0":"post-182136","1":"product","2":"type-product","3":"status-publish","4":"has-post-thumbnail","6":"product_brand-mendo-select","7":"product_cat-outils","8":"product_cat-accessoires","9":"product_cat-vetements","10":"product_tag-mendo-select-fr","11":"pa_sizes-large-fr","12":"pa_sizes-moyen","13":"pa_sizes-petit","14":"pa_sizes-extra-large","15":"pa_sizes-extra-extra-large","16":"pa_sizes-xxxl-fr","17":"desktop-align-left","18":"tablet-align-left","19":"mobile-align-left","21":"first","22":"instock","23":"taxable","24":"shipping-taxable","25":"purchasable","26":"product-type-variable"},"group_of_quantity":0,"min_quantity":0,"max_quantity":"","exclude_order_quantity_value_rules":"no","exclude_category_quantity_rules":"no","combine_variations":"no","acf":[],"_links":{"self":[{"href":"https:\/\/mendomedical.ca\/fr\/wp-json\/wp\/v2\/product\/182136","targetHints":{"allow":["GET"]}}],"collection":[{"href":"https:\/\/mendomedical.ca\/fr\/wp-json\/wp\/v2\/product"}],"about":[{"href":"https:\/\/mendomedical.ca\/fr\/wp-json\/wp\/v2\/types\/product"}],"replies":[{"embeddable":true,"href":"https:\/\/mendomedical.ca\/fr\/wp-json\/wp\/v2\/comments?post=182136"}],"wp:featuredmedia":[{"embeddable":true,"href":"https:\/\/mendomedical.ca\/fr\/wp-json\/wp\/v2\/media\/182153"}],"wp:attachment":[{"href":"https:\/\/mendomedical.ca\/fr\/wp-json\/wp\/v2\/media?parent=182136"}],"wp:term":[{"taxonomy":"product_brand","embeddable":true,"href":"https:\/\/mendomedical.ca\/fr\/wp-json\/wp\/v2\/product_brand?post=182136"},{"taxonomy":"product_cat","embeddable":true,"href":"https:\/\/mendomedical.ca\/fr\/wp-json\/wp\/v2\/product_cat?post=182136"},{"taxonomy":"product_tag","embeddable":true,"href":"https:\/\/mendomedical.ca\/fr\/wp-json\/wp\/v2\/product_tag?post=182136"},{"taxonomy":"product_format_filter","embeddable":true,"href":"https:\/\/mendomedical.ca\/fr\/wp-json\/wp\/v2\/product_format_filter?post=182136"}],"curies":[{"name":"wp","href":"https:\/\/api.w.org\/{rel}","templated":true}]}}