{"id":182080,"date":"2023-05-15T16:00:19","date_gmt":"2023-05-15T20:00:19","guid":{"rendered":"https:\/\/mendomedical.ca\/product\/master-kit-6-dabtools-stainless-steel-2\/"},"modified":"2026-03-23T08:23:47","modified_gmt":"2026-03-23T12:23:47","slug":"master-kit-6-dabtools-stainless-steel-2","status":"publish","type":"product","link":"https:\/\/mendomedical.ca\/fr\/produit\/master-kit-6-dabtools-stainless-steel-2\/","title":{"rendered":"Kit principal (6 Dabtools) - Acier inoxydable -"},"content":{"rendered":"","protected":false},"excerpt":{"rendered":"<div class=\"ExternalClass3419B5A29BB7472F8F111B470D4F53A8\">\n<h3>Skilletools Master Kit (6 Dabtools) - Collection Premium en acier inoxydable<\/h3>\n<p>Le Skilletools Master Kit offre une pr\u00e9cision de niveau professionnel pour les amateurs de concentr\u00e9, avec six outils de dab en acier inoxydable fabriqu\u00e9s par des experts, r\u00e9unis en une seule collection compl\u00e8te. Cette bo\u00eete \u00e0 outils polyvalente fournit aux patients du cannabis m\u00e9dical l&rsquo;outil ad\u00e9quat pour chaque consistance de concentr\u00e9, du shatter \u00e0 la cire, garantissant ainsi une manipulation et une consommation optimales du produit. Chaque outil \u00e0 double face offre une fonctionnalit\u00e9 distincte tout en conservant la durabilit\u00e9 et les normes d&rsquo;hygi\u00e8ne essentielles \u00e0 l&rsquo;utilisation m\u00e9dicale.  <\/p>\n<h4>Caract\u00e9ristiques principales<\/h4>\n<ul>\n<li>La construction en acier inoxydable de premi\u00e8re qualit\u00e9 r\u00e9siste au ternissement et garantit des performances durables.<\/li>\n<li>Six outils sp\u00e9cialis\u00e9s, dont Flexy, Scoop Dogg, Glassy, Sharpy, et deux Pro Tools<\/li>\n<li>La conception \u00e0 double face maximise la fonctionnalit\u00e9 avec des poign\u00e9es faciles \u00e0 saisir pour un contr\u00f4le pr\u00e9cis.<\/li>\n<li>L&rsquo;\u00e9tui de transport protecteur permet d&rsquo;organiser les outils et de les transporter pour les ranger facilement.<\/li>\n<li>Compagnon id\u00e9al pour la collecte de la presse \u00e0 rosin et diverses applications de concentr\u00e9<\/li>\n<\/ul>\n<h4>Pourquoi choisir les outils Concentrate ?<\/h4>\n<p>Des outils de d\u00e9shabillage de qualit\u00e9 sont essentiels pour les patients qui consomment du cannabis m\u00e9dical sous forme de concentr\u00e9s, car ils permettent un contr\u00f4le pr\u00e9cis du dosage et pr\u00e9servent la puret\u00e9 du produit. Les bons outils permettent de pr\u00e9server les profils terp\u00e9niques et d&rsquo;\u00e9viter le gaspillage, ce qui permet aux patients de b\u00e9n\u00e9ficier pleinement des bienfaits th\u00e9rapeutiques de leur m\u00e9dicament. <\/p>\n<h4>Exp\u00e9dition dans tout le Canada<\/h4>\n<p>Le Skilletools Master Kit est exp\u00e9di\u00e9 rapidement \u00e0 travers le Canada avec une livraison gratuite pour les commandes de plus de 150 $. Nous assurons un emballage s\u00e9curitaire pour prot\u00e9ger votre investissement pendant le transport. <\/p>\n<p>&nbsp;<\/p>\n<\/div>\n","protected":false},"featured_media":103952,"comment_status":"closed","ping_status":"closed","template":"","meta":{"_acf_changed":false,"site-sidebar-layout":"default","site-content-layout":"","ast-site-content-layout":"default","site-content-style":"default","site-sidebar-style":"default","ast-global-header-display":"","ast-banner-title-visibility":"","ast-main-header-display":"","ast-hfb-above-header-display":"","ast-hfb-below-header-display":"","ast-hfb-mobile-header-display":"","site-post-title":"","ast-breadcrumbs-content":"","ast-featured-img":"","footer-sml-layout":"","ast-disable-related-posts":"","theme-transparent-header-meta":"default","adv-header-id-meta":"","stick-header-meta":"","header-above-stick-meta":"","header-main-stick-meta":"","header-below-stick-meta":"","astra-migrate-meta-layouts":"set","ast-page-background-enabled":"default","ast-page-background-meta":{"desktop":{"background-color":"var(--ast-global-color-4)","background-image":"","background-repeat":"repeat","background-position":"center center","background-size":"auto","background-attachment":"scroll","background-type":"","background-media":"","overlay-type":"","overlay-color":"","overlay-opacity":"","overlay-gradient":""},"tablet":{"background-color":"","background-image":"","background-repeat":"repeat","background-position":"center center","background-size":"auto","background-attachment":"scroll","background-type":"","background-media":"","overlay-type":"","overlay-color":"","overlay-opacity":"","overlay-gradient":""},"mobile":{"background-color":"","background-image":"","background-repeat":"repeat","background-position":"center center","background-size":"auto","background-attachment":"scroll","background-type":"","background-media":"","overlay-type":"","overlay-color":"","overlay-opacity":"","overlay-gradient":""}},"ast-content-background-meta":{"desktop":{"background-color":"var(--ast-global-color-5)","background-image":"","background-repeat":"repeat","background-position":"center center","background-size":"auto","background-attachment":"scroll","background-type":"","background-media":"","overlay-type":"","overlay-color":"","overlay-opacity":"","overlay-gradient":""},"tablet":{"background-color":"var(--ast-global-color-5)","background-image":"","background-repeat":"repeat","background-position":"center center","background-size":"auto","background-attachment":"scroll","background-type":"","background-media":"","overlay-type":"","overlay-color":"","overlay-opacity":"","overlay-gradient":""},"mobile":{"background-color":"var(--ast-global-color-5)","background-image":"","background-repeat":"repeat","background-position":"center center","background-size":"auto","background-attachment":"scroll","background-type":"","background-media":"","overlay-type":"","overlay-color":"","overlay-opacity":"","overlay-gradient":""}}},"product_brand":[],"product_cat":[1113,1104],"product_tag":[2228],"product_format_filter":[],"class_list":{"0":"post-182080","1":"product","2":"type-product","3":"status-publish","4":"has-post-thumbnail","6":"product_cat-outils","7":"product_cat-accessoires","8":"product_tag-skilletools-fr","9":"pa_marques-skilletools-fr","10":"pa_origin-ontario-fr","11":"desktop-align-left","12":"tablet-align-left","13":"mobile-align-left","15":"first","16":"instock","17":"taxable","18":"shipping-taxable","19":"purchasable","20":"product-type-simple"},"group_of_quantity":0,"min_quantity":0,"max_quantity":"","exclude_order_quantity_value_rules":"no","exclude_category_quantity_rules":"no","combine_variations":"no","acf":[],"_links":{"self":[{"href":"https:\/\/mendomedical.ca\/fr\/wp-json\/wp\/v2\/product\/182080","targetHints":{"allow":["GET"]}}],"collection":[{"href":"https:\/\/mendomedical.ca\/fr\/wp-json\/wp\/v2\/product"}],"about":[{"href":"https:\/\/mendomedical.ca\/fr\/wp-json\/wp\/v2\/types\/product"}],"replies":[{"embeddable":true,"href":"https:\/\/mendomedical.ca\/fr\/wp-json\/wp\/v2\/comments?post=182080"}],"wp:featuredmedia":[{"embeddable":true,"href":"https:\/\/mendomedical.ca\/fr\/wp-json\/wp\/v2\/media\/103952"}],"wp:attachment":[{"href":"https:\/\/mendomedical.ca\/fr\/wp-json\/wp\/v2\/media?parent=182080"}],"wp:term":[{"taxonomy":"product_brand","embeddable":true,"href":"https:\/\/mendomedical.ca\/fr\/wp-json\/wp\/v2\/product_brand?post=182080"},{"taxonomy":"product_cat","embeddable":true,"href":"https:\/\/mendomedical.ca\/fr\/wp-json\/wp\/v2\/product_cat?post=182080"},{"taxonomy":"product_tag","embeddable":true,"href":"https:\/\/mendomedical.ca\/fr\/wp-json\/wp\/v2\/product_tag?post=182080"},{"taxonomy":"product_format_filter","embeddable":true,"href":"https:\/\/mendomedical.ca\/fr\/wp-json\/wp\/v2\/product_format_filter?post=182080"}],"curies":[{"name":"wp","href":"https:\/\/api.w.org\/{rel}","templated":true}]}}