{"id":182065,"date":"2023-05-21T15:03:36","date_gmt":"2023-05-21T19:03:36","guid":{"rendered":"https:\/\/mendomedical.ca\/?post_type=product&#038;p=182065"},"modified":"2025-11-19T12:09:56","modified_gmt":"2025-11-19T17:09:56","slug":"mendo-t-shirt-veteran-department-black","status":"publish","type":"product","link":"https:\/\/mendomedical.ca\/fr\/produit\/mendo-t-shirt-veteran-department-black\/","title":{"rendered":"T-Shirt Mendo - D\u00e9partement des anciens combattants (noir)"},"content":{"rendered":"","protected":false},"excerpt":{"rendered":"<div class=\"ExternalClassCA196919C8D7488684C58FF82CB30D17\">\n<h3>T-Shirt Mendo - D\u00e9partement des anciens combattants (noir)<\/h3>\n<p>Montrez votre all\u00e9geance \u00e0 la communaut\u00e9 Mendo avec ce t-shirt de premi\u00e8re qualit\u00e9 Veteran Department en noir classique. Fabriqu\u00e9 dans un tissu doux et r\u00e9sistant, ce t-shirt confortable pour tous les jours pr\u00e9sente le motif distinctif \u00ab\u00a0Property of Mendo\u00a0\u00bb, ce qui en fait le moyen id\u00e9al de repr\u00e9senter votre soutien \u00e0 l&rsquo;accessibilit\u00e9 du cannabis m\u00e9dical. La couleur noire intemporelle s&rsquo;adapte \u00e0 toutes les garde-robes tout en conservant l&rsquo;esth\u00e9tique professionnelle qui distingue Mendo.  <\/p>\n<h4>Caract\u00e9ristiques principales<\/h4>\n<ul>\n<li>Le m\u00e9lange de tissus doux au toucher de premi\u00e8re qualit\u00e9 garantit un confort et une durabilit\u00e9 durables gr\u00e2ce \u00e0 une utilisation r\u00e9guli\u00e8re.<\/li>\n<li>La coupe classique permet \u00e0 toutes les silhouettes de se sentir \u00e0 l&rsquo;aise au quotidien.<\/li>\n<li>Le graphisme \u00ab\u00a0Propri\u00e9t\u00e9 de Mendo - D\u00e9partement des v\u00e9t\u00e9rans\u00a0\u00bb montre votre soutien \u00e0 l&rsquo;acc\u00e8s au cannabis m\u00e9dical.<\/li>\n<li>Disponible dans les tailles Medium \u00e0 XX-Large pour s&rsquo;adapter aux pr\u00e9f\u00e9rences de chacun.<\/li>\n<li>Le tissu facile d&rsquo;entretien n\u00e9cessite un minimum de maintenance - lavable en machine pour plus de commodit\u00e9<\/li>\n<\/ul>\n<h4>Pourquoi choisir Mendo Apparel<\/h4>\n<p>Soutenir l&rsquo;accessibilit\u00e9 du cannabis m\u00e9dical va au-del\u00e0 des seuls produits. En portant des v\u00eatements Mendo, vous rejoignez une communaut\u00e9 qui se consacre \u00e0 l&rsquo;am\u00e9lioration de l&rsquo;acc\u00e8s au cannabis m\u00e9dical pour tous les Canadiens, en particulier les anciens combattants qui ont servi notre pays. Ce t-shirt confortable et de qualit\u00e9 vous permet d&rsquo;afficher votre soutien tout en profitant d&rsquo;une tenue de tous les jours de qualit\u00e9.  <\/p>\n<h4>Exp\u00e9dition dans tout le Canada<\/h4>\n<p>Le t-shirt Mendo - Veteran Department (noir) est exp\u00e9di\u00e9 rapidement \u00e0 travers le Canada. Nous offrons la livraison gratuite pour toutes les commandes de plus de 150 $, ce qui vous assure de recevoir vos v\u00eatements Mendo rapidement et \u00e0 un prix abordable. <\/p>\n<h4>Avantages et couverture pour les anciens combattants<\/h4>\n<p>Le T-shirt Mendo - D\u00e9partement des anciens combattants (noir) est admissible \u00e0 la couverture d&rsquo;ACC (Anciens Combattants Canada) avec facturation directe par l&rsquo;entremise de la Croix Bleue, ce qui signifie que les anciens combattants admissibles n&rsquo;ont pas \u00e0 d\u00e9bourser d&rsquo;argent. Si vous n&rsquo;avez pas encore votre carte m\u00e9dicale, vous pouvez l&rsquo;obtenir rapidement et facilement gr\u00e2ce \u00e0 <a href=\"https:\/\/mendomedical.ca\/fr\/carte-medicale\/\">notre processus de demande simplifi\u00e9<\/a>. <\/p>\n<\/div>\n","protected":false},"featured_media":182068,"comment_status":"closed","ping_status":"closed","template":"","meta":{"_acf_changed":false,"site-sidebar-layout":"default","site-content-layout":"","ast-site-content-layout":"default","site-content-style":"default","site-sidebar-style":"default","ast-global-header-display":"","ast-banner-title-visibility":"","ast-main-header-display":"","ast-hfb-above-header-display":"","ast-hfb-below-header-display":"","ast-hfb-mobile-header-display":"","site-post-title":"","ast-breadcrumbs-content":"","ast-featured-img":"","footer-sml-layout":"","ast-disable-related-posts":"","theme-transparent-header-meta":"default","adv-header-id-meta":"","stick-header-meta":"","header-above-stick-meta":"","header-main-stick-meta":"","header-below-stick-meta":"","astra-migrate-meta-layouts":"set","ast-page-background-enabled":"default","ast-page-background-meta":{"desktop":{"background-color":"var(--ast-global-color-4)","background-image":"","background-repeat":"repeat","background-position":"center center","background-size":"auto","background-attachment":"scroll","background-type":"","background-media":"","overlay-type":"","overlay-color":"","overlay-opacity":"","overlay-gradient":""},"tablet":{"background-color":"","background-image":"","background-repeat":"repeat","background-position":"center center","background-size":"auto","background-attachment":"scroll","background-type":"","background-media":"","overlay-type":"","overlay-color":"","overlay-opacity":"","overlay-gradient":""},"mobile":{"background-color":"","background-image":"","background-repeat":"repeat","background-position":"center center","background-size":"auto","background-attachment":"scroll","background-type":"","background-media":"","overlay-type":"","overlay-color":"","overlay-opacity":"","overlay-gradient":""}},"ast-content-background-meta":{"desktop":{"background-color":"var(--ast-global-color-5)","background-image":"","background-repeat":"repeat","background-position":"center center","background-size":"auto","background-attachment":"scroll","background-type":"","background-media":"","overlay-type":"","overlay-color":"","overlay-opacity":"","overlay-gradient":""},"tablet":{"background-color":"var(--ast-global-color-5)","background-image":"","background-repeat":"repeat","background-position":"center center","background-size":"auto","background-attachment":"scroll","background-type":"","background-media":"","overlay-type":"","overlay-color":"","overlay-opacity":"","overlay-gradient":""},"mobile":{"background-color":"var(--ast-global-color-5)","background-image":"","background-repeat":"repeat","background-position":"center center","background-size":"auto","background-attachment":"scroll","background-type":"","background-media":"","overlay-type":"","overlay-color":"","overlay-opacity":"","overlay-gradient":""}}},"product_brand":[],"product_cat":[1113,1104,1106],"product_tag":[1345],"product_format_filter":[],"class_list":{"0":"post-182065","1":"product","2":"type-product","3":"status-publish","4":"has-post-thumbnail","6":"product_cat-outils","7":"product_cat-accessoires","8":"product_cat-vetements","9":"product_tag-mendo-select-fr","10":"pa_sizes-large-fr","11":"pa_sizes-moyen","12":"pa_sizes-petit","13":"pa_sizes-extra-large","14":"pa_sizes-extra-extra-large","15":"pa_sizes-xxxl-fr","16":"desktop-align-left","17":"tablet-align-left","18":"mobile-align-left","20":"first","21":"instock","22":"taxable","23":"shipping-taxable","24":"purchasable","25":"product-type-variable"},"group_of_quantity":0,"min_quantity":0,"max_quantity":"","exclude_order_quantity_value_rules":"no","exclude_category_quantity_rules":"no","combine_variations":"no","acf":[],"_links":{"self":[{"href":"https:\/\/mendomedical.ca\/fr\/wp-json\/wp\/v2\/product\/182065","targetHints":{"allow":["GET"]}}],"collection":[{"href":"https:\/\/mendomedical.ca\/fr\/wp-json\/wp\/v2\/product"}],"about":[{"href":"https:\/\/mendomedical.ca\/fr\/wp-json\/wp\/v2\/types\/product"}],"replies":[{"embeddable":true,"href":"https:\/\/mendomedical.ca\/fr\/wp-json\/wp\/v2\/comments?post=182065"}],"wp:featuredmedia":[{"embeddable":true,"href":"https:\/\/mendomedical.ca\/fr\/wp-json\/wp\/v2\/media\/182068"}],"wp:attachment":[{"href":"https:\/\/mendomedical.ca\/fr\/wp-json\/wp\/v2\/media?parent=182065"}],"wp:term":[{"taxonomy":"product_brand","embeddable":true,"href":"https:\/\/mendomedical.ca\/fr\/wp-json\/wp\/v2\/product_brand?post=182065"},{"taxonomy":"product_cat","embeddable":true,"href":"https:\/\/mendomedical.ca\/fr\/wp-json\/wp\/v2\/product_cat?post=182065"},{"taxonomy":"product_tag","embeddable":true,"href":"https:\/\/mendomedical.ca\/fr\/wp-json\/wp\/v2\/product_tag?post=182065"},{"taxonomy":"product_format_filter","embeddable":true,"href":"https:\/\/mendomedical.ca\/fr\/wp-json\/wp\/v2\/product_format_filter?post=182065"}],"curies":[{"name":"wp","href":"https:\/\/api.w.org\/{rel}","templated":true}]}}