{"id":182050,"date":"2024-09-01T01:00:43","date_gmt":"2024-09-01T05:00:43","guid":{"rendered":"https:\/\/mendomedical.ca\/?post_type=product&#038;p=182050"},"modified":"2025-03-31T14:27:27","modified_gmt":"2025-03-31T18:27:27","slug":"gas-pack-pre-rolls-bty-gp-wyld-stallion","status":"publish","type":"product","link":"https:\/\/mendomedical.ca\/fr\/produit\/gas-pack-pre-rolls-bty-gp-wyld-stallion\/","title":{"rendered":"Gas Pack Pre-Rolls (BTY GP &#038; Wyld Stallion)"},"content":{"rendered":"","protected":false},"excerpt":{"rendered":"<div class=\"Qr7Oae\" role=\"listitem\">\n<div class=\"OxAavc NVbRL\" data-item-id=\"1198376709\">\n<div class=\"xMZTse Ih4Dzb\">\n<p><strong>BTY GP \/ 4-5% Terps<\/strong><\/p>\n<p>&nbsp;<\/p>\n<p><strong>Wyld Stallion \/ 4-5% Terps<\/strong><\/p>\n<p><strong>Wyld Stallion est une vari\u00e9t\u00e9 hybride \u00e9quilibr\u00e9e (50 % indica\/50 % sativa) cr\u00e9\u00e9e en croisant les puissantes vari\u00e9t\u00e9s R4 X Wildhorse. Une t\u00eate apaisante avec une puissance m\u00e9dicinale \u00e9lev\u00e9e, Wyld Stallion est le choix parfait pour apaiser tous vos maux et douleurs. Le niveau de THC de Wyld Stallion est assez minime, ce qui rend ses effets plus apaisants qu\u2019autre chose. Vous vous sentirez l\u00e9g\u00e8rement boost\u00e9 du d\u00e9but \u00e0 la fin, lib\u00e9rant votre esprit de toute humeur n\u00e9gative ou de pens\u00e9es pr\u00e9cipit\u00e9es. En m\u00eame temps, une sensation d\u2019apaisement s\u2019infiltrera dans votre corps, vous aidant \u00e0 vous \u00e9tirer et \u00e0 vous d\u00e9tendre sans diminuer le moins du monde votre niveau d\u2019\u00e9nergie.<\/strong><\/p>\n<\/div>\n<\/div>\n<\/div>\n","protected":false},"featured_media":182056,"comment_status":"closed","ping_status":"closed","template":"","meta":{"_acf_changed":false,"site-sidebar-layout":"default","site-content-layout":"","ast-site-content-layout":"default","site-content-style":"default","site-sidebar-style":"default","ast-global-header-display":"","ast-banner-title-visibility":"","ast-main-header-display":"","ast-hfb-above-header-display":"","ast-hfb-below-header-display":"","ast-hfb-mobile-header-display":"","site-post-title":"","ast-breadcrumbs-content":"","ast-featured-img":"","footer-sml-layout":"","ast-disable-related-posts":"","theme-transparent-header-meta":"default","adv-header-id-meta":"","stick-header-meta":"","header-above-stick-meta":"","header-main-stick-meta":"","header-below-stick-meta":"","astra-migrate-meta-layouts":"set","ast-page-background-enabled":"default","ast-page-background-meta":{"desktop":{"background-color":"var(--ast-global-color-4)","background-image":"","background-repeat":"repeat","background-position":"center center","background-size":"auto","background-attachment":"scroll","background-type":"","background-media":"","overlay-type":"","overlay-color":"","overlay-opacity":"","overlay-gradient":""},"tablet":{"background-color":"","background-image":"","background-repeat":"repeat","background-position":"center center","background-size":"auto","background-attachment":"scroll","background-type":"","background-media":"","overlay-type":"","overlay-color":"","overlay-opacity":"","overlay-gradient":""},"mobile":{"background-color":"","background-image":"","background-repeat":"repeat","background-position":"center center","background-size":"auto","background-attachment":"scroll","background-type":"","background-media":"","overlay-type":"","overlay-color":"","overlay-opacity":"","overlay-gradient":""}},"ast-content-background-meta":{"desktop":{"background-color":"var(--ast-global-color-5)","background-image":"","background-repeat":"repeat","background-position":"center center","background-size":"auto","background-attachment":"scroll","background-type":"","background-media":"","overlay-type":"","overlay-color":"","overlay-opacity":"","overlay-gradient":""},"tablet":{"background-color":"var(--ast-global-color-5)","background-image":"","background-repeat":"repeat","background-position":"center center","background-size":"auto","background-attachment":"scroll","background-type":"","background-media":"","overlay-type":"","overlay-color":"","overlay-opacity":"","overlay-gradient":""},"mobile":{"background-color":"var(--ast-global-color-5)","background-image":"","background-repeat":"repeat","background-position":"center center","background-size":"auto","background-attachment":"scroll","background-type":"","background-media":"","overlay-type":"","overlay-color":"","overlay-opacity":"","overlay-gradient":""}}},"product_brand":[],"product_cat":[4803,1144],"product_tag":[2481],"product_format_filter":[],"class_list":{"0":"post-182050","1":"product","2":"type-product","3":"status-publish","4":"has-post-thumbnail","6":"product_cat-pre-rolls-non-infuses","7":"product_cat-pre-roules","8":"product_tag-strains-limited-fr","9":"pa_format-0-5g-x-2-fr","10":"pa_intensity-thc-moyen","11":"pa_marques-strains-limited-fr","12":"pa_origin-ontario-fr","13":"pa_profil-terpene-caryophyllene","14":"pa_profil-terpene-humulene-fr","15":"pa_thc-23-27","16":"pa_type-de-plante-hybride-indica-fr","17":"desktop-align-left","18":"tablet-align-left","19":"mobile-align-left","21":"first","22":"outofstock","23":"taxable","24":"shipping-taxable","25":"purchasable","26":"product-type-simple"},"group_of_quantity":0,"min_quantity":0,"max_quantity":"","exclude_order_quantity_value_rules":"no","exclude_category_quantity_rules":"no","combine_variations":"no","acf":[],"_links":{"self":[{"href":"https:\/\/mendomedical.ca\/fr\/wp-json\/wp\/v2\/product\/182050","targetHints":{"allow":["GET"]}}],"collection":[{"href":"https:\/\/mendomedical.ca\/fr\/wp-json\/wp\/v2\/product"}],"about":[{"href":"https:\/\/mendomedical.ca\/fr\/wp-json\/wp\/v2\/types\/product"}],"replies":[{"embeddable":true,"href":"https:\/\/mendomedical.ca\/fr\/wp-json\/wp\/v2\/comments?post=182050"}],"wp:featuredmedia":[{"embeddable":true,"href":"https:\/\/mendomedical.ca\/fr\/wp-json\/wp\/v2\/media\/182056"}],"wp:attachment":[{"href":"https:\/\/mendomedical.ca\/fr\/wp-json\/wp\/v2\/media?parent=182050"}],"wp:term":[{"taxonomy":"product_brand","embeddable":true,"href":"https:\/\/mendomedical.ca\/fr\/wp-json\/wp\/v2\/product_brand?post=182050"},{"taxonomy":"product_cat","embeddable":true,"href":"https:\/\/mendomedical.ca\/fr\/wp-json\/wp\/v2\/product_cat?post=182050"},{"taxonomy":"product_tag","embeddable":true,"href":"https:\/\/mendomedical.ca\/fr\/wp-json\/wp\/v2\/product_tag?post=182050"},{"taxonomy":"product_format_filter","embeddable":true,"href":"https:\/\/mendomedical.ca\/fr\/wp-json\/wp\/v2\/product_format_filter?post=182050"}],"curies":[{"name":"wp","href":"https:\/\/api.w.org\/{rel}","templated":true}]}}