{"id":182044,"date":"2025-09-19T20:50:11","date_gmt":"2025-09-20T00:50:11","guid":{"rendered":"https:\/\/mendomedical.ca\/?post_type=product&#038;p=182044"},"modified":"2026-04-12T09:27:05","modified_gmt":"2026-04-12T13:27:05","slug":"purple-mountain-majesty-pre-rolls","status":"publish","type":"product","link":"https:\/\/mendomedical.ca\/fr\/produit\/purple-mountain-majesty-pre-rolls\/","title":{"rendered":"Pr\u00e9-rolls Purple Mountain Majesty"},"content":{"rendered":"","protected":false},"excerpt":{"rendered":"<h3>Pr\u00e9-rolls de Purple Mountain Majesty par Mendo Select<\/h3>\n<p>D\u00e9couvrez l&rsquo;\u00e9quilibre et la raret\u00e9 \u00e0 chaque bouff\u00e9e avec les <strong>Pr\u00e9-rolls Purple Mountain Majesty, fabriqu\u00e9s de mani\u00e8re artisanale<\/strong>et soigneusement s\u00e9lectionn\u00e9s dans le cadre de la ligne Mendo Select. Ce cultivar insaisissable allie un h\u00e9ritage puissant \u00e0 un profil th\u00e9rapeutique de cannabino\u00efdes, offrant une exp\u00e9rience de consommation \u00e0 la fois raffin\u00e9e et accessible. <\/p>\n<p>&nbsp;<\/p>\n<h3>G\u00e9n\u00e9tique rare et effets \u00e9quilibr\u00e9s<\/h3>\n<p>S\u00e9lectionn\u00e9 \u00e0 l&rsquo;origine par <a title=\"En savoir plus sur Humboldt Seed Co\" href=\"https:\/\/humboldtseedcompany.com\/\" target=\"_blank\" rel=\"noopener\"><strong>Humboldt Seed Co.<\/strong><\/a> en Californie, Purple Mountain Majesty est un croisement entre la l\u00e9gendaire <strong>Train Wreck<\/strong> et la douce et apaisante <strong>Blueberry Muffin<\/strong>. Ce ph\u00e9notype est parfois appel\u00e9 \u00ab\u00a0<strong>Purple Train Wreck<\/strong>\u00a0\u00bb et est consid\u00e9r\u00e9 comme une licorne parmi les hybrides. <\/p>\n<p>Chaque Pr\u00e9-rolls est emball\u00e9 avec <strong>0,5 grammes<\/strong> de fleurs de cannabis finement moulues et de haute qualit\u00e9, offrant un <strong>ratio<\/strong>uniforme <strong>de 1:1 de CBD par rapport au THC - id\u00e9al<\/strong>pour les patients qui recherchent une exp\u00e9rience plus douce. Que vous commenciez votre journ\u00e9e ou que vous la terminiez, cet hybride \u00e9quilibr\u00e9 peut vous aider \u00e0 retrouver le calme et la clart\u00e9 sans pour autant vous submerger d&rsquo;intensit\u00e9. <\/p>\n<p>&nbsp;<\/p>\n<h3>Pourquoi les patients choisissent-ils Purple Mountain Majesty ?<\/h3>\n<ul>\n<li>1:1 CBD \/ THC pour un effet doux et \u00e9quilibr\u00e9<\/li>\n<li>Profil terp\u00e9nique naturellement doux et fruit\u00e9<\/li>\n<li>Hybride rare ayant le potentiel de r\u00e9pondre aux besoins de bien-\u00eatre<\/li>\n<li>Fabriqu\u00e9 par Mendo Select pour une coh\u00e9rence et une qualit\u00e9 optimales<\/li>\n<li>Les Pr\u00e9-rolls sont pr\u00eats \u00e0 l&#8217;emploi et ne n\u00e9cessitent ni broyage ni roulage.<\/li>\n<\/ul>\n<p>&nbsp;<\/p>\n<h3>Con\u00e7u pour les v\u00e9t\u00e9rans et \u00e9ligible \u00e0 l&rsquo;assurance<\/h3>\n<p>Les Pr\u00e9-rolls de Purple Mountain Majesty sont admissibles \u00e0 la facturation directe par l&rsquo;entremise d&rsquo;<strong>Anciens Combattants Canada (ACC) et de la Croix Bleue<\/strong>. Les anciens combattants et les premiers intervenants peuvent b\u00e9n\u00e9ficier d&rsquo;une couverture compl\u00e8te, et nous sommes fiers de prendre en charge les <strong>commandes provisoires jusqu&rsquo;\u00e0 300 grammes<\/strong> pendant que la documentation est en cours de traitement. <\/p>\n<p>&nbsp;<\/p>\n<h3>Cannabis de qualit\u00e9 livr\u00e9 dans tout le pays<\/h3>\n<p>Votre vie priv\u00e9e et votre exp\u00e9rience sont importantes. C&rsquo;est pourquoi chaque commande est <strong>exp\u00e9di\u00e9e rapidement, partout au Canada<\/strong>. Les commandes de plus de 150 $ donnent droit \u00e0 la livraison gratuite, et chaque colis est soigneusement pr\u00e9par\u00e9 pour garantir sa fra\u00eecheur et son int\u00e9grit\u00e9 \u00e0 l&rsquo;arriv\u00e9e.  <\/p>\n<p>&nbsp;<\/p>\n<h3>Id\u00e9al pour ceux qui<\/h3>\n<ul>\n<li><a title=\"Acheter des Pr\u00e9-rolls de cannabis chez Mendo Medical\" href=\"https:\/\/mendomedical.ca\/fr\/categorie-produit\/pre-roules\/\" target=\"_blank\" rel=\"noopener\">Pr\u00e9-rolls pour la commodit\u00e9<\/a> et la r\u00e9gularit\u00e9 du dosage.<\/li>\n<li>Vous \u00e9tudiez les hybrides \u00e9quilibr\u00e9s pour une utilisation en journ\u00e9e ou en soir\u00e9e.<\/li>\n<li>Peut chercher un soutien pour le stress, l&rsquo;anxi\u00e9t\u00e9 ou un l\u00e9ger malaise.<\/li>\n<li>Appr\u00e9ciez les vari\u00e9t\u00e9s rares, de qualit\u00e9 artisanale, qui ne sont pas largement disponibles.<\/li>\n<\/ul>\n<p>&nbsp;<\/p>\n<p>Si vous recherchez une vari\u00e9t\u00e9 1:1 unique dans un format Pr\u00e9-rolls pratique, <strong>Purple Mountain Majesty de <a title=\"Achetez du cannabis Mendo Select chez Mendo Medical\" href=\"https:\/\/mendomedical.ca\/fr\/categorie-produit\/selection-mendo\/\" target=\"_blank\" rel=\"noopener\">Mendo Select<\/a><\/strong> est un choix exceptionnel pour les consommateurs de cannabis m\u00e9dical exigeants. Que vous soyez un v\u00e9t\u00e9ran acc\u00e9dant \u00e0 une couverture VAC ou un civil explorant des options holistiques, c&rsquo;est un cultivar qui m\u00e9rite d&rsquo;\u00eatre d\u00e9couvert. <strong>Besoin d&rsquo;une carte m\u00e9dicale ?<\/strong> <a title=\"Obtenez un document sur le cannabis m\u00e9dical avec mendo medical\" href=\"https:\/\/mendomedical.ca\/fr\/carte-medicale\/\" target=\"_blank\" rel=\"noopener\">Obtenez votre document gratuit de cannabis m\u00e9dical<\/a> rapidement et facilement et commencez \u00e0 acheter tout de suite ! <\/p>\n<p>&nbsp;<\/p>\n","protected":false},"featured_media":182013,"comment_status":"closed","ping_status":"closed","template":"","meta":{"_acf_changed":false,"site-sidebar-layout":"default","site-content-layout":"","ast-site-content-layout":"default","site-content-style":"default","site-sidebar-style":"default","ast-global-header-display":"","ast-banner-title-visibility":"","ast-main-header-display":"","ast-hfb-above-header-display":"","ast-hfb-below-header-display":"","ast-hfb-mobile-header-display":"","site-post-title":"","ast-breadcrumbs-content":"","ast-featured-img":"","footer-sml-layout":"","ast-disable-related-posts":"","theme-transparent-header-meta":"default","adv-header-id-meta":"","stick-header-meta":"","header-above-stick-meta":"","header-main-stick-meta":"","header-below-stick-meta":"","astra-migrate-meta-layouts":"set","ast-page-background-enabled":"default","ast-page-background-meta":{"desktop":{"background-color":"var(--ast-global-color-4)","background-image":"","background-repeat":"repeat","background-position":"center center","background-size":"auto","background-attachment":"scroll","background-type":"","background-media":"","overlay-type":"","overlay-color":"","overlay-opacity":"","overlay-gradient":""},"tablet":{"background-color":"","background-image":"","background-repeat":"repeat","background-position":"center center","background-size":"auto","background-attachment":"scroll","background-type":"","background-media":"","overlay-type":"","overlay-color":"","overlay-opacity":"","overlay-gradient":""},"mobile":{"background-color":"","background-image":"","background-repeat":"repeat","background-position":"center center","background-size":"auto","background-attachment":"scroll","background-type":"","background-media":"","overlay-type":"","overlay-color":"","overlay-opacity":"","overlay-gradient":""}},"ast-content-background-meta":{"desktop":{"background-color":"var(--ast-global-color-5)","background-image":"","background-repeat":"repeat","background-position":"center center","background-size":"auto","background-attachment":"scroll","background-type":"","background-media":"","overlay-type":"","overlay-color":"","overlay-opacity":"","overlay-gradient":""},"tablet":{"background-color":"var(--ast-global-color-5)","background-image":"","background-repeat":"repeat","background-position":"center center","background-size":"auto","background-attachment":"scroll","background-type":"","background-media":"","overlay-type":"","overlay-color":"","overlay-opacity":"","overlay-gradient":""},"mobile":{"background-color":"var(--ast-global-color-5)","background-image":"","background-repeat":"repeat","background-position":"center center","background-size":"auto","background-attachment":"scroll","background-type":"","background-media":"","overlay-type":"","overlay-color":"","overlay-opacity":"","overlay-gradient":""}}},"product_brand":[],"product_cat":[4803,1140,1144],"product_tag":[1345],"product_format_filter":[6374],"class_list":{"0":"post-182044","1":"product","2":"type-product","3":"status-publish","4":"has-post-thumbnail","6":"product_cat-pre-rolls-non-infuses","7":"product_cat-selection-mendo","8":"product_cat-pre-roules","9":"product_tag-mendo-select-fr","10":"pa_cbd-6-9-fr","11":"pa_intensity-faible-thc","12":"pa_intensity-faible-cbd","13":"pa_marques-mendo-select-fr","14":"pa_origin-quebec-fr","15":"pa_profil-terpene-caryophyllene","16":"pa_profil-terpene-farnesene-fr","17":"pa_profil-terpene-myrcene","18":"pa_profil-terpene-pinene-fr","19":"pa_thc-8-10-fr","20":"pa_type-de-plante-hybride-indica-fr","21":"product_format_filter-0-5g","22":"desktop-align-left","23":"tablet-align-left","24":"mobile-align-left","26":"first","27":"instock","28":"taxable","29":"shipping-taxable","30":"purchasable","31":"product-type-simple"},"group_of_quantity":0,"min_quantity":0,"max_quantity":"","exclude_order_quantity_value_rules":"no","exclude_category_quantity_rules":"no","combine_variations":"no","acf":[],"_links":{"self":[{"href":"https:\/\/mendomedical.ca\/fr\/wp-json\/wp\/v2\/product\/182044","targetHints":{"allow":["GET"]}}],"collection":[{"href":"https:\/\/mendomedical.ca\/fr\/wp-json\/wp\/v2\/product"}],"about":[{"href":"https:\/\/mendomedical.ca\/fr\/wp-json\/wp\/v2\/types\/product"}],"replies":[{"embeddable":true,"href":"https:\/\/mendomedical.ca\/fr\/wp-json\/wp\/v2\/comments?post=182044"}],"wp:featuredmedia":[{"embeddable":true,"href":"https:\/\/mendomedical.ca\/fr\/wp-json\/wp\/v2\/media\/182013"}],"wp:attachment":[{"href":"https:\/\/mendomedical.ca\/fr\/wp-json\/wp\/v2\/media?parent=182044"}],"wp:term":[{"taxonomy":"product_brand","embeddable":true,"href":"https:\/\/mendomedical.ca\/fr\/wp-json\/wp\/v2\/product_brand?post=182044"},{"taxonomy":"product_cat","embeddable":true,"href":"https:\/\/mendomedical.ca\/fr\/wp-json\/wp\/v2\/product_cat?post=182044"},{"taxonomy":"product_tag","embeddable":true,"href":"https:\/\/mendomedical.ca\/fr\/wp-json\/wp\/v2\/product_tag?post=182044"},{"taxonomy":"product_format_filter","embeddable":true,"href":"https:\/\/mendomedical.ca\/fr\/wp-json\/wp\/v2\/product_format_filter?post=182044"}],"curies":[{"name":"wp","href":"https:\/\/api.w.org\/{rel}","templated":true}]}}