{"id":182042,"date":"2025-09-19T10:40:19","date_gmt":"2025-09-19T14:40:19","guid":{"rendered":"https:\/\/mendomedical.ca\/?post_type=product&#038;p=182042"},"modified":"2026-04-16T15:16:54","modified_gmt":"2026-04-16T19:16:54","slug":"royal-moby-pre-rolls","status":"publish","type":"product","link":"https:\/\/mendomedical.ca\/fr\/produit\/royal-moby-pre-rolls\/","title":{"rendered":"Pr\u00e9-rolls Royal Moby"},"content":{"rendered":"","protected":false},"excerpt":{"rendered":"<div class=\"ExternalClass7009F1F651474C3FA4E4F355C5A64DE3\">\n<h3>Royal Moby Pr\u00e9-rolls par Mendo Select<\/h3>\n<p>Faites l&rsquo;exp\u00e9rience de la pr\u00e9sence imposante de Royal Moby, un hybride \u00e0 dominante sativa con\u00e7u de mani\u00e8re experte par Mendo Select dans des Pr\u00e9-rolls pratiques. Chaque Pr\u00e9-rolls de 0,5g offre une qualit\u00e9 constante avec uniquement des fleurs enti\u00e8res - pas de shake, pas de remplissage. Conditionn\u00e9s par cinq dans une bo\u00eete, ces Pr\u00e9-rolls combinent de puissants g\u00e8nes espagnols avec une expertise n\u00e9erlandaise raffin\u00e9e en mati\u00e8re de s\u00e9lection, offrant aux consommateurs de cannabis m\u00e9dical un format fiable et portable, pr\u00eat \u00e0 l&#8217;emploi d\u00e8s que vous en avez besoin.  <\/p>\n<h4>Caract\u00e9ristiques principales<\/h4>\n<ul>\n<li>Pr\u00e9-rolls de fleurs enti\u00e8res de qualit\u00e9 sup\u00e9rieure dans un format pratique de 0,5 g<\/li>\n<li>Cinq Pr\u00e9-rolls par bo\u00eete pour un approvisionnement prolong\u00e9<\/li>\n<li>Hybride \u00e0 dominance sativa avec des effets rapides et stimulants.<\/li>\n<li>Notes audacieuses d&rsquo;agrumes et de pin avec une finale florale d\u00e9licate.<\/li>\n<li>Id\u00e9al pour une utilisation diurne et pour rester concentr\u00e9 tout au long de la journ\u00e9e<\/li>\n<\/ul>\n<h4>Profil d&rsquo;ar\u00f4me et effets<\/h4>\n<p>Royal Moby pr\u00e9sente un profil terp\u00e9nique riche qui offre des notes audacieuses d&rsquo;agrumes et de pin, compl\u00e9t\u00e9es par un subtil final floral. Cette vari\u00e9t\u00e9 \u00e0 dominante sativa produit g\u00e9n\u00e9ralement des effets rapides et stimulants qui peuvent aider \u00e0 soutenir l&rsquo;\u00e9nergie et la concentration pendant la journ\u00e9e, l&rsquo;inspiration cr\u00e9ative et la gestion du stress sans s\u00e9dation lourde. Les exp\u00e9riences individuelles peuvent varier.  <\/p>\n<h4>Pourquoi choisir les pr\u00e9-rolls ?<\/h4>\n<p>Les Pr\u00e9-rolls offrent aux utilisateurs m\u00e9dicaux un dosage pr\u00e9cis et coh\u00e9rent sans avoir besoin d&rsquo;\u00e9quipement de broyage ou de roulage. Leur format discret et portable les rend parfaits pour un soulagement en d\u00e9placement, tandis que la taille pr\u00e9mesur\u00e9e de 0,5 g vous permet de toujours savoir exactement la quantit\u00e9 que vous consommez. <\/p>\n<h4>Exp\u00e9dition dans tout le Canada<\/h4>\n<p>Les Pr\u00e9-rolls Royal Moby sont exp\u00e9di\u00e9s rapidement \u00e0 travers le Canada avec une livraison gratuite pour les commandes de plus de 150 $. Nous emballons soigneusement toutes les commandes pour garantir leur fra\u00eecheur et leur confidentialit\u00e9, et nous livrons dans toutes les provinces et tous les territoires. <\/p>\n<h4>Avantages et couverture pour les anciens combattants<\/h4>\n<p>Les Pr\u00e9-rolls Royal Moby sont admissibles \u00e0 la couverture d&rsquo;Anciens Combattants Canada (ACC) et \u00e0 la facturation directe par la Croix Bleue, ce qui signifie que les anciens combattants admissibles n&rsquo;ont pas \u00e0 d\u00e9bourser d&rsquo;argent. Mendo Medical prend \u00e9galement en charge les commandes relais jusqu&rsquo;\u00e0 300 g pour les nouveaux clients ou les clients qui renouvellent leur commande, afin d&rsquo;assurer un acc\u00e8s continu. Besoin d&rsquo;une carte m\u00e9dicale ? <a href=\"https:\/\/mendomedical.ca\/fr\/carte-medicale\/\">Obtenez rapidement et facilement votre document de cannabis m\u00e9dical gratuit<\/a> pour commencer \u00e0 acheter tout de suite.  <\/p>\n<\/div>\n","protected":false},"featured_media":182013,"comment_status":"closed","ping_status":"closed","template":"","meta":{"_acf_changed":false,"site-sidebar-layout":"default","site-content-layout":"","ast-site-content-layout":"default","site-content-style":"default","site-sidebar-style":"default","ast-global-header-display":"","ast-banner-title-visibility":"","ast-main-header-display":"","ast-hfb-above-header-display":"","ast-hfb-below-header-display":"","ast-hfb-mobile-header-display":"","site-post-title":"","ast-breadcrumbs-content":"","ast-featured-img":"","footer-sml-layout":"","ast-disable-related-posts":"","theme-transparent-header-meta":"default","adv-header-id-meta":"","stick-header-meta":"","header-above-stick-meta":"","header-main-stick-meta":"","header-below-stick-meta":"","astra-migrate-meta-layouts":"set","ast-page-background-enabled":"default","ast-page-background-meta":{"desktop":{"background-color":"var(--ast-global-color-4)","background-image":"","background-repeat":"repeat","background-position":"center center","background-size":"auto","background-attachment":"scroll","background-type":"","background-media":"","overlay-type":"","overlay-color":"","overlay-opacity":"","overlay-gradient":""},"tablet":{"background-color":"","background-image":"","background-repeat":"repeat","background-position":"center center","background-size":"auto","background-attachment":"scroll","background-type":"","background-media":"","overlay-type":"","overlay-color":"","overlay-opacity":"","overlay-gradient":""},"mobile":{"background-color":"","background-image":"","background-repeat":"repeat","background-position":"center center","background-size":"auto","background-attachment":"scroll","background-type":"","background-media":"","overlay-type":"","overlay-color":"","overlay-opacity":"","overlay-gradient":""}},"ast-content-background-meta":{"desktop":{"background-color":"var(--ast-global-color-5)","background-image":"","background-repeat":"repeat","background-position":"center center","background-size":"auto","background-attachment":"scroll","background-type":"","background-media":"","overlay-type":"","overlay-color":"","overlay-opacity":"","overlay-gradient":""},"tablet":{"background-color":"var(--ast-global-color-5)","background-image":"","background-repeat":"repeat","background-position":"center center","background-size":"auto","background-attachment":"scroll","background-type":"","background-media":"","overlay-type":"","overlay-color":"","overlay-opacity":"","overlay-gradient":""},"mobile":{"background-color":"var(--ast-global-color-5)","background-image":"","background-repeat":"repeat","background-position":"center center","background-size":"auto","background-attachment":"scroll","background-type":"","background-media":"","overlay-type":"","overlay-color":"","overlay-opacity":"","overlay-gradient":""}}},"product_brand":[],"product_cat":[4803,1140,1144],"product_tag":[1345],"product_format_filter":[],"class_list":{"0":"post-182042","1":"product","2":"type-product","3":"status-publish","4":"has-post-thumbnail","6":"product_cat-pre-rolls-non-infuses","7":"product_cat-selection-mendo","8":"product_cat-pre-roules","9":"product_tag-mendo-select-fr","10":"pa_format-0-5g-x-5","11":"pa_intensity-thc-eleve","12":"pa_marques-mendo-select-fr","13":"pa_origin-quebec-fr","14":"pa_profil-terpene-humulene-fr","15":"pa_profil-terpene-limonene-fr","16":"pa_profil-terpene-myrcene","17":"pa_profil-terpene-terpinolene-fr","18":"pa_thc-27-3-fr","19":"pa_type-de-plante-hybride-sativa-fr","20":"desktop-align-left","21":"tablet-align-left","22":"mobile-align-left","24":"first","25":"instock","26":"taxable","27":"shipping-taxable","28":"purchasable","29":"product-type-simple"},"group_of_quantity":0,"min_quantity":0,"max_quantity":"","exclude_order_quantity_value_rules":"no","exclude_category_quantity_rules":"no","combine_variations":"no","acf":[],"_links":{"self":[{"href":"https:\/\/mendomedical.ca\/fr\/wp-json\/wp\/v2\/product\/182042","targetHints":{"allow":["GET"]}}],"collection":[{"href":"https:\/\/mendomedical.ca\/fr\/wp-json\/wp\/v2\/product"}],"about":[{"href":"https:\/\/mendomedical.ca\/fr\/wp-json\/wp\/v2\/types\/product"}],"replies":[{"embeddable":true,"href":"https:\/\/mendomedical.ca\/fr\/wp-json\/wp\/v2\/comments?post=182042"}],"wp:featuredmedia":[{"embeddable":true,"href":"https:\/\/mendomedical.ca\/fr\/wp-json\/wp\/v2\/media\/182013"}],"wp:attachment":[{"href":"https:\/\/mendomedical.ca\/fr\/wp-json\/wp\/v2\/media?parent=182042"}],"wp:term":[{"taxonomy":"product_brand","embeddable":true,"href":"https:\/\/mendomedical.ca\/fr\/wp-json\/wp\/v2\/product_brand?post=182042"},{"taxonomy":"product_cat","embeddable":true,"href":"https:\/\/mendomedical.ca\/fr\/wp-json\/wp\/v2\/product_cat?post=182042"},{"taxonomy":"product_tag","embeddable":true,"href":"https:\/\/mendomedical.ca\/fr\/wp-json\/wp\/v2\/product_tag?post=182042"},{"taxonomy":"product_format_filter","embeddable":true,"href":"https:\/\/mendomedical.ca\/fr\/wp-json\/wp\/v2\/product_format_filter?post=182042"}],"curies":[{"name":"wp","href":"https:\/\/api.w.org\/{rel}","templated":true}]}}