{"id":182038,"date":"2025-09-05T17:35:51","date_gmt":"2025-09-05T21:35:51","guid":{"rendered":"https:\/\/mendomedical.ca\/?post_type=product&#038;p=182038"},"modified":"2026-03-03T09:07:06","modified_gmt":"2026-03-03T14:07:06","slug":"dirty-taxi-20x0-4g-pre-rolls","status":"publish","type":"product","link":"https:\/\/mendomedical.ca\/fr\/produit\/dirty-taxi-20x0-4g-pre-rolls\/","title":{"rendered":"Pr\u00e9-roul\u00e9s Dirty Taxi (20\u00d70.4g)"},"content":{"rendered":"","protected":false},"excerpt":{"rendered":"<div class=\"ExternalClass5337C9EE73684BF394CD745EC56999E0\">\n<h3>Pr\u00e9-roul\u00e9s Dirty Taxi (20\u00d70.4g) par Ostara M\u00e9dical<\/h3>\n<h3>Terp\u00e8nes totaux : 3,68%.<\/h3>\n<p>D\u00e9couvrez les effets \u00e9nergisants des pr\u00e9-roul\u00e9s Dirty Taxi, un hybride \u00e0 dominante sativa de premi\u00e8re qualit\u00e9 d&rsquo;Ostara M\u00e9dical. Cette vari\u00e9t\u00e9 soigneusement \u00e9labor\u00e9e combine 70% de g\u00e8nes sativa et 30% de g\u00e8nes indica, cr\u00e9\u00e9s par le croisement de souches OGM et Chem I95. Chaque paquet contient 20pr\u00e9-roul\u00e9s pratiques de 0,4g, parfaits pour les patients de cannabis m\u00e9dical \u00e0 la recherche d&rsquo;options coh\u00e9rentes et pr\u00eates \u00e0 l&#8217;emploi, avec une impressionnante teneur en terp\u00e8nes totaux de 3,68%.<\/p>\n<h4>Caract\u00e9ristiques principales<\/h4>\n<ul>\n<li>20 pr\u00e9-roul\u00e9s de 0,4g chacun pour un dosage pratique et r\u00e9gulier<\/li>\n<li>Hybride \u00e0 dominance sativa (70\/30) offrant des effets stimulants et concentr\u00e9s.<\/li>\n<li>Une teneur \u00e9lev\u00e9e en terp\u00e8nes (3,68 %) pour une saveur am\u00e9lior\u00e9e et des bienfaits th\u00e9rapeutiques potentiels.<\/li>\n<li>G\u00e9n\u00e9tique de qualit\u00e9 sup\u00e9rieure issue du croisement OGM \u00d7 Chem I95<\/li>\n<li>Grandes cocottes couvertes de trichomes, broy\u00e9es \u00e0 l&rsquo;\u00e9tat frais pour une qualit\u00e9 optimale.<\/li>\n<\/ul>\n<h4>Profil aromatique et terp\u00e9nique<\/h4>\n<p>Dirty Taxi offre une exp\u00e9rience sensorielle complexe qui commence par des ar\u00f4mes audacieux de skunk et de citron d\u00e8s l&rsquo;ouverture. Le profil de saveur commence par un agr\u00e9able go\u00fbt de citron lors de la premi\u00e8re inhalation, suivi de subtiles notes de miel qui se d\u00e9veloppent en bouche. Cette combinaison unique est due \u00e0 des terp\u00e8nes de premier plan, notamment le myrc\u00e8ne, le limon\u00e8ne et le caryophyll\u00e8ne, qui contribuent \u00e0 la fois au go\u00fbt distinctif de la vari\u00e9t\u00e9 et aux effets d&rsquo;euphorie, de concentration accrue et d&rsquo;\u00e9l\u00e9vation de l&rsquo;humeur qu&rsquo;elle procure.<\/p>\n<h4>Pourquoi choisir les pr\u00e9-roul\u00e9s ?<\/h4>\n<p>Les pr\u00e9-roul\u00e9s offrent aux patients de cannabis m\u00e9dical un dosage pratique et pr\u00e9cis sans qu&rsquo;il soit n\u00e9cessaire de les broyer ou de les rouler. Ils sont id\u00e9aux pour les personnes \u00e0 mobilit\u00e9 r\u00e9duite ou ayant des probl\u00e8mes de dext\u00e9rit\u00e9, et garantissent une qualit\u00e9 de produit constante \u00e0 chaque utilisation.<\/p>\n<h4>Exp\u00e9dition dans tout le Canada<\/h4>\n<p>Dirty Taxi (20\u00d70,4g) Pr\u00e9-rolls est exp\u00e9di\u00e9 rapidement \u00e0 travers le Canada. Nous offrons une livraison gratuite pour toutes les commandes de plus de 150 $, ce qui vous assure de recevoir vos produits de cannabis m\u00e9dical rapidement et discr\u00e8tement.<\/p>\n<h4>Avantages et couverture pour les anciens combattants<\/h4>\n<p>Les pr\u00e9-roul\u00e9s Dirty Taxi (20\u00d70,4g) sont admissibles \u00e0 la couverture d&rsquo;ACC (Anciens Combattants Canada) avec facturation directe par la Croix Bleue, ce qui signifie qu&rsquo;il n&rsquo;y a pas de frais \u00e0 d\u00e9bourser pour les anciens combattants admissibles. Si vous n&rsquo;avez pas encore votre carte de cannabis m\u00e9dical, vous pouvez <a href=\"https:\/\/mendomedical.ca\/fr\/carte-medicale\/\">obtenir votre carte m\u00e9dicale gratuite rapidement et facilement<\/a> gr\u00e2ce \u00e0 notre processus simplifi\u00e9.<\/p>\n<\/div>\n","protected":false},"featured_media":182029,"comment_status":"closed","ping_status":"closed","template":"","meta":{"_acf_changed":false,"site-sidebar-layout":"default","site-content-layout":"","ast-site-content-layout":"default","site-content-style":"default","site-sidebar-style":"default","ast-global-header-display":"","ast-banner-title-visibility":"","ast-main-header-display":"","ast-hfb-above-header-display":"","ast-hfb-below-header-display":"","ast-hfb-mobile-header-display":"","site-post-title":"","ast-breadcrumbs-content":"","ast-featured-img":"","footer-sml-layout":"","ast-disable-related-posts":"","theme-transparent-header-meta":"default","adv-header-id-meta":"","stick-header-meta":"","header-above-stick-meta":"","header-main-stick-meta":"","header-below-stick-meta":"","astra-migrate-meta-layouts":"set","ast-page-background-enabled":"default","ast-page-background-meta":{"desktop":{"background-color":"var(--ast-global-color-4)","background-image":"","background-repeat":"repeat","background-position":"center center","background-size":"auto","background-attachment":"scroll","background-type":"","background-media":"","overlay-type":"","overlay-color":"","overlay-opacity":"","overlay-gradient":""},"tablet":{"background-color":"","background-image":"","background-repeat":"repeat","background-position":"center center","background-size":"auto","background-attachment":"scroll","background-type":"","background-media":"","overlay-type":"","overlay-color":"","overlay-opacity":"","overlay-gradient":""},"mobile":{"background-color":"","background-image":"","background-repeat":"repeat","background-position":"center center","background-size":"auto","background-attachment":"scroll","background-type":"","background-media":"","overlay-type":"","overlay-color":"","overlay-opacity":"","overlay-gradient":""}},"ast-content-background-meta":{"desktop":{"background-color":"var(--ast-global-color-5)","background-image":"","background-repeat":"repeat","background-position":"center center","background-size":"auto","background-attachment":"scroll","background-type":"","background-media":"","overlay-type":"","overlay-color":"","overlay-opacity":"","overlay-gradient":""},"tablet":{"background-color":"var(--ast-global-color-5)","background-image":"","background-repeat":"repeat","background-position":"center center","background-size":"auto","background-attachment":"scroll","background-type":"","background-media":"","overlay-type":"","overlay-color":"","overlay-opacity":"","overlay-gradient":""},"mobile":{"background-color":"var(--ast-global-color-5)","background-image":"","background-repeat":"repeat","background-position":"center center","background-size":"auto","background-attachment":"scroll","background-type":"","background-media":"","overlay-type":"","overlay-color":"","overlay-opacity":"","overlay-gradient":""}}},"product_brand":[],"product_cat":[4803,1144],"product_tag":[2515],"product_format_filter":[6419],"class_list":{"0":"post-182038","1":"product","2":"type-product","3":"status-publish","4":"has-post-thumbnail","6":"product_cat-pre-rolls-non-infuses","7":"product_cat-pre-roules","8":"product_tag-ostara-medical-fr","9":"pa_flavours-citron","10":"pa_flavours-honey-fr","11":"pa_format-0-4g-x-20-fr","12":"pa_intensity-thc-eleve","13":"pa_marques-ostara-medical-fr","14":"pa_origin-quebec-fr","15":"pa_thc-28-1-fr","16":"pa_type-de-plante-hybride-sativa-fr","17":"product_format_filter-0-4g","18":"desktop-align-left","19":"tablet-align-left","20":"mobile-align-left","22":"first","23":"outofstock","24":"taxable","25":"shipping-taxable","26":"purchasable","27":"product-type-simple"},"group_of_quantity":0,"min_quantity":0,"max_quantity":"","exclude_order_quantity_value_rules":"no","exclude_category_quantity_rules":"no","combine_variations":"no","acf":[],"_links":{"self":[{"href":"https:\/\/mendomedical.ca\/fr\/wp-json\/wp\/v2\/product\/182038","targetHints":{"allow":["GET"]}}],"collection":[{"href":"https:\/\/mendomedical.ca\/fr\/wp-json\/wp\/v2\/product"}],"about":[{"href":"https:\/\/mendomedical.ca\/fr\/wp-json\/wp\/v2\/types\/product"}],"replies":[{"embeddable":true,"href":"https:\/\/mendomedical.ca\/fr\/wp-json\/wp\/v2\/comments?post=182038"}],"wp:featuredmedia":[{"embeddable":true,"href":"https:\/\/mendomedical.ca\/fr\/wp-json\/wp\/v2\/media\/182029"}],"wp:attachment":[{"href":"https:\/\/mendomedical.ca\/fr\/wp-json\/wp\/v2\/media?parent=182038"}],"wp:term":[{"taxonomy":"product_brand","embeddable":true,"href":"https:\/\/mendomedical.ca\/fr\/wp-json\/wp\/v2\/product_brand?post=182038"},{"taxonomy":"product_cat","embeddable":true,"href":"https:\/\/mendomedical.ca\/fr\/wp-json\/wp\/v2\/product_cat?post=182038"},{"taxonomy":"product_tag","embeddable":true,"href":"https:\/\/mendomedical.ca\/fr\/wp-json\/wp\/v2\/product_tag?post=182038"},{"taxonomy":"product_format_filter","embeddable":true,"href":"https:\/\/mendomedical.ca\/fr\/wp-json\/wp\/v2\/product_format_filter?post=182038"}],"curies":[{"name":"wp","href":"https:\/\/api.w.org\/{rel}","templated":true}]}}