{"id":182033,"date":"2024-09-01T12:09:46","date_gmt":"2024-09-01T16:09:46","guid":{"rendered":"https:\/\/mendomedical.ca\/?post_type=product&#038;p=182033"},"modified":"2026-04-16T12:27:09","modified_gmt":"2026-04-16T16:27:09","slug":"life-hack-20x0-4g-pre-rolls","status":"publish","type":"product","link":"https:\/\/mendomedical.ca\/fr\/produit\/life-hack-20x0-4g-pre-rolls\/","title":{"rendered":"Life Hack (20\u00d70.4g) Pr\u00e9-rolls"},"content":{"rendered":"","protected":false},"excerpt":{"rendered":"<div class=\"Qr7Oae\" role=\"listitem\">\n<div class=\"OxAavc NVbRL\" data-item-id=\"1198376709\">\n<div class=\"xMZTse Ih4Dzb\">\n<h3>Terp\u00e8nes totaux : 2,95 %.<\/h3>\n<h5>Wedding Crasher X Jet Fuel Gelato<\/h5>\n<p><strong>Life Hack r\u00e9v\u00e8le de belles cocottes violettes couvertes de trichomes. Les terp\u00e8nes sont tr\u00e8s doux, offrant une odeur de fleurs, de baies ainsi qu&rsquo;une touche de vanille. Lors de l&rsquo;inhalation, le go\u00fbt de bonbon est tr\u00e8s pr\u00e9sent, et vous trouverez les baies lors de l&rsquo;expiration. L&rsquo;exp\u00e9rience est euphorique et \u00e9nergisante. Les effets de ce produit sont plus psychoactifs que physiques, comme l&rsquo;expliquent les consommateurs. Cette g\u00e9n\u00e9tique aide \u00e0 \u00e9liminer les courbatures, les douleurs et le stress.  <\/strong><\/p>\n<p>&nbsp;<\/p>\n<h5>Aspect Visuel:<\/h5>\n<p>Life Hack r\u00e9v\u00e8le de belles cocottes violettes couvertes de trichomes.<\/p>\n<p>&nbsp;<\/p>\n<h5>Ar\u00f4me :<\/h5>\n<p>Les terp\u00e8nes sont tr\u00e8s doux, offrant une odeur de fleurs, de baies ainsi qu&rsquo;une touche de vanille.<\/p>\n<p>&nbsp;<\/p>\n<h5>Profil de saveur :<\/h5>\n<p>Lors de l&rsquo;inhalation, le go\u00fbt de bonbon est tr\u00e8s pr\u00e9sent, et vous trouverez les baies lors de l&rsquo;expiration.<\/p>\n<p>&nbsp;<\/p>\n<h5>Profil des cannabino\u00efdes et des terp\u00e8nes :<\/h5>\n<p>La vari\u00e9t\u00e9 pr\u00e9sente un profil terp\u00e9nique vari\u00e9, avec une pr\u00e9sence notable de limon\u00e8ne, de caryophyll\u00e8ne et de linalol. Ces compos\u00e9s contribuent \u00e0 l&rsquo;exp\u00e9rience gustative de Life Hack, qui ressemble \u00e0 un bonbon. <\/p>\n<p>&nbsp;<\/p>\n<h5>Effets :<\/h5>\n<p>Les consommateurs signalent que les effets de ce produit sont principalement psychoactifs plut\u00f4t que physiques.<\/p>\n<p>&nbsp;<\/p>\n<h5><b>Ce que les patients disent de ce produit<\/b>:<\/h5>\n<p>Cette lign\u00e9e g\u00e9n\u00e9tique aide \u00e0 soulager les douleurs et le stress.<\/p>\n<\/div>\n<\/div>\n<\/div>\n","protected":false},"featured_media":182029,"comment_status":"closed","ping_status":"closed","template":"","meta":{"_acf_changed":false,"site-sidebar-layout":"default","site-content-layout":"","ast-site-content-layout":"default","site-content-style":"default","site-sidebar-style":"default","ast-global-header-display":"","ast-banner-title-visibility":"","ast-main-header-display":"","ast-hfb-above-header-display":"","ast-hfb-below-header-display":"","ast-hfb-mobile-header-display":"","site-post-title":"","ast-breadcrumbs-content":"","ast-featured-img":"","footer-sml-layout":"","ast-disable-related-posts":"","theme-transparent-header-meta":"default","adv-header-id-meta":"","stick-header-meta":"","header-above-stick-meta":"","header-main-stick-meta":"","header-below-stick-meta":"","astra-migrate-meta-layouts":"set","ast-page-background-enabled":"default","ast-page-background-meta":{"desktop":{"background-color":"var(--ast-global-color-4)","background-image":"","background-repeat":"repeat","background-position":"center center","background-size":"auto","background-attachment":"scroll","background-type":"","background-media":"","overlay-type":"","overlay-color":"","overlay-opacity":"","overlay-gradient":""},"tablet":{"background-color":"","background-image":"","background-repeat":"repeat","background-position":"center center","background-size":"auto","background-attachment":"scroll","background-type":"","background-media":"","overlay-type":"","overlay-color":"","overlay-opacity":"","overlay-gradient":""},"mobile":{"background-color":"","background-image":"","background-repeat":"repeat","background-position":"center center","background-size":"auto","background-attachment":"scroll","background-type":"","background-media":"","overlay-type":"","overlay-color":"","overlay-opacity":"","overlay-gradient":""}},"ast-content-background-meta":{"desktop":{"background-color":"var(--ast-global-color-5)","background-image":"","background-repeat":"repeat","background-position":"center center","background-size":"auto","background-attachment":"scroll","background-type":"","background-media":"","overlay-type":"","overlay-color":"","overlay-opacity":"","overlay-gradient":""},"tablet":{"background-color":"var(--ast-global-color-5)","background-image":"","background-repeat":"repeat","background-position":"center center","background-size":"auto","background-attachment":"scroll","background-type":"","background-media":"","overlay-type":"","overlay-color":"","overlay-opacity":"","overlay-gradient":""},"mobile":{"background-color":"var(--ast-global-color-5)","background-image":"","background-repeat":"repeat","background-position":"center center","background-size":"auto","background-attachment":"scroll","background-type":"","background-media":"","overlay-type":"","overlay-color":"","overlay-opacity":"","overlay-gradient":""}}},"product_brand":[],"product_cat":[4803,1144],"product_tag":[2515],"product_format_filter":[],"class_list":{"0":"post-182033","1":"product","2":"type-product","3":"status-publish","4":"has-post-thumbnail","6":"product_cat-pre-rolls-non-infuses","7":"product_cat-pre-roules","8":"product_tag-ostara-medical-fr","9":"pa_flavours-baies","10":"pa_flavours-bonbons","11":"pa_format-0-4g-x-20-fr","12":"pa_intensity-thc-eleve","13":"pa_marques-ostara-medical-fr","14":"pa_origin-quebec-fr","15":"pa_thc-29-6-fr","16":"pa_type-de-plante-hybride-fr","17":"desktop-align-left","18":"tablet-align-left","19":"mobile-align-left","21":"first","22":"outofstock","23":"taxable","24":"shipping-taxable","25":"purchasable","26":"product-type-simple"},"group_of_quantity":0,"min_quantity":0,"max_quantity":"","exclude_order_quantity_value_rules":"no","exclude_category_quantity_rules":"no","combine_variations":"no","acf":[],"_links":{"self":[{"href":"https:\/\/mendomedical.ca\/fr\/wp-json\/wp\/v2\/product\/182033","targetHints":{"allow":["GET"]}}],"collection":[{"href":"https:\/\/mendomedical.ca\/fr\/wp-json\/wp\/v2\/product"}],"about":[{"href":"https:\/\/mendomedical.ca\/fr\/wp-json\/wp\/v2\/types\/product"}],"replies":[{"embeddable":true,"href":"https:\/\/mendomedical.ca\/fr\/wp-json\/wp\/v2\/comments?post=182033"}],"wp:featuredmedia":[{"embeddable":true,"href":"https:\/\/mendomedical.ca\/fr\/wp-json\/wp\/v2\/media\/182029"}],"wp:attachment":[{"href":"https:\/\/mendomedical.ca\/fr\/wp-json\/wp\/v2\/media?parent=182033"}],"wp:term":[{"taxonomy":"product_brand","embeddable":true,"href":"https:\/\/mendomedical.ca\/fr\/wp-json\/wp\/v2\/product_brand?post=182033"},{"taxonomy":"product_cat","embeddable":true,"href":"https:\/\/mendomedical.ca\/fr\/wp-json\/wp\/v2\/product_cat?post=182033"},{"taxonomy":"product_tag","embeddable":true,"href":"https:\/\/mendomedical.ca\/fr\/wp-json\/wp\/v2\/product_tag?post=182033"},{"taxonomy":"product_format_filter","embeddable":true,"href":"https:\/\/mendomedical.ca\/fr\/wp-json\/wp\/v2\/product_format_filter?post=182033"}],"curies":[{"name":"wp","href":"https:\/\/api.w.org\/{rel}","templated":true}]}}