{"id":182027,"date":"2025-09-05T17:30:07","date_gmt":"2025-09-05T21:30:07","guid":{"rendered":"https:\/\/mendomedical.ca\/?post_type=product&#038;p=182027"},"modified":"2026-04-06T23:54:54","modified_gmt":"2026-04-07T03:54:54","slug":"bazookas-20x0-4g-pre-rolls","status":"publish","type":"product","link":"https:\/\/mendomedical.ca\/fr\/produit\/bazookas-20x0-4g-pre-rolls\/","title":{"rendered":"Bazookas (20&#215;0.4g) Pr\u00e9-Roulements"},"content":{"rendered":"","protected":false},"excerpt":{"rendered":"<div class=\"ExternalClassF3720257F4A94A5E8330237AC9B5E66E\">\n<h3>Bazookas (20&#215;0.4g) Pre-Rolls par Ostara M\u00e9dical<\/h3>\n<h3>Terp\u00e8nes totaux : 3-4%.<\/h3>\n<p>D\u00e9couvrez la fusion puissante des g\u00e9n\u00e9tiques Bubblegum Biscotti et Grape Gasoline avec les pr\u00e9-rolls Bazookas d&rsquo;Ostara M\u00e9dical. Ces Pr\u00e9-rolls fabriqu\u00e9s \u00e0 la main contiennent des fleurs de premi\u00e8re qualit\u00e9 avec un impressionnant 3-4% de terp\u00e8nes totaux, offrant une exp\u00e9rience puissante con\u00e7ue pour les consommateurs exp\u00e9riment\u00e9s. Chaque paquet contient 20 joints roul\u00e9s individuellement de 0,4 g chacun, parfaits pour un dosage pratique et coh\u00e9rent.  <\/p>\n<h4>Caract\u00e9ristiques principales<\/h4>\n<ul>\n<li>20 pr\u00e9-rouleaux par paquet, chacun pesant 0,4 g pour un contr\u00f4le pratique des portions<\/li>\n<li>Fabriqu\u00e9 \u00e0 la main \u00e0 partir de fleurs de qualit\u00e9 sup\u00e9rieure contenant 3 \u00e0 4 % de terp\u00e8nes totaux.<\/li>\n<li>Souche \u00e0 dominance indica combinant les g\u00e9n\u00e9tiques Bubblegum Biscotti X Grape Gasoline.<\/li>\n<li>Profil terp\u00e9nique riche en limon\u00e8ne, caryophyll\u00e8ne et humul\u00e8ne<\/li>\n<li>Les patients signalent qu&rsquo;il peut aider \u00e0 am\u00e9liorer l&rsquo;humeur, la gestion de la douleur et le sommeil.<\/li>\n<\/ul>\n<h4>Profil aromatique et gustatif<\/h4>\n<p>Bazookas offre une exp\u00e9rience sensorielle complexe qui commence par un ar\u00f4me robuste de terre qui \u00e9volue pour r\u00e9v\u00e9ler des notes pro\u00e9minentes d&rsquo;essence et d&rsquo;agrumes. Lors de l&rsquo;inhalation, le palais est trait\u00e9 avec des saveurs dominantes d&rsquo;agrumes et de citron qui d\u00e9finissent le caract\u00e8re de cette vari\u00e9t\u00e9 unique. Le profil terp\u00e9nique vari\u00e9, caract\u00e9ris\u00e9 par le limon\u00e8ne, le caryophyll\u00e8ne et l&rsquo;humul\u00e8ne, contribue \u00e0 la fois \u00e0 son go\u00fbt distinctif et \u00e0 ses propri\u00e9t\u00e9s th\u00e9rapeutiques potentielles.  <\/p>\n<h4>Pourquoi choisir les pr\u00e9-rolls ?<\/h4>\n<p>Les Pr\u00e9-rolls offrent aux patients de cannabis m\u00e9dical un dosage pratique et coh\u00e9rent, sans qu&rsquo;il soit n\u00e9cessaire de les broyer ou de les rouler. Ils sont parfaits pour ceux qui recherchent des portions pr\u00e9cises et un soulagement imm\u00e9diat, ce qui en fait un excellent choix pour g\u00e9rer les sympt\u00f4mes tout au long de la journ\u00e9e. <\/p>\n<h4>Exp\u00e9dition dans tout le Canada<\/h4>\n<p>Bazookas (20&#215;0.4g) Pre-Rolls est exp\u00e9di\u00e9 rapidement \u00e0 travers le Canada. Nous offrons une livraison gratuite pour les commandes de plus de 150 $, ce qui vous assure de recevoir vos produits de cannabis m\u00e9dical rapidement et discr\u00e8tement. <\/p>\n<h4>Avantages et couverture pour les anciens combattants<\/h4>\n<p>Les Bazookas (20&#215;0,4g) Pre-Rolls sont admissibles \u00e0 la couverture d&rsquo;ACC (Anciens Combattants Canada) avec facturation directe par la Croix Bleue, ce qui signifie que les anciens combattants admissibles n&rsquo;ont pas \u00e0 d\u00e9bourser d&rsquo;argent. Si vous n&rsquo;avez pas encore votre carte de cannabis m\u00e9dical, vous pouvez <a href=\"https:\/\/mendomedical.ca\/fr\/carte-medicale\/\">obtenir votre carte m\u00e9dicale gratuite rapidement et facilement ici.<\/a> <\/p>\n<\/div>\n","protected":false},"featured_media":182029,"comment_status":"closed","ping_status":"closed","template":"","meta":{"_acf_changed":false,"site-sidebar-layout":"default","site-content-layout":"","ast-site-content-layout":"default","site-content-style":"default","site-sidebar-style":"default","ast-global-header-display":"","ast-banner-title-visibility":"","ast-main-header-display":"","ast-hfb-above-header-display":"","ast-hfb-below-header-display":"","ast-hfb-mobile-header-display":"","site-post-title":"","ast-breadcrumbs-content":"","ast-featured-img":"","footer-sml-layout":"","ast-disable-related-posts":"","theme-transparent-header-meta":"default","adv-header-id-meta":"","stick-header-meta":"","header-above-stick-meta":"","header-main-stick-meta":"","header-below-stick-meta":"","astra-migrate-meta-layouts":"set","ast-page-background-enabled":"default","ast-page-background-meta":{"desktop":{"background-color":"var(--ast-global-color-4)","background-image":"","background-repeat":"repeat","background-position":"center center","background-size":"auto","background-attachment":"scroll","background-type":"","background-media":"","overlay-type":"","overlay-color":"","overlay-opacity":"","overlay-gradient":""},"tablet":{"background-color":"","background-image":"","background-repeat":"repeat","background-position":"center center","background-size":"auto","background-attachment":"scroll","background-type":"","background-media":"","overlay-type":"","overlay-color":"","overlay-opacity":"","overlay-gradient":""},"mobile":{"background-color":"","background-image":"","background-repeat":"repeat","background-position":"center center","background-size":"auto","background-attachment":"scroll","background-type":"","background-media":"","overlay-type":"","overlay-color":"","overlay-opacity":"","overlay-gradient":""}},"ast-content-background-meta":{"desktop":{"background-color":"var(--ast-global-color-5)","background-image":"","background-repeat":"repeat","background-position":"center center","background-size":"auto","background-attachment":"scroll","background-type":"","background-media":"","overlay-type":"","overlay-color":"","overlay-opacity":"","overlay-gradient":""},"tablet":{"background-color":"var(--ast-global-color-5)","background-image":"","background-repeat":"repeat","background-position":"center center","background-size":"auto","background-attachment":"scroll","background-type":"","background-media":"","overlay-type":"","overlay-color":"","overlay-opacity":"","overlay-gradient":""},"mobile":{"background-color":"var(--ast-global-color-5)","background-image":"","background-repeat":"repeat","background-position":"center center","background-size":"auto","background-attachment":"scroll","background-type":"","background-media":"","overlay-type":"","overlay-color":"","overlay-opacity":"","overlay-gradient":""}}},"product_brand":[],"product_cat":[4803,1144],"product_tag":[2515],"product_format_filter":[6419],"class_list":{"0":"post-182027","1":"product","2":"type-product","3":"status-publish","4":"has-post-thumbnail","6":"product_cat-pre-rolls-non-infuses","7":"product_cat-pre-roules","8":"product_tag-ostara-medical-fr","9":"pa_flavours-agrume","10":"pa_flavours-citron","11":"pa_intensity-thc-eleve","12":"pa_marques-ostara-medical-fr","13":"pa_origin-quebec-fr","14":"pa_type-de-plante-hybride-indica-fr","15":"product_format_filter-0-4g","16":"desktop-align-left","17":"tablet-align-left","18":"mobile-align-left","20":"first","21":"instock","22":"taxable","23":"shipping-taxable","24":"purchasable","25":"product-type-simple"},"group_of_quantity":0,"min_quantity":0,"max_quantity":"","exclude_order_quantity_value_rules":"no","exclude_category_quantity_rules":"no","combine_variations":"no","acf":[],"_links":{"self":[{"href":"https:\/\/mendomedical.ca\/fr\/wp-json\/wp\/v2\/product\/182027","targetHints":{"allow":["GET"]}}],"collection":[{"href":"https:\/\/mendomedical.ca\/fr\/wp-json\/wp\/v2\/product"}],"about":[{"href":"https:\/\/mendomedical.ca\/fr\/wp-json\/wp\/v2\/types\/product"}],"replies":[{"embeddable":true,"href":"https:\/\/mendomedical.ca\/fr\/wp-json\/wp\/v2\/comments?post=182027"}],"wp:featuredmedia":[{"embeddable":true,"href":"https:\/\/mendomedical.ca\/fr\/wp-json\/wp\/v2\/media\/182029"}],"wp:attachment":[{"href":"https:\/\/mendomedical.ca\/fr\/wp-json\/wp\/v2\/media?parent=182027"}],"wp:term":[{"taxonomy":"product_brand","embeddable":true,"href":"https:\/\/mendomedical.ca\/fr\/wp-json\/wp\/v2\/product_brand?post=182027"},{"taxonomy":"product_cat","embeddable":true,"href":"https:\/\/mendomedical.ca\/fr\/wp-json\/wp\/v2\/product_cat?post=182027"},{"taxonomy":"product_tag","embeddable":true,"href":"https:\/\/mendomedical.ca\/fr\/wp-json\/wp\/v2\/product_tag?post=182027"},{"taxonomy":"product_format_filter","embeddable":true,"href":"https:\/\/mendomedical.ca\/fr\/wp-json\/wp\/v2\/product_format_filter?post=182027"}],"curies":[{"name":"wp","href":"https:\/\/api.w.org\/{rel}","templated":true}]}}