{"id":181998,"date":"2024-09-02T12:30:37","date_gmt":"2024-09-02T16:30:37","guid":{"rendered":"https:\/\/mendomedical.ca\/?post_type=product&#038;p=181998"},"modified":"2025-10-14T12:34:24","modified_gmt":"2025-10-14T16:34:24","slug":"organic-mango-gold-pre-rolls","status":"publish","type":"product","link":"https:\/\/mendomedical.ca\/fr\/produit\/organic-mango-gold-pre-rolls\/","title":{"rendered":"Pr\u00e9-rolls Organic Mango Gold"},"content":{"rendered":"","protected":false},"excerpt":{"rendered":"<div class=\"ExternalClass83868F6EC76C476BBE99C6D3867C01E1\">\n<h3>Papa Joe&rsquo;s Organic Mango Gold Pre-rolls - Premium Sativa Cannabis<\/h3>\n<p>D\u00e9couvrez les c\u00e9l\u00e8bres Pr\u00e9-rolls Organic Mango Gold du Canada, savamment \u00e9labor\u00e9s \u00e0 partir d&rsquo;un m\u00e9lange unique de g\u00e9n\u00e9tiques Animal Kush, Mango Kush et Pink Cookies. Cette vari\u00e9t\u00e9 sativa de qualit\u00e9 sup\u00e9rieure pr\u00e9sente un profil terp\u00e9nique total exceptionnel de 4,39 % et une teneur en THC de 25 \u00e0 32 %, ce qui procure une exp\u00e9rience \u00e9nergisante et stimulante. Cultiv\u00e9s selon les m\u00e9thodes Living Organic Soil (LSO), ces Pr\u00e9-rolls contiennent du cannabis trimm\u00e9 \u00e0 la main, cuv\u00e9 pendant 21 jours et jamais irradi\u00e9, ce qui garantit une qualit\u00e9 optimale pour les consommateurs de cannabis m\u00e9dical.  <\/p>\n<h4>Caract\u00e9ristiques principales<\/h4>\n<ul>\n<li>Culture biologique de qualit\u00e9 sup\u00e9rieure utilisant les m\u00e9thodes LSO avec lutte naturelle contre les ravageurs<\/li>\n<li>Haute puissance avec 25-32% de THC et 4,39% de terp\u00e8nes totaux, dont le rare Terpinolene.<\/li>\n<li>Effets sativa \u00e9nergisants, id\u00e9aux pour une utilisation diurne et une meilleure concentration.<\/li>\n<li>Cocottes taill\u00e9es \u00e0 la main, s\u00e9ch\u00e9es pendant 21 jours et d&rsquo;un aspect vert dor\u00e9 caract\u00e9ristique.<\/li>\n<li>La vari\u00e9t\u00e9 exclusive de Ross Rebagliati, #1 des meilleures ventes<\/li>\n<\/ul>\n<h4>Saveur, ar\u00f4me et profil des terp\u00e8nes<\/h4>\n<p>Organic Mango Gold offre une exp\u00e9rience sensorielle complexe gr\u00e2ce \u00e0 sa composition unique en terp\u00e8nes. Le terpinol\u00e8ne dominant cr\u00e9e des notes sucr\u00e9es et \u00e9pic\u00e9es avec des nuances terreuses et \u00e9pic\u00e9es. Lors de l&rsquo;inhalation, profitez d&rsquo;un ar\u00f4me de citron \u00e0 la fois doux et \u00e9pic\u00e9, qui se transforme en un final terreux et \u00e9pic\u00e9. Le profil terp\u00e9nique exceptionnel de cette vari\u00e9t\u00e9 comprend du terpinol\u00e8ne, de l&rsquo;ocim\u00e8ne, du b\u00eata-caryophyll\u00e8ne et du myrc\u00e8ne, atteignant des niveaux impressionnants de 5 % ou plus.   <\/p>\n<h4>Pourquoi choisir les pr\u00e9-rolls ?<\/h4>\n<p>Les Pr\u00e9-rolls offrent un dosage pratique et coh\u00e9rent pour les consommateurs de cannabis m\u00e9dical \u00e0 la recherche d&rsquo;effets fiables sans temps de pr\u00e9paration. Parfait pour ceux qui g\u00e8rent le stress chronique, la fatigue, ou qui ont besoin d&rsquo;un soulagement des sympt\u00f4mes pendant la journ\u00e9e tout en maintenant la concentration et la productivit\u00e9. <\/p>\n<h4>Exp\u00e9dition dans tout le Canada<\/h4>\n<p>Les Pr\u00e9-rolls Organic Mango Gold sont exp\u00e9di\u00e9s rapidement \u00e0 travers le Canada avec une livraison gratuite pour les commandes de plus de 150 $. Nous assurons un emballage discret et s\u00e9curitaire afin de pr\u00e9server l&rsquo;int\u00e9grit\u00e9 du produit pendant le transport. <\/p>\n<h4>Avantages et couverture pour les anciens combattants<\/h4>\n<p>Les Pr\u00e9-rolls Organic Mango Gold sont admissibles \u00e0 la couverture d&rsquo;ACC (Anciens Combattants Canada) avec facturation directe par la Croix Bleue, ce qui signifie qu&rsquo;il n&rsquo;y a pas de frais \u00e0 d\u00e9bourser pour les anciens combattants admissibles. Si vous n&rsquo;avez pas encore de prescription m\u00e9dicale de cannabis, <a href=\"https:\/\/mendomedical.ca\/fr\/carte-medicale\/\">obtenez rapidement et facilement votre carte m\u00e9dicale gratuite<\/a>. <\/p>\n<\/div>\n","protected":false},"featured_media":147428,"comment_status":"closed","ping_status":"closed","template":"","meta":{"_acf_changed":false,"site-sidebar-layout":"default","site-content-layout":"","ast-site-content-layout":"default","site-content-style":"default","site-sidebar-style":"default","ast-global-header-display":"","ast-banner-title-visibility":"","ast-main-header-display":"","ast-hfb-above-header-display":"","ast-hfb-below-header-display":"","ast-hfb-mobile-header-display":"","site-post-title":"","ast-breadcrumbs-content":"","ast-featured-img":"","footer-sml-layout":"","ast-disable-related-posts":"","theme-transparent-header-meta":"default","adv-header-id-meta":"","stick-header-meta":"","header-above-stick-meta":"","header-main-stick-meta":"","header-below-stick-meta":"","astra-migrate-meta-layouts":"set","ast-page-background-enabled":"default","ast-page-background-meta":{"desktop":{"background-color":"var(--ast-global-color-4)","background-image":"","background-repeat":"repeat","background-position":"center center","background-size":"auto","background-attachment":"scroll","background-type":"","background-media":"","overlay-type":"","overlay-color":"","overlay-opacity":"","overlay-gradient":""},"tablet":{"background-color":"","background-image":"","background-repeat":"repeat","background-position":"center center","background-size":"auto","background-attachment":"scroll","background-type":"","background-media":"","overlay-type":"","overlay-color":"","overlay-opacity":"","overlay-gradient":""},"mobile":{"background-color":"","background-image":"","background-repeat":"repeat","background-position":"center center","background-size":"auto","background-attachment":"scroll","background-type":"","background-media":"","overlay-type":"","overlay-color":"","overlay-opacity":"","overlay-gradient":""}},"ast-content-background-meta":{"desktop":{"background-color":"var(--ast-global-color-5)","background-image":"","background-repeat":"repeat","background-position":"center center","background-size":"auto","background-attachment":"scroll","background-type":"","background-media":"","overlay-type":"","overlay-color":"","overlay-opacity":"","overlay-gradient":""},"tablet":{"background-color":"var(--ast-global-color-5)","background-image":"","background-repeat":"repeat","background-position":"center center","background-size":"auto","background-attachment":"scroll","background-type":"","background-media":"","overlay-type":"","overlay-color":"","overlay-opacity":"","overlay-gradient":""},"mobile":{"background-color":"var(--ast-global-color-5)","background-image":"","background-repeat":"repeat","background-position":"center center","background-size":"auto","background-attachment":"scroll","background-type":"","background-media":"","overlay-type":"","overlay-color":"","overlay-opacity":"","overlay-gradient":""}}},"product_brand":[4529],"product_cat":[4803,1144],"product_tag":[4245],"product_format_filter":[6374],"class_list":{"0":"post-181998","1":"product","2":"type-product","3":"status-publish","4":"has-post-thumbnail","6":"product_brand-ross-gold-3","7":"product_cat-pre-rolls-non-infuses","8":"product_cat-pre-roules","9":"product_tag-ross-gold-fr","10":"pa_flavours-agrume","11":"pa_flavours-citron","12":"pa_flavours-spicy","13":"pa_flavours-pin","14":"pa_flavours-doux","15":"pa_flavours-terreux","16":"pa_intensity-thc-eleve","17":"pa_marques-rosss-gold-fr","18":"pa_origin-colombie-britannique-fr","19":"pa_prix-par-gramme-8-57-fr","20":"pa_profil-terpene-caryophyllene","21":"pa_profil-terpene-myrcene","22":"pa_profil-terpene-terpinolene-fr","23":"pa_type-de-plante-sativa-fr","24":"product_format_filter-0-5g","25":"desktop-align-left","26":"tablet-align-left","27":"mobile-align-left","29":"first","30":"outofstock","31":"taxable","32":"shipping-taxable","33":"purchasable","34":"product-type-simple"},"group_of_quantity":0,"min_quantity":0,"max_quantity":"","exclude_order_quantity_value_rules":"no","exclude_category_quantity_rules":"no","combine_variations":"no","acf":[],"_links":{"self":[{"href":"https:\/\/mendomedical.ca\/fr\/wp-json\/wp\/v2\/product\/181998","targetHints":{"allow":["GET"]}}],"collection":[{"href":"https:\/\/mendomedical.ca\/fr\/wp-json\/wp\/v2\/product"}],"about":[{"href":"https:\/\/mendomedical.ca\/fr\/wp-json\/wp\/v2\/types\/product"}],"replies":[{"embeddable":true,"href":"https:\/\/mendomedical.ca\/fr\/wp-json\/wp\/v2\/comments?post=181998"}],"wp:featuredmedia":[{"embeddable":true,"href":"https:\/\/mendomedical.ca\/fr\/wp-json\/wp\/v2\/media\/147428"}],"wp:attachment":[{"href":"https:\/\/mendomedical.ca\/fr\/wp-json\/wp\/v2\/media?parent=181998"}],"wp:term":[{"taxonomy":"product_brand","embeddable":true,"href":"https:\/\/mendomedical.ca\/fr\/wp-json\/wp\/v2\/product_brand?post=181998"},{"taxonomy":"product_cat","embeddable":true,"href":"https:\/\/mendomedical.ca\/fr\/wp-json\/wp\/v2\/product_cat?post=181998"},{"taxonomy":"product_tag","embeddable":true,"href":"https:\/\/mendomedical.ca\/fr\/wp-json\/wp\/v2\/product_tag?post=181998"},{"taxonomy":"product_format_filter","embeddable":true,"href":"https:\/\/mendomedical.ca\/fr\/wp-json\/wp\/v2\/product_format_filter?post=181998"}],"curies":[{"name":"wp","href":"https:\/\/api.w.org\/{rel}","templated":true}]}}