{"id":181984,"date":"2025-08-22T14:10:18","date_gmt":"2025-08-22T18:10:18","guid":{"rendered":"https:\/\/mendomedical.ca\/?post_type=product&#038;p=181984"},"modified":"2026-04-10T18:37:23","modified_gmt":"2026-04-10T22:37:23","slug":"lemongrass-lavender-cbd-pain-relief-stick","status":"publish","type":"product","link":"https:\/\/mendomedical.ca\/fr\/produit\/lemongrass-lavender-cbd-pain-relief-stick\/","title":{"rendered":"Stick anti-douleur CBD \u00e0 la citronnelle et \u00e0 la lavande"},"content":{"rendered":"<div class=\"description_toggle\">\n<div class=\"the_content active_toggle\">\n<div id=\"shopify-section-product-template\" class=\"shopify-section\">\n<section class=\"product-single wrapper product--product-template\" data-section-type=\"product-template\" data-section-id=\"product-template\" data-reviews=\"false\" data-swatches=\"false\">\n<div class=\"grid--full\">\n<div class=\"grid__item\">\n<div class=\"grid\">\n<div class=\"grid__item large--one-half text-left\">\n<div class=\"product-description-wrapper\">\n<div class=\"product-tabs js-product-tabs\">\n<div class=\"product-tab\">\n<div id=\"ProductTab--ingredients-2\" class=\"product-tab__content is-expanded\" data-collapsible-container=\"\">\n<div class=\"product-tab__inner rte\" data-collapsible-content=\"\">\n<p>&nbsp;<\/p>\n<\/div>\n<\/div>\n<\/div>\n<\/div>\n<\/div>\n<\/div>\n<\/div>\n<\/div>\n<\/div>\n<\/section>\n<\/div>\n<\/div>\n<\/div>\n<p class=\"format_produit\">\n","protected":false},"excerpt":{"rendered":"<div class=\"ExternalClass2B13323E515E45958AD1CE187B0BFA9B\">\n<h3>Stick anti-douleur CBD \u00e0 la citronnelle et \u00e0 la lavande<\/h3>\n<p>Faites l&rsquo;exp\u00e9rience d&rsquo;un soulagement cibl\u00e9 avec le Stick anti-douleur CBD citronnelle et lavande de Wildwood Labs. Ce topique au CBD de chanvre \u00e0 spectre complet, formul\u00e9 par des experts, associe les propri\u00e9t\u00e9s th\u00e9rapeutiques naturelles des huiles essentielles de citronnelle et de lavande \u00e0 l&rsquo;extrait de chanvre cultiv\u00e9 au Canada. Con\u00e7u pour une application pratique en d\u00e9placement, ce b\u00e2ton \u00e0 tourner permet une absorption \u00e0 retardement pour aider \u00e0 g\u00e9rer l&rsquo;inconfort musculaire et articulaire tout en soutenant les processus naturels de r\u00e9cup\u00e9ration de votre corps.<\/p>\n<h4>Caract\u00e9ristiques principales<\/h4>\n<ul>\n<li>CBD de chanvre \u00e0 spectre complet avec des cannabino\u00efdes naturels, dont le CBD, le THC, le CBN, le CBC et le CBGA.<\/li>\n<li>Formule \u00e0 lib\u00e9ration prolong\u00e9e pour un soulagement soutenu et continu tout au long de la journ\u00e9e<\/li>\n<li>Fabriqu\u00e9 avec des huiles essentielles de citronnelle et de lavande biologiques pour des bienfaits th\u00e9rapeutiques accrus.<\/li>\n<li>Applicateur pratique \u00e0 tourner pour un traitement de la douleur portable et sans d\u00e9g\u00e2ts.<\/li>\n<li>Extrait en petite quantit\u00e9 du chanvre cultiv\u00e9 dans la ferme familiale canadienne de Wildwood.<\/li>\n<\/ul>\n<h4>Ar\u00f4me et exp\u00e9rience d&rsquo;application<\/h4>\n<p>D\u00e8s l&rsquo;ouverture, vous d\u00e9couvrirez un m\u00e9lange harmonieux d&rsquo;agrumes rafra\u00eechissants, de citronnelle et de notes apaisantes de lavande. Ce parfum biologique cr\u00e9e une exp\u00e9rience sensorielle tranquille qui compl\u00e8te les effets th\u00e9rapeutiques du produit topique. Le profil aromatique offre des qualit\u00e9s \u00e0 la fois stimulantes et relaxantes, laissant un soup\u00e7on subtil de fra\u00eecheur v\u00e9g\u00e9tale sur la peau sans accabler les sens.<\/p>\n<h4>Pourquoi choisir les produits topiques au CBD<\/h4>\n<p>Les produits topiques \u00e0 base de CBD offrent un soulagement cibl\u00e9 directement l\u00e0 o\u00f9 le besoin s&rsquo;en fait sentir, ce qui les rend id\u00e9aux pour g\u00e9rer l&rsquo;inconfort localis\u00e9. Contrairement aux produits oraux, les produits topiques agissent par absorption cutan\u00e9e, apportant un soutien cibl\u00e9 aux tensions musculaires et articulaires sans effets syst\u00e9miques ni somnolence.<\/p>\n<h4>Exp\u00e9dition dans tout le Canada<\/h4>\n<p>Faites livrer rapidement votre b\u00e2ton anti-douleur \u00e0 la citronnelle et \u00e0 la lavande au CBD partout au Canada. Nous offrons la livraison gratuite pour toutes les commandes de plus de 150 $, ce qui vous assure de recevoir vos solutions de gestion de la douleur rapidement et \u00e0 un prix abordable.<\/p>\n<h4>Avantages et couverture pour les anciens combattants<\/h4>\n<p>Le b\u00e2ton antidouleur \u00e0 la citronnelle et \u00e0 la lavande est admissible \u00e0 la couverture d&rsquo;ACC (Anciens Combattants Canada) avec facturation directe par l&rsquo;entremise de la Croix Bleue, ce qui signifie que les anciens combattants admissibles n&rsquo;ont pas \u00e0 d\u00e9bourser d&rsquo;argent. Si vous n&rsquo;avez pas encore votre carte de cannabis m\u00e9dical, <a href=\"https:\/\/mendomedical.ca\/fr\/carte-medicale\/\">obtenez votre carte m\u00e9dicale gratuite rapidement et facilement ici<\/a>.<\/p>\n<div><b>Ingr\u00e9dients<\/b><br \/>\nCire d&rsquo;abeille, huile de coco, beurre de karit\u00e9, extrait de chanvre \u00e0 spectre complet, eucalyptus*, gaulth\u00e9rie*, lavande*, citronnelle* (*huile essentielle biologique).<\/div>\n<\/div>\n","protected":false},"featured_media":181990,"comment_status":"closed","ping_status":"closed","template":"","meta":{"_acf_changed":false,"site-sidebar-layout":"default","site-content-layout":"","ast-site-content-layout":"default","site-content-style":"default","site-sidebar-style":"default","ast-global-header-display":"","ast-banner-title-visibility":"","ast-main-header-display":"","ast-hfb-above-header-display":"","ast-hfb-below-header-display":"","ast-hfb-mobile-header-display":"","site-post-title":"","ast-breadcrumbs-content":"","ast-featured-img":"","footer-sml-layout":"","ast-disable-related-posts":"","theme-transparent-header-meta":"default","adv-header-id-meta":"","stick-header-meta":"","header-above-stick-meta":"","header-main-stick-meta":"","header-below-stick-meta":"","astra-migrate-meta-layouts":"set","ast-page-background-enabled":"default","ast-page-background-meta":{"desktop":{"background-color":"var(--ast-global-color-4)","background-image":"","background-repeat":"repeat","background-position":"center center","background-size":"auto","background-attachment":"scroll","background-type":"","background-media":"","overlay-type":"","overlay-color":"","overlay-opacity":"","overlay-gradient":""},"tablet":{"background-color":"","background-image":"","background-repeat":"repeat","background-position":"center center","background-size":"auto","background-attachment":"scroll","background-type":"","background-media":"","overlay-type":"","overlay-color":"","overlay-opacity":"","overlay-gradient":""},"mobile":{"background-color":"","background-image":"","background-repeat":"repeat","background-position":"center center","background-size":"auto","background-attachment":"scroll","background-type":"","background-media":"","overlay-type":"","overlay-color":"","overlay-opacity":"","overlay-gradient":""}},"ast-content-background-meta":{"desktop":{"background-color":"var(--ast-global-color-5)","background-image":"","background-repeat":"repeat","background-position":"center center","background-size":"auto","background-attachment":"scroll","background-type":"","background-media":"","overlay-type":"","overlay-color":"","overlay-opacity":"","overlay-gradient":""},"tablet":{"background-color":"var(--ast-global-color-5)","background-image":"","background-repeat":"repeat","background-position":"center center","background-size":"auto","background-attachment":"scroll","background-type":"","background-media":"","overlay-type":"","overlay-color":"","overlay-opacity":"","overlay-gradient":""},"mobile":{"background-color":"var(--ast-global-color-5)","background-image":"","background-repeat":"repeat","background-position":"center center","background-size":"auto","background-attachment":"scroll","background-type":"","background-media":"","overlay-type":"","overlay-color":"","overlay-opacity":"","overlay-gradient":""}}},"product_brand":[],"product_cat":[1151,1155,1150],"product_tag":[3684],"product_format_filter":[],"class_list":{"0":"post-181984","1":"product","2":"type-product","3":"status-publish","4":"has-post-thumbnail","6":"product_cat-baumes","7":"product_cat-rouleaux","8":"product_cat-topiques","9":"product_tag-wildwood-labs-fr","10":"pa_cbd-525mg-fr","11":"pa_format-30g-fr","12":"pa_intensity-faible-thc","13":"pa_intensity-cbd-moyen","14":"pa_marques-wildwood-labs-fr","15":"pa_origin-ontario-fr","16":"pa_thc-50mg-fr","17":"pa_type-de-plante-cbd-fr","18":"pa_type-de-plante-thc-fr","19":"desktop-align-left","20":"tablet-align-left","21":"mobile-align-left","23":"first","24":"instock","25":"taxable","26":"shipping-taxable","27":"purchasable","28":"product-type-simple"},"group_of_quantity":0,"min_quantity":0,"max_quantity":"","exclude_order_quantity_value_rules":"no","exclude_category_quantity_rules":"no","combine_variations":"no","acf":[],"_links":{"self":[{"href":"https:\/\/mendomedical.ca\/fr\/wp-json\/wp\/v2\/product\/181984","targetHints":{"allow":["GET"]}}],"collection":[{"href":"https:\/\/mendomedical.ca\/fr\/wp-json\/wp\/v2\/product"}],"about":[{"href":"https:\/\/mendomedical.ca\/fr\/wp-json\/wp\/v2\/types\/product"}],"replies":[{"embeddable":true,"href":"https:\/\/mendomedical.ca\/fr\/wp-json\/wp\/v2\/comments?post=181984"}],"wp:featuredmedia":[{"embeddable":true,"href":"https:\/\/mendomedical.ca\/fr\/wp-json\/wp\/v2\/media\/181990"}],"wp:attachment":[{"href":"https:\/\/mendomedical.ca\/fr\/wp-json\/wp\/v2\/media?parent=181984"}],"wp:term":[{"taxonomy":"product_brand","embeddable":true,"href":"https:\/\/mendomedical.ca\/fr\/wp-json\/wp\/v2\/product_brand?post=181984"},{"taxonomy":"product_cat","embeddable":true,"href":"https:\/\/mendomedical.ca\/fr\/wp-json\/wp\/v2\/product_cat?post=181984"},{"taxonomy":"product_tag","embeddable":true,"href":"https:\/\/mendomedical.ca\/fr\/wp-json\/wp\/v2\/product_tag?post=181984"},{"taxonomy":"product_format_filter","embeddable":true,"href":"https:\/\/mendomedical.ca\/fr\/wp-json\/wp\/v2\/product_format_filter?post=181984"}],"curies":[{"name":"wp","href":"https:\/\/api.w.org\/{rel}","templated":true}]}}