{"id":181976,"date":"2025-08-22T14:00:19","date_gmt":"2025-08-22T18:00:19","guid":{"rendered":"https:\/\/mendomedical.ca\/?post_type=product&#038;p=181976"},"modified":"2026-04-07T14:41:29","modified_gmt":"2026-04-07T18:41:29","slug":"cool-menthol-cbd-pain-relief-stick","status":"publish","type":"product","link":"https:\/\/mendomedical.ca\/fr\/produit\/cool-menthol-cbd-pain-relief-stick\/","title":{"rendered":"Cool Menthol CBD Pain Relief Stick"},"content":{"rendered":"<div class=\"description_toggle\">\n<div class=\"the_content active_toggle\">\n<div id=\"shopify-section-product-template\" class=\"shopify-section\">\n<section class=\"product-single wrapper product--product-template\" data-section-type=\"product-template\" data-section-id=\"product-template\" data-reviews=\"false\" data-swatches=\"false\">\n<div class=\"grid--full\">\n<div class=\"grid__item\">\n<div class=\"grid\">\n<div class=\"grid__item large--one-half text-left\">\n<div class=\"product-description-wrapper\">\n<div class=\"product-tabs js-product-tabs\">\n<div class=\"product-tab\">\n<div id=\"ProductTab--ingredients-2\" class=\"product-tab__content is-expanded\" data-collapsible-container=\"\">\n<div class=\"product-tab__inner rte\" data-collapsible-content=\"\">\n<p>&nbsp;<\/p>\n<\/div>\n<\/div>\n<\/div>\n<\/div>\n<\/div>\n<\/div>\n<\/div>\n<\/div>\n<\/div>\n<\/section>\n<\/div>\n<\/div>\n<\/div>\n<p class=\"format_produit\">\n","protected":false},"excerpt":{"rendered":"<div class=\"ExternalClass5326DAED29F54926AFCD2CEAA8315B90\">\n<h3>Cool Menthol CBD Pain Relief Stick<\/h3>\n<p>Faites l&rsquo;exp\u00e9rience d&rsquo;un soulagement cibl\u00e9 avec le Cool Menthol CBD Pain Relief Stick de Wildwood Labs. Ce topique au CBD de chanvre \u00e0 spectre complet associe les bienfaits naturels des cannabino\u00efdes \u00e0 la sensation vivifiante du menthol pour une approche rafra\u00eechissante de la gestion de l&rsquo;inconfort musculaire et articulaire quotidien. Fabriqu\u00e9 avec soin dans une ferme familiale canadienne, ce stick pratique \u00e0 tourner permet une absorption \u00e0 retardement gr\u00e2ce \u00e0 un m\u00e9lange enti\u00e8rement naturel soigneusement formul\u00e9.<\/p>\n<h4>Caract\u00e9ristiques principales<\/h4>\n<ul>\n<li>Formulation de CBD \u00e0 spectre complet contenant des niveaux \u00e9lev\u00e9s de CBD aux c\u00f4t\u00e9s du THC, du CBN, du CBC et du CBGA pour un potentiel th\u00e9rapeutique accru.<\/li>\n<li>La technologie d&rsquo;absorption \u00e0 retardement assure un confort durable tout au long de la journ\u00e9e.<\/li>\n<li>La conception pratique du b\u00e2tonnet twist-up permet une application pr\u00e9cise et sans d\u00e9sordre partout.<\/li>\n<li>Ingr\u00e9dients enti\u00e8rement naturels cultiv\u00e9s et extraits en petites quantit\u00e9s dans la ferme familiale Lakeside de Wildwood Labs.<\/li>\n<li>La sensation de fra\u00eecheur du menthol procure un soulagement imm\u00e9diat d\u00e8s l&rsquo;application.<\/li>\n<li>Fabriqu\u00e9 \u00e0 partir d&rsquo;un m\u00e9lange de Katani.<\/li>\n<\/ul>\n<h4>Profil aromatique et cannabino\u00efde<\/h4>\n<p>D\u00e8s l&rsquo;ouverture, vous remarquerez le parfum vif et rafra\u00eechissant du menthol frais qui procure une bouff\u00e9e de fra\u00eecheur revigorante. L&rsquo;exp\u00e9rience aromatique associe le menthol rafra\u00eechissant \u00e0 de subtiles notes d&rsquo;herbes, laissant une fra\u00eecheur persistante qui revitalise les sens. Cette formulation \u00e0 spectre complet englobe les avantages naturels du chanvre sans isolats chimiques, avec des niveaux \u00e9lev\u00e9s de CBD compl\u00e9t\u00e9s par le THC, le CBN, le CBC et le CBGA pour un soutien th\u00e9rapeutique complet.<\/p>\n<h4>Pourquoi choisir les produits topiques \u00e0 base de CBD ?<\/h4>\n<p>Les applications topiques de CBD offrent un soulagement cibl\u00e9 exactement l\u00e0 o\u00f9 vous en avez le plus besoin, sans effets syst\u00e9miques. Elles sont donc id\u00e9ales pour les utilisateurs m\u00e9dicaux qui recherchent un soutien localis\u00e9 pour les tensions musculaires et l&rsquo;inconfort articulaire, tout en conservant une clart\u00e9 mentale totale tout au long de la journ\u00e9e.<\/p>\n<h4>Exp\u00e9dition dans tout le Canada<\/h4>\n<p>Le b\u00e2ton anti-douleur Cool Menthol CBD est exp\u00e9di\u00e9 rapidement au Canada. Nous offrons la livraison gratuite pour toutes les commandes de plus de 150 $, ce qui vous assure de recevoir vos produits th\u00e9rapeutiques \u00e0 votre porte.<\/p>\n<h4>Avantages et couverture pour les anciens combattants<\/h4>\n<p>Le b\u00e2ton antidouleur Cool Menthol CBD est admissible \u00e0 la couverture d&rsquo;ACC (Anciens Combattants Canada) avec facturation directe par l&rsquo;entremise de la Croix Bleue, ce qui signifie que les anciens combattants admissibles n&rsquo;ont pas \u00e0 d\u00e9bourser d&rsquo;argent. Si vous n&rsquo;avez pas encore de carte m\u00e9dicale, <a href=\"https:\/\/mendomedical.ca\/fr\/carte-medicale\/\">obtenez votre carte m\u00e9dicale gratuite rapidement et facilement<\/a> pour acc\u00e9der \u00e0 ces avantages.<\/p>\n<\/div>\n","protected":false},"featured_media":181980,"comment_status":"closed","ping_status":"closed","template":"","meta":{"_acf_changed":false,"site-sidebar-layout":"default","site-content-layout":"","ast-site-content-layout":"default","site-content-style":"default","site-sidebar-style":"default","ast-global-header-display":"","ast-banner-title-visibility":"","ast-main-header-display":"","ast-hfb-above-header-display":"","ast-hfb-below-header-display":"","ast-hfb-mobile-header-display":"","site-post-title":"","ast-breadcrumbs-content":"","ast-featured-img":"","footer-sml-layout":"","ast-disable-related-posts":"","theme-transparent-header-meta":"default","adv-header-id-meta":"","stick-header-meta":"","header-above-stick-meta":"","header-main-stick-meta":"","header-below-stick-meta":"","astra-migrate-meta-layouts":"set","ast-page-background-enabled":"default","ast-page-background-meta":{"desktop":{"background-color":"var(--ast-global-color-4)","background-image":"","background-repeat":"repeat","background-position":"center center","background-size":"auto","background-attachment":"scroll","background-type":"","background-media":"","overlay-type":"","overlay-color":"","overlay-opacity":"","overlay-gradient":""},"tablet":{"background-color":"","background-image":"","background-repeat":"repeat","background-position":"center center","background-size":"auto","background-attachment":"scroll","background-type":"","background-media":"","overlay-type":"","overlay-color":"","overlay-opacity":"","overlay-gradient":""},"mobile":{"background-color":"","background-image":"","background-repeat":"repeat","background-position":"center center","background-size":"auto","background-attachment":"scroll","background-type":"","background-media":"","overlay-type":"","overlay-color":"","overlay-opacity":"","overlay-gradient":""}},"ast-content-background-meta":{"desktop":{"background-color":"var(--ast-global-color-5)","background-image":"","background-repeat":"repeat","background-position":"center center","background-size":"auto","background-attachment":"scroll","background-type":"","background-media":"","overlay-type":"","overlay-color":"","overlay-opacity":"","overlay-gradient":""},"tablet":{"background-color":"var(--ast-global-color-5)","background-image":"","background-repeat":"repeat","background-position":"center center","background-size":"auto","background-attachment":"scroll","background-type":"","background-media":"","overlay-type":"","overlay-color":"","overlay-opacity":"","overlay-gradient":""},"mobile":{"background-color":"var(--ast-global-color-5)","background-image":"","background-repeat":"repeat","background-position":"center center","background-size":"auto","background-attachment":"scroll","background-type":"","background-media":"","overlay-type":"","overlay-color":"","overlay-opacity":"","overlay-gradient":""}}},"product_brand":[],"product_cat":[1151,1155,1150],"product_tag":[3684],"product_format_filter":[6408],"class_list":{"0":"post-181976","1":"product","2":"type-product","3":"status-publish","4":"has-post-thumbnail","6":"product_cat-baumes","7":"product_cat-rouleaux","8":"product_cat-topiques","9":"product_tag-wildwood-labs-fr","10":"pa_cbd-525mg-fr","11":"pa_format-30g-fr","12":"pa_intensity-faible-thc","13":"pa_intensity-cbd-moyen","14":"pa_marques-wildwood-labs-fr","15":"pa_origin-ontario-fr","16":"pa_thc-50mg-fr","17":"pa_type-de-plante-cbd-fr","18":"pa_type-de-plante-thc-fr","19":"product_format_filter-3g","20":"desktop-align-left","21":"tablet-align-left","22":"mobile-align-left","24":"first","25":"instock","26":"taxable","27":"shipping-taxable","28":"purchasable","29":"product-type-simple"},"group_of_quantity":0,"min_quantity":0,"max_quantity":"","exclude_order_quantity_value_rules":"no","exclude_category_quantity_rules":"no","combine_variations":"no","acf":[],"_links":{"self":[{"href":"https:\/\/mendomedical.ca\/fr\/wp-json\/wp\/v2\/product\/181976","targetHints":{"allow":["GET"]}}],"collection":[{"href":"https:\/\/mendomedical.ca\/fr\/wp-json\/wp\/v2\/product"}],"about":[{"href":"https:\/\/mendomedical.ca\/fr\/wp-json\/wp\/v2\/types\/product"}],"replies":[{"embeddable":true,"href":"https:\/\/mendomedical.ca\/fr\/wp-json\/wp\/v2\/comments?post=181976"}],"wp:featuredmedia":[{"embeddable":true,"href":"https:\/\/mendomedical.ca\/fr\/wp-json\/wp\/v2\/media\/181980"}],"wp:attachment":[{"href":"https:\/\/mendomedical.ca\/fr\/wp-json\/wp\/v2\/media?parent=181976"}],"wp:term":[{"taxonomy":"product_brand","embeddable":true,"href":"https:\/\/mendomedical.ca\/fr\/wp-json\/wp\/v2\/product_brand?post=181976"},{"taxonomy":"product_cat","embeddable":true,"href":"https:\/\/mendomedical.ca\/fr\/wp-json\/wp\/v2\/product_cat?post=181976"},{"taxonomy":"product_tag","embeddable":true,"href":"https:\/\/mendomedical.ca\/fr\/wp-json\/wp\/v2\/product_tag?post=181976"},{"taxonomy":"product_format_filter","embeddable":true,"href":"https:\/\/mendomedical.ca\/fr\/wp-json\/wp\/v2\/product_format_filter?post=181976"}],"curies":[{"name":"wp","href":"https:\/\/api.w.org\/{rel}","templated":true}]}}