{"id":181957,"date":"2024-07-01T11:43:35","date_gmt":"2024-07-01T15:43:35","guid":{"rendered":"https:\/\/mendomedical.ca\/?post_type=product&#038;p=181957"},"modified":"2025-12-30T14:45:55","modified_gmt":"2025-12-30T19:45:55","slug":"ultimate-strenght-cbd-roll-on","status":"publish","type":"product","link":"https:\/\/mendomedical.ca\/fr\/produit\/ultimate-strenght-cbd-roll-on\/","title":{"rendered":"Ultimate Strenght CBD Roll On"},"content":{"rendered":"","protected":false},"excerpt":{"rendered":"<div class=\"ExternalClass28E47474760043229C5740B570AAB9FE\">\n<h3>Ultimate Strength CBD Roll On<\/h3>\n<p>Faites l&rsquo;exp\u00e9rience d&rsquo;un soulagement cibl\u00e9 gr\u00e2ce \u00e0 l&rsquo;Ultimate Strength CBD Roll On de Canna Relief. Ce topique de qualit\u00e9 sup\u00e9rieure combine des ann\u00e9es de recherche et de d\u00e9veloppement pour offrir une application de CBD sans d\u00e9g\u00e2ts et tr\u00e8s efficace. Compos\u00e9 d&rsquo;isolat de CBD pur m\u00e9lang\u00e9 \u00e0 des huiles botaniques naturelles et \u00e0 des ingr\u00e9dients th\u00e9rapeutiques, ce roll-on est rapidement absorb\u00e9 par la peau pour fournir un soutien cibl\u00e9 exactement l\u00e0 o\u00f9 vous en avez besoin. L&rsquo;applicateur pratique et la formulation enti\u00e8rement naturelle en font un choix id\u00e9al pour ceux qui recherchent une solution topique tr\u00e8s puissante et sans THC.   <\/p>\n<h4>Caract\u00e9ristiques principales<\/h4>\n<ul>\n<li>Applicateur en rouleau facile \u00e0 utiliser pour une application pr\u00e9cise et sans d\u00e9g\u00e2ts.<\/li>\n<li>Formule d&rsquo;isolat de CBD tr\u00e8s puissante avec 0 % de THC<\/li>\n<li>Enrichi en arnica pour des bienfaits th\u00e9rapeutiques suppl\u00e9mentaires<\/li>\n<li>Les huiles naturelles de menthe poivr\u00e9e et d&rsquo;eucalyptus procurent une sensation de fra\u00eecheur.<\/li>\n<li>Formule \u00e0 absorption rapide \u00e0 base d&rsquo;huiles de p\u00e9pins de raisin et de tournesol<\/li>\n<\/ul>\n<h4>Profil des ingr\u00e9dients naturels<\/h4>\n<p>Cette formule bien pens\u00e9e pr\u00e9sente un m\u00e9lange synergique d&rsquo;ingr\u00e9dients naturels. Les propri\u00e9t\u00e9s rafra\u00eechissantes de l&rsquo;huile de menthe poivr\u00e9e s&rsquo;associent \u00e0 l&rsquo;ar\u00f4me rafra\u00eechissant de l&rsquo;eucalyptus pour cr\u00e9er une exp\u00e9rience sensorielle revigorante. La base l\u00e9g\u00e8re d&rsquo;huile de p\u00e9pins de raisin et de tournesol assure une absorption rapide sans laisser de r\u00e9sidu gras, tandis que l&rsquo;arnica travaille avec l&rsquo;isolat de CBD pour fournir un soutien topique complet.  <\/p>\n<h4>Pourquoi choisir les Roll-Ons au CBD ?<\/h4>\n<p>Les roll-ons de CBD offrent aux utilisateurs m\u00e9dicaux une application pr\u00e9cise et cibl\u00e9e, sans le d\u00e9sordre des cr\u00e8mes ou des baumes traditionnels. Leur format pratique permet une application facile tout au long de la journ\u00e9e, ce qui les rend parfaits pour maintenir une utilisation topique r\u00e9guli\u00e8re du CBD dans le cadre de votre routine de bien-\u00eatre. <\/p>\n<h4>Exp\u00e9dition dans tout le Canada<\/h4>\n<p>Le roll-on CBD Ultimate Strength est exp\u00e9di\u00e9 rapidement dans tout le Canada, avec une livraison gratuite pour les commandes de plus de 150 $. Nous assurons une livraison rapide et discr\u00e8te \u00e0 votre porte, ce qui vous permet de maintenir votre routine de bien-\u00eatre sans interruption. <\/p>\n<h4>Avantages et couverture pour les anciens combattants<\/h4>\n<p>Le roll-on CBD Ultimate Strength est admissible \u00e0 la couverture d&rsquo;ACC (Anciens Combattants Canada) avec facturation directe par l&rsquo;entremise de la Croix Bleue, ce qui signifie que les anciens combattants admissibles n&rsquo;ont pas \u00e0 d\u00e9bourser d&rsquo;argent. Si vous n&rsquo;avez pas encore de carte m\u00e9dicale, vous pouvez <a href=\"https:\/\/mendomedical.ca\/fr\/carte-medicale\/\">obtenir votre carte m\u00e9dicale gratuite rapidement et facilement<\/a> pour acc\u00e9der \u00e0 ces avantages et \u00e0 bien d&rsquo;autres encore. <\/p>\n<\/div>\n","protected":false},"featured_media":181959,"comment_status":"closed","ping_status":"closed","template":"","meta":{"_acf_changed":false,"site-sidebar-layout":"default","site-content-layout":"","ast-site-content-layout":"default","site-content-style":"default","site-sidebar-style":"default","ast-global-header-display":"","ast-banner-title-visibility":"","ast-main-header-display":"","ast-hfb-above-header-display":"","ast-hfb-below-header-display":"","ast-hfb-mobile-header-display":"","site-post-title":"","ast-breadcrumbs-content":"","ast-featured-img":"","footer-sml-layout":"","ast-disable-related-posts":"","theme-transparent-header-meta":"default","adv-header-id-meta":"","stick-header-meta":"","header-above-stick-meta":"","header-main-stick-meta":"","header-below-stick-meta":"","astra-migrate-meta-layouts":"set","ast-page-background-enabled":"default","ast-page-background-meta":{"desktop":{"background-color":"var(--ast-global-color-4)","background-image":"","background-repeat":"repeat","background-position":"center center","background-size":"auto","background-attachment":"scroll","background-type":"","background-media":"","overlay-type":"","overlay-color":"","overlay-opacity":"","overlay-gradient":""},"tablet":{"background-color":"","background-image":"","background-repeat":"repeat","background-position":"center center","background-size":"auto","background-attachment":"scroll","background-type":"","background-media":"","overlay-type":"","overlay-color":"","overlay-opacity":"","overlay-gradient":""},"mobile":{"background-color":"","background-image":"","background-repeat":"repeat","background-position":"center center","background-size":"auto","background-attachment":"scroll","background-type":"","background-media":"","overlay-type":"","overlay-color":"","overlay-opacity":"","overlay-gradient":""}},"ast-content-background-meta":{"desktop":{"background-color":"var(--ast-global-color-5)","background-image":"","background-repeat":"repeat","background-position":"center center","background-size":"auto","background-attachment":"scroll","background-type":"","background-media":"","overlay-type":"","overlay-color":"","overlay-opacity":"","overlay-gradient":""},"tablet":{"background-color":"var(--ast-global-color-5)","background-image":"","background-repeat":"repeat","background-position":"center center","background-size":"auto","background-attachment":"scroll","background-type":"","background-media":"","overlay-type":"","overlay-color":"","overlay-opacity":"","overlay-gradient":""},"mobile":{"background-color":"var(--ast-global-color-5)","background-image":"","background-repeat":"repeat","background-position":"center center","background-size":"auto","background-attachment":"scroll","background-type":"","background-media":"","overlay-type":"","overlay-color":"","overlay-opacity":"","overlay-gradient":""}}},"product_brand":[4514],"product_cat":[1155,1150],"product_tag":[4516],"product_format_filter":[],"class_list":{"0":"post-181957","1":"product","2":"type-product","3":"status-publish","4":"has-post-thumbnail","6":"product_brand-canna-relief","7":"product_cat-rouleaux","8":"product_cat-topiques","9":"product_tag-canna-relief-fr","10":"pa_cbd-1000mg-fr","11":"pa_format-27-6ml-fr","12":"pa_intensity-eleve-en-cbd","13":"pa_marques-canna-relief-fr","14":"pa_origin-ontario-fr","15":"pa_type-de-plante-cbd-fr","16":"desktop-align-left","17":"tablet-align-left","18":"mobile-align-left","20":"first","21":"outofstock","22":"taxable","23":"shipping-taxable","24":"purchasable","25":"product-type-simple"},"group_of_quantity":0,"min_quantity":0,"max_quantity":"","exclude_order_quantity_value_rules":"no","exclude_category_quantity_rules":"no","combine_variations":"no","acf":[],"_links":{"self":[{"href":"https:\/\/mendomedical.ca\/fr\/wp-json\/wp\/v2\/product\/181957","targetHints":{"allow":["GET"]}}],"collection":[{"href":"https:\/\/mendomedical.ca\/fr\/wp-json\/wp\/v2\/product"}],"about":[{"href":"https:\/\/mendomedical.ca\/fr\/wp-json\/wp\/v2\/types\/product"}],"replies":[{"embeddable":true,"href":"https:\/\/mendomedical.ca\/fr\/wp-json\/wp\/v2\/comments?post=181957"}],"wp:featuredmedia":[{"embeddable":true,"href":"https:\/\/mendomedical.ca\/fr\/wp-json\/wp\/v2\/media\/181959"}],"wp:attachment":[{"href":"https:\/\/mendomedical.ca\/fr\/wp-json\/wp\/v2\/media?parent=181957"}],"wp:term":[{"taxonomy":"product_brand","embeddable":true,"href":"https:\/\/mendomedical.ca\/fr\/wp-json\/wp\/v2\/product_brand?post=181957"},{"taxonomy":"product_cat","embeddable":true,"href":"https:\/\/mendomedical.ca\/fr\/wp-json\/wp\/v2\/product_cat?post=181957"},{"taxonomy":"product_tag","embeddable":true,"href":"https:\/\/mendomedical.ca\/fr\/wp-json\/wp\/v2\/product_tag?post=181957"},{"taxonomy":"product_format_filter","embeddable":true,"href":"https:\/\/mendomedical.ca\/fr\/wp-json\/wp\/v2\/product_format_filter?post=181957"}],"curies":[{"name":"wp","href":"https:\/\/api.w.org\/{rel}","templated":true}]}}