{"id":181877,"date":"2025-09-05T18:55:17","date_gmt":"2025-09-05T22:55:17","guid":{"rendered":"https:\/\/mendomedical.ca\/?post_type=product&#038;p=181877"},"modified":"2026-02-12T22:52:54","modified_gmt":"2026-02-13T03:52:54","slug":"cuban-linx-live-resin-vape-cart","status":"publish","type":"product","link":"https:\/\/mendomedical.ca\/fr\/produit\/cuban-linx-live-resin-vape-cart\/","title":{"rendered":"Cuban Linx - Live Resin Vape Cart"},"content":{"rendered":"","protected":false},"excerpt":{"rendered":"<div class=\"ExternalClassE2EFFE8A947F433F9B41A9F9139F0CCB\">\n<h3>Cuban Linx - Live Resin VapeCart<br \/>\nTerp\u00e8nes totaux: 15.7%<\/h3>\n<p>D\u00e9couvrez l&rsquo;essence pure du cannabis avec la Vape Cart Cuban Linx Live Resin de Tribal. Cette cartouche de qualit\u00e9 sup\u00e9rieure \u00e0 filetage 510 contient un seul ingr\u00e9dient - la fleur de Cuban Linx fra\u00eechement congel\u00e9e - et vous offre une exp\u00e9rience de vapotage authentique et puissante. Gr\u00e2ce \u00e0 une extraction cryog\u00e9nique avanc\u00e9e, cette cartouche de r\u00e9sine vivante pr\u00e9serve le profil terp\u00e9nique et cannabino\u00efde complet de la souche originale, offrant aux utilisateurs m\u00e9dicaux une option propre et puissante avec une teneur en terp\u00e8nes totaux exceptionnelle de 15,7 %.<\/p>\n<h4>Caract\u00e9ristiques principales<\/h4>\n<ul>\n<li>Puret\u00e9 d&rsquo;un seul ingr\u00e9dient : Contient uniquement des fleurs fra\u00eeches congel\u00e9es de Cuban Linx (TK Skunk x Trigerian genetics).<\/li>\n<li>Pr\u00e9servation exceptionnelle des terp\u00e8nes avec 15,7 % de terp\u00e8nes totaux pour un potentiel th\u00e9rapeutique accru.<\/li>\n<li>Le processus d&rsquo;extraction cryog\u00e9nique avanc\u00e9 permet de conserver le profil complet des cannabino\u00efdes, des terp\u00e8nes et des flavono\u00efdes.<\/li>\n<li>Compatible avec les piles standard \u00e0 filetage 510 pour un dosage pratique et r\u00e9gulier.<\/li>\n<li>La cartouche de 1g permet une utilisation prolong\u00e9e et une valeur ajout\u00e9e pour les patients m\u00e9dicaux.<\/li>\n<\/ul>\n<h4>Profil aromatique et terp\u00e9nique<\/h4>\n<p>Cuban Linx offre un profil de saveur Haze traditionnel qui refl\u00e8te parfaitement la fleur originale. Les effets stimulants sont compl\u00e9t\u00e9s par la forte teneur en terp\u00e8nes de la vari\u00e9t\u00e9, offrant aux utilisateurs m\u00e9dicaux une exp\u00e9rience puissante et authentique du cannabis. Le processus d&rsquo;extraction cryog\u00e9nique garantit que chaque tirage capture le spectre complet des compos\u00e9s b\u00e9n\u00e9fiques pr\u00e9sents dans la plante fra\u00eeche.<\/p>\n<h4>Pourquoi choisir les carts \u00e0 fils 510<\/h4>\n<p>Les cartouches \u00e0 filetage 510 offrent aux patients de cannabis m\u00e9dical un contr\u00f4le pr\u00e9cis du dosage et des options de consommation discr\u00e8tes. Le filetage standardis\u00e9 garantit la compatibilit\u00e9 avec la plupart des batteries de vapotage, tandis que le format concentr\u00e9 offre un soulagement \u00e0 action rapide qui peut r\u00e9pondre \u00e0 divers besoins th\u00e9rapeutiques.<\/p>\n<h4>Exp\u00e9dition dans tout le Canada<\/h4>\n<p>Cuban Linx - Live Resin Vape Cart est exp\u00e9di\u00e9 rapidement \u00e0 travers le Canada. Nous offrons une livraison gratuite pour toutes les commandes de plus de 150 $, assurant un acc\u00e8s pratique \u00e0 vos produits de cannabis m\u00e9dical o\u00f9 que vous soyez dans le pays.<\/p>\n<h4>Avantages et couverture pour les anciens combattants<\/h4>\n<p>Cuban Linx - Live Resin Vape Cart est admissible \u00e0 la couverture d&rsquo;ACC (Anciens Combattants Canada) et \u00e0 la facturation directe par l&rsquo;entremise de la Croix Bleue, ce qui signifie qu&rsquo;aucun d\u00e9bours\u00e9 n&rsquo;est n\u00e9cessaire pour les anciens combattants admissibles. Si vous n&rsquo;avez pas encore d&rsquo;ordonnance de cannabis m\u00e9dical, vous pouvez <a href=\"https:\/\/mendomedical.ca\/fr\/carte-medicale\/\">obtenir votre carte m\u00e9dicale gratuite rapidement et facilement<\/a> gr\u00e2ce \u00e0 notre processus simplifi\u00e9.<\/p>\n<\/div>\n","protected":false},"featured_media":227034,"comment_status":"closed","ping_status":"closed","template":"","meta":{"_acf_changed":false,"site-sidebar-layout":"default","site-content-layout":"","ast-site-content-layout":"default","site-content-style":"default","site-sidebar-style":"default","ast-global-header-display":"","ast-banner-title-visibility":"","ast-main-header-display":"","ast-hfb-above-header-display":"","ast-hfb-below-header-display":"","ast-hfb-mobile-header-display":"","site-post-title":"","ast-breadcrumbs-content":"","ast-featured-img":"","footer-sml-layout":"","ast-disable-related-posts":"","theme-transparent-header-meta":"default","adv-header-id-meta":"","stick-header-meta":"","header-above-stick-meta":"","header-main-stick-meta":"","header-below-stick-meta":"","astra-migrate-meta-layouts":"set","ast-page-background-enabled":"default","ast-page-background-meta":{"desktop":{"background-color":"var(--ast-global-color-4)","background-image":"","background-repeat":"repeat","background-position":"center center","background-size":"auto","background-attachment":"scroll","background-type":"","background-media":"","overlay-type":"","overlay-color":"","overlay-opacity":"","overlay-gradient":""},"tablet":{"background-color":"","background-image":"","background-repeat":"repeat","background-position":"center center","background-size":"auto","background-attachment":"scroll","background-type":"","background-media":"","overlay-type":"","overlay-color":"","overlay-opacity":"","overlay-gradient":""},"mobile":{"background-color":"","background-image":"","background-repeat":"repeat","background-position":"center center","background-size":"auto","background-attachment":"scroll","background-type":"","background-media":"","overlay-type":"","overlay-color":"","overlay-opacity":"","overlay-gradient":""}},"ast-content-background-meta":{"desktop":{"background-color":"var(--ast-global-color-5)","background-image":"","background-repeat":"repeat","background-position":"center center","background-size":"auto","background-attachment":"scroll","background-type":"","background-media":"","overlay-type":"","overlay-color":"","overlay-opacity":"","overlay-gradient":""},"tablet":{"background-color":"var(--ast-global-color-5)","background-image":"","background-repeat":"repeat","background-position":"center center","background-size":"auto","background-attachment":"scroll","background-type":"","background-media":"","overlay-type":"","overlay-color":"","overlay-opacity":"","overlay-gradient":""},"mobile":{"background-color":"var(--ast-global-color-5)","background-image":"","background-repeat":"repeat","background-position":"center center","background-size":"auto","background-attachment":"scroll","background-type":"","background-media":"","overlay-type":"","overlay-color":"","overlay-opacity":"","overlay-gradient":""}}},"product_brand":[],"product_cat":[1160,1163,1530,1159],"product_tag":[2629],"product_format_filter":[6369],"class_list":{"0":"post-181877","1":"product","2":"type-product","3":"status-publish","4":"has-post-thumbnail","6":"product_cat-cart-fil-510","7":"product_cat-cured-et-resine-vivante-fr","8":"product_cat-spectre-complet1","9":"product_cat-vapoteuses","10":"product_tag-tribal-fr","11":"pa_format-1g-2-fr","12":"pa_intensity-thc-eleve","13":"pa_marques-tribal-fr","14":"pa_origin-ontario-fr","15":"pa_profil-terpene-caryophyllene","16":"pa_profil-terpene-ocimene-fr","17":"pa_profil-terpene-terpinolene-fr","18":"pa_thc-77-9","19":"pa_type-de-plante-hybride-sativa-fr","20":"product_format_filter-1g","21":"desktop-align-left","22":"tablet-align-left","23":"mobile-align-left","25":"first","26":"outofstock","27":"taxable","28":"shipping-taxable","29":"purchasable","30":"product-type-simple"},"group_of_quantity":0,"min_quantity":0,"max_quantity":"","exclude_order_quantity_value_rules":"no","exclude_category_quantity_rules":"no","combine_variations":"no","acf":[],"_links":{"self":[{"href":"https:\/\/mendomedical.ca\/fr\/wp-json\/wp\/v2\/product\/181877","targetHints":{"allow":["GET"]}}],"collection":[{"href":"https:\/\/mendomedical.ca\/fr\/wp-json\/wp\/v2\/product"}],"about":[{"href":"https:\/\/mendomedical.ca\/fr\/wp-json\/wp\/v2\/types\/product"}],"replies":[{"embeddable":true,"href":"https:\/\/mendomedical.ca\/fr\/wp-json\/wp\/v2\/comments?post=181877"}],"wp:featuredmedia":[{"embeddable":true,"href":"https:\/\/mendomedical.ca\/fr\/wp-json\/wp\/v2\/media\/227034"}],"wp:attachment":[{"href":"https:\/\/mendomedical.ca\/fr\/wp-json\/wp\/v2\/media?parent=181877"}],"wp:term":[{"taxonomy":"product_brand","embeddable":true,"href":"https:\/\/mendomedical.ca\/fr\/wp-json\/wp\/v2\/product_brand?post=181877"},{"taxonomy":"product_cat","embeddable":true,"href":"https:\/\/mendomedical.ca\/fr\/wp-json\/wp\/v2\/product_cat?post=181877"},{"taxonomy":"product_tag","embeddable":true,"href":"https:\/\/mendomedical.ca\/fr\/wp-json\/wp\/v2\/product_tag?post=181877"},{"taxonomy":"product_format_filter","embeddable":true,"href":"https:\/\/mendomedical.ca\/fr\/wp-json\/wp\/v2\/product_format_filter?post=181877"}],"curies":[{"name":"wp","href":"https:\/\/api.w.org\/{rel}","templated":true}]}}