{"id":181845,"date":"2023-12-31T07:57:48","date_gmt":"2023-12-31T12:57:48","guid":{"rendered":"https:\/\/mendomedical.ca\/?post_type=product&#038;p=181845"},"modified":"2026-04-16T10:40:44","modified_gmt":"2026-04-16T14:40:44","slug":"chocolat-chaud-infuse-au-hash-rosin-k-cup-copy","status":"publish","type":"product","link":"https:\/\/mendomedical.ca\/fr\/produit\/chocolat-chaud-infuse-au-hash-rosin-k-cup-copy\/","title":{"rendered":"THC Instant Hash Coffee - 2 K-Cup"},"content":{"rendered":"","protected":false},"excerpt":{"rendered":"<p><strong>2 dosettes de caf\u00e9 instantan\u00e9 infus\u00e9es avec 5mg de rosine de premi\u00e8re qualit\u00e9 chacune. Votre nouvelle fa\u00e7on pr\u00e9f\u00e9r\u00e9e de vous r\u00e9veiller et de cuisiner. Pas de Keurig, pas de probl\u00e8me - ouvrez simplement le couvercle et versez de l&rsquo;eau chaude.  <\/strong><\/p>\n<p><em><strong>Pour une exp\u00e9rience optimale, veuillez utiliser la taille de tasse la plus petite de votre machine \u00e0 caf\u00e9.<\/strong><\/em><\/p>\n<p>&nbsp;<\/p>\n<h5><strong>Aspect Visuel:<\/strong><\/h5>\n<p><strong>Dosettes de caf\u00e9 de type Keurig avec couvercle amovible.<\/strong><\/p>\n<h5><strong>Profil aromatique et gustatif :<\/strong><\/h5>\n<p><strong>Caf\u00e9<\/strong><\/p>\n<h5><strong>Profil des cannabino\u00efdes et des terp\u00e8nes :<\/strong><\/h5>\n<p><strong>10mg THC - ROSINE VIVANTE.<\/strong><\/p>\n<h5><strong>Effets :<\/strong><\/h5>\n<p><strong>Sativa stimulante.<\/strong><\/p>\n<h5><strong>Ce que les patients disent de ce produit :<\/strong><\/h5>\n<p><strong>Les meilleures dosettes de caf\u00e9 infus\u00e9.<\/strong><\/p>\n<p>&nbsp;<\/p>\n<h4>Ingr\u00e9dients<\/h4>\n<p>Caf\u00e9, Maltodextrine, Amidon de ma\u00efs, Live Rosin<\/p>\n<h4>Peut contenir<\/h4>\n<p>\u0152UFS, LAIT, SOJA, BL\u00c9 ET TRITICALE<\/p>\n","protected":false},"featured_media":181847,"comment_status":"closed","ping_status":"closed","template":"","meta":{"_acf_changed":false,"site-sidebar-layout":"default","site-content-layout":"","ast-site-content-layout":"default","site-content-style":"default","site-sidebar-style":"default","ast-global-header-display":"","ast-banner-title-visibility":"","ast-main-header-display":"","ast-hfb-above-header-display":"","ast-hfb-below-header-display":"","ast-hfb-mobile-header-display":"","site-post-title":"","ast-breadcrumbs-content":"","ast-featured-img":"","footer-sml-layout":"","ast-disable-related-posts":"","theme-transparent-header-meta":"default","adv-header-id-meta":"","stick-header-meta":"","header-above-stick-meta":"","header-main-stick-meta":"","header-below-stick-meta":"","astra-migrate-meta-layouts":"set","ast-page-background-enabled":"default","ast-page-background-meta":{"desktop":{"background-color":"var(--ast-global-color-4)","background-image":"","background-repeat":"repeat","background-position":"center center","background-size":"auto","background-attachment":"scroll","background-type":"","background-media":"","overlay-type":"","overlay-color":"","overlay-opacity":"","overlay-gradient":""},"tablet":{"background-color":"","background-image":"","background-repeat":"repeat","background-position":"center center","background-size":"auto","background-attachment":"scroll","background-type":"","background-media":"","overlay-type":"","overlay-color":"","overlay-opacity":"","overlay-gradient":""},"mobile":{"background-color":"","background-image":"","background-repeat":"repeat","background-position":"center center","background-size":"auto","background-attachment":"scroll","background-type":"","background-media":"","overlay-type":"","overlay-color":"","overlay-opacity":"","overlay-gradient":""}},"ast-content-background-meta":{"desktop":{"background-color":"var(--ast-global-color-5)","background-image":"","background-repeat":"repeat","background-position":"center center","background-size":"auto","background-attachment":"scroll","background-type":"","background-media":"","overlay-type":"","overlay-color":"","overlay-opacity":"","overlay-gradient":""},"tablet":{"background-color":"var(--ast-global-color-5)","background-image":"","background-repeat":"repeat","background-position":"center center","background-size":"auto","background-attachment":"scroll","background-type":"","background-media":"","overlay-type":"","overlay-color":"","overlay-opacity":"","overlay-gradient":""},"mobile":{"background-color":"var(--ast-global-color-5)","background-image":"","background-repeat":"repeat","background-position":"center center","background-size":"auto","background-attachment":"scroll","background-type":"","background-media":"","overlay-type":"","overlay-color":"","overlay-opacity":"","overlay-gradient":""}}},"product_brand":[],"product_cat":[1131,1135,1511,1128],"product_tag":[3658],"product_format_filter":[],"class_list":{"0":"post-181845","1":"product","2":"type-product","3":"status-publish","4":"has-post-thumbnail","6":"product_cat-boissons","7":"product_cat-sans-sucre","8":"product_cat-full-spectrum-fr","9":"product_cat-comestibles","10":"product_tag-steeprock-fr","11":"pa_flavours-cafe","12":"pa_format-2-unites","13":"pa_intensity-thc-moyen","14":"pa_marques-steeprock-fr","15":"pa_thc-10mg-fr","16":"pa_type-de-plante-sativa-fr","17":"desktop-align-left","18":"tablet-align-left","19":"mobile-align-left","21":"first","22":"outofstock","23":"taxable","24":"shipping-taxable","25":"purchasable","26":"product-type-simple"},"group_of_quantity":0,"min_quantity":0,"max_quantity":"","exclude_order_quantity_value_rules":"no","exclude_category_quantity_rules":"no","combine_variations":"no","acf":[],"_links":{"self":[{"href":"https:\/\/mendomedical.ca\/fr\/wp-json\/wp\/v2\/product\/181845","targetHints":{"allow":["GET"]}}],"collection":[{"href":"https:\/\/mendomedical.ca\/fr\/wp-json\/wp\/v2\/product"}],"about":[{"href":"https:\/\/mendomedical.ca\/fr\/wp-json\/wp\/v2\/types\/product"}],"replies":[{"embeddable":true,"href":"https:\/\/mendomedical.ca\/fr\/wp-json\/wp\/v2\/comments?post=181845"}],"wp:featuredmedia":[{"embeddable":true,"href":"https:\/\/mendomedical.ca\/fr\/wp-json\/wp\/v2\/media\/181847"}],"wp:attachment":[{"href":"https:\/\/mendomedical.ca\/fr\/wp-json\/wp\/v2\/media?parent=181845"}],"wp:term":[{"taxonomy":"product_brand","embeddable":true,"href":"https:\/\/mendomedical.ca\/fr\/wp-json\/wp\/v2\/product_brand?post=181845"},{"taxonomy":"product_cat","embeddable":true,"href":"https:\/\/mendomedical.ca\/fr\/wp-json\/wp\/v2\/product_cat?post=181845"},{"taxonomy":"product_tag","embeddable":true,"href":"https:\/\/mendomedical.ca\/fr\/wp-json\/wp\/v2\/product_tag?post=181845"},{"taxonomy":"product_format_filter","embeddable":true,"href":"https:\/\/mendomedical.ca\/fr\/wp-json\/wp\/v2\/product_format_filter?post=181845"}],"curies":[{"name":"wp","href":"https:\/\/api.w.org\/{rel}","templated":true}]}}