{"id":181833,"date":"2024-08-10T17:00:24","date_gmt":"2024-08-10T21:00:24","guid":{"rendered":"https:\/\/mendomedical.ca\/?post_type=product&#038;p=181833"},"modified":"2026-04-10T15:35:06","modified_gmt":"2026-04-10T19:35:06","slug":"the-dream-pen-lavender-acai-tea-thccbdcbgcbn-all-in-one","status":"publish","type":"product","link":"https:\/\/mendomedical.ca\/fr\/produit\/the-dream-pen-lavender-acai-tea-thccbdcbgcbn-all-in-one\/","title":{"rendered":"The Dream Pen Lavender Acai Tea THC:CBD:CBG:CBN Tout-en-un"},"content":{"rendered":"","protected":false},"excerpt":{"rendered":"<div class=\"ExternalClassF8A717CFC6E44F0FABEF04956B8B72FE\">\n<h3>The Dream Pen Lavender Acai Tea THC:CBD:CBG:CBN Tout-en-un<\/h3>\n<p>D\u00e9couvrez le compagnon de soir\u00e9e id\u00e9al avec le Dream Pen innovant de Hifeelu, un vaporisateur jetable rechargeable sophistiqu\u00e9 de 1,0 ml qui associe un mat\u00e9riel CCELL de premi\u00e8re qualit\u00e9 \u00e0 une formulation de cannabino\u00efdes r\u00e9volutionnaire. Cet appareil tout-en-un contient de la r\u00e9sine vivante Peanut Butter Breath de source ontarienne provenant de Lune Rise Farms, m\u00e9lang\u00e9e de mani\u00e8re experte avec du CBD et les cannabino\u00efdes mineurs \u00e9mergents CBG et CBN pour cr\u00e9er une exp\u00e9rience cannabique vraiment \u00e9quilibr\u00e9e. <\/p>\n<h4>Caract\u00e9ristiques principales<\/h4>\n<ul>\n<li>Mat\u00e9riel CCELL de premi\u00e8re qualit\u00e9 avec une capacit\u00e9 de 1,0 ml et une batterie rechargeable pour des performances constantes<\/li>\n<li>Rapport unique entre les cannabino\u00efdes : 30% de THC, 30% de CBD, 10% de CBG et 10% de CBN pour des effets \u00e9quilibr\u00e9s.<\/li>\n<li>Profil terp\u00e9nique personnalis\u00e9 par EYBNA Technologies, avec des notes de lavande, d&rsquo;a\u00e7a\u00ef et de th\u00e9.<\/li>\n<li>Peanut Butter Breath live resin de Lune Rise Farms, de source ontarienne<\/li>\n<li>Con\u00e7u sp\u00e9cifiquement pour une utilisation en soir\u00e9e afin d&rsquo;aider \u00e0 se d\u00e9tendre sans s\u00e9dation excessive.<\/li>\n<\/ul>\n<h4>Profil aromatique et terp\u00e9nique<\/h4>\n<p>Le Dream Pen offre une exp\u00e9rience sensorielle d\u00e9licieuse gr\u00e2ce \u00e0 son m\u00e9lange de terp\u00e8nes personnalis\u00e9, avec de d\u00e9licieuses notes de lavande et d&rsquo;a\u00e7a\u00ef, qui se terminent par une qualit\u00e9 subtile de th\u00e9, rehauss\u00e9e par de l\u00e9g\u00e8res nuances de Kush. Les principaux terp\u00e8nes de la formulation comprennent le farn\u00e9s\u00e8ne, le caryophyll\u00e8ne et le bisabolol, qui travaillent ensemble pour cr\u00e9er des notes aromatiques de baies et de th\u00e9 qui compl\u00e8tent parfaitement le profil naturel de la r\u00e9sine vivante. Ce m\u00e9lange soigneusement \u00e9labor\u00e9 produit une vapeur douce et agr\u00e9able qui pla\u00eet aux utilisateurs novices et exp\u00e9riment\u00e9s.  <\/p>\n<h4>Pourquoi choisir All-in-One Vapes<\/h4>\n<p>Les vapes tout-en-un offrent aux consommateurs de cannabis m\u00e9dical une commodit\u00e9 in\u00e9gal\u00e9e et un dosage pr\u00e9cis dans un format discret et portable. Le profil \u00e9quilibr\u00e9 des cannabino\u00efdes du Dream Pen peut contribuer \u00e0 la relaxation et \u00e0 la gestion du stress, ce qui en fait un excellent choix pour ceux qui recherchent des effets constants et fiables sans la complexit\u00e9 des m\u00e9thodes de consommation traditionnelles. <\/p>\n<h4>Exp\u00e9dition dans tout le Canada<\/h4>\n<p>Le Dream Pen Lavender Acai Tea THC:CBD:CBG:CBN All-in-One est exp\u00e9di\u00e9 rapidement au Canada. Nous offrons une livraison gratuite pour toutes les commandes de plus de 150 $, ce qui vous assure de recevoir vos produits de cannabis m\u00e9dical rapidement et discr\u00e8tement. <\/p>\n<h4>Avantages et couverture pour les anciens combattants<\/h4>\n<p>Le Dream Pen Lavender Acai Tea THC:CBD:CBG:CBN All-in-One est admissible \u00e0 la couverture d&rsquo;ACC (Anciens Combattants Canada) avec facturation directe par la Croix Bleue, ce qui signifie que les anciens combattants admissibles n&rsquo;ont pas \u00e0 d\u00e9bourser d&rsquo;argent. Si vous n&rsquo;avez pas encore d&rsquo;ordonnance de cannabis m\u00e9dical, vous pouvez <a href=\"https:\/\/mendomedical.ca\/fr\/carte-medicale\/\">obtenir votre carte m\u00e9dicale gratuite rapidement et facilement<\/a> gr\u00e2ce \u00e0 notre processus simplifi\u00e9. <\/p>\n<\/div>\n","protected":false},"featured_media":181837,"comment_status":"closed","ping_status":"closed","template":"","meta":{"_acf_changed":false,"site-sidebar-layout":"default","site-content-layout":"","ast-site-content-layout":"default","site-content-style":"default","site-sidebar-style":"default","ast-global-header-display":"","ast-banner-title-visibility":"","ast-main-header-display":"","ast-hfb-above-header-display":"","ast-hfb-below-header-display":"","ast-hfb-mobile-header-display":"","site-post-title":"","ast-breadcrumbs-content":"","ast-featured-img":"","footer-sml-layout":"","ast-disable-related-posts":"","theme-transparent-header-meta":"default","adv-header-id-meta":"","stick-header-meta":"","header-above-stick-meta":"","header-main-stick-meta":"","header-below-stick-meta":"","astra-migrate-meta-layouts":"set","ast-page-background-enabled":"default","ast-page-background-meta":{"desktop":{"background-color":"var(--ast-global-color-4)","background-image":"","background-repeat":"repeat","background-position":"center center","background-size":"auto","background-attachment":"scroll","background-type":"","background-media":"","overlay-type":"","overlay-color":"","overlay-opacity":"","overlay-gradient":""},"tablet":{"background-color":"","background-image":"","background-repeat":"repeat","background-position":"center center","background-size":"auto","background-attachment":"scroll","background-type":"","background-media":"","overlay-type":"","overlay-color":"","overlay-opacity":"","overlay-gradient":""},"mobile":{"background-color":"","background-image":"","background-repeat":"repeat","background-position":"center center","background-size":"auto","background-attachment":"scroll","background-type":"","background-media":"","overlay-type":"","overlay-color":"","overlay-opacity":"","overlay-gradient":""}},"ast-content-background-meta":{"desktop":{"background-color":"var(--ast-global-color-5)","background-image":"","background-repeat":"repeat","background-position":"center center","background-size":"auto","background-attachment":"scroll","background-type":"","background-media":"","overlay-type":"","overlay-color":"","overlay-opacity":"","overlay-gradient":""},"tablet":{"background-color":"var(--ast-global-color-5)","background-image":"","background-repeat":"repeat","background-position":"center center","background-size":"auto","background-attachment":"scroll","background-type":"","background-media":"","overlay-type":"","overlay-color":"","overlay-opacity":"","overlay-gradient":""},"mobile":{"background-color":"var(--ast-global-color-5)","background-image":"","background-repeat":"repeat","background-position":"center center","background-size":"auto","background-attachment":"scroll","background-type":"","background-media":"","overlay-type":"","overlay-color":"","overlay-opacity":"","overlay-gradient":""}}},"product_brand":[4478],"product_cat":[2333,1163,1159,1161],"product_tag":[],"product_format_filter":[],"class_list":{"0":"post-181833","1":"product","2":"type-product","3":"status-publish","4":"has-post-thumbnail","6":"product_brand-ufeelu","7":"product_cat-cbd","8":"product_cat-cured-et-resine-vivante-fr","9":"product_cat-vapoteuses","10":"product_cat-tout-en-un","11":"pa_cbd-30-fr","12":"pa_cbg-10-fr","13":"pa_cbn-10-fr","14":"pa_flavours-acai","15":"pa_flavours-lavender-fr","16":"pa_flavours-the","17":"pa_format-1g-2-fr","18":"pa_intensity-faible-thc","19":"pa_intensity-low-cbg-fr","20":"pa_intensity-low-cbn-fr","21":"pa_intensity-thc-moyen","22":"pa_marques-hifeelu","23":"pa_marques-ufeelu-fr","24":"pa_origin-ontario-fr","25":"pa_thc-30-fr","26":"pa_type-de-plante-cbd-fr","27":"pa_type-de-plante-cbg-fr","28":"pa_type-de-plante-cbn-fr","29":"pa_type-de-plante-thc-fr","30":"desktop-align-left","31":"tablet-align-left","32":"mobile-align-left","34":"first","35":"instock","36":"taxable","37":"shipping-taxable","38":"purchasable","39":"product-type-simple"},"group_of_quantity":0,"min_quantity":0,"max_quantity":"","exclude_order_quantity_value_rules":"no","exclude_category_quantity_rules":"no","combine_variations":"no","acf":[],"_links":{"self":[{"href":"https:\/\/mendomedical.ca\/fr\/wp-json\/wp\/v2\/product\/181833","targetHints":{"allow":["GET"]}}],"collection":[{"href":"https:\/\/mendomedical.ca\/fr\/wp-json\/wp\/v2\/product"}],"about":[{"href":"https:\/\/mendomedical.ca\/fr\/wp-json\/wp\/v2\/types\/product"}],"replies":[{"embeddable":true,"href":"https:\/\/mendomedical.ca\/fr\/wp-json\/wp\/v2\/comments?post=181833"}],"wp:featuredmedia":[{"embeddable":true,"href":"https:\/\/mendomedical.ca\/fr\/wp-json\/wp\/v2\/media\/181837"}],"wp:attachment":[{"href":"https:\/\/mendomedical.ca\/fr\/wp-json\/wp\/v2\/media?parent=181833"}],"wp:term":[{"taxonomy":"product_brand","embeddable":true,"href":"https:\/\/mendomedical.ca\/fr\/wp-json\/wp\/v2\/product_brand?post=181833"},{"taxonomy":"product_cat","embeddable":true,"href":"https:\/\/mendomedical.ca\/fr\/wp-json\/wp\/v2\/product_cat?post=181833"},{"taxonomy":"product_tag","embeddable":true,"href":"https:\/\/mendomedical.ca\/fr\/wp-json\/wp\/v2\/product_tag?post=181833"},{"taxonomy":"product_format_filter","embeddable":true,"href":"https:\/\/mendomedical.ca\/fr\/wp-json\/wp\/v2\/product_format_filter?post=181833"}],"curies":[{"name":"wp","href":"https:\/\/api.w.org\/{rel}","templated":true}]}}