{"id":148105,"date":"2024-07-02T11:30:24","date_gmt":"2024-07-02T15:30:24","guid":{"rendered":"https:\/\/mendomedical.ca\/?post_type=product&#038;p=148105"},"modified":"2026-01-19T17:05:01","modified_gmt":"2026-01-19T22:05:01","slug":"hydraglow-sheet-mask","status":"publish","type":"product","link":"https:\/\/mendomedical.ca\/fr\/produit\/hydraglow-sheet-mask\/","title":{"rendered":"Masque en feuille Hydraglow"},"content":{"rendered":"<div class=\"description_toggle\">\n<div class=\"the_content active_toggle\">\n<div class=\"description_toggle\">\n<div class=\"the_content active_toggle\">\n<p>&nbsp;<\/p>\n<\/div>\n<\/div>\n<p class=\"format_produit\"\/>\n<\/div>\n<\/div>\n<p>&nbsp;<\/p>\n","protected":false},"excerpt":{"rendered":"<div class=\"ExternalClass42D590BB1C304ED28760FB528A7DD626\">\n<h3>Masque en feuille Hydraglow<\/h3>\n<p>D\u00e9couvrez le nec plus ultra en mati\u00e8re de soins de la peau infus\u00e9s au cannabis avec le masque en feuille Plush Hydraglow. Ce traitement facial haut de gamme \u00e0 usage unique associe les propri\u00e9t\u00e9s nourrissantes de l&rsquo;extrait de cannabis \u00e0 spectre complet \u00e0 des ingr\u00e9dients scientifiquement prouv\u00e9s tels que les peptides, le collag\u00e8ne et le hyaluronate de sodium. Con\u00e7u pour apporter une hydratation intense et favoriser un teint radieux, chaque masque offre une exp\u00e9rience de qualit\u00e9 spa qui laisse la peau rafra\u00eechie, rebondie et lumineusement douce.  <\/p>\n<h4>Caract\u00e9ristiques principales<\/h4>\n<ul>\n<li>Extrait de cannabis \u00e0 spectre complet avec des cannabino\u00efdes revitalisants pour la peau, pour une meilleure nutrition.<\/li>\n<li>Des ingr\u00e9dients de premi\u00e8re qualit\u00e9, dont le hyaluronate de sodium, le collag\u00e8ne, les peptides et le squalane, pour une hydratation en profondeur.<\/li>\n<li>La feuille souple, qui \u00e9pouse les contours du visage, assure une absorption optimale du s\u00e9rum sur toutes les zones du visage.<\/li>\n<li>Emball\u00e9s individuellement dans des sachets \u00e9l\u00e9gants pour plus de fra\u00eecheur et de facilit\u00e9 de transport.<\/li>\n<li>Parfum botanique doux convenant aux peaux sensibles<\/li>\n<\/ul>\n<h4>Ar\u00f4me et profil cannabique<\/h4>\n<p>Le masque en feuilles Hydraglow a un parfum subtil et pur, avec de douces notes v\u00e9g\u00e9tales et botaniques qui cr\u00e9ent une exp\u00e9rience de soin apaisante sans parfum envahissant. Infus\u00e9 d&rsquo;extrait de cannabis \u00e0 spectre complet, ce masque exploite les cannabino\u00efdes b\u00e9n\u00e9fiques connus pour leurs propri\u00e9t\u00e9s revitalisantes pour la peau. Bien que non psychoactif, l&rsquo;extrait de cannabis agit en synergie avec les autres ingr\u00e9dients de premi\u00e8re qualit\u00e9 du masque pour soutenir la fonction de barri\u00e8re de la peau et fournir une couche suppl\u00e9mentaire de nutriments d&rsquo;origine v\u00e9g\u00e9tale.  <\/p>\n<h4>Pourquoi choisir des produits de beaut\u00e9 infus\u00e9s au cannabis ?<\/h4>\n<p>Les produits topiques infus\u00e9s au cannabis, comme le masque en feuilles Hydraglow, offrent aux utilisateurs m\u00e9dicaux un moyen unique d&rsquo;int\u00e9grer les cannabino\u00efdes \u00e0 leur routine de bien-\u00eatre par le biais de l&rsquo;application cutan\u00e9e. Les propri\u00e9t\u00e9s anti-inflammatoires des cannabino\u00efdes peuvent contribuer \u00e0 la sant\u00e9 et au confort de la peau, ce qui rend ces produits particuli\u00e8rement b\u00e9n\u00e9fiques pour ceux qui recherchent des solutions naturelles de soins de la peau \u00e0 base de plantes. <\/p>\n<h4>Exp\u00e9dition dans tout le Canada<\/h4>\n<p>Le masque en feuilles Hydraglow est exp\u00e9di\u00e9 rapidement au Canada, ce qui vous assure de recevoir votre traitement de soins de la peau de premi\u00e8re qualit\u00e9 dans les plus brefs d\u00e9lais. Nous offrons la livraison gratuite pour toutes les commandes de plus de 150 $, ce qui vous permet de faire facilement des r\u00e9serves de vos produits de bien-\u00eatre pr\u00e9f\u00e9r\u00e9s. <\/p>\n<h4>Avantages et couverture pour les anciens combattants<\/h4>\n<p>Le masque en feuilles Hydraglow est admissible \u00e0 la couverture d&rsquo;ACC (Anciens Combattants Canada) et \u00e0 la facturation directe par l&rsquo;entremise de la Croix Bleue, ce qui signifie que les anciens combattants admissibles n&rsquo;ont pas \u00e0 d\u00e9bourser d&rsquo;argent. Si vous n&rsquo;avez pas encore votre carte m\u00e9dicale, vous pouvez <a href=\"https:\/\/mendomedical.ca\/fr\/carte-medicale\/\">l&rsquo;obtenir rapidement et facilement<\/a> pour b\u00e9n\u00e9ficier de ces avantages. <\/p>\n<\/div>\n","protected":false},"featured_media":148107,"comment_status":"closed","ping_status":"closed","template":"","meta":{"_acf_changed":false,"site-sidebar-layout":"default","site-content-layout":"","ast-site-content-layout":"default","site-content-style":"default","site-sidebar-style":"default","ast-global-header-display":"","ast-banner-title-visibility":"","ast-main-header-display":"","ast-hfb-above-header-display":"","ast-hfb-below-header-display":"","ast-hfb-mobile-header-display":"","site-post-title":"","ast-breadcrumbs-content":"","ast-featured-img":"","footer-sml-layout":"","ast-disable-related-posts":"","theme-transparent-header-meta":"default","adv-header-id-meta":"","stick-header-meta":"","header-above-stick-meta":"","header-main-stick-meta":"","header-below-stick-meta":"","astra-migrate-meta-layouts":"set","ast-page-background-enabled":"default","ast-page-background-meta":{"desktop":{"background-color":"var(--ast-global-color-4)","background-image":"","background-repeat":"repeat","background-position":"center center","background-size":"auto","background-attachment":"scroll","background-type":"","background-media":"","overlay-type":"","overlay-color":"","overlay-opacity":"","overlay-gradient":""},"tablet":{"background-color":"","background-image":"","background-repeat":"repeat","background-position":"center center","background-size":"auto","background-attachment":"scroll","background-type":"","background-media":"","overlay-type":"","overlay-color":"","overlay-opacity":"","overlay-gradient":""},"mobile":{"background-color":"","background-image":"","background-repeat":"repeat","background-position":"center center","background-size":"auto","background-attachment":"scroll","background-type":"","background-media":"","overlay-type":"","overlay-color":"","overlay-opacity":"","overlay-gradient":""}},"ast-content-background-meta":{"desktop":{"background-color":"var(--ast-global-color-5)","background-image":"","background-repeat":"repeat","background-position":"center center","background-size":"auto","background-attachment":"scroll","background-type":"","background-media":"","overlay-type":"","overlay-color":"","overlay-opacity":"","overlay-gradient":""},"tablet":{"background-color":"var(--ast-global-color-5)","background-image":"","background-repeat":"repeat","background-position":"center center","background-size":"auto","background-attachment":"scroll","background-type":"","background-media":"","overlay-type":"","overlay-color":"","overlay-opacity":"","overlay-gradient":""},"mobile":{"background-color":"var(--ast-global-color-5)","background-image":"","background-repeat":"repeat","background-position":"center center","background-size":"auto","background-attachment":"scroll","background-type":"","background-media":"","overlay-type":"","overlay-color":"","overlay-opacity":"","overlay-gradient":""}}},"product_brand":[4041],"product_cat":[1152,1150],"product_tag":[2369],"product_format_filter":[],"class_list":{"0":"post-148105","1":"product","2":"type-product","3":"status-publish","4":"has-post-thumbnail","6":"product_brand-plush","7":"product_cat-bains","8":"product_cat-topiques","9":"product_tag-plush-fr","10":"pa_cbd-300mg","11":"pa_format-1-unit-fr","12":"pa_intensity-faible-thc","13":"pa_intensity-cbd-moyen","14":"pa_marques-plush-fr","15":"pa_origin-ontario-fr","16":"pa_thc-5mg-2","17":"desktop-align-left","18":"tablet-align-left","19":"mobile-align-left","21":"first","22":"outofstock","23":"taxable","24":"shipping-taxable","25":"purchasable","26":"product-type-simple"},"group_of_quantity":0,"min_quantity":0,"max_quantity":"","exclude_order_quantity_value_rules":"no","exclude_category_quantity_rules":"no","combine_variations":"no","acf":[],"_links":{"self":[{"href":"https:\/\/mendomedical.ca\/fr\/wp-json\/wp\/v2\/product\/148105","targetHints":{"allow":["GET"]}}],"collection":[{"href":"https:\/\/mendomedical.ca\/fr\/wp-json\/wp\/v2\/product"}],"about":[{"href":"https:\/\/mendomedical.ca\/fr\/wp-json\/wp\/v2\/types\/product"}],"replies":[{"embeddable":true,"href":"https:\/\/mendomedical.ca\/fr\/wp-json\/wp\/v2\/comments?post=148105"}],"wp:featuredmedia":[{"embeddable":true,"href":"https:\/\/mendomedical.ca\/fr\/wp-json\/wp\/v2\/media\/148107"}],"wp:attachment":[{"href":"https:\/\/mendomedical.ca\/fr\/wp-json\/wp\/v2\/media?parent=148105"}],"wp:term":[{"taxonomy":"product_brand","embeddable":true,"href":"https:\/\/mendomedical.ca\/fr\/wp-json\/wp\/v2\/product_brand?post=148105"},{"taxonomy":"product_cat","embeddable":true,"href":"https:\/\/mendomedical.ca\/fr\/wp-json\/wp\/v2\/product_cat?post=148105"},{"taxonomy":"product_tag","embeddable":true,"href":"https:\/\/mendomedical.ca\/fr\/wp-json\/wp\/v2\/product_tag?post=148105"},{"taxonomy":"product_format_filter","embeddable":true,"href":"https:\/\/mendomedical.ca\/fr\/wp-json\/wp\/v2\/product_format_filter?post=148105"}],"curies":[{"name":"wp","href":"https:\/\/api.w.org\/{rel}","templated":true}]}}