{"id":148030,"date":"2024-09-01T10:35:11","date_gmt":"2024-09-01T14:35:11","guid":{"rendered":"https:\/\/mendomedical.ca\/?post_type=product&#038;p=148030"},"modified":"2025-07-10T08:40:21","modified_gmt":"2025-07-10T12:40:21","slug":"red-congolese-pre-rolls-20x0-7g","status":"publish","type":"product","link":"https:\/\/mendomedical.ca\/fr\/produit\/red-congolese-pre-rolls-20x0-7g\/","title":{"rendered":"Red Congolese Pre-rolls (20\u00d70.7g)"},"content":{"rendered":"","protected":false},"excerpt":{"rendered":"<h5>Red Congolese x Guava<\/h5>\n<p><strong>La Red Congolese n&rsquo;a pas d&rsquo;histoire, elle est l&rsquo;histoire. Une vari\u00e9t\u00e9 locale issue des annales de la culture, remise au go\u00fbt du jour par nos anciens cultivateurs des Rocheuses. Ne vous laissez pas tromper par les chiffres\u00a0: cette vari\u00e9t\u00e9 surpasse son poids gr\u00e2ce \u00e0 ses effets et \u00e0 son ar\u00f4me exceptionnels.<\/strong><\/p>\n<p>&nbsp;<\/p>\n<h5>Aspect Visuel:<\/h5>\n<p>Bourgeons vert clair charg\u00e9s de poils rouges et remplis de trichomes.<\/p>\n<p>&nbsp;<\/p>\n<h5>Ar\u00f4me :<\/h5>\n<p>Ar\u00f4me cr\u00e9meux aux herbes d\u00e8s la sortie du sac.<\/p>\n<p>&nbsp;<\/p>\n<h5>Profil de saveur :<\/h5>\n<p>L&rsquo;un des profils aromatiques les plus uniques. Le terpinol\u00e8ne est vraiment percutant.<\/p>\n<p>&nbsp;<\/p>\n<h5>Profil cannabino\u00efde et terp\u00e8ne\u00a0:<\/h5>\n<p>Sa teneur en CBG (1,7 %) conf\u00e8re \u00e0 cette vari\u00e9t\u00e9 un effet l\u00e9g\u00e8rement diff\u00e9rent. Combin\u00e9e au terpinol\u00e8ne, cette sativa est inoubliable.<\/p>\n<p>&nbsp;<\/p>\n<h5 id=\"tw-target-text\" class=\"tw-data-text tw-text-large tw-ta\" dir=\"ltr\" data-placeholder=\"Traduction\" aria-label=\"Texte traduit\" data-ved=\"2ahUKEwihm8zt7pyFAxWMN2IAHRerA8cQ3ewLegQIBRAU\"><span class=\"Y2IQFc\" lang=\"fr\">Effets:<\/span><\/h5>\n<p>Relaxant et stimulant, procurant une clart\u00e9 mentale.<\/p>\n","protected":false},"featured_media":148032,"comment_status":"closed","ping_status":"closed","template":"","meta":{"_acf_changed":false,"site-sidebar-layout":"default","site-content-layout":"","ast-site-content-layout":"default","site-content-style":"default","site-sidebar-style":"default","ast-global-header-display":"","ast-banner-title-visibility":"","ast-main-header-display":"","ast-hfb-above-header-display":"","ast-hfb-below-header-display":"","ast-hfb-mobile-header-display":"","site-post-title":"","ast-breadcrumbs-content":"","ast-featured-img":"","footer-sml-layout":"","ast-disable-related-posts":"","theme-transparent-header-meta":"default","adv-header-id-meta":"","stick-header-meta":"","header-above-stick-meta":"","header-main-stick-meta":"","header-below-stick-meta":"","astra-migrate-meta-layouts":"set","ast-page-background-enabled":"default","ast-page-background-meta":{"desktop":{"background-color":"var(--ast-global-color-4)","background-image":"","background-repeat":"repeat","background-position":"center center","background-size":"auto","background-attachment":"scroll","background-type":"","background-media":"","overlay-type":"","overlay-color":"","overlay-opacity":"","overlay-gradient":""},"tablet":{"background-color":"","background-image":"","background-repeat":"repeat","background-position":"center center","background-size":"auto","background-attachment":"scroll","background-type":"","background-media":"","overlay-type":"","overlay-color":"","overlay-opacity":"","overlay-gradient":""},"mobile":{"background-color":"","background-image":"","background-repeat":"repeat","background-position":"center center","background-size":"auto","background-attachment":"scroll","background-type":"","background-media":"","overlay-type":"","overlay-color":"","overlay-opacity":"","overlay-gradient":""}},"ast-content-background-meta":{"desktop":{"background-color":"var(--ast-global-color-5)","background-image":"","background-repeat":"repeat","background-position":"center center","background-size":"auto","background-attachment":"scroll","background-type":"","background-media":"","overlay-type":"","overlay-color":"","overlay-opacity":"","overlay-gradient":""},"tablet":{"background-color":"var(--ast-global-color-5)","background-image":"","background-repeat":"repeat","background-position":"center center","background-size":"auto","background-attachment":"scroll","background-type":"","background-media":"","overlay-type":"","overlay-color":"","overlay-opacity":"","overlay-gradient":""},"mobile":{"background-color":"var(--ast-global-color-5)","background-image":"","background-repeat":"repeat","background-position":"center center","background-size":"auto","background-attachment":"scroll","background-type":"","background-media":"","overlay-type":"","overlay-color":"","overlay-opacity":"","overlay-gradient":""}}},"product_brand":[],"product_cat":[4803,1144],"product_tag":[4425],"product_format_filter":[],"class_list":{"0":"post-148030","1":"product","2":"type-product","3":"status-publish","4":"has-post-thumbnail","6":"product_cat-pre-rolls-non-infuses","7":"product_cat-pre-roules","8":"product_tag-rocky-mountain-cannabis-fr","9":"pa_cbg--1-5-fr","10":"pa_flavours-unique-fr","11":"pa_format-0-7g-x-20-fr","12":"pa_intensity-thc-eleve","13":"pa_intensity-low-cbg-fr","14":"pa_marques-rocky-mountain-cannabis-fr","15":"pa_origin-colombie-britannique-fr","16":"pa_profil-terpene-limonene-fr","17":"pa_profil-terpene-terpinolene-fr","18":"pa_thc-22-3-fr","19":"pa_type-de-plante-sativa-fr","20":"desktop-align-left","21":"tablet-align-left","22":"mobile-align-left","24":"first","25":"outofstock","26":"taxable","27":"shipping-taxable","28":"purchasable","29":"product-type-simple"},"group_of_quantity":0,"min_quantity":0,"max_quantity":"","exclude_order_quantity_value_rules":"no","exclude_category_quantity_rules":"no","combine_variations":"no","acf":[],"_links":{"self":[{"href":"https:\/\/mendomedical.ca\/fr\/wp-json\/wp\/v2\/product\/148030","targetHints":{"allow":["GET"]}}],"collection":[{"href":"https:\/\/mendomedical.ca\/fr\/wp-json\/wp\/v2\/product"}],"about":[{"href":"https:\/\/mendomedical.ca\/fr\/wp-json\/wp\/v2\/types\/product"}],"replies":[{"embeddable":true,"href":"https:\/\/mendomedical.ca\/fr\/wp-json\/wp\/v2\/comments?post=148030"}],"wp:featuredmedia":[{"embeddable":true,"href":"https:\/\/mendomedical.ca\/fr\/wp-json\/wp\/v2\/media\/148032"}],"wp:attachment":[{"href":"https:\/\/mendomedical.ca\/fr\/wp-json\/wp\/v2\/media?parent=148030"}],"wp:term":[{"taxonomy":"product_brand","embeddable":true,"href":"https:\/\/mendomedical.ca\/fr\/wp-json\/wp\/v2\/product_brand?post=148030"},{"taxonomy":"product_cat","embeddable":true,"href":"https:\/\/mendomedical.ca\/fr\/wp-json\/wp\/v2\/product_cat?post=148030"},{"taxonomy":"product_tag","embeddable":true,"href":"https:\/\/mendomedical.ca\/fr\/wp-json\/wp\/v2\/product_tag?post=148030"},{"taxonomy":"product_format_filter","embeddable":true,"href":"https:\/\/mendomedical.ca\/fr\/wp-json\/wp\/v2\/product_format_filter?post=148030"}],"curies":[{"name":"wp","href":"https:\/\/api.w.org\/{rel}","templated":true}]}}