{"id":147922,"date":"2024-07-01T12:50:23","date_gmt":"2024-07-01T16:50:23","guid":{"rendered":"https:\/\/mendomedical.ca\/?post_type=product&#038;p=147922"},"modified":"2026-04-04T18:32:50","modified_gmt":"2026-04-04T22:32:50","slug":"recovery-cbd-stick","status":"publish","type":"product","link":"https:\/\/mendomedical.ca\/fr\/produit\/recovery-cbd-stick\/","title":{"rendered":"B\u00e2ton de r\u00e9cup\u00e9ration CBD"},"content":{"rendered":"","protected":false},"excerpt":{"rendered":"<div class=\"ExternalClass0AD221B9049E4D71AB25A1CB0CE07511\">\n<h3>PureBud Recovery CBD Stick<\/h3>\n<p>Faites l&rsquo;exp\u00e9rience d&rsquo;un soulagement musculaire cibl\u00e9 avec le PureBud Recovery CBD Stick, un topique infus\u00e9 au cannabis de premi\u00e8re qualit\u00e9 con\u00e7u pour am\u00e9liorer votre style de vie actif. Cette formule innovante en roll-on associe le THC et le CBD \u00e0 des agents r\u00e9frig\u00e9rants naturels pour apporter un soutien \u00e0 action rapide \u00e0 l&rsquo;activation et \u00e0 la r\u00e9cup\u00e9ration musculaires. Que vous vous pr\u00e9pariez pour une s\u00e9ance d&rsquo;entra\u00eenement ou que vous vous remettiez d&rsquo;une activit\u00e9 physique, ce stick applicateur pratique permet une application pr\u00e9cise et sans d\u00e9g\u00e2ts, exactement l\u00e0 o\u00f9 vous en avez le plus besoin.  <\/p>\n<h4>Caract\u00e9ristiques principales<\/h4>\n<ul>\n<li>La formule \u00e0 double action favorise \u00e0 la fois l&rsquo;activation musculaire avant l&rsquo;entra\u00eenement et la r\u00e9cup\u00e9ration apr\u00e8s l&rsquo;entra\u00eenement.<\/li>\n<li>Combine le THC et le CBD pour des effets synergiques anti-inflammatoires et anti-douleurs sans effets psychoactifs.<\/li>\n<li>La conception pratique du stick roll-on permet une application cibl\u00e9e et sans d\u00e9g\u00e2ts.<\/li>\n<li>L&rsquo;ar\u00f4me rafra\u00eechissant de menthol et de menthe verte procure une sensation de fra\u00eecheur instantan\u00e9e.<\/li>\n<li>Soulagement \u00e0 action rapide des muscles endoloris, de l&rsquo;inconfort articulaire et de la tension localis\u00e9e<\/li>\n<\/ul>\n<h4>Ar\u00f4me et profil cannabique<\/h4>\n<p><strong>Ar\u00f4me :<\/strong> Menthol, Menthe verte<\/p>\n<p><strong>Profil des cannabino\u00efdes :<\/strong><\/p>\n<p><strong>THC (t\u00e9trahydrocannabinol) :<\/strong> Apporte un soulagement localis\u00e9 en interagissant avec les r\u00e9cepteurs CB1 et CB2 de la peau et des muscles, r\u00e9duisant l&rsquo;inconfort, l&rsquo;inflammation et la douleur sans effets psychoactifs lorsqu&rsquo;il est appliqu\u00e9 par voie topique.<\/p>\n<p><strong>CBD (Cannabidiol) :<\/strong> Connu pour ses propri\u00e9t\u00e9s anti-inflammatoires et apaisantes, le CBD agit en synergie avec le THC pour soulager les tensions musculaires et favoriser la r\u00e9cup\u00e9ration.<\/p>\n<p><strong>Terpene Profile:<\/strong><\/p>\n<p><strong>Menthol :<\/strong> Renforce l&rsquo;effet rafra\u00eechissant et apporte un soulagement imm\u00e9diat aux zones tendues ou surmen\u00e9es.<\/p>\n<h4>Pourquoi choisir les Roll-Ons Topiques ?<\/h4>\n<p>Les roll-ons topiques infus\u00e9s au cannabis offrent aux utilisateurs m\u00e9dicaux une approche pratique et cibl\u00e9e de la gestion de la douleur sans effets syst\u00e9miques. L&rsquo;application localis\u00e9e permet un dosage pr\u00e9cis et un soulagement imm\u00e9diat exactement l\u00e0 o\u00f9 c&rsquo;est n\u00e9cessaire, ce qui les rend id\u00e9aux pour g\u00e9rer des zones sp\u00e9cifiques d&rsquo;inconfort tout au long de la journ\u00e9e. <\/p>\n<h4>Exp\u00e9dition dans tout le Canada<\/h4>\n<p>PureBud Recovery CBD Stick est exp\u00e9di\u00e9 rapidement \u00e0 travers le Canada. Profitez de la livraison gratuite pour toutes les commandes de plus de 150 $, ce qui vous assure de recevoir vos produits de soulagement rapidement et \u00e0 un prix abordable. <\/p>\n<h4>Avantages et couverture pour les anciens combattants<\/h4>\n<p>Le b\u00e2ton de CBD PureBud Recovery est admissible \u00e0 la couverture d&rsquo;ACC (Anciens Combattants Canada) avec facturation directe par l&rsquo;entremise de la Croix Bleue, ce qui signifie que les anciens combattants admissibles n&rsquo;ont pas \u00e0 d\u00e9bourser d&rsquo;argent. Si vous n&rsquo;avez pas encore votre carte m\u00e9dicale, vous pouvez l&rsquo;obtenir rapidement et facilement \u00e0 l&rsquo;<a href=\"https:\/\/mendomedical.ca\/fr\/carte-medicale\/\">adresse https:\/\/mendomedical.ca\/medical-card\/.<\/a> <\/p>\n<\/div>\n","protected":false},"featured_media":147926,"comment_status":"closed","ping_status":"closed","template":"","meta":{"_acf_changed":false,"site-sidebar-layout":"default","site-content-layout":"","ast-site-content-layout":"default","site-content-style":"default","site-sidebar-style":"default","ast-global-header-display":"","ast-banner-title-visibility":"","ast-main-header-display":"","ast-hfb-above-header-display":"","ast-hfb-below-header-display":"","ast-hfb-mobile-header-display":"","site-post-title":"","ast-breadcrumbs-content":"","ast-featured-img":"","footer-sml-layout":"","ast-disable-related-posts":"","theme-transparent-header-meta":"default","adv-header-id-meta":"","stick-header-meta":"","header-above-stick-meta":"","header-main-stick-meta":"","header-below-stick-meta":"","astra-migrate-meta-layouts":"set","ast-page-background-enabled":"default","ast-page-background-meta":{"desktop":{"background-color":"var(--ast-global-color-4)","background-image":"","background-repeat":"repeat","background-position":"center center","background-size":"auto","background-attachment":"scroll","background-type":"","background-media":"","overlay-type":"","overlay-color":"","overlay-opacity":"","overlay-gradient":""},"tablet":{"background-color":"","background-image":"","background-repeat":"repeat","background-position":"center center","background-size":"auto","background-attachment":"scroll","background-type":"","background-media":"","overlay-type":"","overlay-color":"","overlay-opacity":"","overlay-gradient":""},"mobile":{"background-color":"","background-image":"","background-repeat":"repeat","background-position":"center center","background-size":"auto","background-attachment":"scroll","background-type":"","background-media":"","overlay-type":"","overlay-color":"","overlay-opacity":"","overlay-gradient":""}},"ast-content-background-meta":{"desktop":{"background-color":"var(--ast-global-color-5)","background-image":"","background-repeat":"repeat","background-position":"center center","background-size":"auto","background-attachment":"scroll","background-type":"","background-media":"","overlay-type":"","overlay-color":"","overlay-opacity":"","overlay-gradient":""},"tablet":{"background-color":"var(--ast-global-color-5)","background-image":"","background-repeat":"repeat","background-position":"center center","background-size":"auto","background-attachment":"scroll","background-type":"","background-media":"","overlay-type":"","overlay-color":"","overlay-opacity":"","overlay-gradient":""},"mobile":{"background-color":"var(--ast-global-color-5)","background-image":"","background-repeat":"repeat","background-position":"center center","background-size":"auto","background-attachment":"scroll","background-type":"","background-media":"","overlay-type":"","overlay-color":"","overlay-opacity":"","overlay-gradient":""}}},"product_brand":[],"product_cat":[1151,1155,1150],"product_tag":[4419],"product_format_filter":[],"class_list":{"0":"post-147922","1":"product","2":"type-product","3":"status-publish","4":"has-post-thumbnail","6":"product_cat-baumes","7":"product_cat-rouleaux","8":"product_cat-topiques","9":"product_tag-purebud-fr","10":"pa_cbd-200mg-fr","11":"pa_format-30g-fr","12":"pa_intensity-cbd-moyen","13":"pa_intensity-thc-moyen","14":"pa_marques-purebud-fr","15":"pa_origin-colombie-britannique-fr","16":"pa_thc-200mg-fr","17":"pa_type-de-plante-cbd-fr","18":"pa_type-de-plante-thc-fr","19":"desktop-align-left","20":"tablet-align-left","21":"mobile-align-left","23":"first","24":"instock","25":"taxable","26":"shipping-taxable","27":"purchasable","28":"product-type-simple"},"group_of_quantity":0,"min_quantity":0,"max_quantity":"","exclude_order_quantity_value_rules":"no","exclude_category_quantity_rules":"no","combine_variations":"no","acf":[],"_links":{"self":[{"href":"https:\/\/mendomedical.ca\/fr\/wp-json\/wp\/v2\/product\/147922","targetHints":{"allow":["GET"]}}],"collection":[{"href":"https:\/\/mendomedical.ca\/fr\/wp-json\/wp\/v2\/product"}],"about":[{"href":"https:\/\/mendomedical.ca\/fr\/wp-json\/wp\/v2\/types\/product"}],"replies":[{"embeddable":true,"href":"https:\/\/mendomedical.ca\/fr\/wp-json\/wp\/v2\/comments?post=147922"}],"wp:featuredmedia":[{"embeddable":true,"href":"https:\/\/mendomedical.ca\/fr\/wp-json\/wp\/v2\/media\/147926"}],"wp:attachment":[{"href":"https:\/\/mendomedical.ca\/fr\/wp-json\/wp\/v2\/media?parent=147922"}],"wp:term":[{"taxonomy":"product_brand","embeddable":true,"href":"https:\/\/mendomedical.ca\/fr\/wp-json\/wp\/v2\/product_brand?post=147922"},{"taxonomy":"product_cat","embeddable":true,"href":"https:\/\/mendomedical.ca\/fr\/wp-json\/wp\/v2\/product_cat?post=147922"},{"taxonomy":"product_tag","embeddable":true,"href":"https:\/\/mendomedical.ca\/fr\/wp-json\/wp\/v2\/product_tag?post=147922"},{"taxonomy":"product_format_filter","embeddable":true,"href":"https:\/\/mendomedical.ca\/fr\/wp-json\/wp\/v2\/product_format_filter?post=147922"}],"curies":[{"name":"wp","href":"https:\/\/api.w.org\/{rel}","templated":true}]}}