{"id":147914,"date":"2025-09-02T13:40:24","date_gmt":"2025-09-02T17:40:24","guid":{"rendered":"https:\/\/mendomedical.ca\/?post_type=product&#038;p=147914"},"modified":"2026-01-17T10:44:30","modified_gmt":"2026-01-17T15:44:30","slug":"beef-jerky","status":"publish","type":"product","link":"https:\/\/mendomedical.ca\/fr\/produit\/beef-jerky\/","title":{"rendered":"Boeuf s\u00e9ch\u00e9"},"content":{"rendered":"<p>Faites l&rsquo;exp\u00e9rience de la fusion ultime de la saveur gastronomique et du bien-\u00eatre fonctionnel avec le b\u0153uf s\u00e9ch\u00e9 OG Jerk 10mg THC. Notre b\u0153uf s\u00e9ch\u00e9 de qualit\u00e9 sup\u00e9rieure \u00e0 10 mg de THC est fabriqu\u00e9 \u00e0 partir de morceaux de b\u0153uf nourri \u00e0 l&rsquo;herbe, infus\u00e9 avec un extrait de cannabis de haute qualit\u00e9 et marin\u00e9 lentement pour obtenir des notes umami profondes et fum\u00e9es. Chaque bande tendre et moelleuse d\u00e9livre un high doux \u00e0 lib\u00e9ration lente, ce qui en fait l&rsquo;en-cas id\u00e9al pour les c\u00e9tos, pour un soulagement sur le pouce.  <\/p>\n<p>Principaux avantages<\/p>\n<p>Dose \u00e9quilibr\u00e9e de 10 mg de THC : dosage pr\u00e9cis pour des effets constants et contr\u00f4lables.<\/p>\n<p>Lib\u00e9ration lente \u00e9lev\u00e9e : D\u00e9but r\u00e9gulier qui aide \u00e0 maintenir le soulagement au fil du temps.<\/p>\n<p>Profil de saveur gourmet : Profondeur de l&rsquo;umami, douceur subtile et ar\u00f4me fum\u00e9.<\/p>\n<p>C\u00e9to et sans sucre : id\u00e9al pour un mode de vie pauvre en glucides sans pic de sucre.<\/p>\n<p>Snack de cannabis portable : Bandes de b\u0153uf s\u00e9ch\u00e9 discr\u00e8tes et sans d\u00e9g\u00e2ts, parfaites pour les voyages ou les temps morts.<\/p>\n<p>Comment consommer<br \/>\nSavourez un morceau de viande s\u00e9ch\u00e9e infus\u00e9e au THC lorsque vous avez besoin d&rsquo;un l\u00e9ger soulagement ou d&rsquo;un remontant savoureux. Laissez chaque bouch\u00e9e se dissoudre compl\u00e8tement pour une absorption optimale et un d\u00e9but en douceur. Ajustez votre dosage en consommant des bandes suppl\u00e9mentaires par incr\u00e9ments de 10 mg, en fonction de votre tol\u00e9rance et de l&rsquo;effet d\u00e9sir\u00e9.  <\/p>\n<p>Ingr\u00e9dients<br \/>\nViande de b\u0153uf de premi\u00e8re qualit\u00e9, sel marin, \u00e9pices, poudre d&rsquo;oignon, ar\u00f4me de fum\u00e9e, \u00e9rythorbate de sodium, colorant caramel, dextrose de culture, nitrite de sodium, huile de tournesol, l\u00e9cithine de tournesol, extrait de cannabis.<\/p>\n<p>Pourquoi choisir OG Jerk Beef Jerky ?<br \/>\nLe b\u0153uf s\u00e9ch\u00e9 \u00e0 10 mg de THC d&rsquo;OG Jerk se distingue par son engagement envers des ingr\u00e9dients de qualit\u00e9, un dosage pr\u00e9cis et une exp\u00e9rience pleine de saveur. Que vous soyez un civil ou un v\u00e9t\u00e9ran \u00e0 la recherche d&rsquo;un soulagement rapide et fiable, notre viande s\u00e9ch\u00e9e est con\u00e7ue pour soutenir votre parcours de bien-\u00eatre sans faire de compromis sur le go\u00fbt. <\/p>\n<p>Commandez votre boeuf s\u00e9ch\u00e9 OG Jerk 10mg THC d\u00e8s aujourd&rsquo;hui et d\u00e9couvrez pourquoi il s&rsquo;agit de l&rsquo;en-cas au cannabis le plus appr\u00e9ci\u00e9 des clients exigeants de Mendo.<\/p>\n","protected":false},"excerpt":{"rendered":"<p>Faites l&rsquo;exp\u00e9rience de la fusion ultime de la saveur gastronomique et du bien-\u00eatre fonctionnel avec le b\u0153uf s\u00e9ch\u00e9 infus\u00e9 de 10mg de THC d&rsquo;OG Jerk. Notre b\u0153uf s\u00e9ch\u00e9 de qualit\u00e9 sup\u00e9rieure \u00e0 10 mg de THC est fabriqu\u00e9 \u00e0 partir de morceaux de choix de b\u0153uf nourri \u00e0 l&rsquo;herbe, infus\u00e9 avec un extrait de cannabis de haute qualit\u00e9 et marin\u00e9 lentement pour obtenir des notes umami fum\u00e9es et profondes. Chaque bande tendre et moelleuse procure un high doux \u00e0 lib\u00e9ration lente, ce qui en fait l&rsquo;en-cas id\u00e9al pour les c\u00e9tos, pour un soulagement sur le pouce.  <\/p>\n<h3>Principaux avantages<\/h3>\n<ul>\n<li>Dose \u00e9quilibr\u00e9e de 10 mg de THC : dosage pr\u00e9cis pour des effets constants et contr\u00f4lables.<\/li>\n<li>Lib\u00e9ration lente \u00e9lev\u00e9e : D\u00e9but r\u00e9gulier qui aide \u00e0 maintenir le soulagement au fil du temps.<\/li>\n<li>Profil de saveur gourmet : Profondeur de l&rsquo;umami, douceur subtile et ar\u00f4me fum\u00e9.<\/li>\n<li>C\u00e9to et sans sucre : id\u00e9al pour un mode de vie pauvre en glucides sans pic de sucre.<\/li>\n<li>Snack de cannabis portable : Bandes de b\u0153uf s\u00e9ch\u00e9 discr\u00e8tes et sans d\u00e9g\u00e2ts, parfaites pour les voyages ou les temps morts.<\/li>\n<\/ul>\n<h3>Comment appr\u00e9cier<\/h3>\n<p>Savourez un morceau de viande s\u00e9ch\u00e9e infus\u00e9e au THC lorsque vous avez besoin d&rsquo;un soulagement en douceur ou d&rsquo;un remontant savoureux. Laissez chaque bouch\u00e9e se dissoudre compl\u00e8tement pour une absorption optimale et un d\u00e9but en douceur. Ajustez votre dosage en consommant des bandes suppl\u00e9mentaires par incr\u00e9ments de 10 mg, en fonction de votre tol\u00e9rance et de l&rsquo;effet d\u00e9sir\u00e9.  <\/p>\n<h3>Ingr\u00e9dients<\/h3>\n<p>Viande de b\u0153uf de premi\u00e8re qualit\u00e9, eau, sucres (sucre, extrait sec de sirop de ma\u00efs, dextrose, maltodextrine de ma\u00efs), sel, prot\u00e9ines de soja hydrolys\u00e9es, poudre d&rsquo;ail, \u00e9pices, poudre d&rsquo;oignon, ar\u00f4me de fum\u00e9e, \u00e9rythorbate de sodium, colorant caramel, dextrose de culture, nitritel de sodium, fum\u00e9e, sel marin, huile de tournesol, l\u00e9cithine de tournesol, extrait de cannabis.<br \/>\nContient : soja.<\/p>\n<h3>Pourquoi choisir le b\u0153uf s\u00e9ch\u00e9 infus\u00e9 au THC de OG Jerk ?<\/h3>\n<p>Le b\u0153uf s\u00e9ch\u00e9 \u00e0 10 mg de THC d&rsquo;OG Jerk se distingue par son engagement envers des ingr\u00e9dients de qualit\u00e9, un dosage pr\u00e9cis et une exp\u00e9rience pleine de saveur. Que vous soyez un civil ou un v\u00e9t\u00e9ran \u00e0 la recherche d&rsquo;un soulagement rapide et fiable, notre viande s\u00e9ch\u00e9e est con\u00e7ue pour soutenir votre parcours de bien-\u00eatre sans faire de compromis sur le go\u00fbt. <\/p>\n<p>Commandez votre boeuf s\u00e9ch\u00e9 OG Jerk 10mg THC d\u00e8s aujourd&rsquo;hui et d\u00e9couvrez pourquoi il s&rsquo;agit de l&rsquo;en-cas au cannabis le plus appr\u00e9ci\u00e9 des clients exigeants de Mendo.<\/p>\n","protected":false},"featured_media":147918,"comment_status":"closed","ping_status":"closed","template":"","meta":{"_acf_changed":false,"site-sidebar-layout":"default","site-content-layout":"","ast-site-content-layout":"default","site-content-style":"default","site-sidebar-style":"default","ast-global-header-display":"","ast-banner-title-visibility":"","ast-main-header-display":"","ast-hfb-above-header-display":"","ast-hfb-below-header-display":"","ast-hfb-mobile-header-display":"","site-post-title":"","ast-breadcrumbs-content":"","ast-featured-img":"","footer-sml-layout":"","ast-disable-related-posts":"","theme-transparent-header-meta":"default","adv-header-id-meta":"","stick-header-meta":"","header-above-stick-meta":"","header-main-stick-meta":"","header-below-stick-meta":"","astra-migrate-meta-layouts":"set","ast-page-background-enabled":"default","ast-page-background-meta":{"desktop":{"background-color":"var(--ast-global-color-4)","background-image":"","background-repeat":"repeat","background-position":"center center","background-size":"auto","background-attachment":"scroll","background-type":"","background-media":"","overlay-type":"","overlay-color":"","overlay-opacity":"","overlay-gradient":""},"tablet":{"background-color":"","background-image":"","background-repeat":"repeat","background-position":"center center","background-size":"auto","background-attachment":"scroll","background-type":"","background-media":"","overlay-type":"","overlay-color":"","overlay-opacity":"","overlay-gradient":""},"mobile":{"background-color":"","background-image":"","background-repeat":"repeat","background-position":"center center","background-size":"auto","background-attachment":"scroll","background-type":"","background-media":"","overlay-type":"","overlay-color":"","overlay-opacity":"","overlay-gradient":""}},"ast-content-background-meta":{"desktop":{"background-color":"var(--ast-global-color-5)","background-image":"","background-repeat":"repeat","background-position":"center center","background-size":"auto","background-attachment":"scroll","background-type":"","background-media":"","overlay-type":"","overlay-color":"","overlay-opacity":"","overlay-gradient":""},"tablet":{"background-color":"var(--ast-global-color-5)","background-image":"","background-repeat":"repeat","background-position":"center center","background-size":"auto","background-attachment":"scroll","background-type":"","background-media":"","overlay-type":"","overlay-color":"","overlay-opacity":"","overlay-gradient":""},"mobile":{"background-color":"var(--ast-global-color-5)","background-image":"","background-repeat":"repeat","background-position":"center center","background-size":"auto","background-attachment":"scroll","background-type":"","background-media":"","overlay-type":"","overlay-color":"","overlay-opacity":"","overlay-gradient":""}}},"product_brand":[4411],"product_cat":[1128],"product_tag":[4413],"product_format_filter":[6498],"class_list":{"0":"post-147914","1":"product","2":"type-product","3":"status-publish","4":"has-post-thumbnail","6":"product_brand-og-jerk","7":"product_cat-comestibles","8":"product_tag-og-jerk-fr","9":"pa_flavours-smoky","10":"pa_flavours-meaty-fr","11":"pa_format-2-unites","12":"pa_intensity-faible-thc","13":"pa_marques-og-jerk-fr","14":"pa_origin-ontario-fr","15":"pa_thc-10mg-fr","16":"pa_type-de-plante-thc-fr","17":"product_format_filter-2units","18":"desktop-align-left","19":"tablet-align-left","20":"mobile-align-left","22":"first","23":"outofstock","24":"taxable","25":"shipping-taxable","26":"purchasable","27":"product-type-simple"},"group_of_quantity":0,"min_quantity":0,"max_quantity":"","exclude_order_quantity_value_rules":"no","exclude_category_quantity_rules":"no","combine_variations":"no","acf":[],"_links":{"self":[{"href":"https:\/\/mendomedical.ca\/fr\/wp-json\/wp\/v2\/product\/147914","targetHints":{"allow":["GET"]}}],"collection":[{"href":"https:\/\/mendomedical.ca\/fr\/wp-json\/wp\/v2\/product"}],"about":[{"href":"https:\/\/mendomedical.ca\/fr\/wp-json\/wp\/v2\/types\/product"}],"replies":[{"embeddable":true,"href":"https:\/\/mendomedical.ca\/fr\/wp-json\/wp\/v2\/comments?post=147914"}],"wp:featuredmedia":[{"embeddable":true,"href":"https:\/\/mendomedical.ca\/fr\/wp-json\/wp\/v2\/media\/147918"}],"wp:attachment":[{"href":"https:\/\/mendomedical.ca\/fr\/wp-json\/wp\/v2\/media?parent=147914"}],"wp:term":[{"taxonomy":"product_brand","embeddable":true,"href":"https:\/\/mendomedical.ca\/fr\/wp-json\/wp\/v2\/product_brand?post=147914"},{"taxonomy":"product_cat","embeddable":true,"href":"https:\/\/mendomedical.ca\/fr\/wp-json\/wp\/v2\/product_cat?post=147914"},{"taxonomy":"product_tag","embeddable":true,"href":"https:\/\/mendomedical.ca\/fr\/wp-json\/wp\/v2\/product_tag?post=147914"},{"taxonomy":"product_format_filter","embeddable":true,"href":"https:\/\/mendomedical.ca\/fr\/wp-json\/wp\/v2\/product_format_filter?post=147914"}],"curies":[{"name":"wp","href":"https:\/\/api.w.org\/{rel}","templated":true}]}}