{"id":147893,"date":"2025-08-31T17:20:20","date_gmt":"2025-08-31T21:20:20","guid":{"rendered":"https:\/\/mendomedical.ca\/?post_type=product&#038;p=147893"},"modified":"2026-05-06T10:58:50","modified_gmt":"2026-05-06T14:58:50","slug":"dulce-banana-73u-live-rosin","status":"publish","type":"product","link":"https:\/\/mendomedical.ca\/fr\/produit\/dulce-banana-73u-live-rosin\/","title":{"rendered":"Dulce + Banana - 73u Live Rosin"},"content":{"rendered":"","protected":false},"excerpt":{"rendered":"<h3>Terp\u00e8nes totaux : 8,26%.<\/h3>\n<p><strong>Dulce + Banana (Strawnana x Dosidos)<\/strong><\/p>\n<p><strong>Faites l&rsquo;exp\u00e9rience d&rsquo;une puret\u00e9 et d&rsquo;une saveur \u00e9lev\u00e9es avec la 73u Live Rosin de 1Above. Un produit de niche pour les consommateurs de cannabis qui pr\u00e9sente une s\u00e9lection de g\u00e9n\u00e9tiques soigneusement s\u00e9lectionn\u00e9es. Utilisant une extraction surgel\u00e9e de haute qualit\u00e9 de plantes enti\u00e8res, chaque lot est fabriqu\u00e9 en petites quantit\u00e9s limit\u00e9es afin de garantir une qualit\u00e9 exceptionnelle. Chaque gramme est soigneusement emball\u00e9 \u00e0 la main dans un bocal en verre \u00e0 l&rsquo;\u00e9preuve des UV et des enfants, compl\u00e8tement herm\u00e9tique pour pr\u00e9server l&rsquo;int\u00e9grit\u00e9 de la rosine \u00e0 l&rsquo;int\u00e9rieur.   <\/strong><\/p>\n<p>&nbsp;<\/p>\n<h5>Ar\u00f4me :<\/h5>\n<p>Milkshake cr\u00e9meux \u00e0 la banane, vanille, floral, gaz<\/p>\n<p>&nbsp;<\/p>\n<h5>Profil de saveur :<\/h5>\n<p>Gaz, cr\u00e8me, banane<\/p>\n<p>&nbsp;<\/p>\n<h5>Effets :<\/h5>\n<p>Hybride. Tr\u00e8s fonctionnel, haut <\/p>\n","protected":false},"featured_media":147897,"comment_status":"closed","ping_status":"closed","template":"","meta":{"_acf_changed":false,"site-sidebar-layout":"default","site-content-layout":"","ast-site-content-layout":"default","site-content-style":"default","site-sidebar-style":"default","ast-global-header-display":"","ast-banner-title-visibility":"","ast-main-header-display":"","ast-hfb-above-header-display":"","ast-hfb-below-header-display":"","ast-hfb-mobile-header-display":"","site-post-title":"","ast-breadcrumbs-content":"","ast-featured-img":"","footer-sml-layout":"","ast-disable-related-posts":"","theme-transparent-header-meta":"default","adv-header-id-meta":"","stick-header-meta":"","header-above-stick-meta":"","header-main-stick-meta":"","header-below-stick-meta":"","astra-migrate-meta-layouts":"set","ast-page-background-enabled":"default","ast-page-background-meta":{"desktop":{"background-color":"var(--ast-global-color-4)","background-image":"","background-repeat":"repeat","background-position":"center center","background-size":"auto","background-attachment":"scroll","background-type":"","background-media":"","overlay-type":"","overlay-color":"","overlay-opacity":"","overlay-gradient":""},"tablet":{"background-color":"","background-image":"","background-repeat":"repeat","background-position":"center center","background-size":"auto","background-attachment":"scroll","background-type":"","background-media":"","overlay-type":"","overlay-color":"","overlay-opacity":"","overlay-gradient":""},"mobile":{"background-color":"","background-image":"","background-repeat":"repeat","background-position":"center center","background-size":"auto","background-attachment":"scroll","background-type":"","background-media":"","overlay-type":"","overlay-color":"","overlay-opacity":"","overlay-gradient":""}},"ast-content-background-meta":{"desktop":{"background-color":"var(--ast-global-color-5)","background-image":"","background-repeat":"repeat","background-position":"center center","background-size":"auto","background-attachment":"scroll","background-type":"","background-media":"","overlay-type":"","overlay-color":"","overlay-opacity":"","overlay-gradient":""},"tablet":{"background-color":"var(--ast-global-color-5)","background-image":"","background-repeat":"repeat","background-position":"center center","background-size":"auto","background-attachment":"scroll","background-type":"","background-media":"","overlay-type":"","overlay-color":"","overlay-opacity":"","overlay-gradient":""},"mobile":{"background-color":"var(--ast-global-color-5)","background-image":"","background-repeat":"repeat","background-position":"center center","background-size":"auto","background-attachment":"scroll","background-type":"","background-media":"","overlay-type":"","overlay-color":"","overlay-opacity":"","overlay-gradient":""}}},"product_brand":[],"product_cat":[1125,1118,1119],"product_tag":[4402],"product_format_filter":[6369],"class_list":{"0":"post-147893","1":"product","2":"type-product","3":"status-publish","4":"has-post-thumbnail","6":"product_cat-rosin-vivante","7":"product_cat-concentres","8":"product_cat-tout-sans-solvant","9":"product_tag-1above-fr","10":"pa_intensity-thc-eleve","11":"pa_intensity-low-cbg-fr","12":"pa_marques-1above-fr","13":"pa_origin-ontario-fr","14":"pa_packaging-date-2-3-2025","15":"pa_type-de-plante-hybride-fr","16":"product_format_filter-1g","17":"desktop-align-left","18":"tablet-align-left","19":"mobile-align-left","21":"first","22":"outofstock","23":"taxable","24":"shipping-taxable","25":"purchasable","26":"product-type-simple"},"group_of_quantity":0,"min_quantity":0,"max_quantity":"","exclude_order_quantity_value_rules":"no","exclude_category_quantity_rules":"no","combine_variations":"no","acf":[],"_links":{"self":[{"href":"https:\/\/mendomedical.ca\/fr\/wp-json\/wp\/v2\/product\/147893","targetHints":{"allow":["GET"]}}],"collection":[{"href":"https:\/\/mendomedical.ca\/fr\/wp-json\/wp\/v2\/product"}],"about":[{"href":"https:\/\/mendomedical.ca\/fr\/wp-json\/wp\/v2\/types\/product"}],"replies":[{"embeddable":true,"href":"https:\/\/mendomedical.ca\/fr\/wp-json\/wp\/v2\/comments?post=147893"}],"wp:featuredmedia":[{"embeddable":true,"href":"https:\/\/mendomedical.ca\/fr\/wp-json\/wp\/v2\/media\/147897"}],"wp:attachment":[{"href":"https:\/\/mendomedical.ca\/fr\/wp-json\/wp\/v2\/media?parent=147893"}],"wp:term":[{"taxonomy":"product_brand","embeddable":true,"href":"https:\/\/mendomedical.ca\/fr\/wp-json\/wp\/v2\/product_brand?post=147893"},{"taxonomy":"product_cat","embeddable":true,"href":"https:\/\/mendomedical.ca\/fr\/wp-json\/wp\/v2\/product_cat?post=147893"},{"taxonomy":"product_tag","embeddable":true,"href":"https:\/\/mendomedical.ca\/fr\/wp-json\/wp\/v2\/product_tag?post=147893"},{"taxonomy":"product_format_filter","embeddable":true,"href":"https:\/\/mendomedical.ca\/fr\/wp-json\/wp\/v2\/product_format_filter?post=147893"}],"curies":[{"name":"wp","href":"https:\/\/api.w.org\/{rel}","templated":true}]}}